{"id":389,"date":"2019-11-07T12:36:23","date_gmt":"2019-11-07T12:36:23","guid":{"rendered":"https:\/\/vetomshop.hu\/my-account\/"},"modified":"2024-03-06T15:55:51","modified_gmt":"2024-03-06T14:55:51","slug":"sajat-fiok","status":"publish","type":"page","link":"https:\/\/vetomshop.hu\/et\/sajat-fiok\/","title":{"rendered":"Minu konto"},"content":{"rendered":"<div class=\"su-spoiler su-spoiler-style-fancy su-spoiler-icon-chevron su-spoiler-closed\" data-scroll-offset=\"0\" data-anchor-in-url=\"no\"><div class=\"su-spoiler-title\" tabindex=\"0\" role=\"button\"><span class=\"su-spoiler-icon\"><\/span> Kohaletoimetamine ja maksmine<\/div><div class=\"su-spoiler-content su-u-clearfix su-u-trim\">\n<h2>Isiklik kviitung<\/h2>\n<p style=\"padding-left: 40px;\">8112, Zichy\u00fajfalu, Kast\u00e9lykert 1<\/p>\n<p style=\"padding-left: 40px;\">Isikliku k\u00e4ttesaamise aeg: ainult kokkuleppel j\u00e4rgmistel kontaktandmetel<\/p>\n<ul>\n<li style=\"list-style-type: none;\">\n<ul>\n<li><strong>Telefon<\/strong>:\u00a0<a href=\"http:\/\/Tel:+36305573846\" target=\"_blank\" rel=\"noopener noreferrer nofollow\">+36305573846<\/a> Tam\u00e1s Pap<\/li>\n<li><strong>E-post-1<\/strong>: i<a href=\"mailto:infoshop.vetom.magyarorszag@gmail.com\" target=\"_blank\" rel=\"noopener\">nfoshop.vetom.magyarorszag@<wbr \/>gmail.com<\/a><\/li>\n<li><strong>E-post 2<\/strong>:\u00a0 <a href=\"mailto:vetomshop.hu@gmail.com\" target=\"_blank\" rel=\"noopener\">vetomshop.hu@gmail.com<\/a><\/li>\n<li>v\u00f5i meie \u00fcleriigilistelt partneritelt, kelle kontaktandmed leiate meie veebisaidilt.<\/li>\n<\/ul>\n<\/li>\n<\/ul>\n<h2><span style=\"color: #ff0000;\">Kohaletoimetamine:<\/span><\/h2>\n<p>Meie poes saate valida j\u00e4rgmiste tarne- ja maksev\u00f5imaluste vahel:<\/p>\n<p style=\"padding-left: 40px;\"><span style=\"color: #339966;\"><strong>GLS kullerteenus<\/strong><\/span> ja <span style=\"color: #339966;\"><strong>Foxpost pakiautomaat<\/strong><\/span><\/p>\n<p style=\"padding-left: 40px;\"><em><strong>30.000<\/strong> Tasuta kohaletoimetamine \u00fcle HUF tellimuse v\u00e4\u00e4rtuse!<\/em><\/p>\n<h2><span style=\"color: #008000;\">GLS kullerteenus:<\/span><\/h2>\n<p>GLS ParcelPoint'i tellimuste puhul saate m\u00f5nes kohas maksta sularahas v\u00f5i krediitkaardiga (kontrollige eelnevalt ParcelPoint'is). <b>Kui taotlete kohaletoimetamist GLS ParcelService'ile v\u00f5i GLS ParcelPoint'ile, peate sisestama pakiautomaadi aadressi tarneaadressi v\u00e4ljale.<\/b><\/p>\n<ul>\n<li>Kui pakk on l\u00e4hetatud, teavitab GLS Courier'i s\u00fcsteem saaja e-posti teel, et pakk toimetatakse k\u00e4tte j\u00e4rgmisel t\u00f6\u00f6p\u00e4eval. E-kiri sisaldab paki numbrit ja v\u00f5imalikku sularaha summat. Kohaletoimetamise p\u00e4eva hommikul saab saaja teate, mis sisaldab kulleri telefoninumbrit, GLSi klienditeeninduse telefoninumbrit ja 3-tunnist ajakava eeldatavaks kohaletoimetamiseks. Eba\u00f5nnestunud k\u00e4ttetoimetamiskatsete korral saadetakse saajale e-kiri.<\/li>\n<li><b>GLS ParcelSpot otsing:<\/b> <a href=\"https:\/\/gls-group.com\/HU\/hu\/depo-csomagpont-kereses\" target=\"_blank\" rel=\"noopener noreferrer nofollow\">https:\/\/gls-group.com\/HU\/hu\/depo-csomagpont-kereses<\/a><br \/>\n<b>Tarneaeg:<\/b> 1-3 t\u00f6\u00f6p\u00e4eva<br \/>\n<b>Kohaletoimetamise tasu:<\/b> 1590, - Ft,<br \/>\n<strong>Maksmine:<\/strong> Ettemaks (0,- Ft) v\u00f5i Postpaid, mis maksab + 400,- Ft.<\/li>\n<\/ul>\n<p>Need hinnad kehtivad ainult Ungari piires toimuvatele tarnetele. Kui soovite saata oma paki v\u00e4lismaale, v\u00f5tke meiega enne v\u00f5i p\u00e4rast tellimuse esitamist otse \u00fchendust, et k\u00fcsida saatmiskulude kohta.<\/p>\n<h2><span style=\"color: #008000;\">FOXPOSTi kullerteenus:<\/span><\/h2>\n<p>Samuti saate taotleda kohaletoimetamist meie kaupluses asuvasse Foxposti pakiautomaati.<\/p>\n<p style=\"padding-left: 40px;\"><a href=\"https:\/\/foxpost.hu\/csomagautomatak\" target=\"_blank\" rel=\"noopener noreferrer nofollow\" data-saferedirecturl=\"https:\/\/www.google.com\/url?q=https:\/\/foxpost.hu\/csomagautomatak&amp;source=gmail&amp;ust=1709714712502000&amp;usg=AOvVaw1Y_RPFbUPlHU38HiM-T9Re\">https:\/\/foxpost.hu\/<wbr \/>auto pagasiruumi<\/a><\/p>\n<p><strong>Kui taotlete kohaletoimetamist Foxposti pakiautomaati, peate sisestama pakiautomaadi aadressi tarneaadressi v\u00e4ljale.<\/strong><\/p>\n<h3>Makseviisid:<\/h3>\n<p><strong>Tarneaeg:<\/strong> 1-3 t\u00f6\u00f6p\u00e4eva<br \/>\n<strong>Kohaletoimetamise tasu:<\/strong> 1390, - Ft,<br \/>\n<strong>Maksmine:<\/strong> Ettemaks (0, - Ft) v\u00f5i Postpaid, mis maksab +350, - Ft.<\/p>\n<h3>Makseviisid:<\/h3>\n<h4 style=\"padding-left: 40px;\">J\u00e4relmeetmed<\/h4>\n<p>Kui valite makseviisi \"sularaha peale kauba k\u00e4ttesaamist\", siis toimub makse k\u00e4ttesaamise kohas (kuller v\u00f5i postipunkt\/pakendipunkt). Selle makseviisi puhul on k\u00e4itlemistasu, seega v\u00f5tame lisaks p\u00f5hilisele k\u00e4ttetoimetamistasule veel 350 v\u00f5i 400 HUF paki kohta. Kui maksate sularahas, pidage palun t\u00e4pne summa valmis, sest kulleril ei pruugi alati olla piisavalt vahetusraha.<\/p>\n<h4 style=\"padding-left: 40px;\">Panga\u00fclekanne ette<\/h4>\n<p>Kui otsustate tasuda panga\u00fclekandega ette, saadame teile p\u00e4rast lao kontrollimist e-posti teel arve, mis sisaldab \u00fclekandmiseks vajalikke andmeid ja t\u00e4pset l\u00f5ppsummat. Palun kandke ostuhind meie pangakontole 72 tunni jooksul p\u00e4rast arve saatmist, vastasel juhul loetakse teie tellimus kehtetuks. Tuletame teile meelde, et te ei tohi algatada panga\u00fclekannet enne, kui arve on j\u00f5udnud teie postkasti! \u00dclekandmiseks vajalikud andmed on esitatud v\u00e4ljastatud arvel.<\/p>\n<h4 style=\"padding-left: 40px;\">Pange t\u00e4hele ka j\u00e4rgmist:<\/h4>\n<p>Teid teavitatakse e-postiga teie paki saatmisest ja eeldatavast saabumisest, seega palun kontrollige oma postkasti regulaarselt p\u00e4rast tellimuse esitamist, et v\u00e4ltida arusaamatusi v\u00f5i ebamugavusi. Kui teie tellimusega esineb mingeid ebakorrap\u00e4rasusi, v\u00f5tke meiega \u00fchendust aadressil <a href=\"mailto:vetomshop.hu@gmail.com\" target=\"_blank\" rel=\"noopener\">vetomshop.hu@gmail.com<\/a> kell. Tellimuse vormistamisel veenduge, et annate oma \u00f5ige nime, aadressi, e-posti aadressi ja telefoninumbri. Paki k\u00e4ttetoimetaja ei pruugi olla kursis kohalike erip\u00e4radega, seega palun esitage vajadusel lisateave, et aidata kaasa edukale k\u00e4ttetoimetamisele. Kui k\u00e4ttetoimetamine eba\u00f5nnestub teie s\u00fc\u00fcl, saame paki uuesti k\u00e4tte toimetada ainult siis, kui olete uuesti tasunud k\u00e4ttetoimetamise tasu. Oluline on, et kui pakk on n\u00e4htavalt kahjustatud v\u00f5i avatud, ei v\u00f5taksite seda vastu ja teavitaksite meid sellest v\u00f5imalikult kiiresti.<\/p>\n<\/div><\/div>\n<div class=\"woocommerce\"><\/div>","protected":false},"excerpt":{"rendered":"Sz\u00e1ll\u00edt\u00e1s \u00e9s fizet\u00e9s Szem\u00e9lyes \u00e1tv\u00e9tel 8112, Zichy\u00fajfalu, Kast\u00e9lykert 1 A szem\u00e9lyes \u00e1tv\u00e9tel ideje: kiz\u00e1r\u00f3lag el\u0151zetes egyeztet\u00e9ssel a k\u00f6vetkez\u0151 el\u00e9rhet\u0151s\u00e9geken Telefon:\u00a0+36305573846 Pap Tam\u00e1s Email-1: infoshop.vetom.magyarorszag@gmail.com Email-2:\u00a0 vetomshop.hu@gmail.com vagy orsz\u00e1gszerte a partnereinkt\u0151l, melyeknek el\u00e9rhet\u0151s\u00e9g\u00fck a weboldalunkon is megtal\u00e1lhat\u00f3 Kisz\u00e1ll\u00edt\u00e1s: \u00c1ruh\u00e1zunkban az al\u00e1bbi kisz\u00e1ll\u00edt\u00e1si \u00e9s fizet\u00e9si lehet\u0151s\u00e9gek k\u00f6z\u00fcl v\u00e1laszthat: GLS fut\u00e1rszolg\u00e1lat \u00e9s Foxpost csomagautomata 30.000 Forint rendel\u00e9si \u00e9rt\u00e9k [...]","protected":false},"author":1,"featured_media":0,"parent":0,"menu_order":0,"comment_status":"closed","ping_status":"closed","template":"","meta":{"footnotes":""},"class_list":["post-389","page","type-page","status-publish","hentry"],"_links":{"self":[{"href":"https:\/\/vetomshop.hu\/et\/wp-json\/wp\/v2\/pages\/389","targetHints":{"allow":["GET"]}}],"collection":[{"href":"https:\/\/vetomshop.hu\/et\/wp-json\/wp\/v2\/pages"}],"about":[{"href":"https:\/\/vetomshop.hu\/et\/wp-json\/wp\/v2\/types\/page"}],"author":[{"embeddable":true,"href":"https:\/\/vetomshop.hu\/et\/wp-json\/wp\/v2\/users\/1"}],"replies":[{"embeddable":true,"href":"https:\/\/vetomshop.hu\/et\/wp-json\/wp\/v2\/comments?post=389"}],"version-history":[{"count":0,"href":"https:\/\/vetomshop.hu\/et\/wp-json\/wp\/v2\/pages\/389\/revisions"}],"wp:attachment":[{"href":"https:\/\/vetomshop.hu\/et\/wp-json\/wp\/v2\/media?parent=389"}],"curies":[{"name":"wp","href":"https:\/\/api.w.org\/{rel}","templated":true}]}}