{"id":5220,"date":"2024-03-06T12:36:43","date_gmt":"2024-03-06T11:36:43","guid":{"rendered":"https:\/\/vetomshop.hu\/?page_id=5220"},"modified":"2025-06-02T08:45:13","modified_gmt":"2025-06-02T06:45:13","slug":"szallitas-es-fizetes","status":"publish","type":"page","link":"https:\/\/vetomshop.hu\/et\/szallitas-es-fizetes\/","title":{"rendered":"Paki kohaletoimetamine riigisiseselt"},"content":{"rendered":"<p><img decoding=\"async\" class=\"wp-image-5799 alignright\" src=\"https:\/\/vetomshop.hu\/wp-content\/uploads\/2024\/06\/gerb.png\" alt=\"\" width=\"555\" srcset=\"https:\/\/vetomshop.hu\/wp-content\/uploads\/2024\/06\/gerb.png 1200w, https:\/\/vetomshop.hu\/wp-content\/uploads\/2024\/06\/gerb-300x219.png 300w, https:\/\/vetomshop.hu\/wp-content\/uploads\/2024\/06\/gerb-1024x748.png 1024w, https:\/\/vetomshop.hu\/wp-content\/uploads\/2024\/06\/gerb-768x561.png 768w, https:\/\/vetomshop.hu\/wp-content\/uploads\/2024\/06\/gerb-600x438.png 600w\" sizes=\"(max-width: 1200px) 100vw, 1200px\" \/><\/p>\n<h2>Isiklik kviitung<\/h2>\n<p style=\"padding-left: 40px;\">8112, Zichy\u00fajfalu, Kast\u00e9lykert 1<\/p>\n<p style=\"padding-left: 40px;\">Isikliku k\u00e4ttesaamise aeg: ainult kokkuleppel j\u00e4rgmistel kontaktandmetel<\/p>\n<ul>\n<li style=\"list-style-type: none;\">\n<ul>\n<li><strong>Telefon<\/strong>:\u00a0<a href=\"http:\/\/Tel:+36305573846\" target=\"_blank\" rel=\"noopener noreferrer nofollow\">+36305573846<\/a> Tam\u00e1s Pap<\/li>\n<li><strong>E-post 1<\/strong>: <a href=\"mailto:vetomshop.hu@gmail.com\" target=\"_blank\" rel=\"noopener\">vetomshop.hu@gmail.com<\/a><\/li>\n<li><strong>E-post 2<\/strong>: i<a href=\"mailto:infoshop.vetom.magyarorszag@gmail.com\" target=\"_blank\" rel=\"noopener\">nfoshop.vetom.magyarorszag@<wbr \/>gmail.com<\/a><\/li>\n<li>v\u00f5i meie \u00fcleriigilistelt partneritelt, kelle kontaktandmed leiate meie veebisaidilt.<\/li>\n<\/ul>\n<\/li>\n<\/ul>\n<h2><span style=\"color: #ff0000;\">Kohaletoimetamine:<\/span><\/h2>\n<p>Meie poes saate valida j\u00e4rgmiste tarne- ja maksev\u00f5imaluste vahel:<\/p>\n<p style=\"padding-left: 40px;\"><span style=\"color: #339966;\"><strong>GLS kullerteenus<\/strong><\/span> ja <span style=\"color: #339966;\"><strong>Foxpost pakiautomaat<\/strong><\/span><\/p>\n<p style=\"padding-left: 40px;\"><em><strong>40.000<\/strong> Tasuta kohaletoimetamine \u00fcle HUF tellimuse v\u00e4\u00e4rtuse!<\/em><\/p>\n<h2><span style=\"color: #008000;\">GLS kullerteenus:<\/span><\/h2>\n<p><img decoding=\"async\" class=\"wp-image-5803 alignleft\" style=\"margin-top: -10px;\" src=\"https:\/\/vetomshop.hu\/wp-content\/uploads\/2024\/06\/gls-logo.png\" alt=\"\" width=\"350\" srcset=\"https:\/\/vetomshop.hu\/wp-content\/uploads\/2024\/06\/gls-logo.png 885w, https:\/\/vetomshop.hu\/wp-content\/uploads\/2024\/06\/gls-logo-300x80.png 300w, https:\/\/vetomshop.hu\/wp-content\/uploads\/2024\/06\/gls-logo-768x204.png 768w, https:\/\/vetomshop.hu\/wp-content\/uploads\/2024\/06\/gls-logo-600x159.png 600w\" sizes=\"(max-width: 885px) 100vw, 885px\" \/>GLS ParcelPoint'i tellimuste puhul saate m\u00f5nes kohas maksta sularahas v\u00f5i krediitkaardiga (kontrollige eelnevalt ParcelPoint'is). <b>Kui taotlete kohaletoimetamist GLS ParcelService'ile v\u00f5i GLS ParcelPoint'ile, peate tellimuse esitamisel sisestama pakiautomaadi aadressi tarneaadressi v\u00e4ljale v\u00f5i kommentaaridesse.<\/b><\/p>\n<ul>\n<li>Kui pakk on l\u00e4hetatud, teavitab GLS Courier'i s\u00fcsteem saaja e-posti teel, et pakk toimetatakse k\u00e4tte j\u00e4rgmisel t\u00f6\u00f6p\u00e4eval. E-kiri sisaldab paki numbrit ja v\u00f5imalikku sularaha summat. Kohaletoimetamise p\u00e4eva hommikul saab saaja teate, mis sisaldab kulleri telefoninumbrit, GLSi klienditeeninduse telefoninumbrit ja 3-tunnist ajakava eeldatavaks kohaletoimetamiseks. Eba\u00f5nnestunud k\u00e4ttetoimetamiskatsete korral saadetakse saajale e-kiri.<\/li>\n<li><b>GLS ParcelSpot otsing:<\/b> <span style=\"color: #ff0000;\"><a style=\"color: #ff0000;\" href=\"https:\/\/gls-group.eu\/HU\/hu\/csomagpont-kereses\" target=\"_blank\" rel=\"noopener noreferrer nofollow\" data-saferedirecturl=\"https:\/\/www.google.com\/url?q=https:\/\/gls-group.eu\/HU\/hu\/csomagpont-kereses&amp;source=gmail&amp;ust=1709714712502000&amp;usg=AOvVaw3hrSNVVmvMC6btceWutRDK\">https:\/\/gls-group.eu\/<wbr \/>ET\/en\/pakettide-punktide-otsing<\/a><\/span><br \/>\n<b>Tarneaeg:<\/b> 1-3 t\u00f6\u00f6p\u00e4eva<br \/>\n<b>Kohaletoimetamise tasu:<\/b> 1590, - Ft,<br \/>\n<strong>Maksmine:<\/strong> Ettemaks (0,- Ft) v\u00f5i Postpaid, mis maksab + 400,- Ft.<\/li>\n<\/ul>\n<p>Need hinnad kehtivad ainult Ungari piires toimuvatele tarnetele. Kui soovite saata oma paki v\u00e4lismaale, v\u00f5tke meiega enne v\u00f5i p\u00e4rast tellimuse esitamist otse \u00fchendust, et k\u00fcsida saatmiskulude kohta.<\/p>\n<h2><span style=\"color: #008000;\">FOXPOSTi kullerteenus:<\/span><\/h2>\n<p><img decoding=\"async\" class=\"wp-image-5807 alignleft\" style=\"margin-top: -10px;\" src=\"https:\/\/vetomshop.hu\/wp-content\/uploads\/2024\/06\/foxpost-.png\" alt=\"\" width=\"350\" srcset=\"https:\/\/vetomshop.hu\/wp-content\/uploads\/2024\/06\/foxpost-.png 1267w, https:\/\/vetomshop.hu\/wp-content\/uploads\/2024\/06\/foxpost--300x151.png 300w, https:\/\/vetomshop.hu\/wp-content\/uploads\/2024\/06\/foxpost--1024x516.png 1024w, https:\/\/vetomshop.hu\/wp-content\/uploads\/2024\/06\/foxpost--768x387.png 768w, https:\/\/vetomshop.hu\/wp-content\/uploads\/2024\/06\/foxpost--600x302.png 600w\" sizes=\"(max-width: 1267px) 100vw, 1267px\" \/>Samuti saate taotleda kohaletoimetamist meie kaupluses asuvasse Foxposti pakiautomaati.<\/p>\n<p style=\"padding-left: 40px;\"><span style=\"color: #ff0000;\"><a style=\"color: #ff0000;\" href=\"https:\/\/foxpost.hu\/csomagautomatak\" target=\"_blank\" rel=\"noopener noreferrer nofollow\" data-saferedirecturl=\"https:\/\/www.google.com\/url?q=https:\/\/foxpost.hu\/csomagautomatak&amp;source=gmail&amp;ust=1709714712502000&amp;usg=AOvVaw1Y_RPFbUPlHU38HiM-T9Re\">https:\/\/foxpost.hu\/<wbr \/>auto pagasiruumi<\/a><\/span><\/p>\n<p><strong>Kui soovite tarnet Foxposti pakiautomaati, peate tellimuse esitamisel sisestama pakiautomaadi aadressi tarneaadressi v\u00e4ljale v\u00f5i kommentaaridesse.<\/strong><\/p>\n<h3>Makseviisid:<\/h3>\n<p><strong>Tarneaeg:<\/strong> 1-3 t\u00f6\u00f6p\u00e4eva<br \/>\n<strong>Kohaletoimetamise tasu:<\/strong> 1390, - Ft,<br \/>\n<strong>Maksmine:<\/strong> Ettemaks (0, - Ft) v\u00f5i Postpaid, mis maksab +350, - Ft.<\/p>\n<h3>Makseviisid:<\/h3>\n<h4 style=\"padding-left: 40px;\">J\u00e4relmeetmed<\/h4>\n<p>Kui valite makseviisi \"sularaha peale kauba k\u00e4ttesaamist\", siis toimub makse k\u00e4ttesaamise kohas (kuller v\u00f5i postipunkt\/pakendipunkt). Selle makseviisi puhul on k\u00e4itlemistasu, seega v\u00f5tame lisaks p\u00f5hilisele k\u00e4ttetoimetamistasule veel 350 v\u00f5i 400 HUF paki kohta. Kui maksate sularahas, pidage palun t\u00e4pne summa valmis, sest kulleril ei pruugi alati olla piisavalt vahetusraha.<\/p>\n<h4 style=\"padding-left: 40px;\">Panga\u00fclekanne ette<\/h4>\n<p>Kui otsustate tasuda panga\u00fclekandega ette, saadame teile p\u00e4rast lao kontrollimist e-posti teel arve, mis sisaldab \u00fclekandmiseks vajalikke andmeid ja t\u00e4pset l\u00f5ppsummat. Palun kandke ostuhind meie pangakontole 72 tunni jooksul p\u00e4rast arve saatmist, vastasel juhul loetakse teie tellimus kehtetuks. Tuletame teile meelde, et te ei tohi algatada panga\u00fclekannet enne, kui arve on j\u00f5udnud teie postkasti! \u00dclekandmiseks vajalikud andmed on esitatud v\u00e4ljastatud arvel.<\/p>\n<h4 style=\"padding-left: 40px;\">Pange t\u00e4hele ka j\u00e4rgmist:<\/h4>\n<p>Teid teavitatakse e-postiga teie paki saatmisest ja eeldatavast saabumisest, seega palun kontrollige oma postkasti regulaarselt p\u00e4rast tellimuse esitamist, et v\u00e4ltida arusaamatusi v\u00f5i ebamugavusi. Kui teie tellimusega esineb mingeid ebakorrap\u00e4rasusi, v\u00f5tke meiega \u00fchendust aadressil <a href=\"mailto:vetomshop.hu@gmail.com\" target=\"_blank\" rel=\"noopener\">vetomshop.hu@gmail.com<\/a> kell. Tellimuse vormistamisel veenduge, et annate oma \u00f5ige nime, aadressi, e-posti aadressi ja telefoninumbri. Paki k\u00e4ttetoimetaja ei pruugi olla kursis kohalike erip\u00e4radega, seega palun esitage vajadusel lisateave, et aidata kaasa edukale k\u00e4ttetoimetamisele. Kui k\u00e4ttetoimetamine eba\u00f5nnestub teie s\u00fc\u00fcl, saame paki uuesti k\u00e4tte toimetada ainult siis, kui olete uuesti tasunud k\u00e4ttetoimetamise tasu. Oluline on, et kui pakk on n\u00e4htavalt kahjustatud v\u00f5i avatud, ei v\u00f5taksite seda vastu ja teavitaksite meid sellest v\u00f5imalikult kiiresti.<\/p>\n<div class=\"logo-posta\"><img decoding=\"async\" class=\"alignnone size-full wp-image-5757\" src=\"https:\/\/vetomshop.hu\/wp-content\/uploads\/2024\/06\/gls_logo.jpg\" alt=\"\" width=\"197\" \/><br \/>\n<img decoding=\"async\" class=\"alignnone size-full wp-image-5758\" src=\"https:\/\/vetomshop.hu\/wp-content\/uploads\/2024\/06\/mpl_logo.jpg\" alt=\"\" width=\"197\" \/><br \/>\n<img decoding=\"async\" class=\"alignnone size-full wp-image-5760\" src=\"https:\/\/vetomshop.hu\/wp-content\/uploads\/2024\/06\/fox_logo.jpg\" alt=\"\" width=\"197\" \/><br \/>\n<img decoding=\"async\" class=\"alignnone size-full wp-image-5759\" src=\"https:\/\/vetomshop.hu\/wp-content\/uploads\/2024\/06\/packeta_logo.jpg\" alt=\"\" width=\"197\" \/><br \/>\n<img decoding=\"async\" class=\"alignnone size-full wp-image-5759\" src=\"https:\/\/vetomshop.hu\/wp-content\/uploads\/2025\/02\/fedex_logo.jpg\" alt=\"\" width=\"197\" \/><\/div>\n<div id=\"gtx-trans\" style=\"position: absolute; left: 39px; top: 1545.89px;\">\n<div class=\"gtx-trans-icon\"><\/div>\n<\/div>","protected":false},"excerpt":{"rendered":"<p>Szem\u00e9lyes \u00e1tv\u00e9tel 8112, Zichy\u00fajfalu, Kast\u00e9lykert 1 A szem\u00e9lyes \u00e1tv\u00e9tel ideje: kiz\u00e1r\u00f3lag el\u0151zetes egyeztet\u00e9ssel a k\u00f6vetkez\u0151 el\u00e9rhet\u0151s\u00e9geken Telefon:\u00a0+36305573846 Pap Tam\u00e1s Email 1: vetomshop.hu@gmail.com Email 2: infoshop.vetom.magyarorszag@gmail.com vagy orsz\u00e1gszerte a partnereinkt\u0151l, melyeknek el\u00e9rhet\u0151s\u00e9g\u00fck a weboldalunkon is megtal\u00e1lhat\u00f3 Kisz\u00e1ll\u00edt\u00e1s: \u00c1ruh\u00e1zunkban az al\u00e1bbi kisz\u00e1ll\u00edt\u00e1si \u00e9s fizet\u00e9si lehet\u0151s\u00e9gek k\u00f6z\u00fcl v\u00e1laszthat: GLS fut\u00e1rszolg\u00e1lat \u00e9s Foxpost csomagautomata 40.000 Forint rendel\u00e9si \u00e9rt\u00e9k felett [&hellip;]<\/p>\n","protected":false},"author":9,"featured_media":0,"parent":0,"menu_order":0,"comment_status":"closed","ping_status":"closed","template":"","meta":{"footnotes":""},"class_list":["post-5220","page","type-page","status-publish","hentry"],"_links":{"self":[{"href":"https:\/\/vetomshop.hu\/et\/wp-json\/wp\/v2\/pages\/5220","targetHints":{"allow":["GET"]}}],"collection":[{"href":"https:\/\/vetomshop.hu\/et\/wp-json\/wp\/v2\/pages"}],"about":[{"href":"https:\/\/vetomshop.hu\/et\/wp-json\/wp\/v2\/types\/page"}],"author":[{"embeddable":true,"href":"https:\/\/vetomshop.hu\/et\/wp-json\/wp\/v2\/users\/9"}],"replies":[{"embeddable":true,"href":"https:\/\/vetomshop.hu\/et\/wp-json\/wp\/v2\/comments?post=5220"}],"version-history":[{"count":8,"href":"https:\/\/vetomshop.hu\/et\/wp-json\/wp\/v2\/pages\/5220\/revisions"}],"predecessor-version":[{"id":6763,"href":"https:\/\/vetomshop.hu\/et\/wp-json\/wp\/v2\/pages\/5220\/revisions\/6763"}],"wp:attachment":[{"href":"https:\/\/vetomshop.hu\/et\/wp-json\/wp\/v2\/media?parent=5220"}],"curies":[{"name":"wp","href":"https:\/\/api.w.org\/{rel}","templated":true}]}}