{"id":5809,"date":"2024-06-16T14:36:41","date_gmt":"2024-06-16T12:36:41","guid":{"rendered":"https:\/\/vetomshop.hu\/?page_id=5809"},"modified":"2025-02-17T22:00:25","modified_gmt":"2025-02-17T21:00:25","slug":"kulfoldi-csomagszallitas","status":"publish","type":"page","link":"https:\/\/vetomshop.hu\/et\/kulfoldi-csomagszallitas\/","title":{"rendered":"Rahvusvaheline paki kohaletoimetamine"},"content":{"rendered":"<h3 style=\"text-align: center;\"><span style=\"color: #bf1919; font-size: 27px;\">Meie ettev\u00f5te tegeleb hulgi- ja jaem\u00fc\u00fcgiga nii kodumaal kui ka rahvusvaheliselt!<\/span><\/h3>\n<div class=\"wp-image-5837\" style=\"float: right; margin-left: 0px; margin-bottom: 1em; margin-top: 15px; padding: 0;\">\n<p><img loading=\"lazy\" decoding=\"async\" src=\"https:\/\/vetomshop.hu\/wp-content\/uploads\/2024\/06\/szalitasa.png\" alt=\"K\u00fclf\u00f6ldi csomagsz\u00e1ll\u00edt\u00e1s. A Vetom probioticum nemzetk\u00f6zi sz\u00e1ll\u00edt\u00e1sa\" width=\"788\" height=\"444\" \/><\/p>\n<div style=\"text-align: center; font-size: 18px; line-height: 1.1em; margin-top: -15px; padding-top: 0;\"><b>Vetom probiootikumide rahvusvaheline tarne<\/b><\/div>\n<\/div>\n<h3>Rahvusvaheline transport:<\/h3>\n<ul class=\"country-list\">\n<li>Austria<\/li>\n<li>Belgia<\/li>\n<li>Madalmaad<\/li>\n<li>Horvaatia<\/li>\n<li>Prantsusmaa<\/li>\n<li>Saksamaa<\/li>\n<li>Itaalia<\/li>\n<li>Rumeenia<\/li>\n<li>Hispaania<\/li>\n<li>\u0160veits<\/li>\n<li>Ukraina<\/li>\n<li>Teistele riikidele<\/li>\n<\/ul>\n<div style=\"clear: both;\"><\/div>\n<ul style=\"list-style: none;\">\n<li>V\u00e4lismaisele aadressile individuaalse tarnetasu alusel ja <span style=\"color: #bf0404;\">me tarnime ainult p\u00e4rast panga\u00fclekannet ette<\/span>.<\/li>\n<li>Kui teie tellitud toode ei j\u00f5ua oodatud kuup\u00e4evaks kohale, v\u00f5tke palun \u00fchendust meie klienditeenindusega, et saaksime probleemiga viivitamatult tegeleda.<\/li>\n<li>Me aitame teid hea meelega ka tarnete puhul teistesse riikidesse, palun v\u00f5tke meiega \u00fchendust. Ootame teie p\u00e4ringuid.<\/li>\n<\/ul>\n<h3 style=\"text-align: center; color: #bf1919; font-size: 28px;\">M\u00fc\u00fca Vetom probiootikume rahvusvahelise saatmisega!<\/h3>\n<p style=\"text-align: justify; font-size: 25px;\">Meie ettev\u00f5te tegeleb nii hulgi- kui ka jaekaubandusega nii kodu- kui ka rahvusvahelistel turgudel! V\u00e4lismaistele aadressidele tarnime individuaalsete saatekulude alusel ja ainult p\u00e4rast eelnevat panga\u00fclekannet. Kui tellitud toode ei j\u00f5ua etten\u00e4htud aja jooksul kohale, v\u00f5tke palun \u00fchendust meie klienditoega, et saaksime probleemi kohe lahendada.<br \/>\nMe aitame teid hea meelega ka teistesse riikidesse saatmisel, sellisel juhul v\u00f5tke meiega \u00fchendust: <strong>vetomshop.hu@gmail.com<\/strong>.<\/p>\n<p style=\"text-align: center; font-size: 27px; color: #bf1919;\"><strong>Ootame teie tellimusi!<\/strong><\/p>\n<div class=\"logo-posta\"><img decoding=\"async\" class=\"alignnone size-full wp-image-5757\" src=\"https:\/\/vetomshop.hu\/wp-content\/uploads\/2024\/06\/gls_logo.jpg\" alt=\"\" width=\"250\" \/><br \/>\n<img decoding=\"async\" class=\"alignnone size-full wp-image-5758\" src=\"https:\/\/vetomshop.hu\/wp-content\/uploads\/2024\/08\/tnt_logo.jpg\" alt=\"\" width=\"250\" \/><br \/>\n<img decoding=\"async\" class=\"alignnone size-full wp-image-5760\" src=\"https:\/\/vetomshop.hu\/wp-content\/uploads\/2024\/08\/dpd_logo.jpg\" alt=\"\" width=\"250\" \/><br \/>\n<img decoding=\"async\" class=\"alignnone size-full wp-image-5759\" src=\"https:\/\/vetomshop.hu\/wp-content\/uploads\/2024\/06\/packeta_logo.jpg\" alt=\"\" width=\"250\" \/><\/div>","protected":false},"excerpt":{"rendered":"<p>C\u00e9g\u00fcnk Kis \u00e9s Nagykereskedelemmel foglalkozik Belf\u00f6ld\u00f6n \u00e9s K\u00fclf\u00f6ld\u00f6n egyar\u00e1nt! A Vetom probioticum nemzetk\u00f6zi sz\u00e1ll\u00edt\u00e1sa K\u00fclf\u00f6ldi sz\u00e1ll\u00edt\u00e1s: Ausztria Belgium Hollandia Horv\u00e1torsz\u00e1g Franciaorsz\u00e1g N\u00e9metorsz\u00e1g Olaszorsz\u00e1g Rom\u00e1nia Spanyolorsz\u00e1g Sv\u00e1jc Ukrajna Egy\u00e9b orszagokba K\u00fclf\u00f6ldi c\u00edmre egyedi sz\u00e1ll\u00edt\u00e1si d\u00edj meg\u00e1llap\u00edt\u00e1sa alapj\u00e1n \u00e9s kiz\u00e1r\u00f3lag Banki el\u0151re utal\u00e1st k\u00f6vet\u0151en sz\u00e1ll\u00edtjuk ki. Amennyiben a megrendelt Term\u00e9k nem \u00e9rkezik meg \u00d6nh\u00f6z a v\u00e1rt id\u0151pontig, [&hellip;]<\/p>\n","protected":false},"author":104,"featured_media":0,"parent":0,"menu_order":0,"comment_status":"closed","ping_status":"closed","template":"","meta":{"footnotes":""},"class_list":["post-5809","page","type-page","status-publish","hentry"],"_links":{"self":[{"href":"https:\/\/vetomshop.hu\/et\/wp-json\/wp\/v2\/pages\/5809","targetHints":{"allow":["GET"]}}],"collection":[{"href":"https:\/\/vetomshop.hu\/et\/wp-json\/wp\/v2\/pages"}],"about":[{"href":"https:\/\/vetomshop.hu\/et\/wp-json\/wp\/v2\/types\/page"}],"author":[{"embeddable":true,"href":"https:\/\/vetomshop.hu\/et\/wp-json\/wp\/v2\/users\/104"}],"replies":[{"embeddable":true,"href":"https:\/\/vetomshop.hu\/et\/wp-json\/wp\/v2\/comments?post=5809"}],"version-history":[{"count":1,"href":"https:\/\/vetomshop.hu\/et\/wp-json\/wp\/v2\/pages\/5809\/revisions"}],"predecessor-version":[{"id":6443,"href":"https:\/\/vetomshop.hu\/et\/wp-json\/wp\/v2\/pages\/5809\/revisions\/6443"}],"wp:attachment":[{"href":"https:\/\/vetomshop.hu\/et\/wp-json\/wp\/v2\/media?parent=5809"}],"curies":[{"name":"wp","href":"https:\/\/api.w.org\/{rel}","templated":true}]}}