{"id":225,"date":"2016-09-02T11:41:41","date_gmt":"2016-09-02T09:41:41","guid":{"rendered":"https:\/\/demos.artbees.net\/jupiter\/herse\/?post_type=product&#038;p=225"},"modified":"2026-04-12T08:29:44","modified_gmt":"2026-04-12T06:29:44","slug":"vetom1-1-etrend-kiegeszito","status":"publish","type":"product","link":"https:\/\/vetomshop.hu\/et\/toode\/vetom1-1-etrend-kiegeszito\/","title":{"rendered":"Probiootiline Vetom <span style=\"color:red\">1.1<\/span><br> kapsel <span style=\"color:red\">50 tera<\/span> (toidulisand)"},"content":{"rendered":"<h2>Vetom 1.1 probiootilised kapslid 50 tera (toidulisand)<\/h2>\n<p>Sisuliselt saab VETOMi probiootikume kasutada mis tahes haiguse puhul, sest need suudavad lahendada t\u00f5siseid probleeme - taastada mikrofloora ja optimeerida immuuns\u00fcsteemi aktiivsust.<\/p>\n<p>Vetom 1.1 kasulik m\u00f5ju on tingitud selles sisalduvatest *Bacillus subtilis* bakteritest. Need kasulikud bakterid paljunevad j\u00e4mesooles ja toodavad erinevaid ens\u00fc\u00fcme ja bioloogiliselt aktiivseid aineid, mis:<\/p>\n<p>* p\u00e4rsivad kahjulike bakterite ja seente kasvu,<br \/>\n* aitavad lagundada valke, t\u00e4rklist ja taimseid kiudaineid,<br \/>\n* toetavad immuuns\u00fcsteemi,<br \/>\n* aitavad keha detoksifitseerida,<br \/>\n* soodustab toitainete paremat imendumist.<\/p>\n<h2>Toote regulaarne kasutamine:<\/h2>\n<p>* taastab soolestiku tervisliku tasakaalu,<br \/>\n* parandab seedimist,<br \/>\n* leevendab allergias\u00fcmptomeid,<br \/>\n* toetab organismi taastumist ja haigete rakkude eemaldamist,<br \/>\n* tugevdab teiste ravimite toimet, v\u00e4hendades samal ajal nende k\u00f5rvaltoimeid.<br \/>\n* Kaitseb organismi rakutasandil, aitab ennetada kasvajate teket.<\/p>\n<h2>Omadused:<\/h2>\n<p>* Antibakteriaalsed ja seenevastased ained<br \/>\n* Viirusevastane, immuuns\u00fcsteemi tugevdav, kasvajavastane<br \/>\n* K\u00f5rvaltoimed puuduvad<br \/>\n* Ei ole s\u00f5ltuvust<br \/>\n* Ei tohi \u00fcle doseerida<\/p>\n<h2>Taotlus:<\/h2>\n<p>Vetom 1.1 on soovitatav seedetrakti seisundi parandamiseks ja soolestiku floora tasakaalu taastamiseks.<\/p>\n<h2>Annustamine:<\/h2>\n<p>* Soovitatav on 10 p\u00e4eva jooksul 2 kuni 3 korda p\u00e4evas 1 kapsel, enne s\u00f6\u00f6ki, s\u00f6\u00f6gi ajal v\u00f5i p\u00e4rast s\u00f6\u00f6ki, koos v\u00e4ikese koguse vedelikuga (vesi, tee v\u00f5i mahl). J\u00e4lgige ravi k\u00e4igus organismi reaktsiooni ja vajadusel suurendage annust j\u00e4rk-j\u00e4rgult, kuni 5-10 kapslini p\u00e4evas.<\/p>\n<p>* Ravi v\u00f5ib korrata igal ajal p\u00e4rast 1-2 n\u00e4dalast pausi. Aeg-ajalt on soovitatav kasutada vaheldumisi teiste Vetom-toodetega, et toetada kogu keha.<\/p>\n<h2>Vastun\u00e4idustused:<\/h2>\n<p>* \u00dclitundlikkus m\u00f5ne koostisosa suhtes<br \/>\n* \u00c4rge kasutage koos antibiootikumide v\u00f5i muude probiootikumidega.<br \/>\n* Raseduse ja rinnaga toitmise ajal ainult arsti heakskiidul.<\/p>\n<h2>Muu teave:<\/h2>\n<p>* Ei m\u00f5juta autojuhtimist ega ohtlike masinate k\u00e4sitsemist.<br \/>\n* S\u00e4ilitamine: kuivas ja jahedas kohas (max. 30 \u00b0C), lastele k\u00e4ttesaamatus kohas.<br \/>\n* Garantii: 2 aastat alates tootmiskuup\u00e4evast<br \/>\n* Pakend: 10 kapslit blistris, 5 pakendit karbis (kokku 50 kapslit).<\/p>\n<h2>Koostis kapsli kohta:<\/h2>\n<p>* maisiekstrakt: 133 mg<br \/>\n* Kartulit\u00e4rklis: 100 mg<br \/>\n* Pulbristatud suhkur: 67 mg<br \/>\n* Bacillus subtilis t\u00fcvi: 0,03 mg<\/p>\n<p>Alternatiivne ekvivalent tilgakujul: Vetom 1.23 (10 ml)<\/p>\n<p>P\u00e4ritolukoht: <strong>Venemaa<\/strong><\/p>","protected":false},"excerpt":{"rendered":"<h5>Vetom <span style=\"color: red;\">1.1<\/span> probiootilised kapslid 50 tera (toidulisand)<\/h5>\n<p>Selle kasulik m\u00f5ju on tingitud kasulikest bakteritest Bacillus subtilis, mis tekivad peamiselt j\u00e4mesooles paljunedes:<\/p>\n<ul class=\"vetom-list\">\n<li>proteol\u00fc\u00fctilised, am\u00fclol\u00fc\u00fctilised, tsellulosol\u00fc\u00fctilised ens\u00fc\u00fcmid;<\/li>\n<li>a-2 interferoon inimese leukots\u00fc\u00fctides;<\/li>\n<li>batsitrasiini mg, mis p\u00e4rsib patogeense ja potentsiaalselt patogeense mikrofloora kasvu ja arengut;<\/li>\n<li>ja muud bioloogiliselt aktiivsed ained.<\/li>\n<\/ul>\n<div class=\"plashka\">Selle tulemusena muutub soolestiku sisu bakteriaalne koostis sobivaks arengunormiks, soolestiku seinad puhastatakse seedimata j\u00e4\u00e4kidest, mis aitab kaasa toksiinide aktiivsele eemaldamisele organismist, bioloogiliselt aktiivsete toitainete takistamatule transpordile.<\/div>\n<p>A <strong>Vetom <span style=\"color: red;\">1.1<\/span><\/strong> normaliseerib ainevahetust, seedimist ja bioloogiliselt aktiivsete toiduainete komponentide imendumist seedetraktis.<\/p>\n<p>A <strong>Vetom <span style=\"color: red;\">1.1<\/span><\/strong> suurendab ravimite t\u00f5husust ja v\u00e4hendab nende negatiivseid k\u00f5rvalm\u00f5jusid inimkehale.<\/p>\n<div class=\"plashka\"><strong>Farmakoloogiline m\u00f5ju:<\/strong> immunomoduleeriv, kasvajavastane, viirusevastane, antiproliferatiivne, bakteritsiidne, fungitsiidne, klam\u00fc\u00fcdiavastane.<\/div>\n<h5>Omadused:<\/h5>\n<ul class=\"vetom-list\">\n<li>Sellel on k\u00f5rge antagonistlik aktiivsus patogeensete ja tinglikult patogeensete seente ja bakterite vastu, viirusevastased, proteol\u00fc\u00fctilised, amil\u00fc\u00fctilised, tsellulol\u00fc\u00fctilised omadused.<\/li>\n<li>stimuleerib rakulisi ja humoraalseid immuunsustegureid.<\/li>\n<li>suurendab keha mittespetsiifilist vastupanu<\/li>\n<li>stabiliseerib allergilist resistentsust<\/li>\n<li>normaliseerib ainevahetust<\/li>\n<li>stimuleerib regeneratsiooniprotsesse, r\u00fcndab ja tapab v\u00e4hirakke ja haigestunud rakke.<\/li>\n<\/ul>","protected":false},"featured_media":6597,"comment_status":"open","ping_status":"closed","template":"","meta":[],"product_brand":[],"product_cat":[22],"product_tag":[],"class_list":{"0":"post-225","1":"product","2":"type-product","3":"status-publish","4":"has-post-thumbnail","6":"product_cat-vetom-probiotikumok","8":"first","9":"instock","10":"featured","11":"taxable","12":"shipping-taxable","13":"purchasable","14":"product-type-simple"},"_links":{"self":[{"href":"https:\/\/vetomshop.hu\/et\/wp-json\/wp\/v2\/product\/225","targetHints":{"allow":["GET"]}}],"collection":[{"href":"https:\/\/vetomshop.hu\/et\/wp-json\/wp\/v2\/product"}],"about":[{"href":"https:\/\/vetomshop.hu\/et\/wp-json\/wp\/v2\/types\/product"}],"replies":[{"embeddable":true,"href":"https:\/\/vetomshop.hu\/et\/wp-json\/wp\/v2\/comments?post=225"}],"wp:featuredmedia":[{"embeddable":true,"href":"https:\/\/vetomshop.hu\/et\/wp-json\/wp\/v2\/media\/6597"}],"wp:attachment":[{"href":"https:\/\/vetomshop.hu\/et\/wp-json\/wp\/v2\/media?parent=225"}],"wp:term":[{"taxonomy":"product_brand","embeddable":true,"href":"https:\/\/vetomshop.hu\/et\/wp-json\/wp\/v2\/product_brand?post=225"},{"taxonomy":"product_cat","embeddable":true,"href":"https:\/\/vetomshop.hu\/et\/wp-json\/wp\/v2\/product_cat?post=225"},{"taxonomy":"product_tag","embeddable":true,"href":"https:\/\/vetomshop.hu\/et\/wp-json\/wp\/v2\/product_tag?post=225"}],"curies":[{"name":"wp","href":"https:\/\/api.w.org\/{rel}","templated":true}]}}