{"id":2478,"date":"2020-10-20T18:54:23","date_gmt":"2020-10-20T16:54:23","guid":{"rendered":"https:\/\/vetomshop.hu\/?post_type=product&#038;p=2478"},"modified":"2026-04-12T08:28:28","modified_gmt":"2026-04-12T06:28:28","slug":"vetom-2-25-probiotikum-10-ml-csepp","status":"publish","type":"product","link":"https:\/\/vetomshop.hu\/et\/toode\/vetom-2-25-probiotikum-10-ml-csepp\/","title":{"rendered":"Probiootiline Vetom <span style=\"color: red\">2.25<\/span><br>tilk <span style=\"color: red\">10 ml<\/span> (toidulisand)"},"content":{"rendered":"<h3>Vetom 2.25 probiootilised tilgad 10 ml (toidulisand)<\/h3>\n<p>Kaks Bacillus amyloliquefaciens'i t\u00fcve (VKPM B-10642 ja B-10643).<\/p>\n<p>Vetom 2.25 on looduslikul baasil valmistatud vedel probiootikum, mis on m\u00f5eldud soolestiku floora taastamiseks, seedetrakti tervise toetamiseks ja organismi \u00fcldise kaitsev\u00f5ime t\u00f5stmiseks. Selle silmapaistev t\u00f5husus on tingitud kahest bakterit\u00fcvest *Bacillus amyloliquefaciens*, mida see sisaldab.<\/p>\n<h2>Peamised m\u00f5jud ja eelised:<\/h2>\n<p>*Antibakteriaalne, viirusevastane, seenevastane ja klam\u00fc\u00fcdiavastane toime.<br \/>\n*Aitab kaasa j\u00e4mesoole ja peensoole toimimisele, taastab normaalse soolestiku taimestiku.<br \/>\n* Toetab immuuns\u00fcsteemi nii rakutasandil kui ka \u00fcldise kaitse tasandil.<br \/>\n* Normaliseerib ainevahetust, eriti vee-soola tasakaalu.<br \/>\n*Detoksikatsiooniefekt, aitab k\u00f5rvaldada lagunemisprotsesse soolestikus<br \/>\n* V\u00e4hendab halva hinge\u00f5hu ja higistamise s\u00fcmptomeid<br \/>\n*Kasutatakse toidulisandina mitmesuguste seisundite puhul, nagu maksahaigused, soolep\u00f5letik, maohaavandid, krooniline hepatiit.<br \/>\n*Inimese leukots\u00fc\u00fcdid toodavad interferooni, mis kaitseb organismi viirusinfektsioonide eest.<br \/>\n*Ei s\u00f5ltuvust, \u00fcleannustamist ega k\u00f5rvaltoimeid.<br \/>\n*Es on m\u00f5eldud nii lastele kui ka t\u00e4iskasvanutele<\/p>\n<h2>Millal on selle kasutamine soovitatav?<\/h2>\n<p>* P\u00e4rast antibiootikumravi, et taastada soolefloora.<br \/>\n*V\u00e4hi korral ravi t\u00e4iendamiseks<br \/>\n*Etikahjustused, k\u00f5hulahtisus, k\u00f5hukinnisus, k\u00f5hukinnisus.<br \/>\n*Immuunpuudulikkuse korral<br \/>\n* Ebameeldiva kehal\u00f5hna v\u00f5i hinge\u00f5hu korral<br \/>\n*V\u00e4listatud ravi neerukivide, maksahaiguste, seedetrakti probleemide korral.<\/p>\n<h2>\nAnnustamissoovitus:<\/h2>\n<p>*Esimesed ja lapsed : 2 tilka on soovitatav esimestel p\u00e4evadel, seej\u00e4rel v\u00f5ib annust j\u00e4rk-j\u00e4rgult suurendada 4-6 tilgani. J\u00e4lgige organismi reaktsioone manustamise ajal.<br \/>\n*\u00dcldlevikuliste haiguste puhul: 10 tilka p\u00e4evas 10 p\u00e4eva jooksul.<br \/>\n* Ravi v\u00f5ib korrata 1-2 n\u00e4dala p\u00e4rast<br \/>\n* Soovitatav on kasutada seda vaheldumisi teiste Vetom toodetega (nt Vetom 1, 3, 4 jne).<\/p>\n<p>Oluline:<br \/>\nSeda ei tohi v\u00f5tta koos teiste suukaudsete probiootikumide v\u00f5i antibiootikumidega, eriti sulfanilamiidi, v\u00e4hivastaste ainetega.<\/p>\n<h2>Koostisained:<\/h2>\n<p>* Fermenteeritud maisiekstrakt j\u00e4rgmiste bakterit\u00fcvedega:<br \/>\n*Bacillus amyloliquefaciens* VKPM B-10642 (DSM 24614)<br \/>\n*Bacillus amyloliquefaciens* VKPM B-10643 (DSM 24615)<br \/>\n* Viveware<\/p>\n<h2>Pakend ja v\u00e4limus:<\/h2>\n<p>* 10 ml vedelikku klaas- v\u00f5i plastpudelis, pakitud pappkarpi<br \/>\n* V\u00e4rvus: helekollane kuni tumepruun<br \/>\n* T\u00fc\u00fcpiline l\u00f5hn, m\u00f5nikord v\u00f5ib esineda kerget setteid (ei ole kvaliteediviga).<\/p>\n<p>*Kaal: 0,02 kg<br \/>\n*M\u00f5\u00f5tmed: 3 \u00d7 3 \u00d7 7 cm<br \/>\n*Koht, kus t\u00f6\u00f6tab: <strong>Venemaa<\/strong><\/p>\n<h2>Ladustamis- ja transporditingimused:<\/h2>\n<p>*Ladustamine: 0-10 \u00b0C, max. \u00f5huniiskus 75%<br \/>\n*V\u00f5ib s\u00e4ilitada 10-30 \u00b0C juures kuni 18 p\u00e4eva.<br \/>\n*Kui lahtiv\u00f5tmine: hoida k\u00fclmikus (0-10 \u00b0C).<\/p>","protected":false},"excerpt":{"rendered":"<h5>Koostis:<\/h5>\n<p>Bacillus amyloliquefaciens, VKPM B- 10642 <strong>(DSM 24614)<\/strong> ja VKPM B- 10643 <strong>(DSM 24615)<\/strong> bakteriaalne k\u00e4\u00e4ritatud maisiekstrakt bacilus-t\u00fcvedest, kandja.<br \/>\n<strong>Kuidas toode v\u00e4lja n\u00e4eb: <\/strong>A <strong>Vetom<\/strong> <span style=\"color: red; font-weight: 800;\">2.25<\/span> <strong>Probiootilised tilgad<\/strong> spetsiifilise l\u00f5hnaga vedelik, mille v\u00e4rvus varieerub helekollasest tumepruunini.<\/p>\n<p><strong>V\u00e4ljapakkimine:<\/strong>\u00a0 klaas- v\u00f5i plastpudel karbis.<\/p>\n<div class=\"plashka\">A <strong>Vetom<\/strong> <span style=\"color: red; font-weight: 800;\">2.25<\/span> suurendab ravimite t\u00f5husust ja v\u00e4hendab nende negatiivseid k\u00f5rvalm\u00f5jusid inimkehale.<\/div>\n<h6>Omadused:<\/h6>\n<ul class=\"vetom-list\">\n<li>stimuleerib rakulisi ja humoraalseid immuunsustegureid.<\/li>\n<li>suurendab keha mittespetsiifilist vastupanu<\/li>\n<li>stabiliseerib allergilist resistentsust<\/li>\n<li>normaliseerib ainevahetust<\/li>\n<li>stimuleerib regeneratsiooniprotsesse, r\u00fcndab ja h\u00e4vitab v\u00e4hirakke ja haigestunud rakke.<\/li>\n<\/ul>\n<div class=\"plashka\">See muudab rakuskeleti membraani ja ainevahetust, takistades v\u00e4hirakkude teket.<\/div>","protected":false},"featured_media":6611,"comment_status":"open","ping_status":"closed","template":"","meta":[],"product_brand":[],"product_cat":[22],"product_tag":[],"class_list":{"0":"post-2478","1":"product","2":"type-product","3":"status-publish","4":"has-post-thumbnail","6":"product_cat-vetom-probiotikumok","8":"first","9":"instock","10":"featured","11":"taxable","12":"shipping-taxable","13":"purchasable","14":"product-type-simple"},"_links":{"self":[{"href":"https:\/\/vetomshop.hu\/et\/wp-json\/wp\/v2\/product\/2478","targetHints":{"allow":["GET"]}}],"collection":[{"href":"https:\/\/vetomshop.hu\/et\/wp-json\/wp\/v2\/product"}],"about":[{"href":"https:\/\/vetomshop.hu\/et\/wp-json\/wp\/v2\/types\/product"}],"replies":[{"embeddable":true,"href":"https:\/\/vetomshop.hu\/et\/wp-json\/wp\/v2\/comments?post=2478"}],"wp:featuredmedia":[{"embeddable":true,"href":"https:\/\/vetomshop.hu\/et\/wp-json\/wp\/v2\/media\/6611"}],"wp:attachment":[{"href":"https:\/\/vetomshop.hu\/et\/wp-json\/wp\/v2\/media?parent=2478"}],"wp:term":[{"taxonomy":"product_brand","embeddable":true,"href":"https:\/\/vetomshop.hu\/et\/wp-json\/wp\/v2\/product_brand?post=2478"},{"taxonomy":"product_cat","embeddable":true,"href":"https:\/\/vetomshop.hu\/et\/wp-json\/wp\/v2\/product_cat?post=2478"},{"taxonomy":"product_tag","embeddable":true,"href":"https:\/\/vetomshop.hu\/et\/wp-json\/wp\/v2\/product_tag?post=2478"}],"curies":[{"name":"wp","href":"https:\/\/api.w.org\/{rel}","templated":true}]}}