{"id":2483,"date":"2020-10-20T19:35:14","date_gmt":"2020-10-20T17:35:14","guid":{"rendered":"https:\/\/vetomshop.hu\/?post_type=product&#038;p=2483"},"modified":"2026-04-12T08:28:16","modified_gmt":"2026-04-12T06:28:16","slug":"vetomgin-8-21","status":"publish","type":"product","link":"https:\/\/vetomshop.hu\/et\/toode\/vetomgin-8-21\/","title":{"rendered":"Probiootiline Vetomgin <span style=\"color:red\">8.21<\/span> \u0161ampanjatablett <span style=\"color:red\">15 t\u00fckki<\/span> (toidulisand)"},"content":{"rendered":"<h2><strong>Vetomgin 8.21 probiootilised pritsmed 15 (toidulisand)<\/strong><\/h2>\n<p><span style=\"color: #ff0000;\">Koostis<\/span><\/p>\n<p>1 annus (1 pritsmetablett) sisaldab: lisaainet: E500 (naatriumkarbonaat) - 1200 \u00b5g \u0415330(sidrunipulber) - 750 \u00b5g ; Bacillus subtilis, VKPM B - 10641 (DSM 24613),Bacillus amyloliquefaciens, VKPM B - 10642 (DSM 24614) , Bacillus amyloliquefaciens, VKPM B - 10643 (DSM 24615) 1\u0445106 KTJ\/g - 50 mg kuivatatud probiootilised kultuurid.<\/p>\n<p>Selle kasulik m\u00f5ju on tingitud Vetomgin 8.21 koostisosade omadustest. Nende toimel moodustub iga inimese soolestikus spetsiifiline mikroobikoosseis ja aktiveerub Krebsi ts\u00fckkel. Selle protsessi tulemusena optimeeritakse nende s\u00fcsteemide toimimist, mis kaitsevad organismi v\u00f5\u00f5raste sissetungijate, sealhulgas nakkavate mikroorganismide eest, ning optimeeritakse organismi reguleerimiss\u00fcsteemi, mis tagab rakkude aktiivse hapnikuvarustuse; energiavarude moodustamise; organismi jaoks oluliste molekulide - aminohapete, s\u00fcsivesikute, rasvhapete jne - s\u00fcnteesi aktiveerimise.<\/p>\n<p>Vetomgin 8.21 suurendab ravimite t\u00f5husust ja v\u00e4hendab nende negatiivseid k\u00f5rvalm\u00f5jusid inimkehale.<\/p>\n<h5>Omadused:<\/h5>\n<ul>\n<li>\u00a0EI OLE K\u00d5RVALTOIMEID<\/li>\n<li>\u00a0VANUSEPIIRANGUT EI OLE<\/li>\n<li>NO OVERDOSE<\/li>\n<li>EI OLE L\u00c4HEM\u00c4RKIV<\/li>\n<\/ul>\n<ul class=\"vetom-list\">\n<li>Sellel on k\u00f5rge antagonistlik aktiivsus patogeensete ja tinglikult patogeensete seente ja bakterite vastu, viirusevastased, proteol\u00fc\u00fctilised, amil\u00fc\u00fctilised, tsellulol\u00fc\u00fctilised omadused.<\/li>\n<li>stimuleerib rakulisi ja humoraalseid immuunsustegureid.<\/li>\n<li>suurendab keha mittespetsiifilist vastupanu<\/li>\n<li>stabiliseerib allergilist resistentsust<\/li>\n<li>normaliseerib ainevahetust<\/li>\n<li>stimuleerib regeneratsiooniprotsesse, r\u00fcndab ja h\u00e4vitab v\u00e4hirakke ja haigestunud rakke.<\/li>\n<\/ul>\n<p><span style=\"color: #ff0000;\">Kasutusala<\/span><br \/>\nProbiootilised mikroorganismid on t\u00e4iendav allikas elukvaliteedi parandamiseks.<br \/>\n<span style=\"color: #ff0000;\">Kandideeri aadressil<\/span><br \/>\nSoovitatav 3 pritsmeid sisaldavat tabletti p\u00e4evas 10 p\u00e4eva jooksul regulaarsete ajavahemike j\u00e4rel.<br \/>\n1 tablett lahustatud klaasis vees .<br \/>\nTabletti ei tohi alla neelata, n\u00e4rida ega imeda.<br \/>\n<span style=\"color: #ff0000;\">Vastun\u00e4idustused<\/span><br \/>\n\u00dclitundlikkus ravimi teatud koostisosade suhtes.<br \/>\nErijuhised<br \/>\nKasutage raseduse ja rinnaga toitmise ajal ainult p\u00e4rast meditsiinilist n\u00f5uannet. Preparaat ei m\u00f5juta autojuhtimise v\u00f5i potentsiaalselt ohtlike mehhanismide k\u00e4sitsemise v\u00f5imet.<br \/>\n<span style=\"color: #ff0000;\">Dispensing<\/span><br \/>\n15 2-grammist \u0161ampanjatabletti , 3 tabletti kohta, pakitud pappkarpi, mis on pakitud p\u00e4rgamendipaberisse. Kasutusjuhend lisatud.<br \/>\n<span style=\"color: #ff0000;\">Ladustamistingimused<\/span><br \/>\nV\u00f5ib s\u00e4ilitada 75 % suhtelise \u00f5huniiskuse juures alla 30\u00b0C. Hoida lastele k\u00e4ttesaamatus kohas.<br \/>\n<span style=\"color: #ff0000;\">S\u00e4ilivusaeg<\/span><br \/>\n4 aastat alates tootmiskuup\u00e4evast. \u00c4rge tarbige p\u00e4rast k\u00f5lblikkusaega.<br \/>\nVetomgin 8.21 ei ole ravim.<\/p>\n<p><span style=\"color: #0000ff;\">Ma ostan probiootikume otse tehasest parima hinnaga , -Premium kvaliteet.<\/span><\/p>\n<h3><strong><span style=\"color: #ff0000;\">Cemmedic Europe Kft \u201eUngari ametlik turustaja\u201d !<\/span><\/strong><\/h3>","protected":false},"excerpt":{"rendered":"<h5>Koostis<\/h5>\n<p>1 portsjon (<strong>1 pritsmetablett<\/strong>) sisaldab lisaainet:<\/p>\n<ul>\n<li><strong>\u0415500<\/strong> (naatriumkarbonaat) - 1200 mg<\/li>\n<li><strong>\u0415330<\/strong> (sidruni baari) - 750 mg;<\/li>\n<li>kuivatatud probiootilised kultuurid <strong>Bacillus subtilis<\/strong>, VKPM B - 10641(DSM 24613),<\/li>\n<li><strong>Bacillus amyloliquefaciens<\/strong>, VKPM B - 10642 (DSM 24614),<\/li>\n<li><strong>Bacillus amyloliquefaciens<\/strong>, VKPM B - 10643 (DSM 24615) 1X106 KTJ\/g - 50 mg.<\/li>\n<\/ul>\n<p>Kasulikud m\u00f5jud <strong>Vetomgin <span style=\"color:red\">8.21<\/span><\/strong> koostisosade omadused. Nende m\u00f5jul moodustub soolestikus iga inimese spetsiifiline mikroobikoosseis ja aktiveerub Krebsi ts\u00fckkel. Selle protsessi tulemusena optimeeritakse s\u00fcsteemid, mis kaitsevad organismi v\u00f5\u00f5raste sissetungijate, sealhulgas nakkavate mikroorganismide eest, ja optimeeritakse organismi reguleerimiss\u00fcsteemi, mis tagab rakkude aktiivse hapnikuvarustuse; energiavarude moodustamine; organismi jaoks oluliste molekulide - aminohapete, s\u00fcsivesikute, rasvhapete jne - s\u00fcnteesi aktiveerimine.<\/p>\n<div class=\"plashka\">A <strong>Vetomgin <span style=\"color:red\">8.21<\/span><\/strong> suurendab ravimite t\u00f5husust ja v\u00e4hendab nende negatiivseid k\u00f5rvalm\u00f5jusid inimkehale.<\/div>\n<h6>Omadused:<\/h6>\n<ul class=\"vetom-list\">\n<li>Sellel on k\u00f5rge antagonistlik aktiivsus patogeensete ja tinglikult patogeensete seente ja bakterite vastu, viirusevastased, proteol\u00fc\u00fctilised, amil\u00fc\u00fctilised, tsellulol\u00fc\u00fctilised omadused.<\/li>\n<li>stimuleerib rakulisi ja humoraalseid immuunsustegureid.<\/li>\n<li>suurendab keha mittespetsiifilist vastupanu<\/li>\n<li>stabiliseerib allergilist resistentsust<\/li>\n<li>normaliseerib ainevahetust<\/li>\n<li>stimuleerib regeneratsiooniprotsesse, r\u00fcndab ja tapab v\u00e4hirakke ja haigestunud rakke.<\/li>\n<\/ul>\n<div class=\"plashka\"><strong>Kasutusala<\/strong><br \/>\nProbiootilised mikroorganismid on t\u00e4iendav allikas elukvaliteedi parandamiseks.<\/div>","protected":false},"featured_media":5558,"comment_status":"open","ping_status":"closed","template":"","meta":[],"product_brand":[],"product_cat":[22],"product_tag":[],"class_list":{"0":"post-2483","1":"product","2":"type-product","3":"status-publish","4":"has-post-thumbnail","6":"product_cat-vetom-probiotikumok","8":"first","9":"instock","10":"featured","11":"taxable","12":"shipping-taxable","13":"purchasable","14":"product-type-simple"},"_links":{"self":[{"href":"https:\/\/vetomshop.hu\/et\/wp-json\/wp\/v2\/product\/2483","targetHints":{"allow":["GET"]}}],"collection":[{"href":"https:\/\/vetomshop.hu\/et\/wp-json\/wp\/v2\/product"}],"about":[{"href":"https:\/\/vetomshop.hu\/et\/wp-json\/wp\/v2\/types\/product"}],"replies":[{"embeddable":true,"href":"https:\/\/vetomshop.hu\/et\/wp-json\/wp\/v2\/comments?post=2483"}],"wp:featuredmedia":[{"embeddable":true,"href":"https:\/\/vetomshop.hu\/et\/wp-json\/wp\/v2\/media\/5558"}],"wp:attachment":[{"href":"https:\/\/vetomshop.hu\/et\/wp-json\/wp\/v2\/media?parent=2483"}],"wp:term":[{"taxonomy":"product_brand","embeddable":true,"href":"https:\/\/vetomshop.hu\/et\/wp-json\/wp\/v2\/product_brand?post=2483"},{"taxonomy":"product_cat","embeddable":true,"href":"https:\/\/vetomshop.hu\/et\/wp-json\/wp\/v2\/product_cat?post=2483"},{"taxonomy":"product_tag","embeddable":true,"href":"https:\/\/vetomshop.hu\/et\/wp-json\/wp\/v2\/product_tag?post=2483"}],"curies":[{"name":"wp","href":"https:\/\/api.w.org\/{rel}","templated":true}]}}