{"id":2687,"date":"2021-05-05T20:33:49","date_gmt":"2021-05-05T18:33:49","guid":{"rendered":"https:\/\/vetomshop.hu\/?post_type=product&#038;p=2687"},"modified":"2023-02-13T18:43:24","modified_gmt":"2023-02-13T17:43:24","slug":"enterosgel-1-db","status":"publish","type":"product","link":"https:\/\/vetomshop.hu\/et\/toode\/enterosgel-1-db\/","title":{"rendered":"Enteros geel (1 tk)"},"content":{"rendered":"<p>Alates <strong>Enterosgel<\/strong> (1 tk) eemaldab organismile kahjulikud ained, kuid ei ima kehale kasulikke koostisosi. Desinfitseeriv, kaitsev, detoksikatsiooni vahend. See on orgaaniline aine, mille f\u00fc\u00fcsikalised ja keemilised omadused sarnanevad kivis\u00f6ega ja on seet\u00f5ttu organismile s\u00f5bralik.<\/p>\n<p>See aitab detoksifitseerida ja isegi k\u00f5rvaldada viirusi, baktereid, seeni ja parasiite, mille j\u00e4\u00e4gid varitsevad ja p\u00f5hjustavad s\u00fcmptomeid, mida v\u00f5ib olla v\u00e4ga raske leida.<\/p>\n<p>Lihtne kasutada, v\u00f5ib segada vee v\u00f5i muude vedelikega \/ 1-2 dl\/<br \/>\nT\u00e4iskasvanutele \u00fcks supilusikat\u00e4is \/15 g\/ 3 korda p\u00e4evas, poolteist kuni kaks tundi enne v\u00f5i p\u00e4rast s\u00f6\u00f6ki.<br \/>\nLastele teelusikat\u00e4is \/5-10 gr\/ 1-3 korda p\u00e4evas.<br \/>\nSoovituslik kasutus: 7-14 p\u00e4eva.<\/p>","protected":false},"excerpt":{"rendered":"<p>Enteroskelett (1 tk) eemaldab organismile kahjulikud ained, kuid ei absorbeeri organismile kasulikke koostisosi. Desinfitseeriv, kaitsev, detoksikatsioonivahend. See on orgaaniline aine, mille f\u00fc\u00fcsikalised ja keemilised omadused sarnanevad kivis\u00f6ega ja on seet\u00f5ttu organismile s\u00f5bralik.<\/p>\n<p>See aitab detoksifitseerida ja isegi k\u00f5rvaldada viirusi, baktereid, seeni ja parasiite, mille j\u00e4\u00e4gid varitsevad ja p\u00f5hjustavad s\u00fcmptomeid, mida v\u00f5ib olla v\u00e4ga raske leida.<\/p>","protected":false},"featured_media":2688,"comment_status":"open","ping_status":"closed","template":"","meta":[],"product_brand":[],"product_cat":[28],"product_tag":[],"class_list":{"0":"post-2687","1":"product","2":"type-product","3":"status-publish","4":"has-post-thumbnail","6":"product_cat-enterosgel","8":"first","9":"instock","10":"sale","11":"taxable","12":"shipping-taxable","13":"purchasable","14":"product-type-simple"},"_links":{"self":[{"href":"https:\/\/vetomshop.hu\/et\/wp-json\/wp\/v2\/product\/2687","targetHints":{"allow":["GET"]}}],"collection":[{"href":"https:\/\/vetomshop.hu\/et\/wp-json\/wp\/v2\/product"}],"about":[{"href":"https:\/\/vetomshop.hu\/et\/wp-json\/wp\/v2\/types\/product"}],"replies":[{"embeddable":true,"href":"https:\/\/vetomshop.hu\/et\/wp-json\/wp\/v2\/comments?post=2687"}],"wp:featuredmedia":[{"embeddable":true,"href":"https:\/\/vetomshop.hu\/et\/wp-json\/wp\/v2\/media\/2688"}],"wp:attachment":[{"href":"https:\/\/vetomshop.hu\/et\/wp-json\/wp\/v2\/media?parent=2687"}],"wp:term":[{"taxonomy":"product_brand","embeddable":true,"href":"https:\/\/vetomshop.hu\/et\/wp-json\/wp\/v2\/product_brand?post=2687"},{"taxonomy":"product_cat","embeddable":true,"href":"https:\/\/vetomshop.hu\/et\/wp-json\/wp\/v2\/product_cat?post=2687"},{"taxonomy":"product_tag","embeddable":true,"href":"https:\/\/vetomshop.hu\/et\/wp-json\/wp\/v2\/product_tag?post=2687"}],"curies":[{"name":"wp","href":"https:\/\/api.w.org\/{rel}","templated":true}]}}