{"id":4392,"date":"2023-08-06T13:27:56","date_gmt":"2023-08-06T11:27:56","guid":{"rendered":"https:\/\/vetomshop.hu\/?post_type=product&#038;p=4392"},"modified":"2026-04-12T08:28:06","modified_gmt":"2026-04-12T06:28:06","slug":"komarov-por-etrend-kiegeszito-40-tasak","status":"publish","type":"product","link":"https:\/\/vetomshop.hu\/et\/toode\/komarov-por-etrend-kiegeszito-40-tasak\/","title":{"rendered":"Probiotiline Komarovi pulber <span style=\"color: red\">40 tassaq<\/span> (toidulisand)"},"content":{"rendered":"<h2><strong>Komarovi pulber - 40 kotikest (toidulisand)<\/strong><\/h2>\n<p>Looduslik probiootikum koos vitamiinide ja spirulinaga - seedimise ja immuuns\u00fcsteemi toetamiseks.<\/p>\n<p>Komarovi pulber on kompleksne toidulisand, mis sisaldab probiootikume, kiudaineid, vitamiine, mineraalaineid ja spirulinat. Selle toimeained toetavad soolefloora tasakaalu, detoksikatsiooni, ainevahetust ja tugevdavad organismi kaitsev\u00f5imet.<\/p>\n<p>&nbsp;<\/p>\n<h2><strong>Peamised koostisosad:<\/strong><\/h2>\n<p>*Bacillus subtilis VKPM V-10641 (DSM 24613) - kasulikud soolestikbakterid.<\/p>\n<p>*Spirulina (sinivetikad) - looduslik vitamiinide ja valkude allikas.<\/p>\n<p>*Nisukliid - toidukiudude allikas<\/p>\n<p>*sidrunhape, naatriumkloriid - looduslikud kandjad<\/p>\n<p>&nbsp;<\/p>\n<h2><strong>Kaasas ka toode:<\/strong><\/h2>\n<p>*Vitamiinid: A, B1, B2, B6, B12, B5, B9, biotiin.<\/p>\n<p>*Miineraalained: kaltsium, kaalium, magneesium, fosfor, raud, tsink, vask, mangaan, seleen, mol\u00fcbdeen.<\/p>\n<p>*k\u00fcllastumata rasvhapped: linoolhape, linoleenhape, arahhidoonhape.<\/p>\n<p>&nbsp;<\/p>\n<h2><strong>Kasulikud m\u00f5jud:<\/strong><\/h2>\n<p>\u2705 Aitab seedimist ja toitainete paremat imendumist<\/p>\n<p>\u2705 Toetab soolestiku floora tasakaalu, m\u00f5jub detoksikatsiooniga.<\/p>\n<p>\u2705 Tugevdab immuuns\u00fcsteemi, suurendab organismi vastupanuv\u00f5imet<\/p>\n<p>\u2705 normaliseerib ainevahetust<\/p>\n<p>\u2705 Aitab regeneratsiooniprotsesse ja v\u00f5ib aidata kaasa v\u00f5itlusele kahjulike rakkude vastu.<\/p>\n<p>\u2705 Aktiveerib Krebsi ts\u00fckli (raku energiatootmine)<\/p>\n<p>\u2705 Antibakteriaalsed, viirusevastased, seenevastased omadused<\/p>\n<p>&nbsp;<\/p>\n<h2><strong>Annustamissoovitus:<\/strong><\/h2>\n<p>*Tervislikule organismile: min. 2-3 kotikest p\u00e4evas 10-14 p\u00e4eva jooksul J\u00e4lgige organismi reaktsioone v\u00f5tmise ajal ja vajadusel suurendage annust j\u00e4rk-j\u00e4rgult.<\/p>\n<p>* Teatud haiguste puhul: 7-10 kotikest p\u00e4evas 10 p\u00e4eva jooksul.<\/p>\n<p>* 1 portsjon = 1 kotike<\/p>\n<p>* Pulbrit tuleb v\u00f5tta suu kaudu, soovitatavalt koos toiduga v\u00f5i p\u00e4rast s\u00f6\u00f6ki. Mugavam on seda v\u00f5tta lusikana jogurti, hapukoorega v\u00f5i keefiriga segatuna.<\/p>\n<p>&nbsp;<\/p>\n<h2><strong>Oluline teave:<\/strong><\/h2>\n<p>*Kuidas ei ole k\u00f5rvaltoimeid, ei ole \u00fcleannustamist, ei tekita s\u00f5ltuvust.<\/p>\n<p>*Vahe vanusepiiranguteta<\/p>\n<p>* Ei tohi v\u00f5tta koos antibiootikumide v\u00f5i muude probiootikumidega.<\/p>\n<p>* Ei soovitata \u00fclitundlikkuse korral m\u00f5ne koostisosa suhtes.<\/p>\n<p>&nbsp;<\/p>\n<h2><strong>V\u00e4ljastamine:<\/strong><\/h2>\n<p>40 kotikest 2,5 g pulbrit, lamineeritud pakendis.<\/p>\n<p>Kaal: 0,17 kg<\/p>\n<p>Suurus: 18 \u00d7 7 \u00d7 7 cm<\/p>\n<p>P\u00e4ritolukoht: Venemaa<\/p>\n<p>&nbsp;<\/p>\n<h2><strong>Ladustamine:<\/strong><\/h2>\n<p>S\u00e4ilitada kuivas ja jahedas kohas temperatuuril 0-30 \u00b0C ja maksimaalse \u00f5huniiskusega 75%.<\/p>\n<p>Garantii: 4<strong> aastat alates tootmiskuup\u00e4evast<\/strong>.<\/p>\n<p>P\u00e4ritolukoht : <strong>Venemaa<\/strong><\/p>","protected":false},"excerpt":{"rendered":"<h5>Bacilus subtilis t\u00fcvi VKPM V 10 641 (DSM 24613)<\/h5>\n<div class=\"plashka\"><strong>Elav materjal:<\/strong> nisukliid, naatriumkloriid, sinivetikad spirulina, sidrunhape.<br \/>\nPulber on pakendatud 2,5 g lamineeritud paberkotikesesse.<\/div>\n<h5>Taotlus:<\/h5>\n<p>Komarovi pulber on bioloogiliselt aktiivne aine, mis sisaldab probiootilisi mikroorganisme, kiudaineid, vitamiine (<strong>A, B1, B2, B6, B12, B5, B9, biotiin.<\/strong>), makro- (kaltsium, magneesium, fosfor, kaalium) ja mikrotoitained (raud, mangaan, vask, tsink, mol\u00fcbdeen, seleen), k\u00fcllastumata rasvhapped (linoolhape, linoleenhape, arahhidoonhape).<\/p>\n<h6>Omadused:<\/h6>\n<ul class=\"vetom-list\">\n<li>Sellel on k\u00f5rge antagonistlik aktiivsus patogeensete ja tinglikult patogeensete seente ja bakterite vastu, viirusevastased, proteol\u00fc\u00fctilised, amil\u00fc\u00fctilised, tsellulol\u00fc\u00fctilised omadused.<\/li>\n<li>stimuleerib rakulisi ja humoraalseid immuunsustegureid.<\/li>\n<li>suurendab keha mittespetsiifilist vastupanu<\/li>\n<li>stabiliseerib allergilist resistentsust<\/li>\n<li>normaliseerib ainevahetust<\/li>\n<li>stimuleerib regeneratsiooniprotsesse, r\u00fcndab ja h\u00e4vitab v\u00e4hirakke ja haigestunud rakke.<\/li>\n<\/ul>","protected":false},"featured_media":5557,"comment_status":"open","ping_status":"closed","template":"","meta":[],"product_brand":[],"product_cat":[22],"product_tag":[],"class_list":{"0":"post-4392","1":"product","2":"type-product","3":"status-publish","4":"has-post-thumbnail","6":"product_cat-vetom-probiotikumok","8":"first","9":"instock","10":"featured","11":"taxable","12":"shipping-taxable","13":"purchasable","14":"product-type-simple"},"_links":{"self":[{"href":"https:\/\/vetomshop.hu\/et\/wp-json\/wp\/v2\/product\/4392","targetHints":{"allow":["GET"]}}],"collection":[{"href":"https:\/\/vetomshop.hu\/et\/wp-json\/wp\/v2\/product"}],"about":[{"href":"https:\/\/vetomshop.hu\/et\/wp-json\/wp\/v2\/types\/product"}],"replies":[{"embeddable":true,"href":"https:\/\/vetomshop.hu\/et\/wp-json\/wp\/v2\/comments?post=4392"}],"wp:featuredmedia":[{"embeddable":true,"href":"https:\/\/vetomshop.hu\/et\/wp-json\/wp\/v2\/media\/5557"}],"wp:attachment":[{"href":"https:\/\/vetomshop.hu\/et\/wp-json\/wp\/v2\/media?parent=4392"}],"wp:term":[{"taxonomy":"product_brand","embeddable":true,"href":"https:\/\/vetomshop.hu\/et\/wp-json\/wp\/v2\/product_brand?post=4392"},{"taxonomy":"product_cat","embeddable":true,"href":"https:\/\/vetomshop.hu\/et\/wp-json\/wp\/v2\/product_cat?post=4392"},{"taxonomy":"product_tag","embeddable":true,"href":"https:\/\/vetomshop.hu\/et\/wp-json\/wp\/v2\/product_tag?post=4392"}],"curies":[{"name":"wp","href":"https:\/\/api.w.org\/{rel}","templated":true}]}}