{"id":443,"date":"2019-11-12T14:57:08","date_gmt":"2019-11-12T13:57:08","guid":{"rendered":"https:\/\/vetomshop.hu\/?post_type=product&#038;p=443"},"modified":"2026-04-12T08:29:34","modified_gmt":"2026-04-12T06:29:34","slug":"vetom-2-etrend-kiegeszito","status":"publish","type":"product","link":"https:\/\/vetomshop.hu\/et\/toode\/vetom-2-etrend-kiegeszito\/","title":{"rendered":"Probiootiline Vetom <span style=\"color:red\">2<\/span><br> kapsel <span style=\"color:red\">50 tera<\/span> (toidulisand)"},"content":{"rendered":"<h2>Vetom 2 probiootilised kapslid 50 tera (toidulisand)<\/h2>\n<p>Vetomi 2 peamist toimeainet on kasulikud bakterit\u00fcved *Bacillus amyloliquefaciens* , mis toimivad peamiselt j\u00e4mesooles, kus nad paljunevad, et toota erinevaid ens\u00fc\u00fcme (valku, t\u00e4rklist ja kiudaineid lagundavaid ens\u00fc\u00fcme) ja aktiivseid \u00fchendeid, mis:<\/p>\n<p>* suruvad alla kahjulikud bakterid ja seened,<br \/>\n* puhastavad soolestiku seina seedimata j\u00e4\u00e4kainetest,<br \/>\n* toetavad toitainete paremat imendumist,<br \/>\n* aitavad keha detoksifitseerida.<\/p>\n<p>Vetom 2 regulaarne kasutamine aitab taastada soolestiku floora tervisliku tasakaalu, stimuleerib seedimist ja parandab immuuns\u00fcsteemi talitlust. Probiootikum toetab regeneratsiooniprotsesse, aitab kaasa rakkude uuenemisele ja v\u00f5ib isegi ennetada v\u00e4hirakkude teket.<\/p>\n<p>Samuti suurendab see ravimite toimet, v\u00e4hendades samal ajal nende k\u00f5rvaltoimeid.<\/p>\n<h2>Soodsaid omadusi:<\/h2>\n<p>* Tugev antibakteriaalne ja seenevastane toime<br \/>\n* Viirusevastane, seedimise, immuuns\u00fcsteemi tugevdav toime.<br \/>\n* Rakkude kaitse ja kasvajate ennetamine<br \/>\n* Normaliseerib ainevahetust<br \/>\n* Tugevdab vastupanu allergiatele<br \/>\n* Taastab keha rakutasandil<br \/>\n* Ei p\u00f5hjusta k\u00f5rvaltoimeid, \u00fcleannustamist ega s\u00f5ltuvust.<br \/>\n* Kaitseb organismi rakutasandil, aitab ennetada kasvajate teket.<\/p>\n<h2>Soovitatav kasutusviis:<\/h2>\n<p>Vetom 2 on soovitatav soolestiku floora tasakaalu taastamiseks, soolestiku tervise toetamiseks ja immuunsuse t\u00f5stmiseks.<\/p>\n<h2>Annustamine:<\/h2>\n<p>* Soovitatav on 10 p\u00e4eva jooksul 2 kuni 3 korda p\u00e4evas 1 kapsel, enne s\u00f6\u00f6ki, s\u00f6\u00f6gi ajal v\u00f5i p\u00e4rast s\u00f6\u00f6ki, koos v\u00e4ikese koguse vedelikuga (vesi, tee v\u00f5i mahl). J\u00e4lgige ravi k\u00e4igus organismi reaktsiooni ja vajadusel suurendage annust j\u00e4rk-j\u00e4rgult, kuni 5-10 kapslini p\u00e4evas.<\/p>\n<p>* Ravi v\u00f5ib korrata p\u00e4rast 1-2 n\u00e4dalast pausi. Aeg-ajalt on soovitatav keha \u00fcldiseks toetamiseks \u00fcle minna teise numbriga Vetom-tootele.<\/p>\n<h2>Vastun\u00e4idustused:<\/h2>\n<p>* Ei soovitata, kui olete tundlik m\u00f5ne koostisosa suhtes.<br \/>\n* Kasutage raseduse ja rinnaga toitmise ajal ainult p\u00e4rast meditsiinilist n\u00f5uannet.<br \/>\n* Ei m\u00f5juta autojuhtimist ega ohtlike masinate k\u00e4sitsemist.<\/p>\n<h2>Annustamine ja koostisosad:<\/h2>\n<p>* 10 kapslit blistris, 5 pakendit karbis (kokku 50 kapslit).<br \/>\n* 1 kapsli sisu:<\/p>\n<p>* maisiekstrakt - 133 mg<br \/>\n* Kartulit\u00e4rklis - 100 mg<br \/>\n* sahharoos (tuhksuhkur) - 67 mg<br \/>\n* Bacillus amyloliquefaciens bakterikultuur (DSM 24614) ja t\u00fcved DSM 24615 - 30 mg (1\u00d710\u2079 CFU\/g)<\/p>\n<h2>Lisateave:<\/h2>\n<p>* Netokaal: 0,1 kg<br \/>\n* Suurus: 4,5 \u00d7 6,5 \u00d7 8 cm<br \/>\n* P\u00e4ritoluriik: Venemaa<br \/>\n* S\u00e4ilitamine: jahedas, kuivas kohas (max 30 \u00b0C), lastele k\u00e4ttesaamatus kohas.<br \/>\n* S\u00e4ilivusaeg: 2 aastat alates tootmiskuup\u00e4evast.<\/p>\n<p>Alternatiivne ekvivalent tilgakujul: Vetom 2,25 (10 ml)<\/p>\n<p>P\u00e4ritolukoht : <strong>Venemaa<\/strong><\/p>","protected":false},"excerpt":{"rendered":"<h5><strong>Vetom <span style=\"color: red;\">2<\/span><\/strong> probiootilised kapslid 50 tera (toidulisand)<\/h5>\n<div class=\"plashka\">\n<p>A <strong>Vetom <span style=\"color: red;\">2<\/span><\/strong> normaliseerib ainevahetust, seedimist ja bioloogiliselt aktiivsete toiduainete komponentide imendumist seedetraktis.<\/p>\n<p>A <strong>Vetom <span style=\"color: red;\">2<\/span><\/strong> prbiootikumid suurendavad ravimite t\u00f5husust ja v\u00e4hendavad nende negatiivseid k\u00f5rvalm\u00f5jusid inimkehale.<\/p>\n<\/div>\n<p>Kasulik m\u00f5ju <strong>Bacillus amyloliquefaciens<\/strong> mis tekivad peamiselt j\u00e4mesooles paljunedes:<\/p>\n<ul class=\"vetom-list\">\n<li>proteol\u00fc\u00fctilised, am\u00fclol\u00fc\u00fctilised, tsellulosol\u00fc\u00fctilised ens\u00fc\u00fcmid,<\/li>\n<li>bioloogiliselt aktiivne aine, mis p\u00e4rsib patogeense ja potentsiaalselt patogeense mikrofloora kasvu ja arengut.<\/li>\n<\/ul>\n<p>Selle tulemusena muutub soolestiku sisu bakteriaalne koostis sobivaks arengunormiks, soolestiku seinad puhastatakse seedimata j\u00e4\u00e4kidest, mis aitab kaasa toksiinide aktiivsele eemaldamisele organismist, bioloogiliselt aktiivsete toitainete takistamatule transpordile.<\/p>","protected":false},"featured_media":6598,"comment_status":"open","ping_status":"closed","template":"","meta":[],"product_brand":[],"product_cat":[22],"product_tag":[],"class_list":{"0":"post-443","1":"product","2":"type-product","3":"status-publish","4":"has-post-thumbnail","6":"product_cat-vetom-probiotikumok","8":"first","9":"instock","10":"featured","11":"taxable","12":"shipping-taxable","13":"purchasable","14":"product-type-simple"},"_links":{"self":[{"href":"https:\/\/vetomshop.hu\/et\/wp-json\/wp\/v2\/product\/443","targetHints":{"allow":["GET"]}}],"collection":[{"href":"https:\/\/vetomshop.hu\/et\/wp-json\/wp\/v2\/product"}],"about":[{"href":"https:\/\/vetomshop.hu\/et\/wp-json\/wp\/v2\/types\/product"}],"replies":[{"embeddable":true,"href":"https:\/\/vetomshop.hu\/et\/wp-json\/wp\/v2\/comments?post=443"}],"wp:featuredmedia":[{"embeddable":true,"href":"https:\/\/vetomshop.hu\/et\/wp-json\/wp\/v2\/media\/6598"}],"wp:attachment":[{"href":"https:\/\/vetomshop.hu\/et\/wp-json\/wp\/v2\/media?parent=443"}],"wp:term":[{"taxonomy":"product_brand","embeddable":true,"href":"https:\/\/vetomshop.hu\/et\/wp-json\/wp\/v2\/product_brand?post=443"},{"taxonomy":"product_cat","embeddable":true,"href":"https:\/\/vetomshop.hu\/et\/wp-json\/wp\/v2\/product_cat?post=443"},{"taxonomy":"product_tag","embeddable":true,"href":"https:\/\/vetomshop.hu\/et\/wp-json\/wp\/v2\/product_tag?post=443"}],"curies":[{"name":"wp","href":"https:\/\/api.w.org\/{rel}","templated":true}]}}