{"id":445,"date":"2019-11-12T15:06:44","date_gmt":"2019-11-12T14:06:44","guid":{"rendered":"https:\/\/vetomshop.hu\/?post_type=product&#038;p=445"},"modified":"2026-04-12T08:29:25","modified_gmt":"2026-04-12T06:29:25","slug":"vetom-3-etrend-kiegeszito","status":"publish","type":"product","link":"https:\/\/vetomshop.hu\/et\/toode\/vetom-3-etrend-kiegeszito\/","title":{"rendered":"Probiootiline Vetom <span style=\"color:red\">3<\/span><br> kapsel <span style=\"color:red\">50 tera<\/span> (toidulisand)"},"content":{"rendered":"<p>Vetom 3 probiootilised kapslid 50 tera (toidulisand)<\/p>\n<p>Selle kasulik m\u00f5ju on tingitud Bacillus amyloliquefaciens'i toimest, mis peamiselt j\u00e4mesooles paljunedes toodavad: proteol\u00fc\u00fctilisi, am\u00fclol\u00fc\u00fctilisi, tsellulol\u00fc\u00fctilisi ens\u00fc\u00fcme, bioloogiliselt aktiivseid aineid, mis p\u00e4rsivad patogeense ja potentsiaalselt patogeense mikrofloora kasvu ja arengut. Selle tulemusena muutub soolestiku sisu bakteriaalne koostis sobivaks arengunormiks, soolestiku seinad puhastatakse seedimata j\u00e4\u00e4kidest, mis aitab kaasa toksiinide aktiivsele eemaldamisele organismist, bioloogiliselt aktiivsete toitainete takistamatule transpordile.<br \/>\nVetom 3 toimel normaliseerub bioloogiliselt aktiivsete toidu komponentide ainevahetus, seedetraktis toimuv seedimine, seedimine ja imendumine.<br \/>\nVetom 3 suurendab ravimite t\u00f5husust ja v\u00e4hendab nende negatiivseid k\u00f5rvalm\u00f5jusid inimkehale.<br \/>\nSoovitatav annus: 1 kapsel (2*3) p\u00e4evas 10 p\u00e4eva jooksul, v\u00f5tta koos toiduga v\u00f5i p\u00e4rast s\u00f6\u00f6ki, koos v\u00e4ikese koguse vee, mahla v\u00f5i teega.<br \/>\nVetom 3 ei tekita s\u00f5ltuvust.<br \/>\nSoovitatav on korrata kuure p\u00e4rast 1-2 n\u00e4dalast pausi ja soovitav on vahetada Vetom'i toote numbrite vahel. .<br \/>\nNii saame toetada kogu oma keha, ka meie soolestikku. .<br \/>\nOmadused:<br \/>\n- Sellel on k\u00f5rge antagonistlik aktiivsus patogeensete ja tinglikult patogeensete seente ja bakterite vastu, viirusevastased, proteol\u00fc\u00fctilised, amil\u00fc\u00fctilised, tsellulol\u00fc\u00fctilised omadused.<br \/>\n- stimuleerib immuunsuse rakulisi ja humoraalseid tegureid.<br \/>\n- suurendab keha mittespetsiifilist vastupanu<br \/>\n- stabiliseerib allergilist resistentsust<br \/>\n- normaliseerib ainevahetust<br \/>\n- stimuleerib regeneratsiooniprotsesse, r\u00fcndab ja h\u00e4vitab v\u00e4hirakke ja haigestunud rakke.<br \/>\nSee muudab rakuskeleti membraani ja ainevahetust, takistades v\u00e4hirakkude teket.<\/p>\n<ul>\n<li>EI OLE K\u00d5RVALTOIMEID<\/li>\n<li>VANUSEPIIRANGUT EI OLE<\/li>\n<li>NO OVERDOSE<\/li>\n<li>EI OLE L\u00c4HEM\u00c4RKIV<\/li>\n<\/ul>\n<p>Kasutusala<br \/>\nProbiootiliste mikroorganismide kasutamine bioloogiliselt aktiivse toidulisandina on soovitatav seedetrakti parandamiseks ja soolestiku mikrofloora taastamiseks.<br \/>\nVastun\u00e4idustused<br \/>\n\u00dclitundlikkus toote teatud koostisosade suhtes.<br \/>\nErijuhised<br \/>\nKasutage raseduse ja rinnaga toitmise ajal ainult p\u00e4rast arstliku konsultatsiooni. Preparaat ei m\u00f5juta autojuhtimise v\u00f5i potentsiaalselt ohtlike mehhanismide k\u00e4sitsemise v\u00f5imet.<br \/>\nDispensing<br \/>\n10 kapslit 0,33 g \u00fcksikutes blisterpakendites, 5 blisterpakendit karbis. Pakendatud lainerpaberisse, netokaal: 5 g, 50 kapslit karbis.<br \/>\nKoostis<br \/>\n1 kapsel sisaldab: maisiekstrakt - 133 mg; kartulit\u00e4rklis - 100 mg; sahharoos (tuhksuhkur) - 67 mg, probiootiline kuivatatud Bacillus amyloliquefaciens VKPM B - 10641 bakterit\u00fcve kultuur (DSM 24613), 1\u00d7109 KTJ\/g - 30 mg kolooniaid moodustav \u00fchik.<\/p>\n<p>Kaal :0,1 kg<br \/>\nM\u00f5\u00f5tmed: 4,5 x 6,5 x 8 cm<br \/>\nP\u00e4ritolukoht : Venemaa<\/p>\n<p>Ma ostan probiootikume otse tehasest parima hinnaga , -Premium kvaliteet.<br \/>\n\u201eCemmedic Europe Kft\u201d Vetom Probiootikumide ametlik turustaja Ungaris !<\/p>","protected":false},"excerpt":{"rendered":"<h5><strong>Vetom <span style=\"color: red;\">3<\/span><\/strong> probiootilised kapslid 50 tera (toidulisand)<\/h5>\n<div class=\"plashka\">\n<p>A <strong>Vetom <span style=\"color: red;\">3<\/span><\/strong> normaliseerib ainevahetust, seedimist ja bioloogiliselt aktiivsete toiduainete komponentide imendumist seedetraktis.<\/p>\n<p>A <strong>Vetom <span style=\"color: red;\">3<\/span><\/strong> suurendab ravimite t\u00f5husust ja v\u00e4hendab nende negatiivseid k\u00f5rvalm\u00f5jusid inimkehale.<\/p>\n<\/div>\n<p>Kasulik m\u00f5ju <strong>Bacillus amyloliquefaciens<\/strong> mis tekivad peamiselt j\u00e4mesooles paljunedes:<\/p>\n<ul class=\"vetom-list\">\n<li>proteol\u00fc\u00fctilised, am\u00fclol\u00fc\u00fctilised, tsellulosol\u00fc\u00fctilised ens\u00fc\u00fcmid,<\/li>\n<li>bioloogiliselt aktiivsed ained, mis p\u00e4rsivad patogeense ja potentsiaalselt patogeense mikrofloora kasvu ja arengut.<\/li>\n<\/ul>\n<p>Selle tulemusena muutub soolestiku sisu bakteriaalne koostis sobivaks arengunormiks, soolestiku seinad puhastatakse seedimata j\u00e4\u00e4kidest, mis aitab kaasa toksiinide aktiivsele eemaldamisele organismist, bioloogiliselt aktiivsete toitainete takistamatule transpordile.<\/p>\n<p><strong>Annustamine<\/strong>: soovitatav on v\u00f5tta 1 kapsel (2*3) p\u00e4evas 10 p\u00e4eva jooksul koos toiduga v\u00f5i p\u00e4rast s\u00f6\u00f6ki, koos v\u00e4ikese koguse vee, mahla v\u00f5i teega.<\/p>\n<p>Soovitatav on korrata kuure p\u00e4rast 1-2 n\u00e4dalast pausi ja vahetada Vetom'i toodet m\u00f5ne teise numbriga.<br \/>\nNii saame toetada kogu oma keha ja soolestikku.<\/p>\n<p>A <strong>Vetom <span style=\"color: red;\">3<\/span><\/strong> ei tekita s\u00f5ltuvust.<\/p>\n<h5>Omadused:<\/h5>\n<ul class=\"vetom-list\">\n<li>Sellel on k\u00f5rge antagonistlik aktiivsus patogeensete ja tinglikult patogeensete seente ja bakterite vastu, viirusevastased, proteol\u00fc\u00fctilised, amil\u00fc\u00fctilised, tsellulol\u00fc\u00fctilised omadused.<\/li>\n<li>stimuleerib rakulisi ja humoraalseid immuunsustegureid.<\/li>\n<li>suurendab keha mittespetsiifilist vastupanu<\/li>\n<li>stabiliseerib allergilist resistentsust<\/li>\n<li>normaliseerib ainevahetust<\/li>\n<li>stimuleerib regeneratsiooniprotsesse, r\u00fcndab ja h\u00e4vitab v\u00e4hirakke ja haigestunud rakke.<\/li>\n<\/ul>\n<div class=\"plashka\">See muudab rakuskeleti membraani ja ainevahetust, takistades v\u00e4hirakkude teket.<\/div>","protected":false},"featured_media":6599,"comment_status":"open","ping_status":"closed","template":"","meta":[],"product_brand":[],"product_cat":[22],"product_tag":[],"class_list":{"0":"post-445","1":"product","2":"type-product","3":"status-publish","4":"has-post-thumbnail","6":"product_cat-vetom-probiotikumok","8":"first","9":"instock","10":"featured","11":"taxable","12":"shipping-taxable","13":"purchasable","14":"product-type-simple"},"_links":{"self":[{"href":"https:\/\/vetomshop.hu\/et\/wp-json\/wp\/v2\/product\/445","targetHints":{"allow":["GET"]}}],"collection":[{"href":"https:\/\/vetomshop.hu\/et\/wp-json\/wp\/v2\/product"}],"about":[{"href":"https:\/\/vetomshop.hu\/et\/wp-json\/wp\/v2\/types\/product"}],"replies":[{"embeddable":true,"href":"https:\/\/vetomshop.hu\/et\/wp-json\/wp\/v2\/comments?post=445"}],"wp:featuredmedia":[{"embeddable":true,"href":"https:\/\/vetomshop.hu\/et\/wp-json\/wp\/v2\/media\/6599"}],"wp:attachment":[{"href":"https:\/\/vetomshop.hu\/et\/wp-json\/wp\/v2\/media?parent=445"}],"wp:term":[{"taxonomy":"product_brand","embeddable":true,"href":"https:\/\/vetomshop.hu\/et\/wp-json\/wp\/v2\/product_brand?post=445"},{"taxonomy":"product_cat","embeddable":true,"href":"https:\/\/vetomshop.hu\/et\/wp-json\/wp\/v2\/product_cat?post=445"},{"taxonomy":"product_tag","embeddable":true,"href":"https:\/\/vetomshop.hu\/et\/wp-json\/wp\/v2\/product_tag?post=445"}],"curies":[{"name":"wp","href":"https:\/\/api.w.org\/{rel}","templated":true}]}}