{"id":447,"date":"2019-11-12T15:10:57","date_gmt":"2019-11-12T14:10:57","guid":{"rendered":"https:\/\/vetomshop.hu\/?post_type=product&#038;p=447"},"modified":"2026-04-12T08:29:15","modified_gmt":"2026-04-12T06:29:15","slug":"vetom-4-etrend-kiegeszito","status":"publish","type":"product","link":"https:\/\/vetomshop.hu\/et\/toode\/vetom-4-etrend-kiegeszito\/","title":{"rendered":"Probiootiline Vetom <span style=\"color:red\">4<\/span><br> kapsel <span style=\"color:red\">50 tera<\/span> (toidulisand)"},"content":{"rendered":"<p>Vetom 4 probiootilised kapslid 50 tera (toidulisand Bacillus amyloliquefaciens'iga)<\/p>\n<p>Selle kasulik m\u00f5ju on tingitud Bacillus amyloliquefaciens'i toimest, mis peamiselt peensooles paljunedes toodavad: proteol\u00fc\u00fctilisi, am\u00fclol\u00fc\u00fctilisi, tsellulol\u00fc\u00fctilisi ens\u00fc\u00fcme, bioloogiliselt aktiivseid aineid, mis p\u00e4rsivad patogeense ja potentsiaalselt patogeense mikrofloora kasvu ja arengut. Selle tulemusena muutub soolestiku sisu bakteriaalne koostis sobivaks arengunormiks, soolestiku seinad puhastatakse seedimata j\u00e4\u00e4kidest, mis aitab kaasa toksiinide aktiivsele eemaldamisele organismist, bioloogiliselt aktiivsete toitainete takistamatule transpordile.<br \/>\nVetom 4 m\u00f5jul normaliseerub seedetrakti bioloogiliselt aktiivsete toiduainete ainevahetus, seedimine ja imendumine.<br \/>\nVetom 1.1 suurendab ravimite t\u00f5husust ja v\u00e4hendab nende negatiivseid k\u00f5rvalm\u00f5jusid inimkehale.<br \/>\nSoovitatav annus: 1 kapsel (2*3) p\u00e4evas 10 p\u00e4eva jooksul, v\u00f5tta koos toiduga v\u00f5i p\u00e4rast s\u00f6\u00f6ki, koos v\u00e4ikese koguse vee, mahla v\u00f5i teega.<br \/>\nVetom 4 ei tekita s\u00f5ltuvust.<br \/>\nSoovitatav on korrata kuure p\u00e4rast 1-2 n\u00e4dalast pausi ja soovitav on vahetada Vetom'i toote numbrite vahel. .<br \/>\nNii saame toetada kogu oma keha, ka meie soolestikku. .<br \/>\nOmadused:<br \/>\n- Sellel on k\u00f5rge antagonistlik aktiivsus patogeensete ja tinglikult patogeensete seente ja bakterite vastu, viirusevastased, proteol\u00fc\u00fctilised, amil\u00fc\u00fctilised, tsellulol\u00fc\u00fctilised omadused.<br \/>\n- stimuleerib immuunsuse rakulisi ja humoraalseid tegureid.<br \/>\n- suurendab keha mittespetsiifilist vastupanu<br \/>\n- stabiliseerib allergilist resistentsust<br \/>\n- normaliseerib ainevahetust<br \/>\n- stimuleerib regeneratsiooniprotsesse, r\u00fcndab ja h\u00e4vitab v\u00e4hirakke ja haigestunud rakke.<br \/>\nSee muudab rakuskeleti membraani ja ainevahetust, takistades v\u00e4hirakkude teket.<\/p>\n<p>- EI OLE K\u00d5RVALTOIMEID<br \/>\n- VANUSEPIIRANGUT EI OLE<br \/>\n- NO OVERDOSE<br \/>\n- EI TEKITA S\u00d5LTUVUST<\/p>\n<p>Kasutusala<br \/>\nProbiootiliste mikroorganismide kasutamine bioloogiliselt aktiivse toidulisandina on soovitatav seedetrakti parandamiseks ja soolestiku mikrofloora taastamiseks.<\/p>\n<p>Vastun\u00e4idustused<br \/>\n\u00dclitundlikkus toote teatud koostisosade suhtes.<\/p>\n<p>Erijuhised<br \/>\nKasutage raseduse ja rinnaga toitmise ajal ainult p\u00e4rast arstliku konsultatsiooni. Preparaat ei m\u00f5juta autojuhtimise v\u00f5i potentsiaalselt ohtlike mehhanismide k\u00e4sitsemise v\u00f5imet.<br \/>\nDispensing<br \/>\n10 kapslit 0,33 g \u00fcksikutes blisterpakendites, 5 blisterpakendit karbis. Plastkarbis, netokaal: 500 g. Pakendatud lainerpappi, netokaal: 5 g, 50 kapslit pappkarbis.<br \/>\nLadustamistingimused<br \/>\nV\u00f5ib s\u00e4ilitada 75 % suhtelise \u00f5huniiskuse juures alla 30\u00b0C. Hoida lastele k\u00e4ttesaamatus kohas.<br \/>\nS\u00e4ilivusaeg<br \/>\n2 aastat alates tootmiskuup\u00e4evast. Mitte tarbida p\u00e4rast k\u00f5lblikkusaega.<br \/>\nKoostis<br \/>\n1 kapsel sisaldab: maisiekstrakt - 133 mg; kartulit\u00e4rklis - 100 mg; sahharoos (tuhksuhkur) - 67 mg: probiootiline kuivatatud Bacillus amyloliquefaciens VKPM B - 10643 bakterit\u00fcve kultuur (DSM 24615), 1\u00d7109 KTJ\/g - 30 mg kolooniaid moodustav \u00fchik.<br \/>\nMa ostan probiootikume otse tehasest parima hinnaga , -Premium kvaliteet.<br \/>\n\u201eCemmedic Europe Kft\u201d Vetom Probiootikumide ametlik turustaja Ungaris !<\/p>","protected":false},"excerpt":{"rendered":"<h5><strong>Vetom <span style=\"color:red\">4<\/span><\/strong> probiootilised kapslid 50 tera (toidulisand) <strong>Bacillus amyloliquefaciens<\/strong> bakterid)<\/h5>\n<div class=\"plashka\">\n<p>A <strong>Vetom <span style=\"color:red\">4<\/span><\/strong> normaliseerib ainevahetust, seedimist ja bioloogiliselt aktiivsete toiduainete komponentide imendumist seedetraktis.<\/p>\n<p>A <strong>Vetom <span style=\"color:red\">4<\/span><\/strong> suurendab ravimite t\u00f5husust ja v\u00e4hendab nende negatiivseid k\u00f5rvalm\u00f5jusid inimkehale.<\/p>\n<\/div>\n<p>Kasulikud m\u00f5jud <strong>Bacillus amyloliquefaciens<\/strong> mis tekivad peamiselt peensooles paljunedes:<\/p>\n<ul class=\"vetom-list\">\n<li>proteol\u00fc\u00fctilised, am\u00fclol\u00fc\u00fctilised, tsellulosol\u00fc\u00fctilised ens\u00fc\u00fcmid,<\/li>\n<li>bioloogiliselt aktiivsed ained, mis p\u00e4rsivad patogeense ja potentsiaalselt patogeense mikrofloora kasvu ja arengut.<\/li>\n<\/ul>\n<p>Selle tulemusena muutub soolestiku sisu bakteriaalne koostis sobivaks arengunormiks, soolestiku seinad puhastatakse seedimata j\u00e4\u00e4kidest, mis aitab kaasa toksiinide aktiivsele eemaldamisele organismist, bioloogiliselt aktiivsete toitainete takistamatule transpordile.<\/p>\n<p><strong>Annustamine:<\/strong> soovitatakse v\u00f5tta 1 kapsel (2*3) p\u00e4evas 10 p\u00e4eva jooksul koos toiduga v\u00f5i p\u00e4rast s\u00f6\u00f6ki, koos v\u00e4ikese koguse vee, mahla v\u00f5i teega.<\/p>\n<div class=\"plashka\">Soovitatav on korrata kuure p\u00e4rast 1-2 n\u00e4dalast pausi ja vahetada Vetom'i toodet m\u00f5ne teise numbriga. Nii saame toetada kogu keha ja soolestikku v\u00f5rdselt.<\/div>\n<p>A <strong>Vetom <span style=\"color:red\">4<\/span><\/strong> ei tekita s\u00f5ltuvust.<\/p>","protected":false},"featured_media":6596,"comment_status":"open","ping_status":"closed","template":"","meta":[],"product_brand":[],"product_cat":[22],"product_tag":[],"class_list":{"0":"post-447","1":"product","2":"type-product","3":"status-publish","4":"has-post-thumbnail","6":"product_cat-vetom-probiotikumok","8":"first","9":"instock","10":"featured","11":"taxable","12":"shipping-taxable","13":"purchasable","14":"product-type-simple"},"_links":{"self":[{"href":"https:\/\/vetomshop.hu\/et\/wp-json\/wp\/v2\/product\/447","targetHints":{"allow":["GET"]}}],"collection":[{"href":"https:\/\/vetomshop.hu\/et\/wp-json\/wp\/v2\/product"}],"about":[{"href":"https:\/\/vetomshop.hu\/et\/wp-json\/wp\/v2\/types\/product"}],"replies":[{"embeddable":true,"href":"https:\/\/vetomshop.hu\/et\/wp-json\/wp\/v2\/comments?post=447"}],"wp:featuredmedia":[{"embeddable":true,"href":"https:\/\/vetomshop.hu\/et\/wp-json\/wp\/v2\/media\/6596"}],"wp:attachment":[{"href":"https:\/\/vetomshop.hu\/et\/wp-json\/wp\/v2\/media?parent=447"}],"wp:term":[{"taxonomy":"product_brand","embeddable":true,"href":"https:\/\/vetomshop.hu\/et\/wp-json\/wp\/v2\/product_brand?post=447"},{"taxonomy":"product_cat","embeddable":true,"href":"https:\/\/vetomshop.hu\/et\/wp-json\/wp\/v2\/product_cat?post=447"},{"taxonomy":"product_tag","embeddable":true,"href":"https:\/\/vetomshop.hu\/et\/wp-json\/wp\/v2\/product_tag?post=447"}],"curies":[{"name":"wp","href":"https:\/\/api.w.org\/{rel}","templated":true}]}}