{"id":449,"date":"2019-11-12T15:17:02","date_gmt":"2019-11-12T14:17:02","guid":{"rendered":"https:\/\/vetomshop.hu\/?post_type=product&#038;p=449"},"modified":"2026-04-12T08:29:02","modified_gmt":"2026-04-12T06:29:02","slug":"vetom-1-23-probiotikum-csepp","status":"publish","type":"product","link":"https:\/\/vetomshop.hu\/et\/toode\/vetom-1-23-probiotikum-csepp\/","title":{"rendered":"Probiootiline Vetom <span style=\"color: red\">1.23<\/span><br>tilk <span style=\"color: red\">10 ml<\/span> (toidulisand)"},"content":{"rendered":"<h3>Vetom probiootikum 1,23 tilka 10 ml (toidulisand)<\/h3>\n<p><strong>Bacillus subtilis koos kasulike bakterit\u00fcvedega<\/strong><\/p>\n<p>Vetom 1.23 on vedel probiootikum, mis p\u00f5hineb Bacillus subtilis VKPM V 10641, peamiselt j\u00e4mesooles tegutseva bakterit\u00fcve kasulikul toimel, kus see aktiivselt paljuneb ja toodab mitmeid seedetrakti ens\u00fc\u00fcme ja bioloogiliselt aktiivseid aineid.<\/p>\n<p>&nbsp;<\/p>\n<h2><strong>Need on materjalid:<\/strong><\/h2>\n<p>* p\u00e4rsivad kahjulike bakterite ja seente kasvu,<\/p>\n<p>* aitavad puhastada soolestiku seinad seedimata j\u00e4\u00e4kainetest,<\/p>\n<p>* toetavad toksiinide eemaldamist,<\/p>\n<p>* soodustavad toitainete, vitamiinide ja mineraalide t\u00f5husat imendumist.<\/p>\n<p>&nbsp;<\/p>\n<p>Vetom 1.23 parandab seedes\u00fcsteemi happe-aluse tasakaalu ja optimeerib raua, kaltsiumi, valkude, rasvade, s\u00fcsivesikute ja muude toitainete ainevahetust. See v\u00f5imaldab organismil end loomulikul viisil tugevdada ja taastuda.<\/p>\n<p>&nbsp;<\/p>\n<h2><strong>Peamised eelised:<\/strong><\/h2>\n<p>* Antibakteriaalne ja seenevastane toime<\/p>\n<p>* Viirusevastane omadus<\/p>\n<p>* Immuunsust tugevdav, rakuline kaitse<\/p>\n<p>* Edendab rakkude regenereerimist<\/p>\n<p>* Inhibeerib ebanormaalsete rakkude, sealhulgas kasvajarakkude moodustumist.<\/p>\n<p>* Ei p\u00f5hjusta k\u00f5rvaltoimeid, s\u00f5ltuvust ega \u00fcleannustamist.<\/p>\n<p>* Ohutu kasutamine igas vanuses<\/p>\n<p>&nbsp;<\/p>\n<p>&nbsp;<\/p>\n<h2><strong>Annustamine ja manustamisviis:<\/strong><\/h2>\n<p>*Oraalseks kasutamiseks<\/p>\n<p>*Esimesed ja lapsed : 2 tilka on soovitatav esimestel p\u00e4evadel, seej\u00e4rel v\u00f5ib annust j\u00e4rk-j\u00e4rgult suurendada 4-6 tilgani. J\u00e4lgige organismi reaktsioone manustamise ajal.<\/p>\n<p>*\u00dcldlevikuliste haiguste puhul: 10 tilka p\u00e4evas 10 p\u00e4eva jooksul.<\/p>\n<p>*Kordusravi: soovitatav p\u00e4rast 1-2 n\u00e4dalast pausi.<\/p>\n<p>*Soovitatakse aeg-ajalt vaheldumisi teiste Vetomi toodetega, et saada organisatsioonile laiemat toetust.<\/p>\n<p>&nbsp;<\/p>\n<h2><strong>Millal on selle kasutamine soovitatav?<\/strong><\/h2>\n<p>* P\u00e4rast antibiootikumravi, et taastada soolefloora.<\/p>\n<p>*V\u00e4hi korral ravi t\u00e4iendamiseks<\/p>\n<p>*Etikahjustused, k\u00f5hulahtisus, k\u00f5hukinnisus, k\u00f5hukinnisus.<\/p>\n<p>*Immuunpuudulikkuse korral<\/p>\n<p>* Ebameeldiva kehal\u00f5hna v\u00f5i hinge\u00f5hu korral<\/p>\n<p>*V\u00e4listatud ravi neerukivide, maksahaiguste, seedetrakti probleemide korral.<\/p>\n<p>T\u00e4helepanu:<\/p>\n<p>Mitte kasutada koos suukaudsete antibiootikumide v\u00f5i muude probiootikumidega. Seda v\u00f5ib kombineerida paiksete antibiootikumidega.<\/p>\n<p>&nbsp;<\/p>\n<h2><strong>Oluline:<\/strong><\/h2>\n<p>Seda ei tohi v\u00f5tta koos teiste suukaudsete probiootikumide v\u00f5i antibiootikumidega, eriti sulfanilamiidi, v\u00e4hivastaste ainetega.<\/p>\n<p>&nbsp;<\/p>\n<h2><strong>Koostisained:<\/strong><\/h2>\n<p>*Bacillus subtilis* t\u00fcvega (VKPM V 10641 \/ DSM 24613) fermenteeritud maisiekstrakt.<\/p>\n<p>* Naatriumkloriid<\/p>\n<p>* Viveware<\/p>\n<p><strong>\u00a0<\/strong><\/p>\n<h2><strong>V\u00e4ljastamine:<\/strong><\/h2>\n<p>* 10 ml tilguti pudel v\u00f5i plastpudel<\/p>\n<p>* V\u00f5ib sisaldada looduslikku setteid, mis ei ole kvaliteediviga.<\/p>\n<p>&nbsp;<\/p>\n<h2><strong>K\u00fcllem:<\/strong><\/h2>\n<p>Helekollakaspruun iseloomuliku l\u00f5hnaga vedelik<\/p>\n<p>*Kaal: 0,02 kg<\/p>\n<p>*M\u00f5\u00f5tmed: 3 \u00d7 3 \u00d7 7 cm<\/p>\n<p>*Tarned: Venemaa<\/p>\n<p>&nbsp;<\/p>\n<h2>Teave ladustamise kohta:<\/h2>\n<p>*Ladustamine: 0-10 \u00b0C suhtelise \u00f5huniiskuse juures kuni 75%<\/p>\n<p>*Vedu ja ajutine ladustamine: 10-30 \u00b0C kuni 18 p\u00e4eva.<\/p>\n<p>*Kui lahtiv\u00f5tmine: hoida k\u00fclmkapis (0-10 \u00b0C).<\/p>","protected":false},"excerpt":{"rendered":"<h5>Kandideeri aadressil<\/h5>\n<p>A <strong>Vetom 1.23<\/strong> kasutatakse t\u00e4iendava probiootiliste mikroorganismide allikana, et parandada inimkeha tervist. Tugev m\u00f5ju <strong>Bacillus subtilis<\/strong> mida toodetakse peamiselt j\u00e4mesooles:<\/p>\n<ul class=\"vetom-list\">\n<li>proteol\u00fc\u00fctilised, am\u00fclol\u00fc\u00fctilised ja tsellul\u00fc\u00fctilised ens\u00fc\u00fcmid;<\/li>\n<li>a-2 inimese valgete vereliblede interferoon;<\/li>\n<li>batsitrasiini ja muid bioloogiliselt aktiivseid aineid, et takistada patogeense v\u00f5i suhteliselt patogeense mikrofloora olulist kasvu.<\/li>\n<\/ul>\n<p>Selle protsessi tulemusena muutub soolestiku bakterite populatsioon, kuni see on identne evolutsioonilise normiga, soolestiku seinad puhastatakse seedimatutest toiduj\u00e4\u00e4kidest, mis h\u00f5lbustab toksiliste ainete aktiivset k\u00f5rvaldamist organismist ning bioloogiliselt aktiivsete ainete ja toitainete takistamatut transporti.<\/p>\n<div class=\"plashka\">A <strong>Vetom 1.23<\/strong> normaliseerib seedimist, raua, kaltsiumi, rasvade, valkude, s\u00fcsivesikute, trigl\u00fctseriidide, aminohapete, dipeptiidide, sapisoolade imendumist ja ainevahetust, normaliseerib seedetrakti happelist keskkonda. Vetom 1.23 kasutamine aitab organismil s\u00e4ilitada tervist.<\/div>\n<p>A <strong>Vetom 1.23<\/strong> suurendab ravimite t\u00f5husust ja v\u00e4hendab nende negatiivseid k\u00f5rvalm\u00f5jusid inimkehale.<\/p>\n<h6>Omadused:<\/h6>\n<ul class=\"vetom-list\">\n<li>Sellel on k\u00f5rge antagonistlik aktiivsus patogeensete ja tinglikult patogeensete seente ja bakterite vastu, viirusevastased, proteol\u00fc\u00fctilised, amil\u00fc\u00fctilised, tsellulol\u00fc\u00fctilised omadused.<\/li>\n<li>stimuleerib rakulisi ja humoraalseid immuunsustegureid.<\/li>\n<li>suurendab keha mittespetsiifilist vastupanu<\/li>\n<li>stabiliseerib allergilist resistentsust<\/li>\n<li>normaliseerib ainevahetust<\/li>\n<li>stimuleerib regeneratsiooniprotsesse, r\u00fcndab ja h\u00e4vitab v\u00e4hirakke ja haigestunud rakke.<\/li>\n<\/ul>\n<div class=\"plashka\">See muudab rakuskeleti membraani ja ainevahetust, takistades v\u00e4hirakkude teket.<\/div>","protected":false},"featured_media":6615,"comment_status":"open","ping_status":"closed","template":"","meta":[],"product_brand":[],"product_cat":[22],"product_tag":[],"class_list":{"0":"post-449","1":"product","2":"type-product","3":"status-publish","4":"has-post-thumbnail","6":"product_cat-vetom-probiotikumok","8":"first","9":"instock","10":"featured","11":"taxable","12":"shipping-taxable","13":"purchasable","14":"product-type-simple"},"_links":{"self":[{"href":"https:\/\/vetomshop.hu\/et\/wp-json\/wp\/v2\/product\/449","targetHints":{"allow":["GET"]}}],"collection":[{"href":"https:\/\/vetomshop.hu\/et\/wp-json\/wp\/v2\/product"}],"about":[{"href":"https:\/\/vetomshop.hu\/et\/wp-json\/wp\/v2\/types\/product"}],"replies":[{"embeddable":true,"href":"https:\/\/vetomshop.hu\/et\/wp-json\/wp\/v2\/comments?post=449"}],"wp:featuredmedia":[{"embeddable":true,"href":"https:\/\/vetomshop.hu\/et\/wp-json\/wp\/v2\/media\/6615"}],"wp:attachment":[{"href":"https:\/\/vetomshop.hu\/et\/wp-json\/wp\/v2\/media?parent=449"}],"wp:term":[{"taxonomy":"product_brand","embeddable":true,"href":"https:\/\/vetomshop.hu\/et\/wp-json\/wp\/v2\/product_brand?post=449"},{"taxonomy":"product_cat","embeddable":true,"href":"https:\/\/vetomshop.hu\/et\/wp-json\/wp\/v2\/product_cat?post=449"},{"taxonomy":"product_tag","embeddable":true,"href":"https:\/\/vetomshop.hu\/et\/wp-json\/wp\/v2\/product_tag?post=449"}],"curies":[{"name":"wp","href":"https:\/\/api.w.org\/{rel}","templated":true}]}}