{"id":453,"date":"2019-11-12T15:33:21","date_gmt":"2019-11-12T14:33:21","guid":{"rendered":"https:\/\/vetomshop.hu\/?post_type=product&#038;p=453"},"modified":"2026-04-12T08:28:47","modified_gmt":"2026-04-12T06:28:47","slug":"vetom-3-22-probiotikum-csepp","status":"publish","type":"product","link":"https:\/\/vetomshop.hu\/et\/toode\/vetom-3-22-probiotikum-csepp\/","title":{"rendered":"Probiootiline Vetom <span style=\"color: red\">3.22<\/span><br>tilk <span style=\"color: red\">10 ml<\/span> (toidulisand)"},"content":{"rendered":"<h3>Vetom 3.22 probiootilised tilgad (toidulisand)<\/h3>\n<p>Vetom 4 on looduslik probiootikum, mis p\u00f5hineb *Bacillus amyloliquefaciens*, bakteri kasulikul m\u00f5jul, mis paljuneb peamiselt *paksu- ja peensooles*, kus ta toodab erinevaid ens\u00fc\u00fcme (valku, t\u00e4rklist ja kiudaineid l\u00f5hustavaid) ja bioloogiliselt aktiivseid aineid.<\/p>\n<h2>Need on j\u00e4rgmised:<\/h2>\n<p>* p\u00e4rsivad kahjulike bakterite ja seente kasvu,<br \/>\n* aitavad puhastada soolestiku seina seedimata materjalist,<br \/>\n* toetavad toitainete imendumist,<br \/>\n* aitavad keha detoksifitseerida.<\/p>\n<p>Vetom 4 regulaarne kasutamine aitab kaasa tervislikule soolestikufloorale, parandab seedimist ning aitab organismil kasutada toitaineid ja energiat.<\/p>\n<h2>Vetom 4<\/h2>\n<p>* Toetab soolestiku loomulikku tasakaalu<br \/>\n* Normaliseerib seedimist ja ainevahetust<br \/>\n* Parandab immuuns\u00fcsteemi funktsiooni<br \/>\n* V\u00e4hendab ravimite k\u00f5rvaltoimeid<br \/>\n* Kaitseb organismi rakutasandil, aitab ennetada kasvajate teket.<\/p>\n<h2>Soodsaid omadusi:<\/h2>\n<p>* Antibakteriaalne ja seenevastane toime<br \/>\n* Viirusevastane ja immuuns\u00fcsteemi tugevdav<br \/>\n* Toetab seedimist oma ens\u00fc\u00fcmide tootvate omaduste kaudu.<br \/>\n* Aitab rakkude regenereerimisele<br \/>\n* Inhibeerib haigete ja v\u00e4hirakkude moodustumist ja proliferatsiooni.<br \/>\n*Ei s\u00f5ltuvust, \u00fcleannustamist ega k\u00f5rvaltoimeid.<br \/>\n*Kohaldatakse k\u00f5igile t\u00e4iskasvanutele ( \u00fcle 14 aasta).<\/p>\n<h2>Rakendusvaldkond:<\/h2>\n<p>Seda soovitatakse bioloogiliselt aktiivse toidulisandina, et toetada seedetrakti toimimist ja taastada soolefloora.<\/p>\n<h2>Annustamine:<\/h2>\n<p>* Soovitatav on 10 p\u00e4eva jooksul 2 kuni 3 korda p\u00e4evas 1 kapsel, enne s\u00f6\u00f6ki, s\u00f6\u00f6gi ajal v\u00f5i p\u00e4rast s\u00f6\u00f6ki, koos v\u00e4ikese koguse vedelikuga (vesi, tee v\u00f5i mahl). J\u00e4lgige ravi k\u00e4igus organismi reaktsiooni ja vajadusel suurendage annust j\u00e4rk-j\u00e4rgult, kuni 5-10 kapslini p\u00e4evas.<\/p>\n<p>* Ravi v\u00f5ib korrata igal ajal p\u00e4rast 1-2 n\u00e4dalast pausi. Aeg-ajalt on soovitatav kasutada vaheldumisi teiste Vetom-toodetega, et toetada kogu keha.<\/p>\n<h2>Ettepanek:<\/h2>\n<p>Ravi tuleks korrata p\u00e4rast 1-2 n\u00e4dalast pausi. Aeg-ajalt on soovitatav minna \u00fcle teist t\u00fc\u00fcpi Vetom-tootele, et pakkuda organismile laiaulatuslikku toetust.<\/p>\n<h2>Oluline teave:<\/h2>\n<p>*vastun\u00e4idustused: \u00fclitundlikkus teatud koostisosade suhtes.<br \/>\n*Rasedus \/ rinnaga toitmine: ainult meditsiinilise konsultatsiooni korral.<br \/>\n*ei m\u00f5juta autojuhtimist ega ohtlike masinate kasutamist<\/p>\n<h2>Muu teave:<\/h2>\n<p>* Ei m\u00f5juta autojuhtimist ega ohtlike masinate k\u00e4sitsemist.<br \/>\n* S\u00e4ilitamine: kuivas ja jahedas kohas (max. 30 \u00b0C), lastele k\u00e4ttesaamatus kohas.<br \/>\n* Garantii: 2 aastat alates tootmiskuup\u00e4evast<br \/>\n* Pakend: 10 kapslit blistris, 5 pakendit karbis (kokku 50 kapslit).<\/p>\n<h2>S\u00e4ilitamistingimused:<\/h2>\n<p>* jahedas, kuivas kohas (max. 30 \u00b0C, max. 75% niiskus).<br \/>\n* Hoida lastele k\u00e4ttesaamatus kohas<br \/>\n*Garantiiaeg:** 2 aastat alates valmistamiskuup\u00e4evast<br \/>\nP\u00e4ritoluriik: Venemaa<\/p>\n<h2>\u00dche kapsli sisu:<\/h2>\n<p>* maisiekstrakt - 133 mg<br \/>\n* Kartulit\u00e4rklis - 100 mg<br \/>\n* sahharoos (tuhksuhkur) - 67 mg<br \/>\n* **Bacillus amyloliquefaciens VKPM B-10643** probiootiline bakterit\u00fcvi (DSM 24615) - 30 mg (1\u00d710\u2079 CFU\/g).<\/p>\n<p>Alternatiivne ekvivalent tilgakujul: Vetom 4.24 (10 ml)<\/p>\n<p>P\u00e4ritolukoht : <strong>Venemaa<\/strong><\/p>","protected":false},"excerpt":{"rendered":"<h5>Kandideeri aadressil<\/h5>\n<p>Alates <strong>Vetom<\/strong> <span style=\"color: red; font-weight: 800;\">3.22<\/span> kasutatakse t\u00e4iendava probiootiliste mikroorganismide allikana, et parandada inimkeha tervist. Tugev m\u00f5ju <strong>Bacillus myloliquefaciens<\/strong>, mis paljuneb peamiselt j\u00e4mesooles ja toodab proteol\u00fc\u00fctilisi, am\u00fclol\u00fc\u00fctilisi, tsellul\u00fc\u00fctilisi ens\u00fc\u00fcme ja muid bioloogiliselt aktiivseid aineid.<\/p>\n<div class=\"plashka\">Selle protsessi tulemusena muutub soolestiku bakterite populatsioon, kuni see on identne evolutsioonilise normiga, soolestiku seinad puhastatakse seedimatutest toiduj\u00e4\u00e4kidest, mis h\u00f5lbustab toksiliste ainete aktiivset k\u00f5rvaldamist organismist ning bioloogiliselt aktiivsete ainete ja toitainete takistamatut transporti.<\/div>\n<p>A <strong>Vetom<\/strong> <span style=\"color: red; font-weight: 800;\">3.22<\/span> suurendab ravimite t\u00f5husust ja v\u00e4hendab nende negatiivseid k\u00f5rvalm\u00f5jusid inimkehale.<\/p>\n<h6>Omadused:<\/h6>\n<ul class=\"vetom-list\">\n<li>Sellel on k\u00f5rge antagonistlik aktiivsus patogeensete ja tinglikult patogeensete seente ja bakterite vastu, viirusevastased, proteol\u00fc\u00fctilised, amil\u00fc\u00fctilised, tsellulol\u00fc\u00fctilised omadused.<\/li>\n<li>stimuleerib rakulisi ja humoraalseid immuunsustegureid.<\/li>\n<li>suurendab keha mittespetsiifilist vastupanu<\/li>\n<li>stabiliseerib allergilist resistentsust<\/li>\n<li>normaliseerib ainevahetust<\/li>\n<li>stimuleerib regeneratsiooniprotsesse, r\u00fcndab ja tapab v\u00e4hirakke ja haigestunud rakke.<\/li>\n<\/ul>\n<div class=\"plashka\">A <strong>Vetom<\/strong> <span style=\"color: red; font-weight: 800;\">3.22<\/span> normaliseerib raua, kaltsiumi, rasvade, valkude, s\u00fcsivesikute, trigl\u00fctseriidide, aminohapete, dipeptiidide, sapisoolade seedimist, imendumist ja ainevahetust ning normaliseerib seedetrakti happelist keskkonda.<\/div>","protected":false},"featured_media":6613,"comment_status":"open","ping_status":"closed","template":"","meta":[],"product_brand":[],"product_cat":[22],"product_tag":[],"class_list":{"0":"post-453","1":"product","2":"type-product","3":"status-publish","4":"has-post-thumbnail","6":"product_cat-vetom-probiotikumok","8":"first","9":"instock","10":"featured","11":"taxable","12":"shipping-taxable","13":"purchasable","14":"product-type-simple"},"_links":{"self":[{"href":"https:\/\/vetomshop.hu\/et\/wp-json\/wp\/v2\/product\/453","targetHints":{"allow":["GET"]}}],"collection":[{"href":"https:\/\/vetomshop.hu\/et\/wp-json\/wp\/v2\/product"}],"about":[{"href":"https:\/\/vetomshop.hu\/et\/wp-json\/wp\/v2\/types\/product"}],"replies":[{"embeddable":true,"href":"https:\/\/vetomshop.hu\/et\/wp-json\/wp\/v2\/comments?post=453"}],"wp:featuredmedia":[{"embeddable":true,"href":"https:\/\/vetomshop.hu\/et\/wp-json\/wp\/v2\/media\/6613"}],"wp:attachment":[{"href":"https:\/\/vetomshop.hu\/et\/wp-json\/wp\/v2\/media?parent=453"}],"wp:term":[{"taxonomy":"product_brand","embeddable":true,"href":"https:\/\/vetomshop.hu\/et\/wp-json\/wp\/v2\/product_brand?post=453"},{"taxonomy":"product_cat","embeddable":true,"href":"https:\/\/vetomshop.hu\/et\/wp-json\/wp\/v2\/product_cat?post=453"},{"taxonomy":"product_tag","embeddable":true,"href":"https:\/\/vetomshop.hu\/et\/wp-json\/wp\/v2\/product_tag?post=453"}],"curies":[{"name":"wp","href":"https:\/\/api.w.org\/{rel}","templated":true}]}}