{"id":455,"date":"2019-11-12T15:37:52","date_gmt":"2019-11-12T14:37:52","guid":{"rendered":"https:\/\/vetomshop.hu\/?post_type=product&#038;p=455"},"modified":"2026-04-12T08:28:38","modified_gmt":"2026-04-12T06:28:38","slug":"vetom-4-24-probiotikum-csepp","status":"publish","type":"product","link":"https:\/\/vetomshop.hu\/et\/toode\/vetom-4-24-probiotikum-csepp\/","title":{"rendered":"Probiootiline Vetom <span style=\"color: red\">4.24<\/span><br>tilk <span style=\"color: red\">10 ml<\/span> (toidulisand)"},"content":{"rendered":"<h3>Vetom 4.24 probiootilised tilgad 10 ml (toidulisand)<\/h3>\n<p>Bacillus amyloliquefaciens VKPM B-10643 (DSM 24615) t\u00fcvega.<\/p>\n<p>Vetom 4.24 on t\u00e4iustatud looduslik probiootikum, mis toetab soolefloora tasakaalu, parandab seedimist ja tugevdab immuuns\u00fcsteemi. Peamine toimeaine on bakter *Bacillus amyloliquefaciens*, mis on kasulik peamiselt peensooles.<\/p>\n<h2>Kuidas see aitab?<\/h2>\n<p>* Toetab terve soolestiku floora arengut<br \/>\n* Soodustab toitainete (nt raud, kaltsium, valgud, rasvad, s\u00fcsivesikud) imendumist.<br \/>\n* Aitab **v\u00e4ljendada kehast toksiine<br \/>\n* Tugevdab immuuns\u00fcsteemi, omab viirusevastast, antibakteriaalset ja seenevastast toimet.<br \/>\n* Soodustab rakkude taastumist, v\u00f5ib v\u00e4hendada kahjulike rakkude paljunemist.<br \/>\n* Stabiliseerib seedetrakti ainevahetust ja happetasakaalu.<br \/>\n* Parandab teiste ravimite toimet, v\u00e4hendades nende k\u00f5rvaltoimeid.<\/p>\n<h2>Eelised:<\/h2>\n<p>\u2705 K\u00f5rvaltoimete vaba<br \/>\n\u2705 V\u00f5ib kasutada igas vanuses<br \/>\n\u2705 Ei p\u00f5hjusta harjumist<br \/>\n\u2705 \u00dcleannustamine ei ole v\u00f5imalik<\/p>\n<h2>Annustamissoovitus:<\/h2>\n<p>*Esimesed ja lapsed : 2 tilka on soovitatav esimestel p\u00e4evadel, seej\u00e4rel v\u00f5ib annust j\u00e4rk-j\u00e4rgult suurendada 4-6 tilgani. J\u00e4lgige organismi reaktsioone manustamise ajal.<br \/>\n*Kauguste haiguste puhul: 10 tilka p\u00e4evas 10 p\u00e4eva jooksul.<br \/>\n* Ravi v\u00f5ib korrata 1-2 n\u00e4dala p\u00e4rast<br \/>\n* Soovitatav on vahetada aeg-ajalt teiste Vetom toodete (nt Vetom 1.23, 2.25, 3.22) vahel, et tagada t\u00e4ielik soolestiku toetamine.<\/p>\n<h2>\nOluline:<\/h2>\n<p>Seda ei tohi v\u00f5tta koos teiste suukaudsete probiootikumide v\u00f5i antibiootikumidega, eriti sulfanilamiidi, v\u00e4hivastaste ainetega.<\/p>\n<h2>Koostisained:<\/h2>\n<p>* Bacillus amyloliquefaciens'i (VKPM B-10643 \/ DSM 24615) fermenteeritud maisiekstrakt<br \/>\n* Naatriumkloriid<br \/>\n* Viveware<\/p>\n<h2>V\u00e4ljastamine:<\/h2>\n<p>* 10 ml tilguti pudel v\u00f5i plastpudel<br \/>\n* V\u00f5ib sisaldada looduslikku setteid, mis ei ole kvaliteediviga.<\/p>\n<h2>K\u00fcllem:<\/h2>\n<p>Helekollakaspruun iseloomuliku l\u00f5hnaga vedelik<\/p>\n<p>*Kaal: 0,02 kg<br \/>\n*M\u00f5\u00f5tmed: 3 \u00d7 3 \u00d7 7 cm<br \/>\n*Tarned: Venemaa<\/p>\n<h2>Teave ladustamise kohta:<\/h2>\n<p>*Ladustamine: 0-10 \u00b0C suhtelise \u00f5huniiskuse juures kuni 75%<br \/>\n*S\u00e4ilitamine ja ajutine s\u00e4ilitamine: 10-30 \u00b0C<br \/>\n*Kui lahtiv\u00f5tmine: hoida k\u00fclmkapis (0-10 \u00b0C).<\/p>","protected":false},"excerpt":{"rendered":"<h5>Kandideeri aadressil<\/h5>\n<p>A <strong>Vetom<\/strong> <span style=\"color: red; font-weight: 800;\">4.24<\/span> kasutatakse t\u00e4iendava probiootiliste mikroorganismide allikana, et parandada inimkeha tervist. Tugev m\u00f5ju <strong>Bacillus myloliquefaciens<\/strong>, mis toodab proteol\u00fc\u00fctilisi, am\u00fclol\u00fc\u00fctilisi, tsellulol\u00fc\u00fctilisi ens\u00fc\u00fcme ja muid bioloogiliselt aktiivseid aineid, paljunedes peamiselt peensooles.<\/p>\n<div class=\"plashka\">Selle protsessi tulemusena muutub soolestiku bakterite populatsioon, kuni see on identne evolutsioonilise normiga, soolestiku seinad puhastatakse seedimatutest toiduj\u00e4\u00e4kidest, mis h\u00f5lbustab toksiliste ainete aktiivset k\u00f5rvaldamist organismist ning bioloogiliselt aktiivsete ainete ja toitainete takistamatut transporti.<\/div>\n<p>A <strong>Vetom<\/strong> <span style=\"color: red; font-weight: 800;\">4.24<\/span> normaliseerib raua, kaltsiumi, rasvade, valkude, s\u00fcsivesikute, trigl\u00fctseriidide, aminohapete, dipeptiidide, sapisoolade seedimist, imendumist ja ainevahetust ning normaliseerib seedetrakti happelist keskkonda.<\/p>\n<div class=\"plashka\">A <strong>Vetom<\/strong> <span style=\"color: red; font-weight: 800;\">4.24<\/span> kasutamine aitab kehal tervena p\u00fcsida.<\/div>\n<p>A <strong>Vetom<\/strong> <span style=\"color: red; font-weight: 800;\">4.24<\/span> suurendab ravimite t\u00f5husust ja v\u00e4hendab nende negatiivseid k\u00f5rvalm\u00f5jusid inimkehale.<\/p>\n<h6>Omadused:<\/h6>\n<ul class=\"vetom-list\">\n<li>Sellel on k\u00f5rge antagonistlik aktiivsus patogeensete ja tinglikult patogeensete seente ja bakterite vastu, viirusevastased, proteol\u00fc\u00fctilised, amil\u00fc\u00fctilised, tsellulol\u00fc\u00fctilised omadused.<\/li>\n<li>stimuleerib rakulisi ja humoraalseid immuunsustegureid.<\/li>\n<li>suurendab keha mittespetsiifilist vastupanu<\/li>\n<li>stabiliseerib allergilist resistentsust<\/li>\n<li>normaliseerib ainevahetust<\/li>\n<li>stimuleerib regeneratsiooniprotsesse, r\u00fcndab ja tapab v\u00e4hirakke ja haigestunud rakke.<\/li>\n<\/ul>","protected":false},"featured_media":6614,"comment_status":"open","ping_status":"closed","template":"","meta":[],"product_brand":[],"product_cat":[22],"product_tag":[],"class_list":{"0":"post-455","1":"product","2":"type-product","3":"status-publish","4":"has-post-thumbnail","6":"product_cat-vetom-probiotikumok","8":"first","9":"instock","10":"featured","11":"taxable","12":"shipping-taxable","13":"purchasable","14":"product-type-simple"},"_links":{"self":[{"href":"https:\/\/vetomshop.hu\/et\/wp-json\/wp\/v2\/product\/455","targetHints":{"allow":["GET"]}}],"collection":[{"href":"https:\/\/vetomshop.hu\/et\/wp-json\/wp\/v2\/product"}],"about":[{"href":"https:\/\/vetomshop.hu\/et\/wp-json\/wp\/v2\/types\/product"}],"replies":[{"embeddable":true,"href":"https:\/\/vetomshop.hu\/et\/wp-json\/wp\/v2\/comments?post=455"}],"wp:featuredmedia":[{"embeddable":true,"href":"https:\/\/vetomshop.hu\/et\/wp-json\/wp\/v2\/media\/6614"}],"wp:attachment":[{"href":"https:\/\/vetomshop.hu\/et\/wp-json\/wp\/v2\/media?parent=455"}],"wp:term":[{"taxonomy":"product_brand","embeddable":true,"href":"https:\/\/vetomshop.hu\/et\/wp-json\/wp\/v2\/product_brand?post=455"},{"taxonomy":"product_cat","embeddable":true,"href":"https:\/\/vetomshop.hu\/et\/wp-json\/wp\/v2\/product_cat?post=455"},{"taxonomy":"product_tag","embeddable":true,"href":"https:\/\/vetomshop.hu\/et\/wp-json\/wp\/v2\/product_tag?post=455"}],"curies":[{"name":"wp","href":"https:\/\/api.w.org\/{rel}","templated":true}]}}