{"id":4664,"date":"2023-11-11T14:33:45","date_gmt":"2023-11-11T13:33:45","guid":{"rendered":"https:\/\/vetomshop.hu\/termek\/aphrodita-medal\/"},"modified":"2023-11-11T14:33:45","modified_gmt":"2023-11-11T13:33:45","slug":"aphrodita-medal","status":"publish","type":"product","link":"https:\/\/vetomshop.hu\/et\/toode\/aphrodita-medal\/","title":{"rendered":"Aphrodite Ripats"},"content":{"rendered":"<p><strong>Aphrodite ripats<\/strong><\/p>\n<p>T\u00e4nu BioTrEM-tehnoloogiale on n\u00fc\u00fcd v\u00f5imalik luua spetsiaalsele kristallile spetsiifilist laadi spektrimustrit. Kui suvalised energiakvandid - isegi soojus - puutuvad kokku kristalli pinnaga, kiirgab generaator sellele salvestatud spektrimustri \u00e4\u00e4rmiselt n\u00f5rku signaale.<br \/>\nVahepeal m\u00f5jutab ripatsist l\u00e4htuv elektromagnetiline kiirgus elusorganismi.<\/p>\n<div class=\"su-spoiler su-spoiler-style-defoult su-spoiler-icon-caret su-spoiler-closed\" data-scroll-offset=\"0\" data-anchor-in-url=\"no\"><div class=\"su-spoiler-title\" tabindex=\"0\" role=\"button\"><span class=\"su-spoiler-icon\"><\/span>K\u00f5ik<\/div><div class=\"su-spoiler-content su-u-clearfix su-u-trim\">\n<p>\u00c4\u00e4rmiselt n\u00f5rgad APHRODITE ripatsite m\u00e4rgid stimuleerivad naise feromoonide s\u00fcnteesi, naise keha spetsiaalsed n\u00e4\u00e4rmed toodavad intensiivsemalt feromoone, androstenooli ja kopuliini. Mida rohkem feromoone naine toodab, seda seksuaalselt atraktiivsem on ta meeste jaoks. Androstenool julgustab teisi suhtlema ja paneb teisi sind nooremaks pidama.<\/p>\n<p>Kopuliin on naissoost hormoon, mis vastutab seksuaalse atraktiivsuse eest.<\/p>\n<p>APHRODITE'i ripatsit kasutades suureneb naissoost feromoonide (androstenool ja kopuliin) tootmine, mis omakorda suurendab feromoonide tootmist:<\/p>\n<ul>\n<li>\u00e4ratada meeste t\u00e4helepanu,<\/li>\n<li>\u00e4ratada kaastunnet,<\/li>\n<li>lihtsamini tundma \u00f5ppida,<\/li>\n<li>saavutada suuremat \u00e4rilist edu, saada rohkem enesekindlust,<\/li>\n<li>nad loovad oma partneri jaoks \u201eainsa vastupandamatu inimese\u201d.<\/li>\n<\/ul>\n<p>Androstenool kiirendab s\u00fcmpaatia arengut, \u00e4ratab vestluspartneris s\u00f5pruse tunnet, tekitab romantilisi tundeid, loob nooruse ja r\u00f5\u00f5msameelsuse aura, \u00fcksk\u00f5ik kui vana sa oled!<\/p>\n<\/div><\/div>","protected":false},"excerpt":{"rendered":"<p>Aphrodita med\u00e1l A BioTrEM-technol\u00f3gi\u00e1nak k\u00f6sz\u00f6nhet\u0151en lehets\u00e9gess\u00e9 v\u00e1lt l\u00e9trehozni a speci\u00e1lis krist\u00e1lyon egy adott term\u00e9szet\u0171 spektr\u00e1lis mint\u00e1t. Amikor tetsz\u0151leges energiakvantumok \u2013 ak\u00e1r h\u0151 &#8211; \u00e9rintkezik a krist\u00e1ly fel\u00fclet\u00e9vel, a gener\u00e1tor a rajta r\u00f6gz\u00edtett spektr\u00e1lis minta extr\u00e9m gyenge jeleit bocs\u00e1jtja ki. Ek\u00f6zben a med\u00e1l elektrom\u00e1gneses sug\u00e1rz\u00e1sa k\u00f6lcs\u00f6nhat\u00e1sba ker\u00fcl az \u00e9l\u0151 szervezettel.<\/p>","protected":false},"featured_media":4663,"comment_status":"open","ping_status":"closed","template":"","meta":[],"product_brand":[],"product_cat":[33,32],"product_tag":[],"class_list":{"0":"post-4664","1":"product","2":"type-product","3":"status-publish","4":"has-post-thumbnail","6":"product_cat-egeszseg-medalok","7":"product_cat-triomed","9":"first","10":"instock","11":"taxable","12":"shipping-taxable","13":"purchasable","14":"product-type-simple"},"_links":{"self":[{"href":"https:\/\/vetomshop.hu\/et\/wp-json\/wp\/v2\/product\/4664","targetHints":{"allow":["GET"]}}],"collection":[{"href":"https:\/\/vetomshop.hu\/et\/wp-json\/wp\/v2\/product"}],"about":[{"href":"https:\/\/vetomshop.hu\/et\/wp-json\/wp\/v2\/types\/product"}],"replies":[{"embeddable":true,"href":"https:\/\/vetomshop.hu\/et\/wp-json\/wp\/v2\/comments?post=4664"}],"wp:featuredmedia":[{"embeddable":true,"href":"https:\/\/vetomshop.hu\/et\/wp-json\/wp\/v2\/media\/4663"}],"wp:attachment":[{"href":"https:\/\/vetomshop.hu\/et\/wp-json\/wp\/v2\/media?parent=4664"}],"wp:term":[{"taxonomy":"product_brand","embeddable":true,"href":"https:\/\/vetomshop.hu\/et\/wp-json\/wp\/v2\/product_brand?post=4664"},{"taxonomy":"product_cat","embeddable":true,"href":"https:\/\/vetomshop.hu\/et\/wp-json\/wp\/v2\/product_cat?post=4664"},{"taxonomy":"product_tag","embeddable":true,"href":"https:\/\/vetomshop.hu\/et\/wp-json\/wp\/v2\/product_tag?post=4664"}],"curies":[{"name":"wp","href":"https:\/\/api.w.org\/{rel}","templated":true}]}}