{"id":4666,"date":"2023-11-11T14:33:45","date_gmt":"2023-11-11T13:33:45","guid":{"rendered":"https:\/\/vetomshop.hu\/termek\/alfa-medal\/"},"modified":"2023-11-11T14:33:45","modified_gmt":"2023-11-11T13:33:45","slug":"alfa-medal","status":"publish","type":"product","link":"https:\/\/vetomshop.hu\/et\/toode\/alfa-medal\/","title":{"rendered":"Alpha medal"},"content":{"rendered":"<h4>ALFA tervisemedal<\/h4>\n<p><strong>Peamised funktsioonid:<\/strong><\/p>\n<p>See on t\u00e4iendav vahend ps\u00fc\u00fchilise ja emotsionaalse sf\u00e4\u00e4ri toimimise normaliseerimiseks, see parandab meeleolu, motivatsiooni ja tegutsemisv\u00f5imet, v\u00e4hendab ps\u00fc\u00fchilise ja emotsionaalse stressi kahjulikke m\u00f5jusid.<\/p>\n<p><strong>L\u00fchikirjeldus:<\/strong><\/p>\n<p>ALFA tervisemedaljonile salvestatud infosignaal vastab keskuse elektromagnetilisele vibratsioonile, mis reguleerib ps\u00fc\u00fchilist ja emotsionaalset sf\u00e4\u00e4ri.<br \/>\nOn h\u00e4sti teada, et inimese emotsionaalset seisundit, mis s\u00f5ltub mitmetest v\u00e4listest ja sisemistest teguritest, reguleerib keskn\u00e4rvis\u00fcsteem.<\/p>\n<div class=\"su-spoiler su-spoiler-style-defoult su-spoiler-icon-caret su-spoiler-closed\" data-scroll-offset=\"0\" data-anchor-in-url=\"no\"><div class=\"su-spoiler-title\" tabindex=\"0\" role=\"button\"><span class=\"su-spoiler-icon\"><\/span>K\u00f5ik<\/div><div class=\"su-spoiler-content su-u-clearfix su-u-trim\">\nEsimesed stressi tunnused on emotsionaalne pinge, hirmud, \u00e4revus, rahutus ja suurenenud \u00e4rrituvus. See v\u00f5ib viia uneh\u00e4ireteni, mille tulemuseks on v\u00e4simus, \u00fcldine tujukus ja kognitiivsete funktsioonide (m\u00e4lu, t\u00e4helepanu, m\u00f5tlemine) halvenemine.<\/p>\n<p>Pikaajalistel ps\u00fchholoogilistel ja emotsionaalsetel h\u00e4iretel on negatiivne m\u00f5ju organismi \u00fcldseisundile ja reaktsiooniv\u00f5imele. Inimesed, kes kogevad kroonilist ps\u00fchholoogilist ja emotsionaalset stressi, haigestuvad suurema t\u00f5en\u00e4osusega k\u00fclmetushaigustesse, haigestuvad uuesti olemasolevatesse kroonilistesse haigustesse (s\u00fcdame isheemiat\u00f5bi, k\u00f5hun\u00e4\u00e4rmehaigused, ts\u00fcstiit, p\u00fcelonefriit, adeksiit, prostatiit jne).<\/p>\n<p>Stressitegurid on klassikaliste ps\u00fchhosomaatiliste haiguste, nagu h\u00fcpertensioon, bronhiaalastma, maohaavandid, kaksteists\u00f5rmiksoole haavandid, allergilised nahahaigused (ekseem, neurodermatiit) ja muud, sealhulgas n\u00e4gemis- ja kuulmiskahjustused, p\u00f5hjuseks.<\/p>\n<p><strong>Millal kasutada ALFA tervisem\u00e4rki?<\/strong><\/p>\n<p>Seadmel on positiivne m\u00f5ju keha funktsionaalsele toimimisele. Seda saab kasutada optimeeriva ja korrigeeriva seadmena koos teiste meetoditega haiguste ennetamiseks ja raviks:<\/p>\n<ul>\n<li>rahutus, neurasteenia, kohanemisprobleemid, millega kaasneb disharmooniline emotsionaalne seisund,<\/li>\n<li>n\u00e4rvis\u00fcsteemi funktsionaalne h\u00e4ire, millega kaasneb vaimne v\u00e4simus, \u00e4rrituvus, aeglustumine ja m\u00f5tlemise kvaliteedi langus,<\/li>\n<li>paanikahoogudest p\u00f5hjustatud unetus,<\/li>\n<li>ps\u00fchhosomaatiliste haiguste (bronhiaalastma, tundliku soole s\u00fcndroom - IBS, s\u00fcdame isheemiat\u00f5bi, k\u00f5rgverer\u00f5hut\u00f5bi, naha- ja muud haigused) alg- ja retsidiivfaasis,<\/li>\n<li>kroonilise ps\u00fchholoogilise ja emotsionaalse stressi s\u00fcmptomid.<\/li>\n<\/ul>\n<p>T\u00e4helepanu, oluline!<\/p>\n<p>P\u00f6\u00f6rduge arsti poole, kui teil on m\u00e4rgatav meeleolu langus, emotsionaalne ebastabiilsus ja \u00e4rrituvus, p\u00fcsiv unetus, mis ei kao. Lisaks etten\u00e4htud ravile kasutage paralleelselt ALFA Health Pendant'i, et tugevdada ravi t\u00f5husust ja organismi taastumisv\u00f5imet.<br \/>\n<\/div><\/div>","protected":false},"excerpt":{"rendered":"<p>ALFA Eg\u00e9szs\u00e9g Med\u00e1l F\u0151 funkci\u00f3i: Kieg\u00e9sz\u00edt\u0151 eszk\u00f6z a pszich\u00e9s \u00e9s \u00e9rzelmi szf\u00e9ra m\u0171k\u00f6d\u00e9s\u00e9nek normaliz\u00e1l\u00e1s\u00e1ra, hangulatjav\u00edt\u00f3, motiv\u00e1ci\u00f3 \u00e9s cselekv\u0151k\u00e9pess\u00e9g n\u00f6vel\u0151, cs\u00f6kkenti a pszich\u00e9s \u00e9s \u00e9rzelmi stressz \u00e1ldatlan hat\u00e1sait. R\u00f6vid ismertet\u0151: Az inform\u00e1ci\u00f3s jel, mely az ALFA Eg\u00e9szs\u00e9g Med\u00e1lra r\u00f6gz\u00edt\u00e9sre ker\u00fclt, megfelel a pszich\u00e9s \u00e9s \u00e9rzelmi szf\u00e9r\u00e1kat szab\u00e1lyoz\u00f3 k\u00f6zpont elektrom\u00e1gneses rezg\u00e9s\u00e9nek. K\u00f6ztudott, hogy az ember \u00e9rzelmi \u00e1llapota, [&hellip;]<\/p>\n","protected":false},"featured_media":4665,"comment_status":"open","ping_status":"closed","template":"","meta":[],"product_brand":[],"product_cat":[33,32],"product_tag":[],"class_list":{"0":"post-4666","1":"product","2":"type-product","3":"status-publish","4":"has-post-thumbnail","6":"product_cat-egeszseg-medalok","7":"product_cat-triomed","9":"first","10":"instock","11":"taxable","12":"shipping-taxable","13":"purchasable","14":"product-type-simple"},"_links":{"self":[{"href":"https:\/\/vetomshop.hu\/et\/wp-json\/wp\/v2\/product\/4666","targetHints":{"allow":["GET"]}}],"collection":[{"href":"https:\/\/vetomshop.hu\/et\/wp-json\/wp\/v2\/product"}],"about":[{"href":"https:\/\/vetomshop.hu\/et\/wp-json\/wp\/v2\/types\/product"}],"replies":[{"embeddable":true,"href":"https:\/\/vetomshop.hu\/et\/wp-json\/wp\/v2\/comments?post=4666"}],"wp:featuredmedia":[{"embeddable":true,"href":"https:\/\/vetomshop.hu\/et\/wp-json\/wp\/v2\/media\/4665"}],"wp:attachment":[{"href":"https:\/\/vetomshop.hu\/et\/wp-json\/wp\/v2\/media?parent=4666"}],"wp:term":[{"taxonomy":"product_brand","embeddable":true,"href":"https:\/\/vetomshop.hu\/et\/wp-json\/wp\/v2\/product_brand?post=4666"},{"taxonomy":"product_cat","embeddable":true,"href":"https:\/\/vetomshop.hu\/et\/wp-json\/wp\/v2\/product_cat?post=4666"},{"taxonomy":"product_tag","embeddable":true,"href":"https:\/\/vetomshop.hu\/et\/wp-json\/wp\/v2\/product_tag?post=4666"}],"curies":[{"name":"wp","href":"https:\/\/api.w.org\/{rel}","templated":true}]}}