{"id":4670,"date":"2023-11-11T14:33:46","date_gmt":"2023-11-11T13:33:46","guid":{"rendered":"https:\/\/vetomshop.hu\/termek\/antivir-medal\/"},"modified":"2023-11-11T14:33:46","modified_gmt":"2023-11-11T13:33:46","slug":"antivir-medal","status":"publish","type":"product","link":"https:\/\/vetomshop.hu\/et\/toode\/antivir-medal\/","title":{"rendered":"Antiviiruse medal"},"content":{"rendered":"<h4>Antiviiruse medal<\/h4>\n<p>Gripp on gripiviiruse p\u00f5hjustatud haigus, mida p\u00f5hjustab alati \u00fcks gripiviiruse t\u00fc\u00fcp. Gripiviiruse A ja B on kaks t\u00fc\u00fcpi gripiviirust, mis v\u00f5ivad inimesi suurel hulgal haigestuda. A viirused v\u00f5ib jagada alat\u00fc\u00fcpideks nende pinnal olevate valkude (hemaglutiniin - H ja neuraminidaas - N) alusel, millest alates 1977. aastast on k\u00f5ige levinumad H1N1 ja H3N2 viirused. B-viirused p\u00f5hjustavad harvemini raskeid haigusi. Gripiviirused muutuvad ja muteeruvad kiiresti, tekitades uusi alat\u00fc\u00fcpe. Kaitse \u00fche alat\u00fc\u00fcbi vastu annab v\u00e4he v\u00f5i ei anna \u00fcldse kaitset teise alat\u00fc\u00fcbi vastu, mis seletab igal aastal, tavaliselt talvel, esinevad hooajalised epideemiad.<\/p>\n<div class=\"su-spoiler su-spoiler-style-defoult su-spoiler-icon-caret su-spoiler-closed\" data-scroll-offset=\"0\" data-anchor-in-url=\"no\"><div class=\"su-spoiler-title\" tabindex=\"0\" role=\"button\"><span class=\"su-spoiler-icon\"><\/span>K\u00f5ik<\/div><div class=\"su-spoiler-content su-u-clearfix su-u-trim\">\n<p>Gripi s\u00fcmptomid sarnanevad k\u00fclmetushaigusega, kuid haigus on raskem. Tavaliselt kaasneb sellega k\u00f5rge palavik, peavalu, lihasvalu, kuiv k\u00f6ha, letargia ja n\u00f5rkus. Kurguvalu esineb harva ja ainult 30-50% juhtudel esineb nohu, ninakinnisus. Komplikatsioonid on eriti ohtlikud v\u00e4ikelastel, eakatel ja kroonilise haigusega inimestel.<\/p>\n<p>Seet\u00f5ttu on oluline suurendada keha vastupanuv\u00f5imet.<\/p>\n<p><strong>Kellele seda soovitatakse?<\/strong><\/p>\n<ul>\n<li>K\u00f5igile neile, kes soovivad parandada oma vastupidavust,<\/li>\n<li>kes kuuluvad gripiviiruse riskir\u00fchma,<\/li>\n<li>kes reisivad palju ringi v\u00f5i kasutavad \u00fchistransporti,<\/li>\n<li>nad on pidevalt kogukonnas, t\u00f6\u00f6tades inimestega.<\/li>\n<\/ul>\n<p><strong>T\u00e4helepanu, oluline!<\/strong><\/p>\n<p>Kui teil on gripiviirusnakkus, haigus, palavik v\u00f5i kui tunnete end halvasti, p\u00f6\u00f6rduge arsti poole. Kasutage Triomed Antiviirus Medal'i koos etten\u00e4htud raviga.<br \/>\nAlla 6-aastased lapsed peaksid kasutama ainult vanemate j\u00e4relevalve all!<\/p>\n<\/div><\/div>","protected":false},"excerpt":{"rendered":"<p>Antivir Med\u00e1l Az influenza v\u00edrus okozta betegs\u00e9g, k\u00f3rokoz\u00f3ja mindig az influenza v\u00edrus valamelyik fajt\u00e1ja. Az influenza A \u00e9s B az a k\u00e9t t\u00edpusa az influenza v\u00edrusoknak, amely nagysz\u00e1mbanbeteg\u00edthet meg embereket. Az A v\u00edrusokat a fel\u00fclet\u00fck\u00f6n elhelyezked\u0151 feh\u00e9rj\u00e9k (a haemaglutinin -H \u00e9s a neuraminidase \u2013 N) alapj\u00e1n alt\u00edpusokra lehet bontani, ezek k\u00f6z\u00fcl 1977 \u00f3ta t\u00f6bbnyire a [&hellip;]<\/p>\n","protected":false},"featured_media":4669,"comment_status":"open","ping_status":"closed","template":"","meta":[],"product_brand":[],"product_cat":[33,32],"product_tag":[],"class_list":{"0":"post-4670","1":"product","2":"type-product","3":"status-publish","4":"has-post-thumbnail","6":"product_cat-egeszseg-medalok","7":"product_cat-triomed","9":"first","10":"instock","11":"taxable","12":"shipping-taxable","13":"purchasable","14":"product-type-simple"},"_links":{"self":[{"href":"https:\/\/vetomshop.hu\/et\/wp-json\/wp\/v2\/product\/4670","targetHints":{"allow":["GET"]}}],"collection":[{"href":"https:\/\/vetomshop.hu\/et\/wp-json\/wp\/v2\/product"}],"about":[{"href":"https:\/\/vetomshop.hu\/et\/wp-json\/wp\/v2\/types\/product"}],"replies":[{"embeddable":true,"href":"https:\/\/vetomshop.hu\/et\/wp-json\/wp\/v2\/comments?post=4670"}],"wp:featuredmedia":[{"embeddable":true,"href":"https:\/\/vetomshop.hu\/et\/wp-json\/wp\/v2\/media\/4669"}],"wp:attachment":[{"href":"https:\/\/vetomshop.hu\/et\/wp-json\/wp\/v2\/media?parent=4670"}],"wp:term":[{"taxonomy":"product_brand","embeddable":true,"href":"https:\/\/vetomshop.hu\/et\/wp-json\/wp\/v2\/product_brand?post=4670"},{"taxonomy":"product_cat","embeddable":true,"href":"https:\/\/vetomshop.hu\/et\/wp-json\/wp\/v2\/product_cat?post=4670"},{"taxonomy":"product_tag","embeddable":true,"href":"https:\/\/vetomshop.hu\/et\/wp-json\/wp\/v2\/product_tag?post=4670"}],"curies":[{"name":"wp","href":"https:\/\/api.w.org\/{rel}","templated":true}]}}