{"id":4672,"date":"2023-11-11T14:33:46","date_gmt":"2023-11-11T13:33:46","guid":{"rendered":"https:\/\/vetomshop.hu\/termek\/aqua-medal\/"},"modified":"2023-11-11T14:33:46","modified_gmt":"2023-11-11T13:33:46","slug":"aqua-medal","status":"publish","type":"product","link":"https:\/\/vetomshop.hu\/et\/toode\/aqua-medal\/","title":{"rendered":"Aqua Medal"},"content":{"rendered":"<p><strong>Aqua Medal<\/strong> - Eluandev vesi on eluterve, elavdav, elu s\u00e4ilitav ja elu aktiveeriv, eluenergiat taastav vesi.<\/p>\n<p>Just see ongi AQUA-BioTrEMi iseseisva teabekandja eesm\u00e4rk. T\u00e4nu eksklusiivsele BioTrEM-tehnoloogiale sisaldab seadme pooljuht kodeeritud d\u00fcnaamilist teavet, mis v\u00f5imaldab saavutada loetletud efekti. Sarnane omadus on ressurssidel, mis kahjuks muutuvad Maal \u00fcha haruldasemaks ja s\u00e4ilitavad imekombel oma puhtuse.<\/p>\n<div class=\"su-spoiler su-spoiler-style-defoult su-spoiler-icon-caret su-spoiler-closed\" data-scroll-offset=\"0\" data-anchor-in-url=\"no\"><div class=\"su-spoiler-title\" tabindex=\"0\" role=\"button\"><span class=\"su-spoiler-icon\"><\/span>K\u00f5ik<\/div><div class=\"su-spoiler-content su-u-clearfix su-u-trim\">\n<p>Seadme v\u00e4ljat\u00f6\u00f6tamise tegid vajalikuks meie aja muutuvad tingimused. Viimastel aastatel on tervishoiusektor olnud mures haigestumuse ja suremuse suurenemise p\u00e4rast mitte ainult laste ja eakate, vaid ka t\u00f6\u00f6tava elanikkonna hulgas. Kahjuks oleme tunnistajaks immuuns\u00fcsteemi n\u00f5rgenemisele ja eluj\u00f5u kadumisele, mis on h\u00e4davajalik haiguste vastu v\u00f5itlemiseks ja taastusraviks. Teisis\u00f5nu, muutunud keskkonnaga kohanemiseks ja eneseregenereerimiseks vajalikud programmid on kahjustatud v\u00f5i \u00fcmber korraldatud. Suurenevad kosmo-f\u00fc\u00fcsikalised muutused n\u00f5uavad kahjustatud kohanemis- ja eneseparandusprogrammide kiiret taastumis- ja taastumisv\u00f5imet. Vastasel juhul v\u00f5ib ohtu sattuda \u00fcksikisiku ja isegi kogu inimkonna elluj\u00e4\u00e4mine.<\/p>\n<p>Vesi - elu h\u00e4ll, mis on pikka aega s\u00e4ilitanud elu esmase maatriksi ja selle muutuste orientatsiooni keskkonnam\u00f5judele reageerides. Vesi kohandub ja muundub keskkonnam\u00f5judele ja -n\u00f5uetele kiiremini kui bioloogilised organismid, bioloogiline keskkond. Maa veekestas on alati s\u00e4ilinud algsed isereguleeruvad programmid ja nende realiseerimise potentsiaal, mis organismide veekeskkonnaga suheldes muutusid toimivaks. Samal ajal on \u00f6koloogid t\u00e4heldanud, et Maa veekihti toitvate looduslike vete struktuurilis-informatiivsed omadused on kahjustatud. See kahjustus ei olnud tingitud mitte ainult kosmo-f\u00fc\u00fcsikalistest muutustest, vaid ka inimkonna h\u00e4vitavast tegevusest. See on see, mis takistab elut\u00e4htsaid evolutsioonilisi muutusi, elu j\u00e4tkumist Maal.<\/p>\n<p>AQUA infokandja kompleksne mitmetasandiline v\u00e4li on loodud viide, et kohaneda uute k\u00f5rgsageduslike muutustega keskkonnas ja k\u00e4ivitada vajalikud programmid vee kaudu \u00fcleminekuks. Seade struktureerib veev\u00e4lja ja vesi, mis resoneerib keha vesikeskkonnaga (veri, l\u00fcmf, l\u00fcmf, rakkudevaheline vedelik, rakkudes olev vedelik), struktureerib seda \u201eoma pildi j\u00e4rgi\u201d. Niipea, kui sisemine vee korrap\u00e4rasus t\u00f5useb \u00fcle 60%, k\u00e4ivitub keha isereguleeriv geneetiline programm.<br \/>\n<\/div><\/div>","protected":false},"excerpt":{"rendered":"<p>Aqua Med\u00e1l \u2013 az \u00e9letalkot\u00f3 v\u00edz \u00e9letet ad, \u00e9l\u00e9nk\u00edt, \u00e9letmeg\u00f3v\u00f3, valamint aktiv\u00e1l\u00f3, \u00e9letenergi\u00e1t vissza\u00e1ll\u00edt\u00f3 hat\u00e1ssal b\u00edr. \u00c9ppen ezt a c\u00e9lt szolg\u00e1lja az AQUA \u2013BioTrEM \u00f6n\u00e1ll\u00f3 inform\u00e1ci\u00f3hordoz\u00f3 alkalmaz\u00e1sa. Az exkluz\u00edv BioTrEM-technol\u00f3gi\u00e1nak k\u00f6sz\u00f6nhet\u0151en a k\u00e9sz\u00fcl\u00e9k f\u00e9lvezet\u0151je olyan k\u00f3dolt inform\u00e1ci\u00f3t tartalmaz, mely dinamikus term\u00e9szettel b\u00edr \u00e9s seg\u00edts\u00e9g\u00e9vel a felsorolt hat\u00e1s el\u00e9rhet\u0151v\u00e9 v\u00e1lik. Hasonl\u00f3 tulajdons\u00e1ggal rendelkeznek a F\u00f6ld\u00f6n sajnos [&hellip;]<\/p>\n","protected":false},"featured_media":4671,"comment_status":"open","ping_status":"closed","template":"","meta":[],"product_brand":[],"product_cat":[33,32],"product_tag":[],"class_list":{"0":"post-4672","1":"product","2":"type-product","3":"status-publish","4":"has-post-thumbnail","6":"product_cat-egeszseg-medalok","7":"product_cat-triomed","9":"first","10":"instock","11":"taxable","12":"shipping-taxable","13":"purchasable","14":"product-type-simple"},"_links":{"self":[{"href":"https:\/\/vetomshop.hu\/et\/wp-json\/wp\/v2\/product\/4672","targetHints":{"allow":["GET"]}}],"collection":[{"href":"https:\/\/vetomshop.hu\/et\/wp-json\/wp\/v2\/product"}],"about":[{"href":"https:\/\/vetomshop.hu\/et\/wp-json\/wp\/v2\/types\/product"}],"replies":[{"embeddable":true,"href":"https:\/\/vetomshop.hu\/et\/wp-json\/wp\/v2\/comments?post=4672"}],"wp:featuredmedia":[{"embeddable":true,"href":"https:\/\/vetomshop.hu\/et\/wp-json\/wp\/v2\/media\/4671"}],"wp:attachment":[{"href":"https:\/\/vetomshop.hu\/et\/wp-json\/wp\/v2\/media?parent=4672"}],"wp:term":[{"taxonomy":"product_brand","embeddable":true,"href":"https:\/\/vetomshop.hu\/et\/wp-json\/wp\/v2\/product_brand?post=4672"},{"taxonomy":"product_cat","embeddable":true,"href":"https:\/\/vetomshop.hu\/et\/wp-json\/wp\/v2\/product_cat?post=4672"},{"taxonomy":"product_tag","embeddable":true,"href":"https:\/\/vetomshop.hu\/et\/wp-json\/wp\/v2\/product_tag?post=4672"}],"curies":[{"name":"wp","href":"https:\/\/api.w.org\/{rel}","templated":true}]}}