{"id":4684,"date":"2023-11-11T14:33:48","date_gmt":"2023-11-11T13:33:48","guid":{"rendered":"https:\/\/vetomshop.hu\/termek\/detox-medal\/"},"modified":"2023-11-11T14:33:48","modified_gmt":"2023-11-11T13:33:48","slug":"detox-medal","status":"publish","type":"product","link":"https:\/\/vetomshop.hu\/et\/toode\/detox-medal\/","title":{"rendered":"Detox medaljon"},"content":{"rendered":"<h4>Detox Medal on m\u00f5eldud neile, kes soovivad oma keha \u00f5rnalt \u00fchtlustada.<\/p>\n<p>Detox Medallioniga salvestatud spektrisignaal toetab organite ja organs\u00fcsteemide bioenergeetilist toimimist.<\/h4>\n<p>Nooruse ja tervise suurim vaenlane on j\u00e4\u00e4tmeid t\u00e4is keha. Meie keha on isereguleeriv bioloogiline s\u00fcsteem, mille \u00fcks t\u00e4htsamaid funktsioone on detoksikatsioon - keha jaoks mittevajalike ainete k\u00f5rvaldamine. Loodus ei ole aga valmis selliseks tsivilisatsiooniks, selliseks tohutuks hulgaks kunstlike kemikaalide sisalduseks toidus, vees ja \u00f5hus. Loomadele s\u00f6\u00f6detakse kasvuhormoone ja antibiootikume, mis satuvad ka meie kehasse. Raskmetallid, nitritid, nitraadid, radioaktiivsed ained, dioksiinid, ravimij\u00e4\u00e4gid kogunevad kudedesse ja rakkudesse.<\/p>\n<div class=\"su-spoiler su-spoiler-style-defoult su-spoiler-icon-caret su-spoiler-closed\" data-scroll-offset=\"0\" data-anchor-in-url=\"no\"><div class=\"su-spoiler-title\" tabindex=\"0\" role=\"button\"><span class=\"su-spoiler-icon\"><\/span>K\u00f5ik<\/div><div class=\"su-spoiler-content su-u-clearfix su-u-trim\">\n<p>Toksilised ained v\u00f5ivad p\u00e4rineda v\u00e4lisest allikast, kuid need v\u00f5ivad olla ka ainevahetusprobleemide tagaj\u00e4rjel toimuvatest sisemistest lagunemisprotsessidest p\u00e4rinevad toksiinid. Kui sellele lisandub istuv eluviis, aeglustuvad keha protsessid veelgi enam.<\/p>\n<p>Suur stress v\u00f5ib kurnata ka detoksikatsiooniga seotud organid. Esialgu viitab probleemile vaid ebamugavustunne, kuid hiljem v\u00f5ib olukord halveneda. Tekkida v\u00f5ivad kroonilised haigused, mis v\u00f5ivad oluliselt m\u00f5jutada meie elukvaliteeti.<br \/>\n<\/div><\/div>","protected":false},"excerpt":{"rendered":"<p>Detox Med\u00e1l azok sz\u00e1m\u00e1ra k\u00e9sz\u00fclt, akik l\u00e1gyan szeretn\u00e9k a szervezet\u00fcket harmoniz\u00e1lni. A spektr\u00e1lis jel, mely a Detox Med\u00e1lon r\u00f6gz\u00edt\u00e9sre ker\u00fclt, t\u00e1mogatja a szervek \u00e9s szervrendszerek bioenergetikai m\u0171k\u00f6d\u00e9s\u00e9t. A fiatals\u00e1g \u00e9s az eg\u00e9szs\u00e9g legnagyobb ellens\u00e9ge a salakanyagokkal tel\u00edtett szervezet. Szervezet\u00fcnk egy \u00f6nszab\u00e1lyoz\u00f3 biol\u00f3giai rendszer, melynek egyik legfontosabb funkci\u00f3ja a m\u00e9regtelen\u00edt\u00e9s \u2013 kivezet\u00e9se azoknak az anyagoknak, melyekre [&hellip;]<\/p>\n","protected":false},"featured_media":4683,"comment_status":"open","ping_status":"closed","template":"","meta":[],"product_brand":[],"product_cat":[33,32],"product_tag":[],"class_list":{"0":"post-4684","1":"product","2":"type-product","3":"status-publish","4":"has-post-thumbnail","6":"product_cat-egeszseg-medalok","7":"product_cat-triomed","9":"first","10":"instock","11":"taxable","12":"shipping-taxable","13":"purchasable","14":"product-type-simple"},"_links":{"self":[{"href":"https:\/\/vetomshop.hu\/et\/wp-json\/wp\/v2\/product\/4684","targetHints":{"allow":["GET"]}}],"collection":[{"href":"https:\/\/vetomshop.hu\/et\/wp-json\/wp\/v2\/product"}],"about":[{"href":"https:\/\/vetomshop.hu\/et\/wp-json\/wp\/v2\/types\/product"}],"replies":[{"embeddable":true,"href":"https:\/\/vetomshop.hu\/et\/wp-json\/wp\/v2\/comments?post=4684"}],"wp:featuredmedia":[{"embeddable":true,"href":"https:\/\/vetomshop.hu\/et\/wp-json\/wp\/v2\/media\/4683"}],"wp:attachment":[{"href":"https:\/\/vetomshop.hu\/et\/wp-json\/wp\/v2\/media?parent=4684"}],"wp:term":[{"taxonomy":"product_brand","embeddable":true,"href":"https:\/\/vetomshop.hu\/et\/wp-json\/wp\/v2\/product_brand?post=4684"},{"taxonomy":"product_cat","embeddable":true,"href":"https:\/\/vetomshop.hu\/et\/wp-json\/wp\/v2\/product_cat?post=4684"},{"taxonomy":"product_tag","embeddable":true,"href":"https:\/\/vetomshop.hu\/et\/wp-json\/wp\/v2\/product_tag?post=4684"}],"curies":[{"name":"wp","href":"https:\/\/api.w.org\/{rel}","templated":true}]}}