{"id":4690,"date":"2023-11-11T14:33:49","date_gmt":"2023-11-11T13:33:49","guid":{"rendered":"https:\/\/vetomshop.hu\/termek\/elast-medal\/"},"modified":"2023-11-11T14:33:49","modified_gmt":"2023-11-11T13:33:49","slug":"elast-medal","status":"publish","type":"product","link":"https:\/\/vetomshop.hu\/et\/toode\/elast-medal\/","title":{"rendered":"Elast medal"},"content":{"rendered":"<p>T\u00e4iendav vahend sidemete haiguste ennetamiseks ja raviks, regeneratsiooniprotsesside aktiveerimiseks ja krooniliste sidemete haiguste t\u00e4iendavaks raviks.<\/p>\n<p>Medali \u201eELAST\u201d m\u00f5ju on suunatud normaalsete ainevahetusprotsesside taastamisele sidemete rakkudes ja kudedes, aeglustades vananemisprotsessi.<\/p>\n<p>See vahend m\u00f5jutab positiivselt keha funktsioonide seisundit ning seda saab kasutada koos teiste meetoditega optimeerimise ja korrigeerimise vahendina:<\/p>\n<ul>\n<li>suurendab sidemete paindlikkust ja suurendab liigeste liikumise amplituudi vastuseks vanusega seotud muutustele<\/li>\n<li>v\u00e4hendab k\u00f5\u00f5luste ja sidemete vigastuste t\u00f5en\u00e4osust.<\/li>\n<li>v\u00e4hendada paranemisaega p\u00e4rast sidemete vigastusi (nihestused, rebendid).<\/li>\n<li>aeglustab vanusega seotud muutusi liigestes<\/li>\n<li>siseorganite sidemete tugevdamine, v\u00e4ltides nende prolapsi (emakas, soolestik, neerud, mao).<\/li>\n<\/ul>\n<div class=\"su-spoiler su-spoiler-style-defoult su-spoiler-icon-caret su-spoiler-closed\" data-scroll-offset=\"0\" data-anchor-in-url=\"no\"><div class=\"su-spoiler-title\" tabindex=\"0\" role=\"button\"><span class=\"su-spoiler-icon\"><\/span>K\u00f5ik<\/div><div class=\"su-spoiler-content su-u-clearfix su-u-trim\">\n<strong>M\u00f5ju:<\/strong><\/p>\n<ul>\n<li>liigeste ja siseorganite sidekoe ainevahetusprotsesside parandamine, sealhulgas Dupuytreni kontraktuur (kontraktuur: k\u00f5\u00f5luste ja\/v\u00f5i lihaste l\u00fchenemine, deformatsiooni ja\/v\u00f5i kitsendust p\u00f5hjustav kokkut\u00f5mbumine).<\/li>\n<li>aeglustab \u201evanusega seotud\u201d muutusi luu- ja lihaskonna s\u00fcsteemis.<\/li>\n<li>parandab lihaste ja sidemete paindlikkust<\/li>\n<li>kiirendab taastumist p\u00e4rast vigastusi ja kirurgilisi protseduure, ennetades karmide armide teket.<\/li>\n<\/ul>\n<\/div><\/div>","protected":false},"excerpt":{"rendered":"<p>Kieg\u00e9sz\u00edt\u0151 eszk\u00f6z a ligamentum betegs\u00e9geinek megel\u0151z\u00e9s\u00e9re \u00e9s kezel\u00e9s\u00e9re, regener\u00e1ci\u00f3s folyamatok aktiv\u00e1l\u00e1s\u00e1ra \u00e9s a ligamentum kr\u00f3nikus betegs\u00e9geinek kieg\u00e9sz\u00edt\u0151 kezel\u00e9s\u00e9re. A &#8222;ELAST&#8221; Med\u00e1l hat\u00e1sa a norm\u00e1lis anyagcsere-folyamatok helyre\u00e1ll\u00edt\u00e1s\u00e1ra ir\u00e1nyul a ligamentumok sejtjeiben \u00e9s sz\u00f6veteiben, lass\u00edtva az \u00f6reged\u00e9si folyamatokat is. Ez az eszk\u00f6z pozit\u00edv hat\u00e1ssal van a testfunkci\u00f3k \u00e1llapot\u00e1ra, az optimaliz\u00e1l\u00e1s \u00e9s korrekci\u00f3 eszk\u00f6zek\u00e9nt haszn\u00e1lhat\u00f3 egy\u00e9b m\u00f3dszerekkel is [&hellip;]<\/p>\n","protected":false},"featured_media":4689,"comment_status":"open","ping_status":"closed","template":"","meta":[],"product_brand":[],"product_cat":[33,32],"product_tag":[],"class_list":{"0":"post-4690","1":"product","2":"type-product","3":"status-publish","4":"has-post-thumbnail","6":"product_cat-egeszseg-medalok","7":"product_cat-triomed","9":"first","10":"instock","11":"taxable","12":"shipping-taxable","13":"purchasable","14":"product-type-simple"},"_links":{"self":[{"href":"https:\/\/vetomshop.hu\/et\/wp-json\/wp\/v2\/product\/4690","targetHints":{"allow":["GET"]}}],"collection":[{"href":"https:\/\/vetomshop.hu\/et\/wp-json\/wp\/v2\/product"}],"about":[{"href":"https:\/\/vetomshop.hu\/et\/wp-json\/wp\/v2\/types\/product"}],"replies":[{"embeddable":true,"href":"https:\/\/vetomshop.hu\/et\/wp-json\/wp\/v2\/comments?post=4690"}],"wp:featuredmedia":[{"embeddable":true,"href":"https:\/\/vetomshop.hu\/et\/wp-json\/wp\/v2\/media\/4689"}],"wp:attachment":[{"href":"https:\/\/vetomshop.hu\/et\/wp-json\/wp\/v2\/media?parent=4690"}],"wp:term":[{"taxonomy":"product_brand","embeddable":true,"href":"https:\/\/vetomshop.hu\/et\/wp-json\/wp\/v2\/product_brand?post=4690"},{"taxonomy":"product_cat","embeddable":true,"href":"https:\/\/vetomshop.hu\/et\/wp-json\/wp\/v2\/product_cat?post=4690"},{"taxonomy":"product_tag","embeddable":true,"href":"https:\/\/vetomshop.hu\/et\/wp-json\/wp\/v2\/product_tag?post=4690"}],"curies":[{"name":"wp","href":"https:\/\/api.w.org\/{rel}","templated":true}]}}