{"id":4694,"date":"2023-11-11T14:33:50","date_gmt":"2023-11-11T13:33:50","guid":{"rendered":"https:\/\/vetomshop.hu\/termek\/eros-plus\/"},"modified":"2023-11-11T14:33:50","modified_gmt":"2023-11-11T13:33:50","slug":"eros-plus","status":"publish","type":"product","link":"https:\/\/vetomshop.hu\/et\/toode\/eros-plus\/","title":{"rendered":"Eros plus"},"content":{"rendered":"<h4>\u201eEROS plus\u201d ripats<\/h4>\n<p>\u201eEROS plus\u201d ripats - seade meeste suguferomoonide androstenooli ja androsterooni tootmise eest vastutavate n\u00e4\u00e4rmete peeneks biof\u00fc\u00fcsiliseks reguleerimiseks.<br \/>\nInimese feromoonid on spetsiaalsed biokeemilised \u00fchendid, mida toodavad spetsiaalsed n\u00e4\u00e4rmed v\u00e4lises epiteelis. Keskkonda tungivad feromoonid avastatakse l\u00f5hnaretseptorite abil, mis \u201eannavad signaali\u201d inimese ajupoolkeradele. Peamised inimese poolt toodetavad feromoonid on androstenool ja androsteroon.<\/p>\n<div class=\"su-spoiler su-spoiler-style-defoult su-spoiler-icon-caret su-spoiler-closed\" data-scroll-offset=\"0\" data-anchor-in-url=\"no\"><div class=\"su-spoiler-title\" tabindex=\"0\" role=\"button\"><span class=\"su-spoiler-icon\"><\/span>K\u00f5ik<\/div><div class=\"su-spoiler-content su-u-clearfix su-u-trim\">\n<p>Androstenool on universaalne feromoon, mida s\u00fcnteesivad m\u00f5lemad sugupooled. See aitab v\u00e4ga kiiresti tekitada vestluspartneri suhtes s\u00fcmpaatiat, tekitades soovi suhelda. Androstenooli sisaldava l\u00f5hna omanik kannab nooruse ja v\u00e4rskuse aura, olenemata vanusest.<\/p>\n<p>Androsteroon - aine analoog, mida s\u00fcnteesivad ainult tugevama soo esindajad. Seda tuntakse ka julguse feromoonina, sest selle kandjal on enesekindel ja v\u00f5imas aura, mis on naiste jaoks atraktiivne.<\/p>\n<p>\u201eEROS plus\u201d ripatsi kandmine stimuleerib teie enda feromoonitootmist.<\/p>\n<p>Ripats \u201eEROS plus\u201d aitab teil saavutada enesekindlust, saavutada vastassugupoole s\u00fcmpaatia.<\/p>\n<\/div><\/div>","protected":false},"excerpt":{"rendered":"<p>&#8222;EROS plus&#8221; med\u00e1l &#8222;EROS plus&#8221; med\u00e1l \u2013 a f\u00e9rfi nemi feromonok \u2013 androstenol \u00e9s androsteron \u2013 el\u0151\u00e1ll\u00edt\u00e1s\u00e1\u00e9rt felel\u0151s mirigyek finom biofizikai be\u00e1ll\u00edt\u00e1s\u00e1ra szolg\u00e1l\u00f3 eszk\u00f6z. Az emberi feromonok k\u00fcl\u00f6nleges biok\u00e9miai vegy\u00fcletek, amelyeket a k\u00fcls\u0151 epitheliumban tal\u00e1lhat\u00f3 speci\u00e1lis mirigyek termelnek. A k\u00f6rnyezetbe behatol\u00f3 feromonok a szagl\u00f3receptorok seg\u00edts\u00e9g\u00e9vel \u00e9rz\u00e9kelhet\u0151k, amik \u201e jelet k\u00f6zvet\u00edtenek\u201d az emberi agy f\u00e9ltek\u00e9ire. Az [&hellip;]<\/p>\n","protected":false},"featured_media":4693,"comment_status":"open","ping_status":"closed","template":"","meta":[],"product_brand":[],"product_cat":[33,32],"product_tag":[],"class_list":{"0":"post-4694","1":"product","2":"type-product","3":"status-publish","4":"has-post-thumbnail","6":"product_cat-egeszseg-medalok","7":"product_cat-triomed","9":"first","10":"instock","11":"taxable","12":"shipping-taxable","13":"purchasable","14":"product-type-simple"},"_links":{"self":[{"href":"https:\/\/vetomshop.hu\/et\/wp-json\/wp\/v2\/product\/4694","targetHints":{"allow":["GET"]}}],"collection":[{"href":"https:\/\/vetomshop.hu\/et\/wp-json\/wp\/v2\/product"}],"about":[{"href":"https:\/\/vetomshop.hu\/et\/wp-json\/wp\/v2\/types\/product"}],"replies":[{"embeddable":true,"href":"https:\/\/vetomshop.hu\/et\/wp-json\/wp\/v2\/comments?post=4694"}],"wp:featuredmedia":[{"embeddable":true,"href":"https:\/\/vetomshop.hu\/et\/wp-json\/wp\/v2\/media\/4693"}],"wp:attachment":[{"href":"https:\/\/vetomshop.hu\/et\/wp-json\/wp\/v2\/media?parent=4694"}],"wp:term":[{"taxonomy":"product_brand","embeddable":true,"href":"https:\/\/vetomshop.hu\/et\/wp-json\/wp\/v2\/product_brand?post=4694"},{"taxonomy":"product_cat","embeddable":true,"href":"https:\/\/vetomshop.hu\/et\/wp-json\/wp\/v2\/product_cat?post=4694"},{"taxonomy":"product_tag","embeddable":true,"href":"https:\/\/vetomshop.hu\/et\/wp-json\/wp\/v2\/product_tag?post=4694"}],"curies":[{"name":"wp","href":"https:\/\/api.w.org\/{rel}","templated":true}]}}