{"id":4704,"date":"2023-11-11T14:33:52","date_gmt":"2023-11-11T13:33:52","guid":{"rendered":"https:\/\/vetomshop.hu\/termek\/nefron-medal\/"},"modified":"2023-11-11T14:33:52","modified_gmt":"2023-11-11T13:33:52","slug":"nefron-medal","status":"publish","type":"product","link":"https:\/\/vetomshop.hu\/et\/toode\/nefron-medal\/","title":{"rendered":"Nefroni medal"},"content":{"rendered":"<h4>Nefroni tervisemedal<\/h4>\n<p><strong>Peamine funktsioon:<\/strong><\/p>\n<p>Toetab neerude ja kuseteede toimimist, soodustades regulatiivseid ja taastumisprotsesse.<\/p>\n<p><strong>Toetab:<\/strong><\/p>\n<ul>\n<li>paranenud vereringe ja ainevahetus kuseteedes.<\/li>\n<li>reabsorptsioon, filtratsioon, ioonide reguleerimine, detoksikatsioon, ainevahetusprotsessid<\/li>\n<li>kuseteede parandamine ja regenereerimine,<\/li>\n<li>leevendavad valu, leevendavad spasmid, v\u00e4hendavad p\u00f5letikku,<\/li>\n<li>neerude sklerootiliste kahjustuste ennetamine.<\/li>\n<\/ul>\n<p><strong>Millal v\u00f5ib Nefron Health Pendant'i kasutada?<\/strong><\/p>\n<p>Seade avaldab positiivset m\u00f5ju keha funktsionaalsele toimimisele, seda v\u00f5ib kasutada t\u00e4iendava seadmena keha funktsionaalse toimimise optimeerimiseks ja korrigeerimiseks, j\u00e4rgmiste haiguste ennetamiseks ja t\u00e4iendavaks raviks:<\/p>\n<ul>\n<li>\u00e4gedad ja kroonilised p\u00f5letikulised neeru-, p\u00f5ie- ja kuseteede haigused,<\/li>\n<li>ainevahetush\u00e4ired (sealhulgas neerukivide teke),<\/li>\n<li>s\u00fcsteemsed autoimmuunhaigused, mis p\u00f5hjustavad neerukahjustusi,<\/li>\n<li>neerude autoimmuunhaigus,<\/li>\n<li>toksiline m\u00f5ju neerudele,<\/li>\n<li>sklerootilised kahjustused neerudes (nefroskleroos) diabeedi, arteriaalse h\u00fcpertensiooni jne t\u00f5ttu.<\/li>\n<\/ul>","protected":false},"excerpt":{"rendered":"<p>Nefron Eg\u00e9szs\u00e9g Med\u00e1l F\u0151 funkci\u00f3ja: A vese \u00e9s a h\u00fagyutak m\u0171k\u00f6d\u00e9s\u00e9nek t\u00e1mogat\u00e1sa, a szab\u00e1lyz\u00f3 \u00e9s regener\u00e1ci\u00f3s folyamatok el\u0151seg\u00edt\u00e9se. T\u00e1mogatja: a h\u00fagyutak v\u00e9rkering\u00e9s\u00e9nek javul\u00e1s\u00e1t \u00e9s anyagcser\u00e9j\u00e9t. a reabszorbci\u00f3t, a sz\u0171r\u00e9st, az ionszab\u00e1lyoz\u00e1st, a m\u00e9regtelen\u00edt\u00e9st, a metabolikus folyamatokat a h\u00fagyuti sz\u00f6vetek repar\u00e1ci\u00f3j\u00e1t \u00e9s regener\u00e1ci\u00f3j\u00e1t, a f\u00e1jdalomcsillap\u00edt\u00e1st, a g\u00f6rcsold\u00e1st, a gyullad\u00e1sok cs\u00f6kkent\u00e9s\u00e9t, a vese szklerotikus elv\u00e1ltoz\u00e1sainak megel\u0151z\u00e9s\u00e9t. Mikor [&hellip;]<\/p>\n","protected":false},"featured_media":4703,"comment_status":"open","ping_status":"closed","template":"","meta":[],"product_brand":[],"product_cat":[33,32],"product_tag":[],"class_list":{"0":"post-4704","1":"product","2":"type-product","3":"status-publish","4":"has-post-thumbnail","6":"product_cat-egeszseg-medalok","7":"product_cat-triomed","9":"first","10":"instock","11":"taxable","12":"shipping-taxable","13":"purchasable","14":"product-type-simple"},"_links":{"self":[{"href":"https:\/\/vetomshop.hu\/et\/wp-json\/wp\/v2\/product\/4704","targetHints":{"allow":["GET"]}}],"collection":[{"href":"https:\/\/vetomshop.hu\/et\/wp-json\/wp\/v2\/product"}],"about":[{"href":"https:\/\/vetomshop.hu\/et\/wp-json\/wp\/v2\/types\/product"}],"replies":[{"embeddable":true,"href":"https:\/\/vetomshop.hu\/et\/wp-json\/wp\/v2\/comments?post=4704"}],"wp:featuredmedia":[{"embeddable":true,"href":"https:\/\/vetomshop.hu\/et\/wp-json\/wp\/v2\/media\/4703"}],"wp:attachment":[{"href":"https:\/\/vetomshop.hu\/et\/wp-json\/wp\/v2\/media?parent=4704"}],"wp:term":[{"taxonomy":"product_brand","embeddable":true,"href":"https:\/\/vetomshop.hu\/et\/wp-json\/wp\/v2\/product_brand?post=4704"},{"taxonomy":"product_cat","embeddable":true,"href":"https:\/\/vetomshop.hu\/et\/wp-json\/wp\/v2\/product_cat?post=4704"},{"taxonomy":"product_tag","embeddable":true,"href":"https:\/\/vetomshop.hu\/et\/wp-json\/wp\/v2\/product_tag?post=4704"}],"curies":[{"name":"wp","href":"https:\/\/api.w.org\/{rel}","templated":true}]}}