{"id":4710,"date":"2023-11-11T14:33:53","date_gmt":"2023-11-11T13:33:53","guid":{"rendered":"https:\/\/vetomshop.hu\/termek\/prunus-cerasus-meggy-medal\/"},"modified":"2023-11-11T14:33:53","modified_gmt":"2023-11-11T13:33:53","slug":"prunus-cerasus-meggy-medal","status":"publish","type":"product","link":"https:\/\/vetomshop.hu\/et\/toode\/prunus-cerasus-meggy-medal\/","title":{"rendered":"Prunus cerasus - Meggy Pendant"},"content":{"rendered":"<h4>Prunus cerasus - Meggy Medal-Streptococcus, Staphylococcus infektsioonide t\u00e4iendavaks raviks<\/h4>\n<p>Streptococcus pyogenes, tuntud ka kui A-t\u00fc\u00fcpi streptokokk, on \u00e4\u00e4rmiselt levinud bakter: vaevalt et kellelgi on kunagi olnud kurguvalu ilma selle enamasti kahjutu, kurgus elutseva bakterita. Kuid sama kurgus elutsev bakter p\u00f5hjustab oma vereringesse erituvate toksiinide kaudu ka punap\u00f5letikku, mis on palaviku ja kogu keha h\u00f5lmava l\u00f6\u00f6bega lastehaigus. Tegelikult v\u00f5ib pikaajaline ravimata streptokokkinfektsioon p\u00f5hjustada reumaatilist palavikku, mis on t\u00f5sine haigus, mis r\u00fcndab liigeseid ja s\u00fcdant.<\/p>\n<p>Staphylococcus aureus on sarnaselt tavaline bakter, mida leidub peaaegu k\u00f5ikidel meie nahal, ning see on \u00fcks pustuloosse akne ja pustulite tekitajatest. Kuigi neid nahakahjustusi v\u00f5ib pidada parimal juhul ebameeldivaks, v\u00f5ivad kangekaelsed nahahaigused, eriti lastel, nagu paistetused v\u00f5i abstsessid erinevatel kehaosadel, p\u00f5hjustada t\u00f5siseid probleeme, r\u00e4\u00e4kimata t\u00f5sistest ja potentsiaalselt surmaga l\u00f5ppevatest infektsioonidest, nagu kopsup\u00f5letik, meningiit, osteom\u00fceliit v\u00f5i perikardiit. Staphylokokid, mis peamiselt koloniseerivad meie nahka, v\u00f5ivad v\u00f5imaluse korral p\u00f5hjustada k\u00f5iki neid.<\/p>\n<div class=\"su-spoiler su-spoiler-style-defoult su-spoiler-icon-caret su-spoiler-closed\" data-scroll-offset=\"0\" data-anchor-in-url=\"no\"><div class=\"su-spoiler-title\" tabindex=\"0\" role=\"button\"><span class=\"su-spoiler-icon\"><\/span>K\u00f5ik<\/div><div class=\"su-spoiler-content su-u-clearfix su-u-trim\">\n<h5>Mida v\u00f5ivad igap\u00e4evased mikroobid vales kohas p\u00f5hjustada?<\/h5>\n<p>\u00d5ppetund on see, et n\u00e4iliselt kahjutu bakter on suhteliselt kahjutu ainult seni, kuni ta on kohas, kus tal ei ole asja: eriti s\u00fcgavates kudedes ja<br \/>\nvereringesse. N\u00e4iteks kui streptokokid v\u00f5i staf\u00fclokokid j\u00f5uavad kahjustuse kaudu nahaalustesse kudedesse, v\u00f5ivad nad levida \u00e4\u00e4rmiselt kiiresti ja h\u00e4vitavalt m\u00f6\u00f6da lihaseid ja n\u00e4rve \u00fcmbritsevaid sidekoe faskiaid - seda nimetatakse k\u00f5nekeeles \u201eliha s\u00f6\u00f6miseks\u201d. N\u00f5elatorkamine, putukahammustus, verevalum v\u00f5ib olla k\u00f5ik, mis on vajalik, et nad saaksid l\u00e4bi naha tungida - see ei pea olema katastroofiline, piisab ka vaevum\u00e4rgatavast haavast. Risk on suurem, kui nahk on juba haavatud - n\u00e4iteks p\u00e4rast operatsiooni, \u00e4gedat l\u00f6\u00f6vet viirusinfektsiooni t\u00f5ttu v\u00f5i diabeedi t\u00fcsistusena - v\u00f5i kui immuuns\u00fcsteem on n\u00f5rgenenud.<\/p>\n<h5>\u201eKas lihas\u00f6\u00f6jabakter \u201ds\u00f6\u00f6b liha\"?<\/h5>\n<p>\u201eLihas\u00f6\u00f6jabakterid\u201d ei moodusta hirmu\u00e4ratavat ja eksootilist patogeenide r\u00fchma: enamasti on tavalised mikroobid, mis on valesse kohta sattunud, t\u00f5siste<br \/>\nprotsess, mis h\u00f5lmab kudede h\u00e4vitamist, mis ohustab otseselt elu.<\/p>\n<h5>Kuidas protsess toimib?<\/h5>\n<p>\u201eLihas\u00f6\u00f6jainfektsioon\u201d, mida ametlikult nimetatakse nekrotiseerivaks fa\u0161siidiks (nekrotiseeriv fa\u0161siit), algab v\u00e4heste iseloomulike s\u00fcmptomitega: turse, punetus, valu ja v\u00f5imalik, et kahjustatud piirkonnas tekivad villid. Kuna protsess on s\u00fcgavalt levinud, siis selleks ajaks, kui nahale on tekkinud lillakad v\u00e4rvunud alad, verised villid, on juba toimunud nahaaluste pehmete kudede massiline h\u00e4vimine.<\/p>\n<\/div><\/div>","protected":false},"excerpt":{"rendered":"<p>Prunus cerasus \u2013 Meggy Med\u00e1l-Streptococcus, Staphylococcus fert\u0151z\u00e9sek kieg\u00e9sz\u00edt\u0151 kezel\u00e9s\u00e9re A Streptococcus pyogenes, m\u00e1s nev\u00e9n az A-t\u00edpus\u00fa sztreptokokkusz rendk\u00edv\u00fcl k\u00f6z\u00f6ns\u00e9ges bakt\u00e9rium: aligha akad, akinek ne okozott volna m\u00e9g torokf\u00e1j\u00e1st ez a garatban megteleped\u0151, jobb\u00e1ra \u00e1rtalmatlan k\u00f3rokoz\u00f3. \u00c1m ugyanez a toroklak\u00f3 bakt\u00e9rium &#8211; a v\u00e9r\u00e1ramba kiv\u00e1lasztott m\u00e9reganyagai r\u00e9v\u00e9n &#8211; a skarl\u00e1t, a l\u00e1zzal \u00e9s a teljes testet [&hellip;]<\/p>\n","protected":false},"featured_media":4709,"comment_status":"open","ping_status":"closed","template":"","meta":[],"product_brand":[],"product_cat":[33,32],"product_tag":[],"class_list":{"0":"post-4710","1":"product","2":"type-product","3":"status-publish","4":"has-post-thumbnail","6":"product_cat-egeszseg-medalok","7":"product_cat-triomed","9":"first","10":"instock","11":"taxable","12":"shipping-taxable","13":"purchasable","14":"product-type-simple"},"_links":{"self":[{"href":"https:\/\/vetomshop.hu\/et\/wp-json\/wp\/v2\/product\/4710","targetHints":{"allow":["GET"]}}],"collection":[{"href":"https:\/\/vetomshop.hu\/et\/wp-json\/wp\/v2\/product"}],"about":[{"href":"https:\/\/vetomshop.hu\/et\/wp-json\/wp\/v2\/types\/product"}],"replies":[{"embeddable":true,"href":"https:\/\/vetomshop.hu\/et\/wp-json\/wp\/v2\/comments?post=4710"}],"wp:featuredmedia":[{"embeddable":true,"href":"https:\/\/vetomshop.hu\/et\/wp-json\/wp\/v2\/media\/4709"}],"wp:attachment":[{"href":"https:\/\/vetomshop.hu\/et\/wp-json\/wp\/v2\/media?parent=4710"}],"wp:term":[{"taxonomy":"product_brand","embeddable":true,"href":"https:\/\/vetomshop.hu\/et\/wp-json\/wp\/v2\/product_brand?post=4710"},{"taxonomy":"product_cat","embeddable":true,"href":"https:\/\/vetomshop.hu\/et\/wp-json\/wp\/v2\/product_cat?post=4710"},{"taxonomy":"product_tag","embeddable":true,"href":"https:\/\/vetomshop.hu\/et\/wp-json\/wp\/v2\/product_tag?post=4710"}],"curies":[{"name":"wp","href":"https:\/\/api.w.org\/{rel}","templated":true}]}}