{"id":4714,"date":"2023-11-11T14:33:54","date_gmt":"2023-11-11T13:33:54","guid":{"rendered":"https:\/\/vetomshop.hu\/termek\/triomed-compact\/"},"modified":"2023-11-11T14:33:54","modified_gmt":"2023-11-11T13:33:54","slug":"triomed-compact","status":"publish","type":"product","link":"https:\/\/vetomshop.hu\/et\/toode\/triomed-compact\/","title":{"rendered":"Triomed kompaktne"},"content":{"rendered":"<h4>Valu leevendamine, p\u00f5letiku v\u00e4hendamine, taastusravi, kiropraktika, esmaabi, kroonilised haigused, elektrosmog, stress, valgusravi<\/h4>\n<p>Tervise kaitse ja taastamise innovatsioonis\u00fcsteem - <strong>Triomed kompaktne.<\/strong><\/p>\n<p>Me kuuleme peaaegu iga p\u00e4ev, et meie keskkond on muutunud \u00fcha agressiivsemaks.<\/p>\n<p>Toidus ja vees sisalduvad kemikaalid, \u00f5husaaste ja \u00fcha kiirem elutempo panevad meie keha t\u00f5siselt proovile. Tsivilisatsioonihaigused, mis on muutunud keskkonnategurite ja toitumisharjumuste, t\u00f6\u00f6tingimuste ja stressi tulemus, v\u00f5ivad samuti anda p\u00f5hjust t\u00f5siseks muretsemiseks. Nende ravimine on suur v\u00e4ljakutse arstidele, kes on selle v\u00e4ljakutse ees sageli abitu. Sageli antakse meile p\u00e4rast pikki uuringuid diagnoosile hea (v\u00f5i pigem halva) k\u00f5laga ladinakeelne nimetus ja soovitatakse sellega elada.<\/p>\n<p>Kuid kas on meeldiv elada elu sellises \u00f5nnetusolukorras, veetes aastak\u00fcmneid haiguse ja surma vahel? Kui palju valu, resignatsiooni, energiat, raha, aega, pettumust saadab patsienti sellel teel? Kui palju t\u00e4itmata plaane, eesm\u00e4rke, karj\u00e4\u00e4ri, soove visatakse minema, sest edaspidi on k\u00f5ik ainult haiguse p\u00e4rast?<\/p>\n<div class=\"su-spoiler su-spoiler-style-defoult su-spoiler-icon-caret su-spoiler-closed\" data-scroll-offset=\"0\" data-anchor-in-url=\"no\"><div class=\"su-spoiler-title\" tabindex=\"0\" role=\"button\"><span class=\"su-spoiler-icon\"><\/span>K\u00f5ik<\/div><div class=\"su-spoiler-content su-u-clearfix su-u-trim\">\n<p>K\u00fcsimus: kas me saame olla terved, kui me ei muutu<\/p>\n<p>Haiguste algp\u00f5hjustest ja ainult osalistest lahendustest?<\/p>\n<p>Vastus on selgelt EI!Tutvu keerulise s\u00fcsteemiga, mis on ainulaadne omataoline!<\/p>\n<p>Meie vahendid v\u00f5ivad ravida teie haigusi, parandada teie elukvaliteeti, aidata teil kohaneda muutuva ja pidevalt muutuva keskkonnaga ning muuta seda.<\/p>\n<p>Mitte ainult erinevate haiguste, valude, p\u00f5letike, autoimmuunsete protsesside, halva tuju puhul v\u00f5ime saavutada suurep\u00e4raseid tulemusi, vaid ka k\u00f5rvaldada algp\u00f5hjused! K\u00f5ike seda teeb seade, mis suhtleb teie kehaga, iga impulss on vastus teie hetkeolukorrale.<\/p>\n<p>Biofeedback - raadiosagedusvahemik.<\/p>\n<p>S\u00fcsteemne tervisekaitse! ainulaadne l\u00e4henemine!<\/p>\n<p>Nupuvajutusega:<\/p>\n<ul>\n<li>Parandage oma \u00f6koloogilist keskkonda - millimeetriteraapia kogu v\u00e4ljakul,<\/li>\n<li>Parandab vee ja toidu kvaliteeti - taastab vee ja vee korrap\u00e4rasuse toidus, v\u00e4hendades kahjulikke m\u00f5jusid.<\/li>\n<li>See leevendab stressi t\u00f6\u00f6l ja mujal ning suurendab meie vastupidavust.<\/li>\n<\/ul>\n<p>J\u00e4rgmine samm: rakenda seda raviks, et lahendada oma probleeme!<\/p>\n<p>Triomed Compact - Pro!<\/p>\n<p><strong>Kogemused:<\/strong> Mul on olnud v\u00e4ga h\u00e4id kogemusi ka Triomedi ja Compactiga. Kui sattusime haigeks, siis saime isegi k\u00f5ige kangekaelisematest mikroobidest t\u00e4iesti terveks kahe-kolme p\u00e4evaga ilma ravimiteta. Ma olen rase naine ja \u00fchel ultraheliuuringul leidis arst meie lapse koljus ts\u00fcsti. Ta rahustas mind, et midagi ei l\u00e4he halvasti ja ma olin t\u00e4iesti rahulik, teades, et m\u00f5ne ravikuuri j\u00e4rel on sealne ts\u00fcst t\u00e4ielikult imendunud. Noh, nii see l\u00e4kski!!! Kindlasti ei oleks ma olnud rahulik ema, kui ma ei oleks teadnud nende seadmete olemasolust. Ma olen nii \u00f5nnelik, et leidsin need seadmed enne lapse s\u00fcndi.<\/p>\n<p>T\u00e4helepanu! Seade ei asenda arstiabi!<\/p>\n<p>Iga re\u017eiim rakendab konkreetset programmi<\/p>\n<p>TRIOMED COMPACT T\u00d6\u00d6TAB KAHEKSAS RE\u017dIIMIS.<\/p>\n<p>Iga re\u017eiim rakendab konkreetset, ainulaadset programmi.<\/p>\n<\/div><\/div>","protected":false},"excerpt":{"rendered":"<p>F\u00e1jdalomcsillap\u00edt\u00e1s, gyullad\u00e1s cs\u00f6kkent\u00e9s, lugos\u00edt\u00e1s, rehabilit\u00e1ci\u00f3, oki kezel\u00e9s, els\u0151seg\u00e9ly, kr\u00f3nikus betegs\u00e9gek, elektroszmog, stressz, f\u00e9nyter\u00e1pia Az eg\u00e9szs\u00e9g v\u00e9delm\u00e9nek \u00e9s vissza\u00e1ll\u00edt\u00e1s\u00e1nak innov\u00e1ci\u00f3s rendszere \u2013 Triomed compact. Szinte naponta hallunk arr\u00f3l, hogy k\u00f6rnyezet\u00fcnk egyre agressz\u00edvebb\u00e9 v\u00e1lt. Az \u00e9lelmiszerekben \u00e9s a v\u00edzben tal\u00e1lhat\u00f3 vegyszerek, a leveg\u0151 szennyezetts\u00e9ge, az egyre gyorsabb \u00e9lettemp\u00f3 komoly kih\u00edv\u00e1sok el\u00e9 \u00e1ll\u00edtja szervezet\u00fcnket. Komoly aggodalomra adhatnak okot [&hellip;]<\/p>\n","protected":false},"featured_media":4713,"comment_status":"open","ping_status":"closed","template":"","meta":[],"product_brand":[],"product_cat":[34,32],"product_tag":[],"class_list":{"0":"post-4714","1":"product","2":"type-product","3":"status-publish","4":"has-post-thumbnail","6":"product_cat-keszulekek","7":"product_cat-triomed","9":"first","10":"instock","11":"taxable","12":"shipping-taxable","13":"purchasable","14":"product-type-simple"},"_links":{"self":[{"href":"https:\/\/vetomshop.hu\/et\/wp-json\/wp\/v2\/product\/4714","targetHints":{"allow":["GET"]}}],"collection":[{"href":"https:\/\/vetomshop.hu\/et\/wp-json\/wp\/v2\/product"}],"about":[{"href":"https:\/\/vetomshop.hu\/et\/wp-json\/wp\/v2\/types\/product"}],"replies":[{"embeddable":true,"href":"https:\/\/vetomshop.hu\/et\/wp-json\/wp\/v2\/comments?post=4714"}],"wp:featuredmedia":[{"embeddable":true,"href":"https:\/\/vetomshop.hu\/et\/wp-json\/wp\/v2\/media\/4713"}],"wp:attachment":[{"href":"https:\/\/vetomshop.hu\/et\/wp-json\/wp\/v2\/media?parent=4714"}],"wp:term":[{"taxonomy":"product_brand","embeddable":true,"href":"https:\/\/vetomshop.hu\/et\/wp-json\/wp\/v2\/product_brand?post=4714"},{"taxonomy":"product_cat","embeddable":true,"href":"https:\/\/vetomshop.hu\/et\/wp-json\/wp\/v2\/product_cat?post=4714"},{"taxonomy":"product_tag","embeddable":true,"href":"https:\/\/vetomshop.hu\/et\/wp-json\/wp\/v2\/product_tag?post=4714"}],"curies":[{"name":"wp","href":"https:\/\/api.w.org\/{rel}","templated":true}]}}