{"id":4716,"date":"2023-11-11T14:33:55","date_gmt":"2023-11-11T13:33:55","guid":{"rendered":"https:\/\/vetomshop.hu\/termek\/triomed-mmw\/"},"modified":"2023-11-11T14:33:55","modified_gmt":"2023-11-11T13:33:55","slug":"triomed-mmw","status":"publish","type":"product","link":"https:\/\/vetomshop.hu\/et\/toode\/triomed-mmw\/","title":{"rendered":"Triomed MMW"},"content":{"rendered":"<h4>TRIOMED UNIVERSAL - HAIGUSTE SPETSIALIST<\/h4>\n<p>Mis on taastumise v\u00f5ti? Mis on lahendus arvukatele terviseprobleemidele?<\/p>\n<p>Vastus on lihtne, kuid lahenduse sai leida alles t\u00e4nap\u00e4evases IT-lahenduste maailmas, kui loodi \u00fclikiire SiGe-p\u00f5hine pooljuhtgeneraator, mis genereerib rakkude ja organismide signaalidega identseid signaale. See uuendus v\u00f5imaldas bioloogilist suhtlust seadme ja inimese vahel. Meditsiiniline uuendus on patenteeritud kui BioTrEM-tehnoloogia.<br \/>\nVaadakem \u00fcks igap\u00e4evane n\u00e4ide. Iga tervishoiut\u00f6\u00f6taja teab, et kuigi onu Hansel ja t\u00e4di Gretel on m\u00f5lemad k\u00f5rge verer\u00f5huga, on nende kahe inimese seisundid sarnased vaid s\u00fcmptomite poolest. Neil ei ole midagi \u00fchist ei haiguse alguse ega muude parameetrite, n\u00e4iteks vanuse, soo, anamneesi, p\u00f5hjuse v\u00f5i haiguse kulgemise osas. Kuid m\u00f5lemad inimesed v\u00f5tavad sama ravimit, sest seni ei ole lahenduse pakkujatel olnud vahendeid, et neid kahte inimest erinevalt ravida.<\/p>\n<p>Triomed Universal seade on ainulaadne selle poolest, et see ravib iga inimest erinevalt t\u00e4nu oma haigusspetsiifilistele \u00fchendatavatele saatjatele, n\u00e4iteks spetsiaalsele kardioloogilisele saatjale, mis on igal ravihetkel patsiendiga koosk\u00f5lastatud. Triomed Universal'ile \u00fchendatava Cardiology \u00fchendatava saatja sagedus vastab s\u00fcdame-veresoonkonna tervislikule sagedusele, kasutades neid peeneid signaale, et h\u00e4\u00e4lestada keha tagasi tervislikule toimimisele. See personaliseerib ravi, kohanedes inimese kehas toimuvate muutustega, h\u00e4\u00e4lestades seda igal hetkel.<\/p>\n<div class=\"su-spoiler su-spoiler-style-defoult su-spoiler-icon-caret su-spoiler-closed\" data-scroll-offset=\"0\" data-anchor-in-url=\"no\"><div class=\"su-spoiler-title\" tabindex=\"0\" role=\"button\"><span class=\"su-spoiler-icon\"><\/span>K\u00f5ik<\/div><div class=\"su-spoiler-content su-u-clearfix su-u-trim\">\n<p><strong>Biofeedback raadiosagedusalas!<\/strong><\/p>\n<p>See uuenduslik leiutis ongi see, mis teeb selle tootesarja nii ainulaadseks ja t\u00f5husaks!<\/p>\n<p>M\u00f5elge vaid j\u00e4rele: kas me teame seadet, mis j\u00e4lgib iga meie liigutust, mida me automaatselt, teadvusest s\u00f5ltumatult juhime, mis - olgem ausad! - v\u00f5ib meid petta?!<\/p>\n<p>TRIOMED UNIVERSALi p\u00f5hipaketis on kaks tipptasemel kiirgusseadet, mida saab kasutada nii haiguste raviks kui ka ennetamiseks. Seade suudab aktiveerida suure hulga programme ja alaprogramme - ligi tuhat. Selleks saab seadet soovi korral laiendada 11 pistikpeaga, mis lisavad p\u00f5hiseadmele uusi funktsioone ja v\u00f5imalusi. Suurep\u00e4rane abivahend arstidele, tervishoiuasutustele, ravitsejatele ja ideaalne t\u00e4iendus koduapteegile!<\/p>\n<p><strong>Seda on lihtne kasutada, v\u00f5iks \u00f6elda: lapsem\u00e4ngu!<\/strong><\/p>\n<p>Seade on klassifitseeritud aktiivse elektromagnetilise stimulatsiooniga meditsiiniseadmeks, mis on ette n\u00e4htud patoloogiliste seisundite ennetamiseks ja raviks, rakendades madala intensiivsusega ekstreemset k\u00f5rgsageduslikku ja infrapunakiirgust (IV) elektromagnetilist kiirgust l\u00e4bi naha. See aitab kiirendada paranemisprotsessi, v\u00e4hendada ravimite kogust ja k\u00f5rvaltoimeid ning saavutada positiivseid kliinilisi tulemusi patsientidel, kes taluvad ravimeid halvasti. Seadet saab kasutada tervishoiuasutustes v\u00f5i kodus.<br \/>\nSeadmel on p\u00f5letikuvastane, valuvaigistav ja \u00f6deemivastane toime. Muud kliinilis-f\u00fcsioloogilised m\u00f5jud avalduvad rakkude regeneratsiooniprotsessides, organismi vastupanuv\u00f5ime parandamises, hemod\u00fcnaamika paranemises, stressi leevendamises ja autonoomse n\u00e4rvis\u00fcsteemi regulatsiooni normaliseerimises.<\/p>\n<\/div><\/div>","protected":false},"excerpt":{"rendered":"<p>TRIOMED UNIVERSAL \u2013 A BETEGS\u00c9GEK SPECIALIST\u00c1JA Mi a gy\u00f3gyul\u00e1s kulcsa? Mi lenne a megold\u00e1s a sz\u00e1mtalan eg\u00e9szs\u00e9g\u00fcgyi probl\u00e9m\u00e1ra? A v\u00e1lasz egyszer\u0171, de a megold\u00e1s csak a mai modern, informatikai tal\u00e1lm\u00e1nyokkal b\u0151velked\u0151 vil\u00e1gunkban tudott megval\u00f3sulni, mikor is siker\u00fclt l\u00e9trehozni egy olyan szupergyors f\u00e9lvezet\u0151 SiGe alap\u00fa gener\u00e1tort, mely a sejtekkel, szervezettel azonos jeleket gener\u00e1l. Ennek az innov\u00e1ci\u00f3nak [&hellip;]<\/p>\n","protected":false},"featured_media":4715,"comment_status":"open","ping_status":"closed","template":"","meta":[],"product_brand":[],"product_cat":[34,32],"product_tag":[],"class_list":{"0":"post-4716","1":"product","2":"type-product","3":"status-publish","4":"has-post-thumbnail","6":"product_cat-keszulekek","7":"product_cat-triomed","9":"first","10":"instock","11":"taxable","12":"shipping-taxable","13":"purchasable","14":"product-type-simple"},"_links":{"self":[{"href":"https:\/\/vetomshop.hu\/et\/wp-json\/wp\/v2\/product\/4716","targetHints":{"allow":["GET"]}}],"collection":[{"href":"https:\/\/vetomshop.hu\/et\/wp-json\/wp\/v2\/product"}],"about":[{"href":"https:\/\/vetomshop.hu\/et\/wp-json\/wp\/v2\/types\/product"}],"replies":[{"embeddable":true,"href":"https:\/\/vetomshop.hu\/et\/wp-json\/wp\/v2\/comments?post=4716"}],"wp:featuredmedia":[{"embeddable":true,"href":"https:\/\/vetomshop.hu\/et\/wp-json\/wp\/v2\/media\/4715"}],"wp:attachment":[{"href":"https:\/\/vetomshop.hu\/et\/wp-json\/wp\/v2\/media?parent=4716"}],"wp:term":[{"taxonomy":"product_brand","embeddable":true,"href":"https:\/\/vetomshop.hu\/et\/wp-json\/wp\/v2\/product_brand?post=4716"},{"taxonomy":"product_cat","embeddable":true,"href":"https:\/\/vetomshop.hu\/et\/wp-json\/wp\/v2\/product_cat?post=4716"},{"taxonomy":"product_tag","embeddable":true,"href":"https:\/\/vetomshop.hu\/et\/wp-json\/wp\/v2\/product_tag?post=4716"}],"curies":[{"name":"wp","href":"https:\/\/api.w.org\/{rel}","templated":true}]}}