{"id":4718,"date":"2023-11-11T14:33:56","date_gmt":"2023-11-11T13:33:56","guid":{"rendered":"https:\/\/vetomshop.hu\/termek\/antidiabetikus-jelado\/"},"modified":"2023-11-11T14:33:56","modified_gmt":"2023-11-11T13:33:56","slug":"antidiabetikus-jelado","status":"publish","type":"product","link":"https:\/\/vetomshop.hu\/et\/toode\/antidiabetikus-jelado\/","title":{"rendered":"Antidiabeetiline majakas"},"content":{"rendered":"<h4>Antidiabeetiline radiaator nr 7.<\/h4>\n<p>T\u00f6\u00f6aeg: 13 minutit.<\/p>\n<p>Selle sagedus vastab retseptoriv\u00e4ljade sagedusele k\u00f5hun\u00e4\u00e4rme rakkudes ja insuliinist s\u00f5ltuvates kudedes.<\/p>\n<p>Seda saab kasutada komplekssetes programmides diabeedi ennetamiseks ja I ja II t\u00fc\u00fcpi diabeedi raviks, et v\u00e4ltida t\u00fcsistuste teket.<\/p>\n<ul>\n<li>Soodustab ainevahetusprotsesside (s\u00fcsivesikute, lipiidide, valkude, mineraalide) optimeerimist.<\/li>\n<li>Parandab ainevahetust (ainevahetusprotsesse) k\u00f5hun\u00e4\u00e4rme rakkudes.<\/li>\n<li>Optimeerib insuliini tootmist k\u00f5hun\u00e4\u00e4rme rakkudes.<\/li>\n<li>Suurendab kudede tundlikkust insuliini suhtes.<\/li>\n<li>Parandab rakkude retseptorstaatust insuliinist s\u00f5ltuvates kudedes<\/li>\n<li>Ennetab turset<\/li>\n<li>See kiirendab k\u00f5hun\u00e4\u00e4rmerakkude regenereerimist ja taastumist.<\/li>\n<li>Sellel on p\u00f5letikuvastane toime.<\/li>\n<li>Parandab vereringet.<\/li>\n<li>Ennetab diabeedi teket.<\/li>\n<li>Ennetab diabeedi t\u00fcsistuste teket.<\/li>\n<\/ul>\n<div class=\"su-spoiler su-spoiler-style-defoult su-spoiler-icon-caret su-spoiler-closed\" data-scroll-offset=\"0\" data-anchor-in-url=\"no\"><div class=\"su-spoiler-title\" tabindex=\"0\" role=\"button\"><span class=\"su-spoiler-icon\"><\/span>K\u00f5ik<\/div><div class=\"su-spoiler-content su-u-clearfix su-u-trim\">\nSoovitatavad t\u00f6\u00f6tlemispiirkonnad: bioloogiliselt aktiivsetes punktides ja tsoonides. Soovitatavaid raviprotseduure v\u00f5ib korrata 2-3 korda aastas, v\u00e4hemalt 3 kuu m\u00f6\u00f6dudes, kuni seisund paraneb, ja neid v\u00f5ib t\u00e4iendada muude bioinformaatiliste raviprotseduuridega.<\/p>\n<\/div><\/div>","protected":false},"excerpt":{"rendered":"<p>Antidiabetikus sug\u00e1rz\u00f3 \u21167. M\u0171k\u00f6d\u00e9si ideje: 13 perc. Frekvenci\u00e1ja a hasny\u00e1lmirigy sejtjei \u00e9s az inzulinf\u00fcgg\u0151 sz\u00f6vetek receptormez\u0151i frekvenci\u00e1j\u00e1nak felel meg. A cukorbetegs\u00e9g megel\u0151z\u00e9s\u00e9nek, valamint az I. \u00e9s II. tipus\u00fa cukorbetegs\u00e9g kezel\u00e9s\u00e9nek komplex programjaiban, a sz\u00f6v\u0151dm\u00e9nyek kialakul\u00e1sa megel\u0151z\u00e9s\u00e9nek c\u00e9lj\u00e1b\u00f3l alkalmazhat\u00f3. Az anyagcsere folyamatok (sz\u00e9nhidr\u00e1t, lipid, feh\u00e9rje, \u00e1sv\u00e1nyi anyagok) optimaliz\u00e1ci\u00f3j\u00e1t seg\u00edti el\u0151. Jav\u00edtja a metabolizmus (anyagcsere) folyamatait a [&hellip;]<\/p>\n","protected":false},"featured_media":4717,"comment_status":"open","ping_status":"closed","template":"","meta":[],"product_brand":[],"product_cat":[35,32],"product_tag":[],"class_list":{"0":"post-4718","1":"product","2":"type-product","3":"status-publish","4":"has-post-thumbnail","6":"product_cat-csatlakoztathato-jeladok","7":"product_cat-triomed","9":"first","10":"instock","11":"taxable","12":"shipping-taxable","13":"purchasable","14":"product-type-simple"},"_links":{"self":[{"href":"https:\/\/vetomshop.hu\/et\/wp-json\/wp\/v2\/product\/4718","targetHints":{"allow":["GET"]}}],"collection":[{"href":"https:\/\/vetomshop.hu\/et\/wp-json\/wp\/v2\/product"}],"about":[{"href":"https:\/\/vetomshop.hu\/et\/wp-json\/wp\/v2\/types\/product"}],"replies":[{"embeddable":true,"href":"https:\/\/vetomshop.hu\/et\/wp-json\/wp\/v2\/comments?post=4718"}],"wp:featuredmedia":[{"embeddable":true,"href":"https:\/\/vetomshop.hu\/et\/wp-json\/wp\/v2\/media\/4717"}],"wp:attachment":[{"href":"https:\/\/vetomshop.hu\/et\/wp-json\/wp\/v2\/media?parent=4718"}],"wp:term":[{"taxonomy":"product_brand","embeddable":true,"href":"https:\/\/vetomshop.hu\/et\/wp-json\/wp\/v2\/product_brand?post=4718"},{"taxonomy":"product_cat","embeddable":true,"href":"https:\/\/vetomshop.hu\/et\/wp-json\/wp\/v2\/product_cat?post=4718"},{"taxonomy":"product_tag","embeddable":true,"href":"https:\/\/vetomshop.hu\/et\/wp-json\/wp\/v2\/product_tag?post=4718"}],"curies":[{"name":"wp","href":"https:\/\/api.w.org\/{rel}","templated":true}]}}