{"id":4722,"date":"2023-11-11T14:33:56","date_gmt":"2023-11-11T13:33:56","guid":{"rendered":"https:\/\/vetomshop.hu\/termek\/egeszseges-vese-jelado\/"},"modified":"2023-11-11T14:33:56","modified_gmt":"2023-11-11T13:33:56","slug":"egeszseges-vese-jelado","status":"publish","type":"product","link":"https:\/\/vetomshop.hu\/et\/toode\/egeszseges-vese-jelado\/","title":{"rendered":"Terve neeru majakas"},"content":{"rendered":"<h4>Terved neerud kiirgavad 15 s.<\/h4>\n<p>Saatja t\u00f6\u00f6aeg 11 minutit<br \/>\nSee vastab neerude ja kuseteede sagedusele.<\/p>\n<p>Seda soovitatakse kasutada neeru- ja kuseteede haiguste ennetamiseks ja t\u00e4iendavaks raviks.<br \/>\nParandab vereringet ja ainevahetust nefronites (neerude funktsionaalsed \u00fcksused) ja kuseteedes.<\/p>\n<ul>\n<li>See parandab neerude reabsorptsiooni, filtratsiooni, s\u00fcnteetikat, ioonide reguleerimist, detoksikatsiooni ja ainevahetusprotsesse.<\/li>\n<li>See stimuleerib neerukoe ja kuseteede taastumis- ja remondiprotsesse.<\/li>\n<li>Spasmol\u00fc\u00fctiline toime.<\/li>\n<li>Valuvaigistav toime.<\/li>\n<li>P\u00f5letikuvastane toime.<\/li>\n<li>Ennetab sklerootilisi kahjustusi.<\/li>\n<\/ul>\n<p>Soovitatav on kasutada bioloogiliselt aktiivsetes punktides ja tsoonides.<\/p>\n<div class=\"su-spoiler su-spoiler-style-defoult su-spoiler-icon-caret su-spoiler-closed\" data-scroll-offset=\"0\" data-anchor-in-url=\"no\"><div class=\"su-spoiler-title\" tabindex=\"0\" role=\"button\"><span class=\"su-spoiler-icon\"><\/span>K\u00f5ik<\/div><div class=\"su-spoiler-content su-u-clearfix su-u-trim\">\n<p>Kiiritus on soovitatav j\u00e4rgmiste haiguste ennetamiseks ja t\u00e4iendavaks raviks:<\/p>\n<ul>\n<li>\u00e4ge ja krooniline neerup\u00f5letik, p\u00f5iep\u00f5letik, kuseteede p\u00f5letikulised haigused,<\/li>\n<li>ainevahetush\u00e4ired (sealhulgas neerukivide teke),<\/li>\n<li>autoimmuunhaiguste puhul - kui neerud on kahjustatud ja autoimmuunne neeruhaigus,<\/li>\n<li>m\u00fcrgiste ainete p\u00f5hjustatud neeruhaiguse korral<\/li>\n<\/ul>\n<\/div><\/div>","protected":false},"excerpt":{"rendered":"<p>Eg\u00e9szs\u00e9ges vese sug\u00e1rz\u00f3 15 sz. A sug\u00e1rz\u00f3 m\u0171k\u00f6d\u00e9si ideje 11 perc Megfelel a vesesz\u00f6vet \u00e9s a h\u00fagyutak frekvenci\u00e1j\u00e1nak. Alkalmaz\u00e1sa javasolt a vesebetegs\u00e9gek \u00e9s a h\u00fagyutak megbeteged\u00e9seinek megel\u0151z\u00e9s\u00e9ben \u00e9s kieg\u00e9sz\u00edt\u0151 kezel\u00e9s\u00e9ben Jav\u00edtja a nefronok (a vese funkcion\u00e1lis egys\u00e9geinek) \u00e9s a h\u00fagyutak v\u00e9rkering\u00e9s\u00e9t \u00e9s anyagcsere folyamatait. Jav\u00edtja a vese reabszorbci\u00f3s, filtr\u00e1ci\u00f3s, szintetikus, ionszab\u00e1lyz\u00f3, m\u00e9regtelen\u00edt\u0151 \u00e9s metabolikus folyamatait. [&hellip;]<\/p>\n","protected":false},"featured_media":4721,"comment_status":"open","ping_status":"closed","template":"","meta":[],"product_brand":[],"product_cat":[35,32],"product_tag":[],"class_list":{"0":"post-4722","1":"product","2":"type-product","3":"status-publish","4":"has-post-thumbnail","6":"product_cat-csatlakoztathato-jeladok","7":"product_cat-triomed","9":"first","10":"instock","11":"taxable","12":"shipping-taxable","13":"purchasable","14":"product-type-simple"},"_links":{"self":[{"href":"https:\/\/vetomshop.hu\/et\/wp-json\/wp\/v2\/product\/4722","targetHints":{"allow":["GET"]}}],"collection":[{"href":"https:\/\/vetomshop.hu\/et\/wp-json\/wp\/v2\/product"}],"about":[{"href":"https:\/\/vetomshop.hu\/et\/wp-json\/wp\/v2\/types\/product"}],"replies":[{"embeddable":true,"href":"https:\/\/vetomshop.hu\/et\/wp-json\/wp\/v2\/comments?post=4722"}],"wp:featuredmedia":[{"embeddable":true,"href":"https:\/\/vetomshop.hu\/et\/wp-json\/wp\/v2\/media\/4721"}],"wp:attachment":[{"href":"https:\/\/vetomshop.hu\/et\/wp-json\/wp\/v2\/media?parent=4722"}],"wp:term":[{"taxonomy":"product_brand","embeddable":true,"href":"https:\/\/vetomshop.hu\/et\/wp-json\/wp\/v2\/product_brand?post=4722"},{"taxonomy":"product_cat","embeddable":true,"href":"https:\/\/vetomshop.hu\/et\/wp-json\/wp\/v2\/product_cat?post=4722"},{"taxonomy":"product_tag","embeddable":true,"href":"https:\/\/vetomshop.hu\/et\/wp-json\/wp\/v2\/product_tag?post=4722"}],"curies":[{"name":"wp","href":"https:\/\/api.w.org\/{rel}","templated":true}]}}