{"id":4724,"date":"2023-11-11T14:33:57","date_gmt":"2023-11-11T13:33:57","guid":{"rendered":"https:\/\/vetomshop.hu\/termek\/gyulladascsokkento-jelado\/"},"modified":"2023-11-11T14:33:57","modified_gmt":"2023-11-11T13:33:57","slug":"gyulladascsokkento-jelado","status":"publish","type":"product","link":"https:\/\/vetomshop.hu\/et\/toode\/gyulladascsokkento-jelado\/","title":{"rendered":"P\u00f5letikuvastane majakas"},"content":{"rendered":"<h4>P\u00f5letikuvastane radiaator, nr 26.<\/h4>\n<p>T\u00f6\u00f6aeg: 13 minutit<\/p>\n<p><strong>M\u00f5ju:<\/strong><\/p>\n<p>See m\u00f5jub immuuns\u00fcsteemile sagedusega, mis vastab l\u00fcmfis\u00fcsteemi ja autonoomse n\u00e4rvis\u00fcsteemi m\u00f5nede struktuuride (perifeersed, segmentaalsed, suprasegmentaalsed ahelad) sagedusele.<\/p>\n<ul>\n<li>Parandab l\u00fcmfiringlust,<\/li>\n<li>l\u00fcmfots\u00fc\u00fctide kvaliteeti,<\/li>\n<li>kiirendab toksiliste ainete eemaldamist rakkudevahelisest vedelikust,<\/li>\n<li>kiirendab haavade paranemist, rakkude ja kudede taastumist,<\/li>\n<li>aitab keha detoksifitseerida,<\/li>\n<li>on \u00f6deemivastane toime,<\/li>\n<li>valuvaigistav toime,<\/li>\n<li>immuuns\u00fcsteemi tugevdav toime,<\/li>\n<li>p\u00f5letikuvastane toime,<\/li>\n<li>k\u00f5rvaldab armistumise,<\/li>\n<li>aktiveerib luu\u00fcdi funktsiooni,<\/li>\n<li>suurendab keha vastupanu,<\/li>\n<li>struktuurid vesi.<\/li>\n<\/ul>\n<div class=\"su-spoiler su-spoiler-style-defoult su-spoiler-icon-caret su-spoiler-closed\" data-scroll-offset=\"0\" data-anchor-in-url=\"no\"><div class=\"su-spoiler-title\" tabindex=\"0\" role=\"button\"><span class=\"su-spoiler-icon\"><\/span>K\u00f5ik<\/div><div class=\"su-spoiler-content su-u-clearfix su-u-trim\">\n<p>Soovitatavad kasutusalad: l\u00fcmfipinna tsoonid, l\u00fcmfis\u00f5lmede projektsioonid, haavapinnad, bioloogiliselt aktiivsed kohad (BAT).<\/p>\n<p>Kohaldatakse:<\/p>\n<ul>\n<li>keha detoksikatsioon<\/li>\n<li>kiirendada regenereerimisprotsessi p\u00e4rast operatsiooni v\u00f5i luumurdu.<\/li>\n<li>verepildi normaliseerumine p\u00e4rast keemia- ja kiiritusravi<\/li>\n<li>taastusravi faasis p\u00e4rast t\u00f5siseid haigusi ja f\u00fc\u00fcsilist pingutust<\/li>\n<li>immuuns\u00fcsteemi regulatsioon \u00e4gedate ja krooniliste haiguste korral<\/li>\n<li>erineva p\u00e4ritoluga l\u00fcmfiringluse aeglustumine (sh \u00f6deem), p\u00f5letikulised protsessid<\/li>\n<li>kosmeetikas: naha l\u00fcmfiringluse parandamine<\/li>\n<li>erinevatest p\u00f5hjustest (alkohol, narkootilised ained, toit, kemikaalid, t\u00f5sine haigus) tingitud m\u00fcrgistuse k\u00f5rvaldamine.<\/li>\n<li>allergilistes reaktsioonides.<\/li>\n<\/ul>\n<\/div><\/div>","protected":false},"excerpt":{"rendered":"<p>Gyullad\u00e1scs\u00f6kkent\u0151 sug\u00e1rz\u00f3, 26. sz. M\u0171k\u00f6d\u00e9s\u00e9nek ideje: 13 perc Hat\u00e1sa: Hat az immunrendszerre, rezg\u00e9se megegyezik a nyirokrendszer frekvenci\u00e1j\u00e1val, valamint a vegetat\u00edv idegrendszer n\u00e9h\u00e1ny strukt\u00far\u00e1j\u00e1val (perif\u00e9ri\u00e1s, szegment\u00e1lis, szegmens feletti l\u00e1ncok). Jav\u00edtja a nyirokkering\u00e9st, a limfocit\u00e1k min\u0151s\u00e9g\u00e9t, gyors\u00edtja a toxikus anyagok ki\u00fcr\u00edt\u00e9s\u00e9t a sejtk\u00f6zti folyad\u00e9kb\u00f3l, gyors\u00edtja a sebek begy\u00f3gyul\u00e1s\u00e1t, a sejtek \u00e9s sz\u00f6vetek regener\u00e1l\u00f3d\u00e1s\u00e1t, el\u0151seg\u00edti a szervezet m\u00e9regtelen\u00edt\u00e9s\u00e9t, [&hellip;]<\/p>\n","protected":false},"featured_media":4723,"comment_status":"open","ping_status":"closed","template":"","meta":[],"product_brand":[],"product_cat":[35,32],"product_tag":[],"class_list":{"0":"post-4724","1":"product","2":"type-product","3":"status-publish","4":"has-post-thumbnail","6":"product_cat-csatlakoztathato-jeladok","7":"product_cat-triomed","9":"first","10":"instock","11":"taxable","12":"shipping-taxable","13":"purchasable","14":"product-type-simple"},"_links":{"self":[{"href":"https:\/\/vetomshop.hu\/et\/wp-json\/wp\/v2\/product\/4724","targetHints":{"allow":["GET"]}}],"collection":[{"href":"https:\/\/vetomshop.hu\/et\/wp-json\/wp\/v2\/product"}],"about":[{"href":"https:\/\/vetomshop.hu\/et\/wp-json\/wp\/v2\/types\/product"}],"replies":[{"embeddable":true,"href":"https:\/\/vetomshop.hu\/et\/wp-json\/wp\/v2\/comments?post=4724"}],"wp:featuredmedia":[{"embeddable":true,"href":"https:\/\/vetomshop.hu\/et\/wp-json\/wp\/v2\/media\/4723"}],"wp:attachment":[{"href":"https:\/\/vetomshop.hu\/et\/wp-json\/wp\/v2\/media?parent=4724"}],"wp:term":[{"taxonomy":"product_brand","embeddable":true,"href":"https:\/\/vetomshop.hu\/et\/wp-json\/wp\/v2\/product_brand?post=4724"},{"taxonomy":"product_cat","embeddable":true,"href":"https:\/\/vetomshop.hu\/et\/wp-json\/wp\/v2\/product_cat?post=4724"},{"taxonomy":"product_tag","embeddable":true,"href":"https:\/\/vetomshop.hu\/et\/wp-json\/wp\/v2\/product_tag?post=4724"}],"curies":[{"name":"wp","href":"https:\/\/api.w.org\/{rel}","templated":true}]}}