{"id":4726,"date":"2023-11-11T14:33:58","date_gmt":"2023-11-11T13:33:58","guid":{"rendered":"https:\/\/vetomshop.hu\/termek\/infravoros-jelado\/"},"modified":"2023-11-11T14:33:58","modified_gmt":"2023-11-11T13:33:58","slug":"infravoros-jelado","status":"publish","type":"product","link":"https:\/\/vetomshop.hu\/et\/toode\/infravoros-jelado\/","title":{"rendered":"Infrapuna majakas"},"content":{"rendered":"<h4>Infrapunase kiirguse saatja IV<\/h4>\n<p>Infrapunakiirgus (IV-kiirgus) - elektromagnetiline kiirgus, osa p\u00e4ikesekiirgusest. IV-kiirgusel on p\u00f5letikuvastane, krambivastane, hajutav (absorbeeriv), valuvaigistav toime.<\/p>\n<p><strong>Triomed Universal IV radiaatori eelised:<\/strong><\/p>\n<p>T\u00e4nu uutele materjalidele ja tehnoloogiatele on meil \u00f5nnestunud luua madala intensiivsusega impulsiivne, moduleeritud toimega IV kiirgusallikas, mis t\u00f6\u00f6tab spetsiifilises programmis ja mida saab kasutada energia-informatsiooni m\u00f5ju avaldamiseks peamiselt raku tasandil - ja raku koostisosade tasandil.<\/p>\n<p>See annab rakule resonantsi kaudu energiat, mis aktiveerib ainevahetusprotsesse ja suurendab hapnikupuuduse korral energiataset.<br \/>\nNeed protsessid, lisaks sellele, et nad on iseenesest positiivsed, aitavad kehal millimeetri - ravi ja paljudel juhtudel suurendavad selle t\u00f5husust.<\/p>\n<p>Infusioonravi kasutamine on n\u00e4idustatud: krooniliste ja akuutsete (eelakuutsete) mittep\u00f5letikuliste p\u00f5letikuliste siseorganite haiguste, halvasti paranevate haavade ja tromboosist p\u00f5hjustatud haavade, perifeerse n\u00e4rvis\u00fcsteemi valusate haiguste, p\u00f5letushaavade ja k\u00fclmumisj\u00e4lgede operatsioonij\u00e4rgse ravi, vegetatiivse d\u00fcsfunktsiooni, s\u00fcmpathalgia korral.<\/p>\n<p>IV kiiritusravi kasutamise vastun\u00e4idustused: healoomulised v\u00f5i pahaloomulised kasvajad, tuberkuloosi aktiivne faas, III staadiumi h\u00fcpertensioon, verejooks ja IIIII astme vereringeh\u00e4ired.<\/p>\n<div class=\"su-spoiler su-spoiler-style-defoult su-spoiler-icon-caret su-spoiler-closed\" data-scroll-offset=\"0\" data-anchor-in-url=\"no\"><div class=\"su-spoiler-title\" tabindex=\"0\" role=\"button\"><span class=\"su-spoiler-icon\"><\/span>K\u00f5ik<\/div><div class=\"su-spoiler-content su-u-clearfix su-u-trim\"><strong>Triomed Universal IV kiiritusseadme peamised kliinilised m\u00f5jud:<\/strong><\/p>\n<ul>\n<li>parandab vereringet,<\/li>\n<li>normaliseerib mikrotsirkulatsiooni,<\/li>\n<li>optimeerib n\u00e4rvis\u00fcsteemi, hormonaalse ja immuuns\u00fcsteemi aktiivsust,<\/li>\n<li>aitab kaasa rakkude regenereerimisele.<\/li>\n<\/ul>\n<p><strong>Kuidas kasutada:<\/strong><\/p>\n<ul>\n<li>Infrapunavalgusdioodi kasutatakse selleks, et m\u00f5jutada punkte ja piirkondi, mida tuleb enne spetsiaalset millimeetriravi ette valmistada ehk \u201esoojendada\u201d. Hooldus v\u00f5tab aega 5 minutit piirkonna kohta.<\/li>\n<li>Seda v\u00f5ib kasutada armide imendumise soodustamiseks 10 minutit p\u00e4evas 2 n\u00e4dala jooksul.<\/li>\n<li>Krooniliste, aeglaste p\u00f5letikuliste haiguste raviks (haiguse fookuses). 2 n\u00e4dala jooksul kestab ravi 10 minutit, mida rakendatakse kahjustatud elundile.<\/li>\n<li>II t\u00fc\u00fcpi diabeedi korral, et edendada insuliinitundlikkust ja insuliini tootmist. K\u00e4sitleda k\u00f5hun\u00e4\u00e4rme projektsiooni 5 minutit p\u00e4evas 2 n\u00e4dala jooksul.<\/li>\n<li>Erinevate haavade ja troofiliste haavade paranemise soodustamiseks soovitatakse enne millimeetriravi silmapiirkonda ja kasvajate fookust 2 n\u00e4dala jooksul 5 minutit ravida.<\/li>\n<\/ul>\n<\/div><\/div>","protected":false},"excerpt":{"rendered":"<p>Infrav\u00f6r\u00f6s sug\u00e1rz\u00f3 IV Az infrav\u00f6r\u00f6s sug\u00e1rz\u00e1s (IV-sug\u00e1rz\u00e1s) \u2013 elektrom\u00e1gneses sug\u00e1rz\u00e1s, a Nap sugarainak r\u00e9sze. Az IV-sugarak gyullad\u00e1scs\u00f6kkent\u0151, g\u00f6rcsold\u00f3, sz\u00e9toszlat\u00f3 (felsz\u00edv\u00f3d\u00e1st el\u0151seg\u00edt\u0151), f\u00e1jdalomcsillap\u00edt\u00f3 hat\u00e1ssal rendelkeznek. A Triomed Universal k\u00e9sz\u00fcl\u00e9k IV-sug\u00e1rz\u00f3j\u00e1nak el\u0151nyei: Az \u00faj anyagoknak \u00e9s technol\u00f3gi\u00e1knak k\u00f6sz\u00f6nhet\u0151en siker\u00fclt l\u00e9trehozni olyan speci\u00e1lis programban m\u0171k\u00f6d\u0151 alacsony intenzit\u00e1s\u00fa pulz\u00e1l\u00f3, modul\u00e1lt hat\u00e1s\u00fa IV-sug\u00e1rz\u00f3t, mely seg\u00edts\u00e9g\u00e9vel els\u0151sorban energoinform\u00e1ci\u00f3s hat\u00e1st tudunk gyakorolni [&hellip;]<\/p>\n","protected":false},"featured_media":4725,"comment_status":"open","ping_status":"closed","template":"","meta":[],"product_brand":[],"product_cat":[35,32],"product_tag":[],"class_list":{"0":"post-4726","1":"product","2":"type-product","3":"status-publish","4":"has-post-thumbnail","6":"product_cat-csatlakoztathato-jeladok","7":"product_cat-triomed","9":"first","10":"instock","11":"taxable","12":"shipping-taxable","13":"purchasable","14":"product-type-simple"},"_links":{"self":[{"href":"https:\/\/vetomshop.hu\/et\/wp-json\/wp\/v2\/product\/4726","targetHints":{"allow":["GET"]}}],"collection":[{"href":"https:\/\/vetomshop.hu\/et\/wp-json\/wp\/v2\/product"}],"about":[{"href":"https:\/\/vetomshop.hu\/et\/wp-json\/wp\/v2\/types\/product"}],"replies":[{"embeddable":true,"href":"https:\/\/vetomshop.hu\/et\/wp-json\/wp\/v2\/comments?post=4726"}],"wp:featuredmedia":[{"embeddable":true,"href":"https:\/\/vetomshop.hu\/et\/wp-json\/wp\/v2\/media\/4725"}],"wp:attachment":[{"href":"https:\/\/vetomshop.hu\/et\/wp-json\/wp\/v2\/media?parent=4726"}],"wp:term":[{"taxonomy":"product_brand","embeddable":true,"href":"https:\/\/vetomshop.hu\/et\/wp-json\/wp\/v2\/product_brand?post=4726"},{"taxonomy":"product_cat","embeddable":true,"href":"https:\/\/vetomshop.hu\/et\/wp-json\/wp\/v2\/product_cat?post=4726"},{"taxonomy":"product_tag","embeddable":true,"href":"https:\/\/vetomshop.hu\/et\/wp-json\/wp\/v2\/product_tag?post=4726"}],"curies":[{"name":"wp","href":"https:\/\/api.w.org\/{rel}","templated":true}]}}