{"id":4730,"date":"2023-11-11T14:33:58","date_gmt":"2023-11-11T13:33:58","guid":{"rendered":"https:\/\/vetomshop.hu\/termek\/oxigenizalo-jelado\/"},"modified":"2023-11-11T14:33:58","modified_gmt":"2023-11-11T13:33:58","slug":"oxigenizalo-jelado","status":"publish","type":"product","link":"https:\/\/vetomshop.hu\/et\/toode\/oxigenizalo-jelado\/","title":{"rendered":"Hapnikuandur"},"content":{"rendered":"<h4>Hapniku emitter, nr 11.<\/h4>\n<p><strong>T\u00f6\u00f6aeg:<\/strong> 10 minutit.<\/p>\n<p>Lainepikkus vastab hingamisahela (vere hemoglobiin, mitokondrid, fermente) sagedustele, parandab hapniku transporti ja kasutamist, suurendab ATP s\u00fcnteesi, soodustab raku hingamist koes. Madal sagedus vastab immuuns\u00fcsteemi sagedusele.<\/p>\n<ul>\n<li>Parandab mikrotsirkulatsiooni,<\/li>\n<li>Sellel on immuuns\u00fcsteemi moduleeriv toime,<\/li>\n<li>V\u00e4hendab hapnikupuudust kudedes, hapnikuga varustab kudesid, m\u00f5jub lagundavalt (takistab er\u00fctrots\u00fc\u00fctide ja teiste vererakkude agregatsiooni), v\u00e4hendab vere h\u00fc\u00fcbimist,<\/li>\n<li>See soodustab haavade paranemist,<\/li>\n<li>See aitab k\u00f5rvaldada armistumist,<\/li>\n<li>Sellel on valuvaigistav toime,<\/li>\n<li>See aitab organismi detoksikatsioonile kaasa,<\/li>\n<li>Spasmol\u00fc\u00fctiline toime,<\/li>\n<li>Soodustab vere moodustumist, normaliseerib verepilti,<\/li>\n<li>parandab mikrotsirkulatsiooni,<\/li>\n<li>Sellel on immuuns\u00fcsteemi moduleeriv toime,<\/li>\n<li>V\u00e4hendab hapnikupuudust kudedes, rikastab kudesid hapnikuga,<\/li>\n<li>Sellel on disagreguleeriv toime (takistab er\u00fctrots\u00fc\u00fctide ja teiste vererakkude agregatsiooni), v\u00e4hendab vere h\u00fc\u00fcbimist,<\/li>\n<li>See soodustab haavade paranemist,<\/li>\n<li>See aitab k\u00f5rvaldada armistumist,<\/li>\n<li>Sellel on valuvaigistav toime,<\/li>\n<li>See aitab organismi detoksikatsioonile kaasa,<\/li>\n<li>Spasmol\u00fc\u00fctiline toime,<\/li>\n<li>Soodustab vere moodustumist, normaliseerib verepilti,<\/li>\n<li>Sellel on noorendav m\u00f5ju,<\/li>\n<li>See struktureerib vett.<\/li>\n<\/ul>\n<div class=\"su-spoiler su-spoiler-style-defoult su-spoiler-icon-caret su-spoiler-closed\" data-scroll-offset=\"0\" data-anchor-in-url=\"no\"><div class=\"su-spoiler-title\" tabindex=\"0\" role=\"button\"><span class=\"su-spoiler-icon\"><\/span>K\u00f5ik<\/div><div class=\"su-spoiler-content su-u-clearfix su-u-trim\">\n<p>Soovitatav kasutusvaldkond: suured veresooned - veenid, arterid, bioloogiliselt aktiivsed punktid.<\/p>\n<p><strong>Kohaldatakse:<\/strong><\/p>\n<ul>\n<li>immuuns\u00fcsteemi normaliseerimiseks \u00e4gedate ja krooniliste haiguste korral,<\/li>\n<li>parandada \u00fcldist heaolu, vastupidavust, keskendumisv\u00f5imet f\u00fc\u00fcsilise ja vaimse stressi korral,<\/li>\n<li>s\u00fcdameinfarkti, insuldi ennetamine,<\/li>\n<li>infarktij\u00e4rgne, insuldij\u00e4rgne hooldus,<\/li>\n<li>kiirendada regenereerimisprotsesse,<\/li>\n<li>haavade ja operatsioonij\u00e4rgsete armide ravi,<\/li>\n<li>luumurru haldamine,<\/li>\n<li>verepildi normaliseerumine,<\/li>\n<li>p\u00e4rast kiiritusravi,<\/li>\n<li>taastusravi p\u00e4rast rasket haigust ja rasket f\u00fc\u00fcsilist t\u00f6\u00f6d,<\/li>\n<li>ajuvereringe stimuleerimine,2<\/li>\n<li>kosmeetikatoodetes: aitab nahal imenduda toitainetele,<\/li>\n<li>sportlaste puhul: suurendab vastupidavust,<\/li>\n<li>aitab koolilastel ja \u00fcli\u00f5pilastel \u00f5ppida,<\/li>\n<li>arvutite kahjulike m\u00f5jude vastu,<\/li>\n<li>stressi ja kroonilise v\u00e4simuss\u00fcndroomi raviks,<\/li>\n<li>kosmeetika valdkonnas, et parandada naha seisundit,<\/li>\n<li>loomahaiguste ravi v\u00f5i ennetamine<\/li>\n<\/ul>\n<\/div><\/div>","protected":false},"excerpt":{"rendered":"<p>Oxig\u00e9n sug\u00e1rz\u00f3, 11. sz. M\u0171k\u00f6d\u00e9si ideje: 10 perc. A hull\u00e1mhossz megfelel a l\u00e9gz\u00e9si l\u00e1nc frekvenci\u00e1inak (a v\u00e9r hemoglobinja, mitokondriumok, fermentumok), javul az oxig\u00e9n sz\u00e1ll\u00edt\u00e1sa \u00e9s hasznos\u00edt\u00e1sa, n\u00f6vekszik ATP-szint\u00e9zis, el\u0151seg\u00edti a sz\u00f6vetben a sejtek l\u00e9gz\u00e9s\u00e9t. Az alacsony frekvencia megfelel az immunrendszer frekvenci\u00e1j\u00e1nak. Jav\u00edtja a mikrokering\u00e9st, Immun-modul\u00e1ci\u00f3s hat\u00e1sa van, Cs\u00f6kkenti az oxig\u00e9nhi\u00e1nyt a sz\u00f6vetekben, oxig\u00e9nnel d\u00fas\u00edtja a [&hellip;]<\/p>\n","protected":false},"featured_media":4729,"comment_status":"open","ping_status":"closed","template":"","meta":[],"product_brand":[],"product_cat":[35,32],"product_tag":[],"class_list":{"0":"post-4730","1":"product","2":"type-product","3":"status-publish","4":"has-post-thumbnail","6":"product_cat-csatlakoztathato-jeladok","7":"product_cat-triomed","9":"first","10":"instock","11":"taxable","12":"shipping-taxable","13":"purchasable","14":"product-type-simple"},"_links":{"self":[{"href":"https:\/\/vetomshop.hu\/et\/wp-json\/wp\/v2\/product\/4730","targetHints":{"allow":["GET"]}}],"collection":[{"href":"https:\/\/vetomshop.hu\/et\/wp-json\/wp\/v2\/product"}],"about":[{"href":"https:\/\/vetomshop.hu\/et\/wp-json\/wp\/v2\/types\/product"}],"replies":[{"embeddable":true,"href":"https:\/\/vetomshop.hu\/et\/wp-json\/wp\/v2\/comments?post=4730"}],"wp:featuredmedia":[{"embeddable":true,"href":"https:\/\/vetomshop.hu\/et\/wp-json\/wp\/v2\/media\/4729"}],"wp:attachment":[{"href":"https:\/\/vetomshop.hu\/et\/wp-json\/wp\/v2\/media?parent=4730"}],"wp:term":[{"taxonomy":"product_brand","embeddable":true,"href":"https:\/\/vetomshop.hu\/et\/wp-json\/wp\/v2\/product_brand?post=4730"},{"taxonomy":"product_cat","embeddable":true,"href":"https:\/\/vetomshop.hu\/et\/wp-json\/wp\/v2\/product_cat?post=4730"},{"taxonomy":"product_tag","embeddable":true,"href":"https:\/\/vetomshop.hu\/et\/wp-json\/wp\/v2\/product_tag?post=4730"}],"curies":[{"name":"wp","href":"https:\/\/api.w.org\/{rel}","templated":true}]}}