{"id":4732,"date":"2023-11-11T14:33:59","date_gmt":"2023-11-11T13:33:59","guid":{"rendered":"https:\/\/vetomshop.hu\/termek\/specialis-111-es-jelado\/"},"modified":"2024-07-31T10:25:20","modified_gmt":"2024-07-31T08:25:20","slug":"specialis-111-es-jelado","status":"publish","type":"product","link":"https:\/\/vetomshop.hu\/et\/toode\/specialis-111-es-jelado\/","title":{"rendered":"Erimajakas 111"},"content":{"rendered":"<h4>Eriline 111 teavet salvestav saatja<\/h4>\n<p><strong>Saatja t\u00f6\u00f6aeg:<\/strong> 15 mp<\/p>\n<p>Selle eesm\u00e4rk on \u201esalvestada\u201d teavet (elektromagnetilise laine spektri teatud vahemikus) ja \u201eedastada\u201d seda valitud teabekandjale (nt vesi) v\u00f5i bioloogiliselt aktiivsele tsoonile, et optimeerida funktsionaalseid reserve ja suurendada organismi kohanemisv\u00f5imet, mis v\u00f5ib olla kahjustatud keskkonnakahjustuste, haiguste v\u00f5i muude p\u00f5hjuste t\u00f5ttu.<\/p>\n<p>Teabe \u201esalvestamiseks\u201d \u00fchendage 111. saatja Triomediga, viige see tasase pinnaga objektile l\u00e4hedale ja vajutage nuppu \u201eStart\u201d. Algab tagasiarvestus - 15 sekundit. Alles p\u00e4rast programmeeritud aja m\u00f6\u00f6dumist eemaldage saatja objektist. Selle aja jooksul \u201esalvestatakse\u201d emitterile objekti andmed, mis j\u00e4\u00e4vad muutumatuks, kuni emitter \u00fchendatakse vooluv\u00f5rku (kuni seadme k\u00e4ivitamiseni).<\/p>\n<div class=\"su-spoiler su-spoiler-style-defoult su-spoiler-icon-caret su-spoiler-closed\" data-scroll-offset=\"0\" data-anchor-in-url=\"no\"><div class=\"su-spoiler-title\" tabindex=\"0\" role=\"button\"><span class=\"su-spoiler-icon\"><\/span>K\u00f5ik<\/div><div class=\"su-spoiler-content su-u-clearfix su-u-trim\">\nTeabe \u201e\u00fclekandmiseks\u201d vette tuleb emitter viia v\u00f5imalikult l\u00e4hedale veele (klaas ei tohiks olla paksem kui 2 mm) ja veepind peaks olema k\u00f5rgemal kui emitteri \u00fclemine serv. Vesi peaks olema puhas ja vaba s\u00fcsihappest ja muudest lisaainetest. Jooge kohe paar lonksu ettevalmistatud \u201einfovett\u201d - enne selle \u00fcleviimist teise anumasse v\u00f5i pikemaajalist s\u00e4ilitamist.<\/p>\n<p>Kui soovite, et originaalsignaal s\u00e4iliks pikka aega, et v\u00e4ltida juhuslikku \u00fchendamist Triomediga, m\u00e4rgistage saatja eristava m\u00e4rgiga.<br \/>\n<\/div><\/div>","protected":false},"excerpt":{"rendered":"<p>Speci\u00e1lis 111 sz. inform\u00e1ci\u00f3t r\u00f6gz\u00edt\u0151 sug\u00e1rz\u00f3 A sug\u00e1rz\u00f3 m\u0171k\u00f6d\u00e9si ideje: 15 mp Rendeltet\u00e9se: az inform\u00e1ci\u00f3 (az adott tartom\u00e1ny elektrom\u00e1gneses hull\u00e1mspektrum\u00e1nak) \u201er\u00f6gz\u00edt\u00e9se\u201d, valamint \u201e\u00e1tvitele\u201d a kiv\u00e1lasztott inform\u00e1ci\u00f3hordoz\u00f3ra (pl. v\u00edzre) vagy biol\u00f3giailag akt\u00edv z\u00f3n\u00e1ra a funkcion\u00e1lis tartal\u00e9kok optimaliz\u00e1ci\u00f3ja \u00e9s a szervezet adapt\u00e1ci\u00f3s lehet\u0151s\u00e9geinek n\u00f6vel\u00e9se c\u00e9lj\u00e1b\u00f3l, melyek a k\u00f6rnyezet k\u00e1ros hat\u00e1sai, betegs\u00e9g, vagy egy\u00e9b okok miatt s\u00e9r\u00fcltek. Az [&hellip;]<\/p>\n","protected":false},"featured_media":4731,"comment_status":"open","ping_status":"closed","template":"","meta":[],"product_brand":[],"product_cat":[35,32],"product_tag":[],"class_list":{"0":"post-4732","1":"product","2":"type-product","3":"status-publish","4":"has-post-thumbnail","6":"product_cat-csatlakoztathato-jeladok","7":"product_cat-triomed","9":"first","10":"instock","11":"taxable","12":"shipping-taxable","13":"purchasable","14":"product-type-simple"},"_links":{"self":[{"href":"https:\/\/vetomshop.hu\/et\/wp-json\/wp\/v2\/product\/4732","targetHints":{"allow":["GET"]}}],"collection":[{"href":"https:\/\/vetomshop.hu\/et\/wp-json\/wp\/v2\/product"}],"about":[{"href":"https:\/\/vetomshop.hu\/et\/wp-json\/wp\/v2\/types\/product"}],"replies":[{"embeddable":true,"href":"https:\/\/vetomshop.hu\/et\/wp-json\/wp\/v2\/comments?post=4732"}],"wp:featuredmedia":[{"embeddable":true,"href":"https:\/\/vetomshop.hu\/et\/wp-json\/wp\/v2\/media\/4731"}],"wp:attachment":[{"href":"https:\/\/vetomshop.hu\/et\/wp-json\/wp\/v2\/media?parent=4732"}],"wp:term":[{"taxonomy":"product_brand","embeddable":true,"href":"https:\/\/vetomshop.hu\/et\/wp-json\/wp\/v2\/product_brand?post=4732"},{"taxonomy":"product_cat","embeddable":true,"href":"https:\/\/vetomshop.hu\/et\/wp-json\/wp\/v2\/product_cat?post=4732"},{"taxonomy":"product_tag","embeddable":true,"href":"https:\/\/vetomshop.hu\/et\/wp-json\/wp\/v2\/product_tag?post=4732"}],"curies":[{"name":"wp","href":"https:\/\/api.w.org\/{rel}","templated":true}]}}