{"id":4735,"date":"2023-11-11T14:33:59","date_gmt":"2023-11-11T13:33:59","guid":{"rendered":"https:\/\/vetomshop.hu\/termek\/szabalyozo-jelado\/"},"modified":"2025-04-14T17:42:09","modified_gmt":"2025-04-14T15:42:09","slug":"szabalyozo-jelado","status":"publish","type":"product","link":"https:\/\/vetomshop.hu\/et\/toode\/szabalyozo-jelado\/","title":{"rendered":"Reguleeriv saatja"},"content":{"rendered":"<h4>Reguleeriv radiaator, nr 52.<\/h4>\n<p><strong>Saatja t\u00f6\u00f6aeg<\/strong>: 15 minutit<\/p>\n<p>Selle sagedus vastab hormonaalse s\u00fcsteemi sagedusele.<\/p>\n<p><strong>M\u00f5ju:<\/strong><\/p>\n<ul>\n<li>Taastab hormonaalse s\u00fcsteemi.<\/li>\n<li>Taastab kesk-, perifeerse ja autonoomse n\u00e4rvis\u00fcsteemi.<\/li>\n<li>Parandab n\u00e4rvikiudude impulsi\u00fclekandev\u00f5imet.<\/li>\n<li>Soodustab n\u00e4rvirakkude taastumist.<\/li>\n<li>Sellel on immuuns\u00fcsteemi tugevdav toime.<\/li>\n<li>Sellel on \u00fcldine noorendav toime.<\/li>\n<li>See struktureerib vett.<\/li>\n<\/ul>\n<p>Soovitatav kasutusvaldkond: endokrinoloogiliste n\u00e4\u00e4rmete projektsioon, suurte veresoonte projektsioon, 15-14 minutit \u00fche BAP-punkti v\u00f5i -tsooni kohta.<\/p>\n<div class=\"su-spoiler su-spoiler-style-defoult su-spoiler-icon-caret su-spoiler-closed\" data-scroll-offset=\"0\" data-anchor-in-url=\"no\"><div class=\"su-spoiler-title\" tabindex=\"0\" role=\"button\"><span class=\"su-spoiler-icon\"><\/span>K\u00f5ik<\/div><div class=\"su-spoiler-content su-u-clearfix su-u-trim\">\n<strong>Kohaldatakse:<\/strong><\/p>\n<ul>\n<li>vegetatiivsete h\u00e4irete puhul,<\/li>\n<li>endokriins\u00fcsteemi ja n\u00e4rvis\u00fcsteemi kompleksseks raviks,<\/li>\n<li>neuroteaduses,<\/li>\n<li>allergiliste haiguste ravis,<\/li>\n<li>veenilaiendite komplekssel ravil,<\/li>\n<li>kroonilise v\u00e4simuss\u00fcndroomi ravis,<\/li>\n<li>kontrollida menopausi s\u00fcmptomeid nii naistel kui ka meestel,<\/li>\n<li>kaltsiumi ainevahetuse korrigeerimiseks, osteoporoosi ennetamiseks,<\/li>\n<li>immuuns\u00fcsteemi korrigeerimiseks.<\/li>\n<\/ul>\n<\/div><\/div>","protected":false},"excerpt":{"rendered":"<p>Szab\u00e1lyz\u00f3 sug\u00e1rz\u00f3, 52. sz. A sug\u00e1rz\u00f3 m\u0171k\u00f6d\u00e9si ideje: 15 perc Frekvenci\u00e1ja a hormonrendszer frekvenci\u00e1j\u00e1nak felel meg. Hat\u00e1sa: Helyre\u00e1ll\u00edtja a hormonrendszer m\u0171k\u00f6d\u00e9s\u00e9t. Helyre\u00e1ll\u00edtja a k\u00f6zponti, a perif\u00e9ri\u00e1s, valamint a vegetat\u00edv idegrendszer munk\u00e1j\u00e1t. Jav\u00edtja az idegsz\u00e1lak impulzus-tov\u00e1bb\u00edt\u00f3 k\u00e9pess\u00e9g\u00e9t. El\u0151seg\u00edti az idegsejtek regener\u00e1ci\u00f3j\u00e1t. Immunrendszer er\u0151s\u00edt\u0151 hat\u00e1ssal b\u00edr. \u00c1ltal\u00e1nos fiatal\u00edt\u00f3 hat\u00e1s\u00fa. Struktur\u00e1lja a vizet. Aj\u00e1nlott alkalmaz\u00e1si fel\u00fclet: az endokrin [&hellip;]<\/p>\n","protected":false},"featured_media":4734,"comment_status":"open","ping_status":"closed","template":"","meta":[],"product_brand":[],"product_cat":[35,32],"product_tag":[],"class_list":{"0":"post-4735","1":"product","2":"type-product","3":"status-publish","4":"has-post-thumbnail","6":"product_cat-csatlakoztathato-jeladok","7":"product_cat-triomed","9":"first","10":"instock","11":"taxable","12":"shipping-taxable","13":"purchasable","14":"product-type-simple"},"_links":{"self":[{"href":"https:\/\/vetomshop.hu\/et\/wp-json\/wp\/v2\/product\/4735","targetHints":{"allow":["GET"]}}],"collection":[{"href":"https:\/\/vetomshop.hu\/et\/wp-json\/wp\/v2\/product"}],"about":[{"href":"https:\/\/vetomshop.hu\/et\/wp-json\/wp\/v2\/types\/product"}],"replies":[{"embeddable":true,"href":"https:\/\/vetomshop.hu\/et\/wp-json\/wp\/v2\/comments?post=4735"}],"wp:featuredmedia":[{"embeddable":true,"href":"https:\/\/vetomshop.hu\/et\/wp-json\/wp\/v2\/media\/4734"}],"wp:attachment":[{"href":"https:\/\/vetomshop.hu\/et\/wp-json\/wp\/v2\/media?parent=4735"}],"wp:term":[{"taxonomy":"product_brand","embeddable":true,"href":"https:\/\/vetomshop.hu\/et\/wp-json\/wp\/v2\/product_brand?post=4735"},{"taxonomy":"product_cat","embeddable":true,"href":"https:\/\/vetomshop.hu\/et\/wp-json\/wp\/v2\/product_cat?post=4735"},{"taxonomy":"product_tag","embeddable":true,"href":"https:\/\/vetomshop.hu\/et\/wp-json\/wp\/v2\/product_tag?post=4735"}],"curies":[{"name":"wp","href":"https:\/\/api.w.org\/{rel}","templated":true}]}}