{"id":4737,"date":"2023-11-11T14:33:59","date_gmt":"2023-11-11T13:33:59","guid":{"rendered":"https:\/\/vetomshop.hu\/termek\/trio-men-jelado\/"},"modified":"2023-11-11T14:33:59","modified_gmt":"2023-11-11T13:33:59","slug":"trio-men-jelado","status":"publish","type":"product","link":"https:\/\/vetomshop.hu\/et\/toode\/trio-men-jelado\/","title":{"rendered":"Trio-meeste majakas"},"content":{"rendered":"<h4>Spetsiaalne Trio-mehe emitter<\/h4>\n<p>Meeste puhul nr 23.<\/p>\n<p>See on n\u00e4idustatud: funktsionaalsete reservide optimeerimiseks ja inimese organismi v\u00f5imele kohaneda negatiivsete keskkonnam\u00f5jude, elustiili v\u00f5i haigustega.<br \/>\nT\u00f6\u00f6tajate kategooria: mehed.<\/p>\n<p><strong>M\u00f5ju:<\/strong> \u00fcldine soospetsiifiline tugevdav m\u00f5ju (ps\u00fchhoemotsionaalne tase, neurohumoraalne regulatsioon).<\/p>\n<p><strong>Toimemehhanism:<\/strong> Programm (kandesagedus, madalsagedusmodulatsioon ja amplituudiparameetrid) on loodud spetsiaalselt meesorgani jaoks, et aidata seda s\u00fcsteemis kasutamisel.<\/p>\n<p>Kasutades Trio-men 23. kiirguskuuri, saame normaliseerida troofilisi ja ainevahetusprotsesse kudedes ja rakkudes, taastada nende struktuuri, parandada organismi toimimist nii s\u00fcsteemselt kui ka tervikuna, suurendada organismi spetsiifilist vastupanuv\u00f5imet.<\/p>\n<p>Positiivsed tulemused on tingitud rakkude, aatomi f\u00fcsioloogilise s\u00fcsteemi ja neuro-humoraalse reguleerimiss\u00fcsteemi bioresonantsi tagasisidest, samuti kohanemismehhanismi aktiveerimisest (\u00fcldine kohanemiss\u00fcndroom).<\/p>\n<div class=\"su-spoiler su-spoiler-style-defoult su-spoiler-icon-caret su-spoiler-closed\" data-scroll-offset=\"0\" data-anchor-in-url=\"no\"><div class=\"su-spoiler-title\" tabindex=\"0\" role=\"button\"><span class=\"su-spoiler-icon\"><\/span>K\u00f5ik<\/div><div class=\"su-spoiler-content su-u-clearfix su-u-trim\">\n<strong>Soovitatav:<\/strong><\/p>\n<ol>\n<li>V\u00e4henenud t\u00f6\u00f6v\u00f5ime ja meeleolu, ps\u00fchhoemotsionaalse ebastabiilsuse, kroonilise v\u00e4simuse tagaj\u00e4rjel tekkinud unetuse puhul.<\/li>\n<li>Eesn\u00e4\u00e4rmehaigused, meeste menopaus.<\/li>\n<li>Tavalised k\u00fclmetushaigused ja gripp.<\/li>\n<li>\u00dcldine immuuns\u00fcsteemi n\u00f5rgenemine p\u00e4rast rasket haigust, taastusravi jaoks<\/li>\n<\/ol>\n<\/div><\/div>","protected":false},"excerpt":{"rendered":"<p>Speci\u00e1lis Trio-men sug\u00e1rz\u00f3 F\u00e9rfiak sz\u00e1m\u00e1ra, 23. sz. Javallott: a funkcion\u00e1lis tartal\u00e9kok \u00e9s az emberi szervezet adapt\u00e1ci\u00f3s lehet\u0151s\u00e9geinek optimiz\u00e1l\u00e1s\u00e1hoz, melyek a negat\u00edv k\u00f6rnyezeti hat\u00e1sok, \u00e9letm\u00f3d vagy betegs\u00e9g k\u00f6vetkezt\u00e9ben l\u00e9ptek fel. Az alkalmaz\u00f3k kateg\u00f3ri\u00e1ja: f\u00e9rfiak. Hat\u00e1sa: a nemi hovatartoz\u00e1st figyelembe vev\u0151 \u00e1ltal\u00e1nos er\u0151s\u00edt\u0151 hat\u00e1s (pszichoemocion\u00e1lis szint, neurohumor\u00e1lis regul\u00e1ci\u00f3). Hat\u00e1smechanizmus: A program (hordoz\u00f3 frekvencia, alacsony frekvenci\u00e1j\u00fa modul\u00e1ci\u00f3 \u00e9s [&hellip;]<\/p>\n","protected":false},"featured_media":4736,"comment_status":"open","ping_status":"closed","template":"","meta":[],"product_brand":[],"product_cat":[35,32],"product_tag":[],"class_list":{"0":"post-4737","1":"product","2":"type-product","3":"status-publish","4":"has-post-thumbnail","6":"product_cat-csatlakoztathato-jeladok","7":"product_cat-triomed","9":"first","10":"instock","11":"taxable","12":"shipping-taxable","13":"purchasable","14":"product-type-simple"},"_links":{"self":[{"href":"https:\/\/vetomshop.hu\/et\/wp-json\/wp\/v2\/product\/4737","targetHints":{"allow":["GET"]}}],"collection":[{"href":"https:\/\/vetomshop.hu\/et\/wp-json\/wp\/v2\/product"}],"about":[{"href":"https:\/\/vetomshop.hu\/et\/wp-json\/wp\/v2\/types\/product"}],"replies":[{"embeddable":true,"href":"https:\/\/vetomshop.hu\/et\/wp-json\/wp\/v2\/comments?post=4737"}],"wp:featuredmedia":[{"embeddable":true,"href":"https:\/\/vetomshop.hu\/et\/wp-json\/wp\/v2\/media\/4736"}],"wp:attachment":[{"href":"https:\/\/vetomshop.hu\/et\/wp-json\/wp\/v2\/media?parent=4737"}],"wp:term":[{"taxonomy":"product_brand","embeddable":true,"href":"https:\/\/vetomshop.hu\/et\/wp-json\/wp\/v2\/product_brand?post=4737"},{"taxonomy":"product_cat","embeddable":true,"href":"https:\/\/vetomshop.hu\/et\/wp-json\/wp\/v2\/product_cat?post=4737"},{"taxonomy":"product_tag","embeddable":true,"href":"https:\/\/vetomshop.hu\/et\/wp-json\/wp\/v2\/product_tag?post=4737"}],"curies":[{"name":"wp","href":"https:\/\/api.w.org\/{rel}","templated":true}]}}