{"id":4739,"date":"2023-11-11T14:34:00","date_gmt":"2023-11-11T13:34:00","guid":{"rendered":"https:\/\/vetomshop.hu\/termek\/trio-women-jelado\/"},"modified":"2023-11-11T14:34:00","modified_gmt":"2023-11-11T13:34:00","slug":"trio-women-jelado","status":"publish","type":"product","link":"https:\/\/vetomshop.hu\/et\/toode\/trio-women-jelado\/","title":{"rendered":"Trio-naiste majakas"},"content":{"rendered":"<h4>Eriline kolmik-naiste radiaator<\/h4>\n<p>Naiste puhul nr 8.<\/p>\n<p>Soovitatav: optimeerida inimese organismi funktsionaalsed reservid ja kohanemisv\u00f5ime negatiivsete keskkonnam\u00f5jude, elustiili v\u00f5i haiguse tagaj\u00e4rjel.<\/p>\n<p><strong>Soovitatav: <\/strong>t\u00fcdrukutele, naistele.<\/p>\n<p><strong>M\u00f5ju:<\/strong> \u00fcldine tervist edendav m\u00f5ju, v\u00f5ttes arvesse naissoost organismi omadusi (ps\u00fchhoemotsionaalne sf\u00e4\u00e4r, neurohormonaalne regulatsioon).<\/p>\n<p><strong>Toimemehhanism:<\/strong> Programm (kandesagedus, madalsagedusmodulatsioon ja amplituudiparameetrid) on spetsiaalselt v\u00e4lja t\u00f6\u00f6tatud, et aidata naissoost keha, kui seda kasutatakse s\u00fcsteemis.<\/p>\n<p>Kiiritusravi rakendamine ravikuuris normaliseerib rakkude ja kudede troofilisi ja ainevahetusprotsesse, taastab neid, avaldab \u00fcldist \u00fchtlustavat m\u00f5ju organitele, organs\u00fcsteemidele ja organismile tervikuna ning suurendab organismi mittespetsiifilist vastupanuv\u00f5imet. Positiivsed tulemused on tingitud \u00fchelt poolt rakkude, aatomif\u00fcsioloogilise s\u00fcsteemi ja neurogumoraalse regulatsioonis\u00fcsteemi bioresonantsi tagasisidestamisest ning teiselt poolt kohanemismehhanismi (\u00fcldine kohanemiss\u00fcndroom) aktiveerimisest.<\/p>\n<div class=\"su-spoiler su-spoiler-style-defoult su-spoiler-icon-caret su-spoiler-closed\" data-scroll-offset=\"0\" data-anchor-in-url=\"no\"><div class=\"su-spoiler-title\" tabindex=\"0\" role=\"button\"><span class=\"su-spoiler-icon\"><\/span>K\u00f5ik<\/div><div class=\"su-spoiler-content su-u-clearfix su-u-trim\">\n<p><strong>Soovitatav:<\/strong><\/p>\n<ol>\n<li>V\u00e4henenud t\u00f6\u00f6v\u00f5ime ja meeleolu, ps\u00fchhoemotsionaalse ebastabiilsuse, kroonilise v\u00e4simuse tagaj\u00e4rjel tekkinud unetuse puhul.<\/li>\n<li>Naiste suguelundite h\u00e4irete ja menopausiga kaasnevate ebameeldivate s\u00fcmptomite raviks ja ennetamiseks ning viljakuse ja seksuaaltervise tugevdamiseks.<\/li>\n<li>Levinud k\u00fclmetushaiguste korral.<\/li>\n<li>Gripi ja k\u00fclmetushaiguste spetsiifiline ennetamine.<\/li>\n<li>Immuuns\u00fcsteemi n\u00f5rgenemine haigusest taastumise v\u00f5i taastusravi ajal.<\/li>\n<\/ol>\n<\/div><\/div>","protected":false},"excerpt":{"rendered":"<p>Speci\u00e1lis Trio-Women sug\u00e1rz\u00f3 N\u0151k sz\u00e1m\u00e1ra, 8.sz. Javasolt: a funkcion\u00e1lis tartal\u00e9kok \u00e9s az emberi szervezet adapt\u00e1ci\u00f3s lehet\u0151s\u00e9geinek optimiz\u00e1l\u00e1s\u00e1hoz, melyek a negat\u00edv k\u00f6rnyezeti hat\u00e1sok, \u00e9letm\u00f3d vagy betegs\u00e9g k\u00f6vetkezt\u00e9ben l\u00e9ptek fel. Aj\u00e1nlott: l\u00e1nyok, n\u0151k sz\u00e1m\u00e1ra. Hat\u00e1sa: a n\u0151i szervezet jellemz\u0151it figyelembe vev\u0151 (pszicho-emocion\u00e1lis szf\u00e9ra, neurohumor\u00e1lis szab\u00e1lyoz\u00e1s) \u00e1ltal\u00e1nos eg\u00e9szs\u00e9gmeger\u0151s\u00edt\u0151 hat\u00e1s. Hat\u00e1smechanizmus: A program (hordoz\u00f3 frekvencia, alacsony frekvenci\u00e1j\u00fa modul\u00e1ci\u00f3 \u00e9s [&hellip;]<\/p>\n","protected":false},"featured_media":4738,"comment_status":"open","ping_status":"closed","template":"","meta":[],"product_brand":[],"product_cat":[35,32],"product_tag":[],"class_list":{"0":"post-4739","1":"product","2":"type-product","3":"status-publish","4":"has-post-thumbnail","6":"product_cat-csatlakoztathato-jeladok","7":"product_cat-triomed","9":"first","10":"instock","11":"taxable","12":"shipping-taxable","13":"purchasable","14":"product-type-simple"},"_links":{"self":[{"href":"https:\/\/vetomshop.hu\/et\/wp-json\/wp\/v2\/product\/4739","targetHints":{"allow":["GET"]}}],"collection":[{"href":"https:\/\/vetomshop.hu\/et\/wp-json\/wp\/v2\/product"}],"about":[{"href":"https:\/\/vetomshop.hu\/et\/wp-json\/wp\/v2\/types\/product"}],"replies":[{"embeddable":true,"href":"https:\/\/vetomshop.hu\/et\/wp-json\/wp\/v2\/comments?post=4739"}],"wp:featuredmedia":[{"embeddable":true,"href":"https:\/\/vetomshop.hu\/et\/wp-json\/wp\/v2\/media\/4738"}],"wp:attachment":[{"href":"https:\/\/vetomshop.hu\/et\/wp-json\/wp\/v2\/media?parent=4739"}],"wp:term":[{"taxonomy":"product_brand","embeddable":true,"href":"https:\/\/vetomshop.hu\/et\/wp-json\/wp\/v2\/product_brand?post=4739"},{"taxonomy":"product_cat","embeddable":true,"href":"https:\/\/vetomshop.hu\/et\/wp-json\/wp\/v2\/product_cat?post=4739"},{"taxonomy":"product_tag","embeddable":true,"href":"https:\/\/vetomshop.hu\/et\/wp-json\/wp\/v2\/product_tag?post=4739"}],"curies":[{"name":"wp","href":"https:\/\/api.w.org\/{rel}","templated":true}]}}