{"id":4741,"date":"2023-11-11T14:34:00","date_gmt":"2023-11-11T13:34:00","guid":{"rendered":"https:\/\/vetomshop.hu\/termek\/sigma-medal\/"},"modified":"2023-11-11T14:34:00","modified_gmt":"2023-11-11T13:34:00","slug":"sigma-medal","status":"publish","type":"product","link":"https:\/\/vetomshop.hu\/et\/toode\/sigma-medal\/","title":{"rendered":"Sigma medal"},"content":{"rendered":"<p>A <strong>SIGMA tervise medal<\/strong> on taastada juuksefolliikulite normaalsed f\u00fcsioloogilised protsessid, suurendada nende vastupidavust ebasoodsatele keskkonnateguritele ja suurenenud stressile, pikendada juuste kasvufaasi ja seega suurendada \u00fcldist juuste tihedust.<\/p>\n<p><strong>M\u00f5ju:<\/strong><\/p>\n<ul>\n<li>normaliseerib vereringet, immuuns\u00fcsteemi seisundit ja ainevahetust juuksefolliikulites, ennetades atroofia tekkimist;<\/li>\n<li>v\u00e4hendab p\u00f5letikuliste protsesside t\u00f5sidust nahas ja juuksefolliikulites;<\/li>\n<li>aitab normaliseerida ainevahetusprotsesse nahas ja organismis tervikuna; ennetab alopeetsia areata (l\u00fcnklik juuste v\u00e4ljalangemine) teket.<\/li>\n<\/ul>\n<p>SIGMA terviseripatsil on positiivne m\u00f5ju keha funktsioonide seisundile, seda saab kasutada optimeerimise ja korrigeerimise vahendina koos teiste alopeetsia areata (l\u00fcnklik juuste v\u00e4ljalangemine) ravimeetoditega.<br \/>\nja muud ennetusmeetodid.<\/p>\n<div class=\"su-spoiler su-spoiler-style-defoult su-spoiler-icon-caret su-spoiler-closed\" data-scroll-offset=\"0\" data-anchor-in-url=\"no\"><div class=\"su-spoiler-title\" tabindex=\"0\" role=\"button\"><span class=\"su-spoiler-icon\"><\/span>K\u00f5ik<\/div><div class=\"su-spoiler-content su-u-clearfix su-u-trim\">\n<p><strong>T\u00fc\u00fcbid laiguline juuste v\u00e4ljalangemine:<\/strong><\/p>\n<p>Juuste v\u00e4ljalangemise ulatuse alusel jaguneb l\u00fcnklik juuste v\u00e4ljalangemine j\u00e4rgmisteks liikideks:<\/p>\n<ul>\n<li>Alopecia areata unilocularis: juuksed langevad v\u00e4lja ainult \u00fches laigus.<\/li>\n<li>Alopecia areata multilocularis: mitmekordne armistumine<\/li>\n<li>Alopecia areata subtotalis: juuksed langevad v\u00e4lja peaaegu kogu peanahal3<\/li>\n<li>Alopecia areata totalis: k\u00f5ik juuksed langevad peanahast v\u00e4lja Alopecia areata universalis: juuste v\u00e4ljalangemine m\u00f5jutab peanahka ja kogu keha.<\/li>\n<li>Ophiasis-t\u00fc\u00fcp: alopeetsia areata erivorm, mida iseloomustab juuste v\u00e4ljalangemine peamiselt peanaha v\u00e4limistest piirkondadest, tavaliselt tagak\u00fcljelt, m\u00f5nikord ka pealaest.<br \/>\ntemplitest v\u00f5i otsmikust.<\/li>\n<\/ul>\n<p>Lisaks eespool loetletud t\u00fc\u00fcpidele v\u00f5ib SIGMA Medallioni kasutada ka kemoteraapiast, kiiritusravist v\u00f5i endokriinsest h\u00e4irest p\u00f5hjustatud juuste v\u00e4ljalangemise korral.<\/p>\n<\/div><\/div>","protected":false},"excerpt":{"rendered":"<p>A SIGMA Eg\u00e9szs\u00e9g Med\u00e1l feladata a sz\u0151rt\u00fcsz\u0151k norm\u00e1l fiziol\u00f3giai folyamatainak helyre\u00e1ll\u00edt\u00e1sa, a kedvez\u0151tlen k\u00f6rnyezeti t\u00e9nyez\u0151kkel \u00e9s a megn\u00f6vekedett stresszterhel\u00e9ssel szembeni ellen\u00e1ll\u00f3 k\u00e9pess\u00e9g\u00fck n\u00f6vel\u00e9se, a hajn\u00f6veked\u00e9s szakasz\u00e1nak meghosszabb\u00edt\u00e1sa, ez\u00e1ltal a teljes hajs\u0171r\u0171s\u00e9g n\u00f6vel\u00e9se. Hat\u00e1sok: normaliz\u00e1lja a v\u00e9rkering\u00e9st, az immun\u00e1llapotot \u00e9s az anyagcser\u00e9t a sz\u0151rt\u00fcsz\u0151kben, megel\u0151zve az atr\u00f3fia kialakul\u00e1s\u00e1t; cs\u00f6kkenti a b\u0151r \u00e9s a sz\u0151rt\u00fcsz\u0151k gyullad\u00e1sos folyamatainak [&hellip;]<\/p>\n","protected":false},"featured_media":4740,"comment_status":"open","ping_status":"closed","template":"","meta":[],"product_brand":[],"product_cat":[33,32],"product_tag":[],"class_list":{"0":"post-4741","1":"product","2":"type-product","3":"status-publish","4":"has-post-thumbnail","6":"product_cat-egeszseg-medalok","7":"product_cat-triomed","9":"first","10":"instock","11":"taxable","12":"shipping-taxable","13":"purchasable","14":"product-type-simple"},"_links":{"self":[{"href":"https:\/\/vetomshop.hu\/et\/wp-json\/wp\/v2\/product\/4741","targetHints":{"allow":["GET"]}}],"collection":[{"href":"https:\/\/vetomshop.hu\/et\/wp-json\/wp\/v2\/product"}],"about":[{"href":"https:\/\/vetomshop.hu\/et\/wp-json\/wp\/v2\/types\/product"}],"replies":[{"embeddable":true,"href":"https:\/\/vetomshop.hu\/et\/wp-json\/wp\/v2\/comments?post=4741"}],"wp:featuredmedia":[{"embeddable":true,"href":"https:\/\/vetomshop.hu\/et\/wp-json\/wp\/v2\/media\/4740"}],"wp:attachment":[{"href":"https:\/\/vetomshop.hu\/et\/wp-json\/wp\/v2\/media?parent=4741"}],"wp:term":[{"taxonomy":"product_brand","embeddable":true,"href":"https:\/\/vetomshop.hu\/et\/wp-json\/wp\/v2\/product_brand?post=4741"},{"taxonomy":"product_cat","embeddable":true,"href":"https:\/\/vetomshop.hu\/et\/wp-json\/wp\/v2\/product_cat?post=4741"},{"taxonomy":"product_tag","embeddable":true,"href":"https:\/\/vetomshop.hu\/et\/wp-json\/wp\/v2\/product_tag?post=4741"}],"curies":[{"name":"wp","href":"https:\/\/api.w.org\/{rel}","templated":true}]}}