{"id":4743,"date":"2023-11-11T14:34:00","date_gmt":"2023-11-11T13:34:00","guid":{"rendered":"https:\/\/vetomshop.hu\/termek\/siker-medal\/"},"modified":"2023-11-11T14:34:00","modified_gmt":"2023-11-11T13:34:00","slug":"siker-medal","status":"publish","type":"product","link":"https:\/\/vetomshop.hu\/et\/toode\/siker-medal\/","title":{"rendered":"Edu medal"},"content":{"rendered":"<h4>Edu medal lastele<\/h4>\n<p><strong>Eesm\u00e4rk:<\/strong><\/p>\n<p>Kognitiivsed funktsioonid (kognitiivsed protsessid) -<\/p>\n<ol>\n<li>t\u00e4helepanu, vaatlus<\/li>\n<li>tuvastamine-tuvastamine<\/li>\n<li>m\u00e4lu<\/li>\n<li>m\u00f5tlemisfunktsioonid<\/li>\n<\/ol>\n<p>- t\u00e4iendava vahendina, mis aitab aktiveerida, v\u00f5idelda \u00f5ppimisv\u00e4simuse vastu ja parandada emotsionaalset heaolu.<\/p>\n<p>See toetab taastumist m\u00e4rkimisv\u00e4\u00e4rsest teabe \u00fclekoormusest, ennetades kroonilist v\u00e4simust ja kurnatuse s\u00fcndroomi.<\/p>\n<div class=\"su-spoiler su-spoiler-style-defoult su-spoiler-icon-caret su-spoiler-closed\" data-scroll-offset=\"0\" data-anchor-in-url=\"no\"><div class=\"su-spoiler-title\" tabindex=\"0\" role=\"button\"><span class=\"su-spoiler-icon\"><\/span>K\u00f5ik<\/div><div class=\"su-spoiler-content su-u-clearfix su-u-trim\">\n<h4>L\u00fchikirjeldus<\/h4>\n<p>Elektroonilisele infokandjale - SIKERi tervisemedalile - salvestatud teave vastab keskn\u00e4rvis\u00fcsteemi rakkude ja kudede elektromagnetiliste v\u00f5nkumiste spektrile ning antihomotoksiliste ainete v\u00f5nkumistele (elektromagnetiline spekter), mis suurendavad vaimset t\u00f6\u00f6v\u00f5imet, \u00f5pilaste ja intellektuaalsete t\u00f6\u00f6tajate stressivastast stabiilsust ja s\u00e4ilitavad optimaalse ps\u00fchhoemotsionaalse tausta. \u00dcli\u00f5pilaste tegevusega kaasneb vaimse protsessi k\u00f5rge intensiivsus ajasurve ja suure infotiheduse tingimustes, mis on stressi iseloomuga. M\u00f5tlemine h\u00f5lmab kognitsiooni aktiivseid aspekte: t\u00e4helepanu, tajumist, assotsiatsiooniprotsesse, m\u00f5istete ja hinnangute moodustamist, sotsiaalse isiku realistliku tegevuse osa.<\/p>\n<p>M\u00f5tlemine on seotud aju tegevusega, kuid v\u00f5ime abstraktselt m\u00f5elda tuleneb praktilise eksistentsi, keelereeglite, loogika, kultuuri omandamisest. M\u00f5tlemine toimub intellektuaalse ja praktilise tegevuse erinevates vormides, mille k\u00e4igus inimeste kognitiivsed kogemused \u00fcldistatakse ja koondatakse. M\u00f5tlemist peetakse inimese tegeliku eksistentsi allikaks ja p\u00f5hiliseks vahendiks.<\/p>\n<\/div><\/div>","protected":false},"excerpt":{"rendered":"<p>Siker Med\u00e1l gyerekeknek Rendeltet\u00e9se: A kognit\u00edv funkci\u00f3k (megismer\u0151 folyamatok) &#8211; figyelem, megfigyel\u0151k\u00e9pess\u00e9g \u00e9rz\u00e9kel\u00e9s-\u00e9szlel\u00e9s eml\u00e9kezet gondolkod\u00e1si funkci\u00f3k &#8211; aktiv\u00e1l\u00e1s\u00e1t seg\u00edt\u0151, a tanul\u00e1st k\u00eds\u00e9r\u0151 f\u00e1radts\u00e1g ellens\u00falyoz\u00e1s\u00e1t \u00e9s az emocion\u00e1lis k\u00f6z\u00e9rzet jav\u00edt\u00e1s\u00e1t szolg\u00e1l\u00f3 kieg\u00e9sz\u00edt\u0151 eszk\u00f6z. T\u00e1mogatja a jelent\u0151s inform\u00e1ci\u00f3s megterhel\u00e9s ut\u00e1ni helyre\u00e1ll\u00edt\u00e1st, a kr\u00f3nikus f\u00e1radts\u00e1g \u00e9s kimer\u00fclts\u00e9g szindr\u00f3ma megel\u0151z\u00e9s\u00e9t.<\/p>","protected":false},"featured_media":4742,"comment_status":"open","ping_status":"closed","template":"","meta":[],"product_brand":[],"product_cat":[33,32],"product_tag":[],"class_list":{"0":"post-4743","1":"product","2":"type-product","3":"status-publish","4":"has-post-thumbnail","6":"product_cat-egeszseg-medalok","7":"product_cat-triomed","9":"first","10":"instock","11":"taxable","12":"shipping-taxable","13":"purchasable","14":"product-type-simple"},"_links":{"self":[{"href":"https:\/\/vetomshop.hu\/et\/wp-json\/wp\/v2\/product\/4743","targetHints":{"allow":["GET"]}}],"collection":[{"href":"https:\/\/vetomshop.hu\/et\/wp-json\/wp\/v2\/product"}],"about":[{"href":"https:\/\/vetomshop.hu\/et\/wp-json\/wp\/v2\/types\/product"}],"replies":[{"embeddable":true,"href":"https:\/\/vetomshop.hu\/et\/wp-json\/wp\/v2\/comments?post=4743"}],"wp:featuredmedia":[{"embeddable":true,"href":"https:\/\/vetomshop.hu\/et\/wp-json\/wp\/v2\/media\/4742"}],"wp:attachment":[{"href":"https:\/\/vetomshop.hu\/et\/wp-json\/wp\/v2\/media?parent=4743"}],"wp:term":[{"taxonomy":"product_brand","embeddable":true,"href":"https:\/\/vetomshop.hu\/et\/wp-json\/wp\/v2\/product_brand?post=4743"},{"taxonomy":"product_cat","embeddable":true,"href":"https:\/\/vetomshop.hu\/et\/wp-json\/wp\/v2\/product_cat?post=4743"},{"taxonomy":"product_tag","embeddable":true,"href":"https:\/\/vetomshop.hu\/et\/wp-json\/wp\/v2\/product_tag?post=4743"}],"curies":[{"name":"wp","href":"https:\/\/api.w.org\/{rel}","templated":true}]}}