{"id":4745,"date":"2023-11-11T14:34:01","date_gmt":"2023-11-11T13:34:01","guid":{"rendered":"https:\/\/vetomshop.hu\/termek\/solo-medal\/"},"modified":"2023-11-11T14:34:01","modified_gmt":"2023-11-11T13:34:01","slug":"solo-medal","status":"publish","type":"product","link":"https:\/\/vetomshop.hu\/et\/toode\/solo-medal\/","title":{"rendered":"Solo Ripats"},"content":{"rendered":"<h4>SOLO tervisemedal<\/h4>\n<p><strong>Peamised funktsioonid:<\/strong><\/p>\n<p>Solo Medal on t\u00e4iendav vahend organismi kaitsemehhanismide toetamiseks ja immuuns\u00fcsteemi aktiveerimiseks.<\/p>\n<p>See on k\u00f5ige kasulikum viirus- ja bakteriaalsete infektsioonide puhul.<\/p>\n<p><strong>M\u00f5ju:<\/strong><\/p>\n<ul>\n<li>toetada immuuns\u00fcsteemi tugevdamist, et toetada v\u00e4henenud reaktsiooni allergeenidele,<\/li>\n<li>toetada viirushaigustest taastumist,<\/li>\n<li>toksiliste ainete eemaldamise toetamine,<\/li>\n<li>toetavad antibakteriaalset ja viirusevastast toimet.<\/li>\n<\/ul>\n<p><strong>Millal seda kasutada?<\/strong><\/p>\n<div class=\"su-spoiler su-spoiler-style-defoult su-spoiler-icon-caret su-spoiler-closed\" data-scroll-offset=\"0\" data-anchor-in-url=\"no\"><div class=\"su-spoiler-title\" tabindex=\"0\" role=\"button\"><span class=\"su-spoiler-icon\"><\/span>K\u00f5ik<\/div><div class=\"su-spoiler-content su-u-clearfix su-u-trim\">\nSolo Pendant avaldab positiivset m\u00f5ju keha funktsionaalsele toimimisele ja seda saab kasutada t\u00e4iendava korrigeeriva ja optimeeriva vahendina j\u00e4rgmiste haiguste ennetamisel ja ravimisel:<\/p>\n<ul>\n<li>\u00fclemiste bakteriaalsete ja viiruslike hingamisteede haiguste puhul;<\/li>\n<li>p\u00f5letikuliste haiguste, bakteriallergilise iseloomuga juhtumite, nohu, far\u00fcngiidi, lar\u00fcngiidi, bronhiidi korral;<\/li>\n<li>autoimmuunhaiguste (bronhiaalastma, astmaatiline bronhiit, reumatoidartriit, p\u00fcelo- ja glumerulonefriit - nefriit, autoimmuunne kilpn\u00e4\u00e4rmehaigus, reumast tingitud s\u00fcdameklappide haigused, endoteeli vaskulaarsed haigused, streptokokkide ja staf\u00fclokokkide p\u00f5hjustatud dermatiit) varajases staadiumis.<\/li>\n<\/ul>\n<p>Oluline hoiatus: kui teil tekivad \u00fclemiste ja alumiste hingamisteede haiguste s\u00fcmptomid, p\u00f6\u00f6rduge arsti poole. Kasutage Solo Medal'i t\u00e4iendava vahendina arsti soovitatud ravimeetoditele, et toetada teie taastumist.<\/p>\n<\/div><\/div>","protected":false},"excerpt":{"rendered":"<p>SOLO Eg\u00e9szs\u00e9g Med\u00e1l F\u0151 funkci\u00f3i: A Solo Med\u00e1l kieg\u00e9sz\u00edt\u0151 eszk\u00f6z, mely a szervezet v\u00e9dekez\u0151 mechanizmusait \u00e9s az immunrendszer aktiv\u00e1l\u00e1s\u00e1t t\u00e1mogatja. V\u00edrusos \u00e9s bakteri\u00e1lis fert\u0151z\u00e9sek eset\u00e9n ny\u00fajtja a legnagyobb seg\u00edts\u00e9get. Hat\u00e1sa: immunrendszer er\u0151s\u00edt\u00e9s\u00e9nek t\u00e1mogat\u00e1sa, az allerg\u00e9nekre val\u00f3 cs\u00f6kkent reakci\u00f3 el\u00e9r\u00e9s\u00e9nek t\u00e1mogat\u00e1sa, a v\u00edrusos megbeteged\u00e9sek gy\u00f3gyul\u00e1s\u00e1nak t\u00e1mogat\u00e1sa, a toxikus anyagok kivezet\u00e9s\u00e9nek t\u00e1mogat\u00e1sa, antibakteri\u00e1lis \u00e9s v\u00edrus\u00f6l\u0151 hat\u00e1s t\u00e1mogat\u00e1sa. [&hellip;]<\/p>\n","protected":false},"featured_media":4744,"comment_status":"open","ping_status":"closed","template":"","meta":[],"product_brand":[],"product_cat":[33,32],"product_tag":[],"class_list":{"0":"post-4745","1":"product","2":"type-product","3":"status-publish","4":"has-post-thumbnail","6":"product_cat-egeszseg-medalok","7":"product_cat-triomed","9":"first","10":"instock","11":"taxable","12":"shipping-taxable","13":"purchasable","14":"product-type-simple"},"_links":{"self":[{"href":"https:\/\/vetomshop.hu\/et\/wp-json\/wp\/v2\/product\/4745","targetHints":{"allow":["GET"]}}],"collection":[{"href":"https:\/\/vetomshop.hu\/et\/wp-json\/wp\/v2\/product"}],"about":[{"href":"https:\/\/vetomshop.hu\/et\/wp-json\/wp\/v2\/types\/product"}],"replies":[{"embeddable":true,"href":"https:\/\/vetomshop.hu\/et\/wp-json\/wp\/v2\/comments?post=4745"}],"wp:featuredmedia":[{"embeddable":true,"href":"https:\/\/vetomshop.hu\/et\/wp-json\/wp\/v2\/media\/4744"}],"wp:attachment":[{"href":"https:\/\/vetomshop.hu\/et\/wp-json\/wp\/v2\/media?parent=4745"}],"wp:term":[{"taxonomy":"product_brand","embeddable":true,"href":"https:\/\/vetomshop.hu\/et\/wp-json\/wp\/v2\/product_brand?post=4745"},{"taxonomy":"product_cat","embeddable":true,"href":"https:\/\/vetomshop.hu\/et\/wp-json\/wp\/v2\/product_cat?post=4745"},{"taxonomy":"product_tag","embeddable":true,"href":"https:\/\/vetomshop.hu\/et\/wp-json\/wp\/v2\/product_tag?post=4745"}],"curies":[{"name":"wp","href":"https:\/\/api.w.org\/{rel}","templated":true}]}}