{"id":4755,"date":"2023-11-11T14:34:03","date_gmt":"2023-11-11T13:34:03","guid":{"rendered":"https:\/\/vetomshop.hu\/termek\/menedzser-kartya\/"},"modified":"2023-11-11T14:34:03","modified_gmt":"2023-11-11T13:34:03","slug":"menedzser-kartya","status":"publish","type":"product","link":"https:\/\/vetomshop.hu\/et\/toode\/menedzser-kartya\/","title":{"rendered":"Juhi kaart"},"content":{"rendered":"<h4>Milleks on MENEDZSER CARD?<\/h4>\n<p><strong>JUHATAJA KAART<\/strong> - seade kroonilise v\u00e4simuse ja \u00fclet\u00f6\u00f6tamise s\u00fcndroomi ennetamiseks ja raviks, t\u00f6\u00f6v\u00f5ime suurendamiseks, taastumisprotsesside aktiveerimiseks p\u00e4rast stressirohket t\u00f6\u00f6d ja immuunsuse suurendamiseks.<\/p>\n<p>MENEDZSER CARDi toimimine toetab kognitiivseid protsesse. Selle eesm\u00e4rk on aktiveerida m\u00e4luprotsesse, v\u00f5imaldades vajaliku teabe kohest meeldej\u00e4tmist, suurendada m\u00f5tlemise kiirust, taastada keskn\u00e4rvis\u00fcsteemi rakkude ja kudede f\u00fcsioloogiliste protsesside normaalne kulg, suurendada nende stabiilsust v\u00e4lismaailma kahjulike m\u00f5jude suhtes.<\/p>\n<p><strong>M\u00f5ju:<\/strong><\/p>\n<ul>\n<li>toetab vereringet ja ainevahetusprotsesse keskn\u00e4rvis\u00fcsteemis ning aitab taastada keskn\u00e4rvis\u00fcsteemi funktsioone;<\/li>\n<li>aitab parandada m\u00e4lu, v\u00f5imaldades teil omandada rohkem teavet;<\/li>\n<li>toetab keskendumist,<\/li>\n<li>v\u00e4hendab v\u00e4simust tegevuse ajal;<\/li>\n<li>v\u00e4hendab neuroemotsionaalset pinget arvuti kasutamise ajal;<\/li>\n<li>\u00fchtlustab emotsionaalset-ps\u00fchholoogilist suhtumist;<\/li>\n<li>parandab intuitsiooni,<\/li>\n<li>aitab ennetada kroonilise stressi ja v\u00e4simuse teket.<\/li>\n<\/ul>\n<div class=\"su-spoiler su-spoiler-style-defoult su-spoiler-icon-caret su-spoiler-closed\" data-scroll-offset=\"0\" data-anchor-in-url=\"no\"><div class=\"su-spoiler-title\" tabindex=\"0\" role=\"button\"><span class=\"su-spoiler-icon\"><\/span>K\u00f5ik<\/div><div class=\"su-spoiler-content su-u-clearfix su-u-trim\">\n<strong>T\u00e4nu j\u00e4rgmisele:<\/strong><\/p>\n<ul>\n<li>keskendub peamistele asjadele,<\/li>\n<li>soodustab positiivset ellusuhtumist ja sihikindluse arendamist,<\/li>\n<li>aitab teil keskenduda edule ja eesm\u00e4rgile,<\/li>\n<li>toetab saavutustunnet, enesekindlust ja usku eesm\u00e4rgi \u00f5nnestumisse!<\/li>\n<\/ul>\n<\/div><\/div>","protected":false},"excerpt":{"rendered":"<p>Mire szolg\u00e1l a MENEDZSER K\u00c1RTYA? MENEDZSER K\u00c1RTYA \u2013 a kr\u00f3nikus f\u00e1rad\u00e9konys\u00e1g \u00e9s a t\u00falhajszolts\u00e1g szindr\u00f3m\u00e1ja megel\u0151z\u00e9s\u00e9re \u00e9s kezel\u00e9s\u00e9re, a munkab\u00edr\u00e1s n\u00f6vel\u00e9s\u00e9re, az \u00e1tv\u00e9szelt stressz-megterhel\u00e9seket k\u00f6vet\u0151 regener\u00e1ci\u00f3s folyamatok aktiviz\u00e1l\u00e1s\u00e1ra, az immunit\u00e1s n\u00f6vel\u00e9s\u00e9re szolg\u00e1l\u00f3 k\u00e9sz\u00fcl\u00e9k. A MENEDZSER K\u00c1RTYA m\u0171k\u00f6d\u00e9se a kognit\u00edv folyamatok m\u0171k\u00f6d\u00e9s\u00e9t t\u00e1mogatja. Az eml\u00e9kez\u00e9s folyamatainak aktiviz\u00e1l\u00e1s\u00e1ra, a sz\u00fcks\u00e9ges inform\u00e1ci\u00f3 azonnali memoriz\u00e1l\u00e1s\u00e1nak lehet\u0151s\u00e9g\u00e9re, a gondolkod\u00e1s sebess\u00e9g\u00e9nek [&hellip;]<\/p>\n","protected":false},"featured_media":4754,"comment_status":"open","ping_status":"closed","template":"","meta":[],"product_brand":[],"product_cat":[33,32],"product_tag":[],"class_list":{"0":"post-4755","1":"product","2":"type-product","3":"status-publish","4":"has-post-thumbnail","6":"product_cat-egeszseg-medalok","7":"product_cat-triomed","9":"first","10":"instock","11":"taxable","12":"shipping-taxable","13":"purchasable","14":"product-type-simple"},"_links":{"self":[{"href":"https:\/\/vetomshop.hu\/et\/wp-json\/wp\/v2\/product\/4755","targetHints":{"allow":["GET"]}}],"collection":[{"href":"https:\/\/vetomshop.hu\/et\/wp-json\/wp\/v2\/product"}],"about":[{"href":"https:\/\/vetomshop.hu\/et\/wp-json\/wp\/v2\/types\/product"}],"replies":[{"embeddable":true,"href":"https:\/\/vetomshop.hu\/et\/wp-json\/wp\/v2\/comments?post=4755"}],"wp:featuredmedia":[{"embeddable":true,"href":"https:\/\/vetomshop.hu\/et\/wp-json\/wp\/v2\/media\/4754"}],"wp:attachment":[{"href":"https:\/\/vetomshop.hu\/et\/wp-json\/wp\/v2\/media?parent=4755"}],"wp:term":[{"taxonomy":"product_brand","embeddable":true,"href":"https:\/\/vetomshop.hu\/et\/wp-json\/wp\/v2\/product_brand?post=4755"},{"taxonomy":"product_cat","embeddable":true,"href":"https:\/\/vetomshop.hu\/et\/wp-json\/wp\/v2\/product_cat?post=4755"},{"taxonomy":"product_tag","embeddable":true,"href":"https:\/\/vetomshop.hu\/et\/wp-json\/wp\/v2\/product_tag?post=4755"}],"curies":[{"name":"wp","href":"https:\/\/api.w.org\/{rel}","templated":true}]}}