{"id":5820,"date":"2024-06-01T18:26:31","date_gmt":"2024-06-01T16:26:31","guid":{"rendered":"https:\/\/vetomshop.hu\/?post_type=product&#038;p=5820"},"modified":"2026-04-12T08:27:56","modified_gmt":"2026-04-12T06:27:56","slug":"vetom-1-1-probiotikum-por-500-g-etrend-kiegeszito","status":"publish","type":"product","link":"https:\/\/vetomshop.hu\/et\/toode\/vetom-1-1-probiotikum-por-500-g-etrend-kiegeszito\/","title":{"rendered":"Vetom <span style=\"color:red\">1.1<\/span> probiootiline <br>por <span style=\"color:red\">500 g<\/span> (toidulisand)"},"content":{"rendered":"<p>Kasulikud m\u00f5jud <strong>Bacillus subtilis<\/strong> kasulikud bakterid, mis paljunevad peamiselt j\u00e4mesooles ja toodavad: proteol\u00fc\u00fctilisi, am\u00fclol\u00fc\u00fctilisi, tsellulol\u00fc\u00fctilisi ens\u00fc\u00fcme; inimese leukots\u00fc\u00fctide a-2 interferooni; bakitrasiini mg, mis p\u00e4rsib patogeense ja potentsiaalselt patogeense mikrofloora kasvu ja arengut; ja muid bioloogiliselt aktiivseid aineid.<\/p>\n<p>Selle tulemusena muutub soolestiku sisu bakteriaalne koostis sobivaks arengunormiks, soolestiku seinad puhastatakse seedimata j\u00e4\u00e4kidest, mis aitab kaasa toksiinide aktiivsele eemaldamisele organismist, bioloogiliselt aktiivsete toitainete takistamatule transpordile.<\/p>\n<p>Vetom 1.1 toimel normaliseerub bioloogiliselt aktiivsete toidu komponentide ainevahetus, seedetraktis toimuv seedimine, seedimine ja imendumine.<\/p>\n<p>Lastele meelep\u00e4rane toode, mis on maitsvalt magus ja mida v\u00f5ib isegi suu kaudu s\u00fc\u00fca iseseisvalt.<\/p>\n<p>Vetom 1.1 suurendab ravimite t\u00f5husust ja v\u00e4hendab nende negatiivseid k\u00f5rvalm\u00f5jusid inimkehale.<\/p>\n<p>See ei ole ravim.<\/p>\n<p><strong>Farmakoloogiline m\u00f5ju<\/strong>: immunomoduleeriv, viirusevastane, antiproliferatiivne, bakteritsiidne, fungitsiidne, klam\u00fc\u00fcdiavastane.<\/p>\n<h5>Omadused:<\/h5>\n<ul>\n<li>Sellel on k\u00f5rge antagonistlik aktiivsus patogeensete ja tinglikult patogeensete seente ja bakterite vastu, viirusevastased, proteol\u00fc\u00fctilised, amil\u00fc\u00fctilised, tsellulol\u00fc\u00fctilised omadused.<\/li>\n<li>stimuleerib rakulisi ja humoraalseid immuunsustegureid.<\/li>\n<li>suurendab keha mittespetsiifilist vastupanu<\/li>\n<li>stabiliseerib allergilist resistentsust<\/li>\n<li>normaliseerib ainevahetust<\/li>\n<\/ul>\n<p>- EI OLE K\u00d5RVALTOIMEID<br \/>\n- VANUSEPIIRANGUT EI OLE<br \/>\n- NO OVERDOSE<br \/>\n- EI TEKITA S\u00d5LTUVUST<\/p>\n<h5>Kasutusala<\/h5>\n<p>Probiootiliste mikroorganismide kasutamine bioloogiliselt aktiivse toidulisandina on soovitatav seedetrakti parandamiseks ja soolestiku mikrofloora taastamiseks.<\/p>\n<p><em><strong>Annustamine:<\/strong><\/em> soovitatav 10 p\u00e4eva jooksul , 3-5 teelusikat\u00e4it pulbrit p\u00e4evas enne , ajal v\u00f5i p\u00e4rast s\u00f6\u00f6ki , \u00fcksi ( v\u00f5ib juua ka koos vee v\u00f5i mahlaga) .<\/p>\n<p>Vetom 1.1 ei tekita s\u00f5ltuvust.<\/p>\n<p>Soovitatav on korrata kuure p\u00e4rast 1-2 n\u00e4dalast pausi ja soovitav on vahetada Vetom'i toodet m\u00f5ne teise numbriga.<\/p>\n<h5>Vastun\u00e4idustused<\/h5>\n<p>\u00dclitundlikkus toote teatud koostisosade suhtes.<\/p>\n<p>\u00c4rge v\u00f5tke Vetom 1.1 samaaegselt antibiootikumide ja teiste probiootikumidega.<\/p>\n<h5>Erijuhised<\/h5>\n<p>Kasutage raseduse ja rinnaga toitmise ajal ainult p\u00e4rast arstliku konsultatsiooni.<\/p>\n<p>Ettevalmistus ei m\u00f5juta autojuhtimise v\u00f5i potentsiaalselt ohtlike mehhanismide kasutamise v\u00f5imet.<\/p>\n<h5>Dispensing<\/h5>\n<p><strong>Pulbrina, pakendatud pol\u00fcmeerpurkidesse.<\/strong><\/p>\n<h5><strong>Koostisained:<\/strong><\/h5>\n<p>Vetom 1.1. on bioloogiliselt aktiivne lisand, mida kasutatakse t\u00e4iendava probiootiliste mikroorganismide allikana. 1 portsjon toidulisand - 5 g, mis ,<\/p>\n<p>sisaldab: maisiekstrakt - 2000 mg; kartulit\u00e4rklis - 1500 mg; tuhksuhkur - 1000 mg; probiootiliste mikroorganismide Bacillus subtilis B-10641 (DSM 24613) t\u00fcve 1\u00d7108 CFU\/g kuivkultuur - 500 mg. Vetom 1.1 manustatakse suukaudselt.<\/p>\n<p>Sisaldus 100 g toote kohta (keskmised v\u00e4\u00e4rtused): rasv - maksimaalselt 0,1 g, valgud - maksimaalselt 1,0 g, s\u00fcsivesikud - minimaalselt 98,9 g. Energiav\u00e4\u00e4rtus - maksimaalselt 400 kcal.<\/p>\n<h5>Ladustamistingimused<\/h5>\n<p>V\u00f5ib s\u00e4ilitada 75 % suhtelise \u00f5huniiskuse juures alla 30\u00b0C.<\/p>\n<h5>S\u00e4ilivusaeg<\/h5>\n<p>2 aastat alates tootmiskuup\u00e4evast. Mitte tarbida p\u00e4rast k\u00f5lblikkusaega.<\/p>\n<p>Netokaal - 500 g<\/p>\n<p>Brutokaal - 547 g<\/p>","protected":false},"excerpt":{"rendered":"<p>Kasulikud m\u00f5jud <strong>Bacillus subtilis<\/strong> kasulikud bakterid, mis tekivad peamiselt j\u00e4mesooles paljunedes:<\/p>\n<ul class=\"vetom-list\">\n<li>proteol\u00fc\u00fctilised, am\u00fclol\u00fc\u00fctilised, tsellulosol\u00fc\u00fctilised ens\u00fc\u00fcmid;<\/li>\n<li>a-2 interferoon inimese leukots\u00fc\u00fctides;<\/li>\n<li>batsitrasiini mg, mis p\u00e4rsib patogeense ja potentsiaalselt patogeense mikrofloora kasvu ja arengut;<\/li>\n<li>ja muud bioloogiliselt aktiivsed ained.<\/li>\n<\/ul>\n<p>Selle tulemusena muutub soolestiku sisu bakteriaalne koostis sobivaks arengunormiks, soolestiku seinad puhastatakse seedimata j\u00e4\u00e4kidest, mis aitab kaasa toksiinide aktiivsele eemaldamisele organismist, bioloogiliselt aktiivsete toitainete takistamatule transpordile.<\/p>\n<div class=\"plashka\">A <strong>Vetom <span style=\"color: red;\">1.1<\/span><\/strong> normaliseerib ainevahetust, seedimist ja bioloogiliselt aktiivsete toiduainete komponentide imendumist seedetraktis.<\/div>\n<p>Lapses\u00f5bralik toode, mis on maitsvalt magus ja mida v\u00f5ib s\u00fc\u00fca suu kaudu iseseisvalt.<\/p>\n<p>A <strong>Vetom <span style=\"color: red;\">1.1<\/span><\/strong> suurendab ravimite t\u00f5husust ja v\u00e4hendab nende negatiivseid k\u00f5rvalm\u00f5jusid inimkehale.<\/p>\n<p>See ei ole ravim.<\/p>\n<div class=\"plashka\"><strong>Farmakoloogiline m\u00f5ju<\/strong>: immunomoduleeriv, viirusevastane, antiproliferatiivne, bakteritsiidne, fungitsiidne, klam\u00fc\u00fcdiavastane.<\/div>\n<h5>Omadused:<\/h5>\n<ul class=\"vetom-list\">\n<li>Sellel on k\u00f5rge antagonistlik aktiivsus patogeensete ja tinglikult patogeensete seente ja bakterite vastu, viirusevastased, proteol\u00fc\u00fctilised, amil\u00fc\u00fctilised, tsellulol\u00fc\u00fctilised omadused.<\/li>\n<li>stimuleerib rakulisi ja humoraalseid immuunsustegureid.<\/li>\n<li>suurendab keha mittespetsiifilist vastupanu<\/li>\n<li>stabiliseerib allergilist resistentsust<\/li>\n<li>normaliseerib ainevahetust<\/li>\n<\/ul>","protected":false},"featured_media":5821,"comment_status":"open","ping_status":"closed","template":"","meta":[],"product_brand":[],"product_cat":[22],"product_tag":[],"class_list":{"0":"post-5820","1":"product","2":"type-product","3":"status-publish","4":"has-post-thumbnail","6":"product_cat-vetom-probiotikumok","8":"first","9":"instock","10":"featured","11":"taxable","12":"shipping-taxable","13":"purchasable","14":"product-type-simple"},"_links":{"self":[{"href":"https:\/\/vetomshop.hu\/et\/wp-json\/wp\/v2\/product\/5820","targetHints":{"allow":["GET"]}}],"collection":[{"href":"https:\/\/vetomshop.hu\/et\/wp-json\/wp\/v2\/product"}],"about":[{"href":"https:\/\/vetomshop.hu\/et\/wp-json\/wp\/v2\/types\/product"}],"replies":[{"embeddable":true,"href":"https:\/\/vetomshop.hu\/et\/wp-json\/wp\/v2\/comments?post=5820"}],"wp:featuredmedia":[{"embeddable":true,"href":"https:\/\/vetomshop.hu\/et\/wp-json\/wp\/v2\/media\/5821"}],"wp:attachment":[{"href":"https:\/\/vetomshop.hu\/et\/wp-json\/wp\/v2\/media?parent=5820"}],"wp:term":[{"taxonomy":"product_brand","embeddable":true,"href":"https:\/\/vetomshop.hu\/et\/wp-json\/wp\/v2\/product_brand?post=5820"},{"taxonomy":"product_cat","embeddable":true,"href":"https:\/\/vetomshop.hu\/et\/wp-json\/wp\/v2\/product_cat?post=5820"},{"taxonomy":"product_tag","embeddable":true,"href":"https:\/\/vetomshop.hu\/et\/wp-json\/wp\/v2\/product_tag?post=5820"}],"curies":[{"name":"wp","href":"https:\/\/api.w.org\/{rel}","templated":true}]}}