{"id":6957,"date":"2025-07-26T15:40:40","date_gmt":"2025-07-26T13:40:40","guid":{"rendered":"https:\/\/vetomshop.hu\/?post_type=product&#038;p=6957"},"modified":"2025-12-31T14:57:45","modified_gmt":"2025-12-31T13:57:45","slug":"bioseptin-probiotikus-kenocs-60-g","status":"publish","type":"product","link":"https:\/\/vetomshop.hu\/et\/toode\/bioseptin-probiotikus-kenocs-60-g\/","title":{"rendered":"Bioseptin probiootiline salv <span style=\"color:red\">60<\/span> g"},"content":{"rendered":"<p><span style=\"font-size: x-large;\"><b>Bioseptin probiootiline salv 60 g<\/b><\/span><\/p>\n<p><span style=\"font-size: x-large;\">Bioseptini salv on antiseptiliste, p\u00f5letikuvastaste ja valgu katkestavate omadustega. See sisaldab Bacillus subtilis ja Bacillus licheniformis bakterite eoseid, mis on t\u00f5husad paljude patogeenide vastu. Need h\u00e4vitavad haava pinnal olevad patogeensed bakterid, eriti Gram-positiivsed bakterid, nii hapnikuvaegses kui ka hapnikuta keskkonnas. Nad aitavad lagundada surnud kudesid ja kahjulikke baktereid, ennetades taasinfektsiooni ja kiirendades haava paranemist. Salv ei tekita \u00e4rritust ja allergilisi reaktsioone ei teki.<\/span><\/p>\n<p><span style=\"font-size: x-large;\"><b>Koosseis ja esitusviis:<\/b><\/span><\/p>\n<p><span style=\"font-size: x-large;\">Salv sisaldab kahe bakterit\u00fcve eoseid agar- (geel-) alusel ja et\u00fc\u00fclalkoholi. See ei sisalda geneetiliselt muundatud koostisosi. Iga gramm salvi sisaldab v\u00e4hemalt miljon elusat bakterirakku.<\/span><\/p>\n<p>Mitmed rahvusvahelise organisatsiooni riigid on \u00fchiselt kehtestanud kosmeetikatoodete kaubanduskeelu (embargo), mist\u00f5ttu Bioseptin salv on Ungaris registreeritud veterinaarravimina. .<\/p>\n<p><span style=\"font-size: x-large;\"><b>Kuidas kasutada:<\/b><\/span><\/p>\n<p><span style=\"font-size: x-large;\">Seda tuleb kanda v\u00e4lispidiselt, m\u00e4\u00e4rides seda \u00f5hukeselt kahjustatud nahapiirkonnale 1-2 korda p\u00e4evas kuni paranemiseni. T\u00f6\u00f6deldud piirkonda ei pea siduma.<\/span><\/p>\n<p><span style=\"font-size: x-large;\"><b>Millal mitte kasutada:<\/b><\/span><\/p>\n<p><span style=\"font-size: x-large;\">\u00a0 \u00a0Kui olete tundlik selle toote m\u00f5ne koostisosa suhtes, ei soovitata seda kasutada. Samuti ei tohiks seda kasutada koos antibiootikumide, sulfoonamiidide v\u00f5i muude bakterip\u00f5histe preparaatidega.<\/span><\/p>\n<p><span style=\"font-size: x-large;\"><b>Oluline teave:<\/b><\/span><\/p>\n<p><span style=\"font-size: x-large;\"><span style=\"color: #127622;\"><b>Inimestel salvi kasutamine:<\/b><\/span><\/span><\/p>\n<p><span style=\"font-size: large;\">Kandke \u00f5huke kiht 1-2 korda p\u00e4evas kahjustatud piirkonnale, kuni haav on paranenud.<\/span><\/p>\n<p><span style=\"font-size: large;\">\u00dcleannustamine ei ole v\u00f5imalik.<\/span><\/p>\n<p><span style=\"font-size: x-large;\"><span style=\"color: #127622;\"><b>Loomade puhul salvi pealekandmine:<\/b><\/span><\/span><\/p>\n<p><span style=\"font-size: x-large;\">Kui loomad on t\u00f6\u00f6deldud, ei ole mingit ooteaega, enne kui nende liha v\u00f5i muid tooteid (nt munad, piim) saab kasutada toiduks - st neid v\u00f5ib kohe tarbida.<\/span><\/p>\n<p><span style=\"font-size: x-large;\"><b>Kasutusalad:<\/b><\/span><\/p>\n<p><span style=\"font-size: x-large;\">Seda v\u00f5ib kasutada haavade, nakatunud v\u00f5i surnud kudede, p\u00f5letuste ja dermatiidi raviks erinevatel loomaliikidel - kodu-, p\u00f5llumajandus-, mets- ja karusloomadel ning kodulindudel.<\/span><\/p>\n<p><span style=\"font-size: x-large;\"><b>K\u00f5rvaltoimed:<\/b><\/span><\/p>\n<p><span style=\"font-size: x-large;\">N\u00f5uetekohase kasutamise korral on k\u00f5rvaltoimed haruldased v\u00f5i puuduvad \u00fcldse.<\/span><\/p>\n<p><span style=\"font-size: x-large;\"><b>Ladustamine :<\/b><\/span><\/p>\n<p><span style=\"font-size: x-large;\">Salvi tuleb s\u00e4ilitada jahedas (0-10 \u00b0C), kuivas ja pimedas kohas, lastele ja loomadele k\u00e4ttesaamatus kohas. Transpordi ajal peaks see s\u00e4ilima temperatuuril 20 \u00b0C maksimaalselt 2 n\u00e4dalat. V\u00f5ib kasutada 2 aastat alates tootmiskuup\u00e4evast.<\/span><\/p>","protected":false},"excerpt":{"rendered":"<p>A <strong>Bioseptiini salv<\/strong> antiseptilised, p\u00f5letikuvastased ja proteol\u00fc\u00fctilised omadused. See sisaldab <strong>Bacillus subtilis<\/strong> ja <strong>Bacillus licheniformis<\/strong> bakterite spoorid on t\u00f5husad paljude patogeenide vastu. Nad tapavad haava pinnal olevad patogeensed bakterid, olenemata sellest, kas need elavad hapnikuvaegses v\u00f5i hapnikuta keskkonnas, eriti Gram-positiivsed bakterid. Nad aitavad lagundada surnud kudesid ja kahjulikke baktereid, ennetades taasinfektsiooni ja kiirendades haava paranemist. Salv ei tekita \u00e4rritust ja allergilisi reaktsioone ei teki.<\/p>\n<div class=\"plashka\">\n<h5>Omadused ja toimemehhanism:<br \/>\nBioseptin - nahahooldava, antiseptilise, p\u00f5letikuvastase ja proteol\u00fc\u00fctilise toimega salv.<\/h5>\n<\/div>","protected":false},"featured_media":6958,"comment_status":"open","ping_status":"closed","template":"","meta":[],"product_brand":[],"product_cat":[22],"product_tag":[],"class_list":{"0":"post-6957","1":"product","2":"type-product","3":"status-publish","4":"has-post-thumbnail","6":"product_cat-vetom-probiotikumok","8":"first","9":"outofstock","10":"taxable","11":"shipping-taxable","12":"purchasable","13":"product-type-simple"},"_links":{"self":[{"href":"https:\/\/vetomshop.hu\/et\/wp-json\/wp\/v2\/product\/6957","targetHints":{"allow":["GET"]}}],"collection":[{"href":"https:\/\/vetomshop.hu\/et\/wp-json\/wp\/v2\/product"}],"about":[{"href":"https:\/\/vetomshop.hu\/et\/wp-json\/wp\/v2\/types\/product"}],"replies":[{"embeddable":true,"href":"https:\/\/vetomshop.hu\/et\/wp-json\/wp\/v2\/comments?post=6957"}],"wp:featuredmedia":[{"embeddable":true,"href":"https:\/\/vetomshop.hu\/et\/wp-json\/wp\/v2\/media\/6958"}],"wp:attachment":[{"href":"https:\/\/vetomshop.hu\/et\/wp-json\/wp\/v2\/media?parent=6957"}],"wp:term":[{"taxonomy":"product_brand","embeddable":true,"href":"https:\/\/vetomshop.hu\/et\/wp-json\/wp\/v2\/product_brand?post=6957"},{"taxonomy":"product_cat","embeddable":true,"href":"https:\/\/vetomshop.hu\/et\/wp-json\/wp\/v2\/product_cat?post=6957"},{"taxonomy":"product_tag","embeddable":true,"href":"https:\/\/vetomshop.hu\/et\/wp-json\/wp\/v2\/product_tag?post=6957"}],"curies":[{"name":"wp","href":"https:\/\/api.w.org\/{rel}","templated":true}]}}