{"id":7033,"date":"2025-08-19T14:24:55","date_gmt":"2025-08-19T12:24:55","guid":{"rendered":"https:\/\/vetomshop.hu\/?post_type=product&#038;p=7033"},"modified":"2025-10-21T17:32:52","modified_gmt":"2025-10-21T15:32:52","slug":"honey-vetom-biologiailag-aktiv-etrend-kiegeszito-60-ml","status":"publish","type":"product","link":"https:\/\/vetomshop.hu\/et\/toode\/honey-vetom-biologiailag-aktiv-etrend-kiegeszito-60-ml\/","title":{"rendered":"Honey Vetom - Bioloogiliselt aktiivne toidulisand <span style=\"color:red\">60<\/span> ml"},"content":{"rendered":"<p><span style=\"font-size: x-large;\"><b>Honey Vetom - Bioloogiliselt aktiivne toidulisand 60 g<\/b><\/span><\/p>\n<h5><strong>Koostis (1 portsjon = 10 g):<\/strong><\/h5>\n<p>* Looduslik mesi: 8 g<\/p>\n<p>* Fermenteeritud maisiekstrakt (Bacillus subtilis VKPM B-10641): 1 g (sisaldab 1\u00d710\u2076 CFU\/g baktereid).<\/p>\n<h5><strong>Toitev\u00e4\u00e4rtus 10 g:<\/strong><\/h5>\n<ul class=\"vetom-list\">\n<li>\u00a0 * Rasv: 0 g<\/li>\n<li>\u00a0 * S\u00fcsivesikud: 8 g<\/li>\n<li>\u00a0 * Valgud: 0,08 g<\/li>\n<li>\u00a0 * Energia: 31,4 kcal<\/li>\n<\/ul>\n<h5><strong>Kirjeldus:<\/strong><\/h5>\n<ul class=\"vetom-list\">\n<li>Meep\u00f5hine, tihe, homogeenne aine<\/li>\n<li>V\u00e4rvus: v\u00f5ib varieeruda valgest kuni tumepruunini<\/li>\n<li>Tekstuur: osaliselt v\u00f5i t\u00e4ielikult kristalliseerunud.<\/li>\n<li>Aroom: meeldiv mee l\u00f5hn<\/li>\n<li>Maitse: magus, ilma v\u00f5\u00f5raste maitseta<\/li>\n<\/ul>\n<h5><strong>V\u00e4ljastamine:<\/strong><\/h5>\n<ul class=\"vetom-list\">\n<li>60 ml tuub<\/li>\n<li>Pappkarbis, koos infolehega<\/li>\n<\/ul>\n<h5><strong>Miks seda soovitatakse?<\/strong><\/h5>\n<ul class=\"vetom-list\">\n<li>Rikastatud probiootiliste mikroorganismide bioloogiliselt aktiivsete ainetega<\/li>\n<li>Toetab soolestiku floora ja immuuns\u00fcsteemi funktsiooni<\/li>\n<li>Samuti fruktoosi allikas<\/li>\n<\/ul>\n<h5><strong>Kasutamine ja annustamine:<\/strong><\/h5>\n<p>Ei ole ravim<\/p>\n<ul class=\"vetom-list\">\n<li>T\u00e4iskasvanud: 3 korda p\u00e4evas, v\u00f5rdsete vahedega, 10 p\u00e4eva jooksul.<\/li>\n<li>\u00dcks portsjon: 10 g (umbes 1 teelusikat\u00e4is).<\/li>\n<li>V\u00f5ib v\u00f5tta koos toiduga v\u00f5i ilma (enne, ajal v\u00f5i p\u00e4rast).<\/li>\n<li>Soovitatav korrata iga 3 kuu tagant<\/li>\n<\/ul>\n<h5><strong>Ladustamine:<\/strong><\/h5>\n<div class=\"plashka\">\n<p>* Kuivas, jahedas kohas* P\u00e4ikesekiirguse eest kaitstult<\/p>\n<p>* Max. temperatuuril +20 \u00b0C<\/p>\n<p>* P\u00e4rast avamist: v\u00f5ib kasutada 12 kuud.<\/p>\n<p>* Kehtivusaeg: 2 aastat alates tootmisest<\/p>\n<\/div>\n<p><strong>Hoiatused:<\/strong><\/p>\n<p><strong>Ei soovitata:<\/strong><\/p>\n<ul>\n<li>Individuaalse tundlikkuse v\u00f5i allergia korral<\/li>\n<li>Rasedatele, rinnaga toitvatele naistele ja alla 18-aastastele.<\/li>\n<li>Diabeetikutele<\/li>\n<li>V\u00e4hi korral<\/li>\n<li>\u00c4rge \u00fcletage soovitatud p\u00e4evast annust!<\/li>\n<li>Enne kasutamist konsulteerida arstiga<\/li>\n<\/ul>\n<p>Fruktoosisisaldus (30 g p\u00e4evas):<\/p>\n<p>12 g fruktoosi, mis on 68,6% soovituslikust p\u00e4evasest tarbimisest (vastavalt kehtestatud standarditele).<\/p>\n<p><strong>Turundusteave:<\/strong><\/p>\n<p><strong>Tootja:<\/strong> OOO NPF Issledovatelsky Tsentr, Novosibirsk, Venemaa<\/p>\n<p><strong>Levitaja:<\/strong> Cemmedic Europe Ltd., Zichy\u00fajfalu, Ungari<\/p>\n<p>+36305573846, vetomshop.hu@gmail.com<\/p>","protected":false},"excerpt":{"rendered":"<div class=\"plashka\">\n<h5><strong>Koostis (1 portsjon = 10 g):<\/strong><\/h5>\n<p>- Looduslik mesi: 8 g<br \/>\n- Fermenteeritud maisiekstrakt (Bacillus subtilis VKPM B-10641): 1 g (sisaldab 1\u00d710\u2076 CFU\/g baktereid).<\/p>\n<\/div>\n<h5><strong>Kirjeldus:<\/strong><\/h5>\n<ul class=\"vetom-list\">\n<li>Meep\u00f5hine, tihe, homogeenne aine<\/li>\n<li>V\u00e4rvus: v\u00f5ib varieeruda valgest kuni tumepruunini<\/li>\n<li>Tekstuur: osaliselt v\u00f5i t\u00e4ielikult kristalliseerunud.<\/li>\n<li>Aroom: meeldiv mee l\u00f5hn<\/li>\n<li>Maitse: magus, ilma v\u00f5\u00f5raste maitseta<\/li>\n<\/ul>\n<div class=\"plashka\">\n<h5><strong>Miks seda soovitatakse?<\/strong><\/h5>\n<ul class=\"vetom-list\">\n<li>Rikastatud probiootiliste mikroorganismide bioloogiliselt aktiivsete ainetega<\/li>\n<li>Toetab soolestiku floora ja immuuns\u00fcsteemi funktsiooni<\/li>\n<li>Samuti fruktoosi allikas<\/li>\n<\/ul>\n<\/div>","protected":false},"featured_media":7034,"comment_status":"open","ping_status":"closed","template":"","meta":[],"product_brand":[],"product_cat":[37,22],"product_tag":[],"class_list":{"0":"post-7033","1":"product","2":"type-product","3":"status-publish","4":"has-post-thumbnail","6":"product_cat-mezpaszta","7":"product_cat-vetom-probiotikumok","9":"first","10":"outofstock","11":"taxable","12":"shipping-taxable","13":"purchasable","14":"product-type-simple"},"_links":{"self":[{"href":"https:\/\/vetomshop.hu\/et\/wp-json\/wp\/v2\/product\/7033","targetHints":{"allow":["GET"]}}],"collection":[{"href":"https:\/\/vetomshop.hu\/et\/wp-json\/wp\/v2\/product"}],"about":[{"href":"https:\/\/vetomshop.hu\/et\/wp-json\/wp\/v2\/types\/product"}],"replies":[{"embeddable":true,"href":"https:\/\/vetomshop.hu\/et\/wp-json\/wp\/v2\/comments?post=7033"}],"wp:featuredmedia":[{"embeddable":true,"href":"https:\/\/vetomshop.hu\/et\/wp-json\/wp\/v2\/media\/7034"}],"wp:attachment":[{"href":"https:\/\/vetomshop.hu\/et\/wp-json\/wp\/v2\/media?parent=7033"}],"wp:term":[{"taxonomy":"product_brand","embeddable":true,"href":"https:\/\/vetomshop.hu\/et\/wp-json\/wp\/v2\/product_brand?post=7033"},{"taxonomy":"product_cat","embeddable":true,"href":"https:\/\/vetomshop.hu\/et\/wp-json\/wp\/v2\/product_cat?post=7033"},{"taxonomy":"product_tag","embeddable":true,"href":"https:\/\/vetomshop.hu\/et\/wp-json\/wp\/v2\/product_tag?post=7033"}],"curies":[{"name":"wp","href":"https:\/\/api.w.org\/{rel}","templated":true}]}}