{"id":7358,"date":"2026-01-20T16:45:04","date_gmt":"2026-01-20T15:45:04","guid":{"rendered":"https:\/\/vetomshop.hu\/?post_type=product&#038;p=7358"},"modified":"2026-03-03T07:55:22","modified_gmt":"2026-03-03T06:55:22","slug":"vektor-animals-3-vetom-3-probiotikum-por-allatoknak-bacillus-amyloliquefaciens-1x50-g","status":"publish","type":"product","link":"https:\/\/vetomshop.hu\/et\/toode\/vektor-animals-3-vetom-3-probiotikum-por-allatoknak-bacillus-amyloliquefaciens-1x50-g\/","title":{"rendered":"Vektor Animals 3 (Vetom 3) - Probiootiline pulber loomadele (Bacillus amyloliquefaciens) <span style=\"color:red\">1\u00d750 g<\/span>"},"content":{"rendered":"<h3>Vektor Animals 3 (Vetom 3) - spetsiaalse bakterit\u00fcvega probiootikumid<\/h3>\n<div class=\"plashka\">\n<p>Vetom 3 on looduslik probiootikum, mis p\u00f5hineb Bacillus amyloliquefaciens'i bakterit\u00fcve kasulikul toimel. See bakter toimib peamiselt j\u00e4mesooles, kus ta toodab ens\u00fc\u00fcme ja toimeaineid. Need on j\u00e4rgmised:<\/p>\n<p>* suruvad alla kahjulikud (patogeensed ja tinglikult patogeensed) bakterid ja seened,<br \/>\n* aitavad eemaldada seedetraktist seedimata materjali,<br \/>\n* toetavad toitainete h\u00f5lpsamat ja paremat imendumist,<br \/>\n* aitavad keha detoksifitseerida.<\/p>\n<p>Vetom 3 aitab taastada soolestiku loomuliku tasakaalu, parandab seedimist ja ainevahetust ning aitab kaasa toitainete t\u00f5husamale kasutamisele.<\/p>\n<h2>Eelised:<\/h2>\n<p>* Antibakteriaalsed ja seenevastased omadused<br \/>\n* Viirusevastane, ens\u00fc\u00fcme tootev, seedimise toetamine<br \/>\n* Tugevdab rakulist ja humoraalset immuunvastust<br \/>\n* Suurendab keha vastupanu<br \/>\n* Aitab v\u00e4hendada allergilisi reaktsioone<br \/>\n* Toetab rakkude uuenemist, v\u00f5ib p\u00e4rssida kasvajarakkude teket<br \/>\n* Parandab teiste ravimite toimet ja v\u00e4hendab nende k\u00f5rvaltoimeid.<br \/>\n* Kaitseb organismi rakutasandil, aitab ennetada kasvajate teket.<\/p>\n<h2>Soovitus kasutamiseks:<\/h2>\n<p><strong>Soovitatav annus:<\/strong><br \/>\n* Soovitatav on 10 p\u00e4eva jooksul 2 kuni 3 korda p\u00e4evas 1 kapsel, enne s\u00f6\u00f6ki, s\u00f6\u00f6gi ajal v\u00f5i p\u00e4rast s\u00f6\u00f6ki, koos v\u00e4ikese koguse vedelikuga (vesi, tee v\u00f5i mahl). J\u00e4lgige ravi k\u00e4igus organismi reaktsiooni ja vajadusel suurendage annust j\u00e4rk-j\u00e4rgult, kuni 5-10 kapslini p\u00e4evas.<\/p>\n<p>*Hoolitsust v\u00f5ib korrata igal ajal p\u00e4rast 1-2 n\u00e4dalast pausi. Soovitatav on aeg-ajalt vaheldumisi kasutada teist t\u00fc\u00fcpi Vetom toodet, et toetada t\u00e4ielikult organismi ja soolestiku tervist.<\/p>\n<h2>Peamised omadused:<\/h2>\n<p>*Kuidas ei ole k\u00f5rvaltoimeid<br \/>\n*Vahe vanusepiiranguteta<br \/>\n*Ei tohi \u00fcle doseerida<br \/>\n*No addiction<\/p>\n<h2>Kasutusala:<\/h2>\n<p>Seda soovitatakse bioloogiliselt aktiivse toidulisandina seedetrakti seisundi parandamiseks ja soolestiku floora tasakaalu taastamiseks.<\/p>\n<h2>Vastun\u00e4idustused:<\/h2>\n<p>Toode ei ole soovitatav, kui olete allergiline v\u00f5i \u00fclitundlik m\u00f5ne koostisosa suhtes.<\/p>\n<h2>Oluline teave:<\/h2>\n<p>* Kasutage raseduse ja rinnaga toitmise ajal ainult arsti soovitusel.<br \/>\n* Ei m\u00f5juta autojuhtimist ega ohtlike masinate k\u00e4sitsemist.<\/p>\n<h2>Annustamine ja koostis:<\/h2>\n<p>* 10 kapslit blisterpakendis, 5 pakendit karbis (kokku 50 kapslit).<br \/>\n* Netokaal: 0,1 kg<br \/>\n* Suurus: 4,5 \u00d7 6,5 \u00d7 8 cm<\/p>\n<h2>\u00dche kapsli sisu:<\/h2>\n<p>* maisiekstrakt: 133 mg<br \/>\n* Kartulit\u00e4rklis: 100 mg<br \/>\n* sahharoos (tuhksuhkur): 67 mg<br \/>\n* Bacillus amyloliquefaciens* bakterikultuur (DSM 24613) - 30 mg (1\u00d710\u2079 CFU\/g)<\/p>\n<p>Alternatiivne ekvivalent tilgakujul: Vetom 3.22 (10 ml)<\/p>\n<p>P\u00e4ritoluriik: <strong>Venemaa<\/strong><\/p>\n<\/div>","protected":false},"excerpt":{"rendered":"<div class=\"plashka\">A <strong>Vektorloomad <span style=\"color: red;\">3<\/span><\/strong> (Vetom 3) <strong>Bacillus amyloliquefaciens<\/strong> probiootikum, mis sisaldab eoseid, mis aitavad s\u00e4ilitada tervislikku seedes\u00fcsteemi ja tugevdada immuuns\u00fcsteemi.<\/div>\n<h5>Peamised eelised:<\/h5>\n<ul class=\"vetom-list\">\n<li><strong>Soolestiku taimestiku kaitse:<\/strong> Eriti t\u00f5hus p\u00e4rast antibiootikumikuuri.<\/li>\n<li><strong>Lai spekter:<\/strong> Seda v\u00f5ib anda mis tahes loomaliigile, alates kaladest kuni hobusteni.<\/li>\n<li><strong>\u00d6konoomne:<\/strong> See parandab s\u00f6\u00f6dakasutust ja v\u00e4hendab haigestumise riski.<\/li>\n<li><strong>See on ohutu:<\/strong> K\u00f5ik looduslikud, ilma k\u00f5rvaltoimeteta.<\/li>\n<\/ul>","protected":false},"featured_media":7359,"comment_status":"open","ping_status":"closed","template":"","meta":[],"product_brand":[],"product_cat":[38,41],"product_tag":[],"class_list":{"0":"post-7358","1":"product","2":"type-product","3":"status-publish","4":"has-post-thumbnail","6":"product_cat-vektor-animals-vetom","7":"product_cat-vektor-animals-3","9":"first","10":"instock","11":"featured","12":"taxable","13":"shipping-taxable","14":"purchasable","15":"product-type-simple"},"_links":{"self":[{"href":"https:\/\/vetomshop.hu\/et\/wp-json\/wp\/v2\/product\/7358","targetHints":{"allow":["GET"]}}],"collection":[{"href":"https:\/\/vetomshop.hu\/et\/wp-json\/wp\/v2\/product"}],"about":[{"href":"https:\/\/vetomshop.hu\/et\/wp-json\/wp\/v2\/types\/product"}],"replies":[{"embeddable":true,"href":"https:\/\/vetomshop.hu\/et\/wp-json\/wp\/v2\/comments?post=7358"}],"wp:featuredmedia":[{"embeddable":true,"href":"https:\/\/vetomshop.hu\/et\/wp-json\/wp\/v2\/media\/7359"}],"wp:attachment":[{"href":"https:\/\/vetomshop.hu\/et\/wp-json\/wp\/v2\/media?parent=7358"}],"wp:term":[{"taxonomy":"product_brand","embeddable":true,"href":"https:\/\/vetomshop.hu\/et\/wp-json\/wp\/v2\/product_brand?post=7358"},{"taxonomy":"product_cat","embeddable":true,"href":"https:\/\/vetomshop.hu\/et\/wp-json\/wp\/v2\/product_cat?post=7358"},{"taxonomy":"product_tag","embeddable":true,"href":"https:\/\/vetomshop.hu\/et\/wp-json\/wp\/v2\/product_tag?post=7358"}],"curies":[{"name":"wp","href":"https:\/\/api.w.org\/{rel}","templated":true}]}}