{"id":1020,"date":"2020-02-17T14:15:30","date_gmt":"2020-02-17T14:15:30","guid":{"rendered":"https:\/\/vetomshop.hu\/?page_id=1020"},"modified":"2024-09-26T18:57:13","modified_gmt":"2024-09-26T16:57:13","slug":"gyakori-kerdesek","status":"publish","type":"page","link":"https:\/\/vetomshop.hu\/fi\/gyakori-kerdesek\/","title":{"rendered":"Usein kysytyt kysymykset"},"content":{"rendered":"<div class=\"wpb-content-wrapper\">\n<div  data-mk-stretch-content=\"true\" class=\"wpb_row vc_row vc_row-fluid jupiter-donut- mk-fullwidth-false  attched-false     js-master-row  mk-grid\">\n\t\t\t\t\n<div class=\"vc_col-sm-12 wpb_column column_container  jupiter-donut- _ jupiter-donut-height-full\">\n\t\n<div data-style=\"accordion-style\" data-initialindex=\"0\" id=\"mk-accordion-2\" class=\"mk-accordion mobile-false fancy-style\">\n\t<div class=\"wpb_accordion_wrapper\">\n\t\t\n<div id=\"\"class=\"mk-accordion-single\">\n\n\t<div class=\"mk-accordion-tab\">\n\t\t<i><svg  class=\"mk-svg-icon\" data-name=\"mk-icon-medkit\" data-cacheid=\"icon-69f8ae92f08d4\" xmlns=\"http:\/\/www.w3.org\/2000\/svg\" viewbox=\"0 0 1792 1792\"><path d=\"M1280 1120v-192q0-14-9-23t-23-9h-224v-224q0-14-9-23t-23-9h-192q-14 0-23 9t-9 23v224h-224q-14 0-23 9t-9 23v192q0 14 9 23t23 9h224v224q0 14 9 23t23 9h192q14 0 23-9t9-23v-224h224q14 0 23-9t9-23zm-640-736h512v-128h-512v128zm-384 0v1280h-32q-92 0-158-66t-66-158v-832q0-92 66-158t158-66h32zm1184 0v1280h-1088v-1280h160v-160q0-40 28-68t68-28h576q40 0 68 28t28 68v160h160zm352 224v832q0 92-66 158t-158 66h-32v-1280h32q92 0 158 66t66 158z\"\/><\/svg><\/i>\t\t<span>Mik\u00e4 on Vetom?<\/span>\n\t\t<svg  class=\"mk-svg-icon\" data-name=\"mk-icon-chevron-right\" data-cacheid=\"icon-69f8ae92f0afd\" style=\" height:13px; width: 9.2857142857143px; \"  xmlns=\"http:\/\/www.w3.org\/2000\/svg\" viewbox=\"0 0 1280 1792\"><path d=\"M1107 877l-742 742q-19 19-45 19t-45-19l-166-166q-19-19-19-45t19-45l531-531-531-531q-19-19-19-45t19-45l166-166q19-19 45-19t45 19l742 742q19 19 19 45t-19 45z\"\/><\/svg>\t<\/div>\n\n\t<div class=\"mk-accordion-pane\">\n\t\t\t<div class=\"vc_custom_1716651722549\">\n\n<div id=\"text-block-3\" class=\"mk-text-block  jupiter-donut-\">\n\n\t\n\t<p><span style=\"color: #a58904;\"><strong>VETOM<\/strong><\/span>\u00a0- eritt\u00e4in tehokas probiootti, joka palauttaa ja s\u00e4ilytt\u00e4\u00e4 suolen limakalvon rakenteen ja vatsan mikroflooran.<\/p>\n<p><img loading=\"lazy\" decoding=\"async\" class=\"size-full wp-image-623 aligncenter\" src=\"https:\/\/vetomshop.hu\/wp-content\/uploads\/2024\/05\/vetom-laboratorium.jpg\" alt=\"\" width=\"1464\" height=\"560\" \/><\/p>\n<p><strong><span style=\"color: #a58904;\">Miten Vetom torjuu virus- ja bakteeri-infektioita?<\/span><\/strong><\/p>\n<p>Vetomin vaikuttava aine on Bacillus subtilis -kanta VKPM B 10641. T\u00e4h\u00e4n lajiin kuuluvat bakteerit tukahduttavat erityisesti ruoansulatuskanavan ulkopuolisen mikroflooran kasvua ja kehityst\u00e4 suoralla antagonismilla tartunnanaiheuttajia vastaan ja ep\u00e4suorasti optimoimalla elimist\u00f6n immuunij\u00e4rjestelm\u00e4\u00e4 tuottamalla ihmisen leukosyyttien interferoni \u03b1-2:ta.<\/p>\n<p>Interferoni - proteiinimolekyyli, joka tarjoaa virusten vastaista immuniteettia!<\/p>\n<p>Interferonin t\u00e4rkein vaikutusmekanismi - kehityksen ja jakautumisen est\u00e4minen. Fysiologisilla annoksilla t\u00e4m\u00e4 vaikutus s\u00e4\u00e4telee virusten replikaatiota.<\/p>\n<p>Terve elimist\u00f6 reagoi virusten hy\u00f6kk\u00e4ykseen tuottamalla interferoneja, jotka est\u00e4v\u00e4t infektion kehittymisen.<\/p>\n<p><img loading=\"lazy\" decoding=\"async\" class=\"size-full wp-image-5647 aligncenter\" src=\"https:\/\/vetomshop.hu\/wp-content\/uploads\/2024\/05\/laborator.jpg\" alt=\"\" width=\"1000\" height=\"534\" srcset=\"https:\/\/vetomshop.hu\/wp-content\/uploads\/2024\/05\/laborator.jpg 1000w, https:\/\/vetomshop.hu\/wp-content\/uploads\/2024\/05\/laborator-300x160.jpg 300w, https:\/\/vetomshop.hu\/wp-content\/uploads\/2024\/05\/laborator-768x410.jpg 768w, https:\/\/vetomshop.hu\/wp-content\/uploads\/2024\/05\/laborator-600x320.jpg 600w\" sizes=\"auto, (max-width: 1000px) 100vw, 1000px\" \/>Koska Vetom stimuloi interferonin tuotantoa, sit\u00e4 k\u00e4ytet\u00e4\u00e4n my\u00f6s virusten ja infektioiden, kuten koronaviruksen, torjuntaan:<\/p>\n<ul>\n<li>SARS (rinovirus, coronavirusinfektio, influenssa- ja parainfluenssavirukset);<\/li>\n<li>tartuntataudit - erilaiset herpesvauriot (virusper\u00e4inen keratokonjunktiviitti ja -keratiitti, keratouveiitti, sukupuolielinten herpes, vy\u00f6ruusu);<\/li>\n<li>akuutti ja krooninen virushepatiitti (A, B, C, D (delta)).<\/li>\n<\/ul>\n\n\t<div class=\"clearboth\"><\/div>\n<\/div>\n\n\t<\/div>\n\n\t\t<div class=\"clearboth\"><\/div>\n\t<\/div>\n\n<\/div>\n\n<div id=\"\"class=\"mk-accordion-single\">\n\n\t<div class=\"mk-accordion-tab\">\n\t\t<i><svg  class=\"mk-svg-icon\" data-name=\"mk-icon-medkit\" data-cacheid=\"icon-69f8ae92f1632\" xmlns=\"http:\/\/www.w3.org\/2000\/svg\" viewbox=\"0 0 1792 1792\"><path d=\"M1280 1120v-192q0-14-9-23t-23-9h-224v-224q0-14-9-23t-23-9h-192q-14 0-23 9t-9 23v224h-224q-14 0-23 9t-9 23v192q0 14 9 23t23 9h224v224q0 14 9 23t23 9h192q14 0 23-9t9-23v-224h224q14 0 23-9t9-23zm-640-736h512v-128h-512v128zm-384 0v1280h-32q-92 0-158-66t-66-158v-832q0-92 66-158t158-66h32zm1184 0v1280h-1088v-1280h160v-160q0-40 28-68t68-28h576q40 0 68 28t28 68v160h160zm352 224v832q0 92-66 158t-158 66h-32v-1280h32q92 0 158 66t66 158z\"\/><\/svg><\/i>\t\t<span>Sopiiko Vetom lapsille?<\/span>\n\t\t<svg  class=\"mk-svg-icon\" data-name=\"mk-icon-chevron-right\" data-cacheid=\"icon-69f8ae92f16e9\" style=\" height:13px; width: 9.2857142857143px; \"  xmlns=\"http:\/\/www.w3.org\/2000\/svg\" viewbox=\"0 0 1280 1792\"><path d=\"M1107 877l-742 742q-19 19-45 19t-45-19l-166-166q-19-19-19-45t19-45l531-531-531-531q-19-19-19-45t19-45l166-166q19-19 45-19t45 19l742 742q19 19 19 45t-19 45z\"\/><\/svg>\t<\/div>\n\n\t<div class=\"mk-accordion-pane\">\n\t\t\t<div class=\"vc_custom_1675849573805\">\n\n<div id=\"text-block-4\" class=\"mk-text-block  jupiter-donut-\">\n\n\t\n\t<p><img loading=\"lazy\" decoding=\"async\" class=\"size-full wp-image-612 aligncenter\" src=\"\/\/vetom-egeszsegshop.hu\/wp-content\/uploads\/2023\/02\/probio-dity.jpg\" alt=\"\" width=\"1105\" height=\"600\" \/><\/p>\n<p>Probiootilla ei ole ik\u00e4rajaa, joten sit\u00e4 voivat k\u00e4ytt\u00e4\u00e4 sek\u00e4 aikuiset ett\u00e4 lapset.<\/p>\n<p>Voit k\u00e4ytt\u00e4\u00e4 nestem\u00e4ist\u00e4 probioottia: 1-2 tippaa 2-3 kertaa p\u00e4iv\u00e4ss\u00e4, laimennettuna pieneen m\u00e4\u00e4r\u00e4\u00e4n vett\u00e4. Mieluiten 10-14 p\u00e4iv\u00e4n kuurina.<\/p>\n<p>Tai sit\u00e4 annetaan jauheena, 1 g jauhetta 10 kg:n painoa kohti 2-3 kertaa p\u00e4iv\u00e4ss\u00e4. Jauhe voidaan laimentaa pieneen m\u00e4\u00e4r\u00e4\u00e4n nestett\u00e4.<\/p>\n<p>Mieluiten 10-14 p\u00e4iv\u00e4\u00e4 kest\u00e4v\u00e4 kuuri.<\/p>\n\n\t<div class=\"clearboth\"><\/div>\n<\/div>\n\n\t<\/div>\n\n\t\t<div class=\"clearboth\"><\/div>\n\t<\/div>\n\n<\/div>\n\n<div id=\"\"class=\"mk-accordion-single\">\n\n\t<div class=\"mk-accordion-tab\">\n\t\t<i><svg  class=\"mk-svg-icon\" data-name=\"mk-icon-medkit\" data-cacheid=\"icon-69f8ae92f1b13\" xmlns=\"http:\/\/www.w3.org\/2000\/svg\" viewbox=\"0 0 1792 1792\"><path d=\"M1280 1120v-192q0-14-9-23t-23-9h-224v-224q0-14-9-23t-23-9h-192q-14 0-23 9t-9 23v224h-224q-14 0-23 9t-9 23v192q0 14 9 23t23 9h224v224q0 14 9 23t23 9h192q14 0 23-9t9-23v-224h224q14 0 23-9t9-23zm-640-736h512v-128h-512v128zm-384 0v1280h-32q-92 0-158-66t-66-158v-832q0-92 66-158t158-66h32zm1184 0v1280h-1088v-1280h160v-160q0-40 28-68t68-28h576q40 0 68 28t28 68v160h160zm352 224v832q0 92-66 158t-158 66h-32v-1280h32q92 0 158 66t66 158z\"\/><\/svg><\/i>\t\t<span>Miten Vetom-tuotteita otetaan?<\/span>\n\t\t<svg  class=\"mk-svg-icon\" data-name=\"mk-icon-chevron-right\" data-cacheid=\"icon-69f8ae92f1bed\" style=\" height:13px; width: 9.2857142857143px; \"  xmlns=\"http:\/\/www.w3.org\/2000\/svg\" viewbox=\"0 0 1280 1792\"><path d=\"M1107 877l-742 742q-19 19-45 19t-45-19l-166-166q-19-19-19-45t19-45l531-531-531-531q-19-19-19-45t19-45l166-166q19-19 45-19t45 19l742 742q19 19 19 45t-19 45z\"\/><\/svg>\t<\/div>\n\n\t<div class=\"mk-accordion-pane\">\n\t\t\t<div class=\"vc_custom_1716651401497\">\n\n<div id=\"text-block-5\" class=\"mk-text-block  jupiter-donut-\">\n\n\t\n\t<p>Maksimaalisen vaikutuksen saavuttamiseksi ota Vetom tuntia ennen ateriaa pienen m\u00e4\u00e4r\u00e4n pelkk\u00e4\u00e4 vett\u00e4 kera. Alkoholin ja mausteisten ruokien nauttiminen on suositeltavaa j\u00e4tt\u00e4\u00e4 pois nauttimisen ajaksi. Annostusta ja antotiheytt\u00e4 valittaessa on muistettava, ett\u00e4 terapeuttinen vaikutus ei riipu suoraan kerralla otetun valmisteen m\u00e4\u00e4r\u00e4st\u00e4, vaan antotiheydest\u00e4 kuuriohjelmassa - mit\u00e4 useammin annos, sit\u00e4 voimakkaampi vaikutus.<\/p>\n<p><img decoding=\"async\" class=\"alignnone size-full wp-image-5645\" src=\"https:\/\/vetomshop.hu\/wp-content\/uploads\/2024\/05\/gettyimages.jpg\" alt=\"\" width=\"100%\" srcset=\"https:\/\/vetomshop.hu\/wp-content\/uploads\/2024\/05\/gettyimages.jpg 1920w, https:\/\/vetomshop.hu\/wp-content\/uploads\/2024\/05\/gettyimages-300x171.jpg 300w, https:\/\/vetomshop.hu\/wp-content\/uploads\/2024\/05\/gettyimages-1024x585.jpg 1024w, https:\/\/vetomshop.hu\/wp-content\/uploads\/2024\/05\/gettyimages-768x438.jpg 768w, https:\/\/vetomshop.hu\/wp-content\/uploads\/2024\/05\/gettyimages-1536x877.jpg 1536w, https:\/\/vetomshop.hu\/wp-content\/uploads\/2024\/05\/gettyimages-1320x754.jpg 1320w, https:\/\/vetomshop.hu\/wp-content\/uploads\/2024\/05\/gettyimages-600x343.jpg 600w\" sizes=\"(max-width: 1920px) 100vw, 1920px\" \/><\/p>\n<p>Yhden annoksen tulisi sis\u00e4lt\u00e4\u00e4 v\u00e4hint\u00e4\u00e4n 5 miljoonaa mikro-organismia, esim. v\u00e4hint\u00e4\u00e4n 5 g jauhetta (noin 1 tl), 1 annospussillinen tai 1 kapseli. Jos otat Vetomia nestem\u00e4isess\u00e4 muodossa, 1 annos = 1 tippa.<\/p>\n<p><span style=\"color: #a58904;\"><strong>Yliannostuksella ei ole kielteisi\u00e4 vaikutuksia.<\/strong><\/span><\/p>\n<p>Terveiden ihmisten ennaltaehk\u00e4isev\u00e4 annostelu mahdollisten sairauksien ehk\u00e4isemiseksi.<em>:\u00a0<\/em><\/p>\n<ul>\n<li>Ota Vetom <span style=\"color: #ff0000;\">1.1<\/span>-et tai Veto <span style=\"color: #ff0000;\">1.23<\/span>-(valitset oman koostumuksesi - vaikuttavan aineen l\u00e4sn\u00e4olo on t\u00e4rke\u00e4\u00e4 - Bacillus subtilis VKPM B-10641 (DSM 24613) -kanta) 10-14 p\u00e4iv\u00e4n ajan, useina annoksina 7-10 kertaa p\u00e4iv\u00e4ss\u00e4, suunnilleen yht\u00e4 suurina v\u00e4lein\u00e4.Esimerkiksi, otat sit\u00e4 2 viikkoa, sitten pid\u00e4t 3 viikon tauon ja toistat hoidon uudelleen. .<\/li>\n<li>Toista hoito v\u00e4hint\u00e4\u00e4n 2 kertaa vuodessa, mieluiten ennen kuin vilustuminen on todenn\u00e4k\u00f6isemp\u00e4\u00e4.<\/li>\n<li>Suositellaan Vetomille <span style=\"color: #ff0000;\">1.1<\/span> kapseli - tippa muodossa Vetom <span style=\"color: #ff0000;\">1.23<\/span> kuluta Vetomia kuurien v\u00e4liss\u00e4. <span style=\"color: #ff0000;\">3<\/span>-at ja <span style=\"color: #ff0000;\">4<\/span>-(tai otan <span style=\"color: #ff0000;\">2<\/span>-t) 2-3 annosta p\u00e4iv\u00e4ss\u00e4 10-14 p\u00e4iv\u00e4n ajan.<\/li>\n<li>Vetom-jauheen tai kapseleiden sijaan voit ottaa nestem\u00e4ist\u00e4 probioottia, jota kuka tahansa voi ottaa: Vetom <span style=\"color: #ff0000;\">1.23<\/span> Vetom <span style=\"color: #ff0000;\">3.22<\/span>, Vetom <span style=\"color: #ff0000;\">4.24<\/span> tai I Veto <span style=\"color: #ff0000;\">2.25<\/span>, Vetom <span style=\"color: #ff0000;\">2.26<\/span>.<\/li>\n<\/ul>\n<p>Jos sinulla on todella hyv\u00e4 immuniteetti, niin 1 -2 kurssin 10-14 p\u00e4iv\u00e4n Vetom-valmisteella <span style=\"color: #ff0000;\">1.1<\/span> et huomaa mit\u00e4\u00e4n erityisi\u00e4 vaikutuksia hoidon j\u00e4lkeen.<\/p>\n<p><strong><span style=\"color: #a58904;\">Terapeuttinen poiminta:<\/span><\/strong><\/p>\n<ul>\n<li>Ota Vetom <span style=\"color: #ff0000;\">1.1<\/span> kapselit tai Vetom <span style=\"color: #ff0000;\">1.23<\/span> 10 tippaa p\u00e4iv\u00e4ss\u00e4 (10 kapselia - 10 tippaa) 10-14 p\u00e4iv\u00e4n ajan. Sitten min 14 p\u00e4iv\u00e4n tauko .<\/li>\n<li>Nautinto-ohjelma on toistettava 1-2 kuukauden kuluttua .<\/li>\n<li>Vetom <span style=\"color: #ff0000;\">1.1<\/span> (Vetom <span style=\"color: #ff0000;\">1.23<\/span> ) hoitojen v\u00e4lill\u00e4 yritt\u00e4\u00e4 Vetom <span style=\"color: #ff0000;\">3<\/span>-at ja <span style=\"color: #ff0000;\">4<\/span>-(tai otan <span style=\"color: #ff0000;\">2<\/span>-) 10-14 p\u00e4iv\u00e4\u00e4 p\u00e4iv\u00e4ss\u00e4.<\/li>\n<li>Jotta olosi olisi parempi, Vetom <span style=\"color: #ff0000;\">1.1<\/span> hoitojen v\u00e4li\u00e4 olisi pidennett\u00e4v\u00e4 2-3 k\u00e4sittelyyn vuodessa. N\u00e4in ollen Vetom <span style=\"color: #ff0000;\">2<\/span> My\u00f6s 3. ja 4. annoksen ottamistiheytt\u00e4 voidaan v\u00e4hent\u00e4\u00e4 asteittain ajan my\u00f6t\u00e4 10 annoksesta 2-3 annokseen.<\/li>\n<\/ul>\n\n\t<div class=\"clearboth\"><\/div>\n<\/div>\n\n\t<\/div>\n\n\t\t<div class=\"clearboth\"><\/div>\n\t<\/div>\n\n<\/div>\n\n<div id=\"\"class=\"mk-accordion-single\">\n\n\t<div class=\"mk-accordion-tab\">\n\t\t<i><svg  class=\"mk-svg-icon\" data-name=\"mk-icon-medkit\" data-cacheid=\"icon-69f8ae92f208d\" xmlns=\"http:\/\/www.w3.org\/2000\/svg\" viewbox=\"0 0 1792 1792\"><path d=\"M1280 1120v-192q0-14-9-23t-23-9h-224v-224q0-14-9-23t-23-9h-192q-14 0-23 9t-9 23v224h-224q-14 0-23 9t-9 23v192q0 14 9 23t23 9h224v224q0 14 9 23t23 9h192q14 0 23-9t9-23v-224h224q14 0 23-9t9-23zm-640-736h512v-128h-512v128zm-384 0v1280h-32q-92 0-158-66t-66-158v-832q0-92 66-158t158-66h32zm1184 0v1280h-1088v-1280h160v-160q0-40 28-68t68-28h576q40 0 68 28t28 68v160h160zm352 224v832q0 92-66 158t-158 66h-32v-1280h32q92 0 158 66t66 158z\"\/><\/svg><\/i>\t\t<span>Mik\u00e4 Vetom on paras?<\/span>\n\t\t<svg  class=\"mk-svg-icon\" data-name=\"mk-icon-chevron-right\" data-cacheid=\"icon-69f8ae92f2154\" style=\" height:13px; width: 9.2857142857143px; \"  xmlns=\"http:\/\/www.w3.org\/2000\/svg\" viewbox=\"0 0 1280 1792\"><path d=\"M1107 877l-742 742q-19 19-45 19t-45-19l-166-166q-19-19-19-45t19-45l531-531-531-531q-19-19-19-45t19-45l166-166q19-19 45-19t45 19l742 742q19 19 19 45t-19 45z\"\/><\/svg>\t<\/div>\n\n\t<div class=\"mk-accordion-pane\">\n\t\t\t<div class=\"vc_custom_1727369822448\">\n\n<div id=\"text-block-6\" class=\"mk-text-block  jupiter-donut-\">\n\n\t\n\t<p><img decoding=\"async\" class=\"wp-image-621 aligncenter\" src=\"https:\/\/vetomshop.hu\/wp-content\/uploads\/2024\/05\/nutrigenomics.jpg\" alt=\"\" width=\"100%\" \/><\/p>\n<p>On mahdotonta m\u00e4\u00e4ritt\u00e4\u00e4, kumpi n\u00e4ist\u00e4 probiooteista on parempi. Niit\u00e4 k\u00e4ytet\u00e4\u00e4n l\u00e4hes samoihin sairauksiin, mutta jokaisella Vetomilla on erilainen vaikutus.  Ne t\u00e4ydent\u00e4v\u00e4t toisiaan.<\/p>\n<p>Kaikki riippuu kehon yksil\u00f6llisist\u00e4 ominaisuuksista ja tilasta . Paras ratkaisu olisi k\u00e4ytt\u00e4\u00e4 kaikkia Vetom-tuotteita koko kurssin ajan.<\/p>\n<p>Nelj\u00e4 eri kapselia muodostavat itse asiassa yhden suuren kokonaisuuden.<\/p>\n\n\t<div class=\"clearboth\"><\/div>\n<\/div>\n\n\t<\/div>\n\n\t\t<div class=\"clearboth\"><\/div>\n\t<\/div>\n\n<\/div>\n\n<div id=\"\"class=\"mk-accordion-single\">\n\n\t<div class=\"mk-accordion-tab\">\n\t\t<i><svg  class=\"mk-svg-icon\" data-name=\"mk-icon-medkit\" data-cacheid=\"icon-69f8ae92f25b4\" xmlns=\"http:\/\/www.w3.org\/2000\/svg\" viewbox=\"0 0 1792 1792\"><path d=\"M1280 1120v-192q0-14-9-23t-23-9h-224v-224q0-14-9-23t-23-9h-192q-14 0-23 9t-9 23v224h-224q-14 0-23 9t-9 23v192q0 14 9 23t23 9h224v224q0 14 9 23t23 9h192q14 0 23-9t9-23v-224h224q14 0 23-9t9-23zm-640-736h512v-128h-512v128zm-384 0v1280h-32q-92 0-158-66t-66-158v-832q0-92 66-158t158-66h32zm1184 0v1280h-1088v-1280h160v-160q0-40 28-68t68-28h576q40 0 68 28t28 68v160h160zm352 224v832q0 92-66 158t-158 66h-32v-1280h32q92 0 158 66t66 158z\"\/><\/svg><\/i>\t\t<span>Miss\u00e4 pakkauksissa Vetom on saatavilla?<\/span>\n\t\t<svg  class=\"mk-svg-icon\" data-name=\"mk-icon-chevron-right\" data-cacheid=\"icon-69f8ae92f2693\" style=\" height:13px; width: 9.2857142857143px; \"  xmlns=\"http:\/\/www.w3.org\/2000\/svg\" viewbox=\"0 0 1280 1792\"><path d=\"M1107 877l-742 742q-19 19-45 19t-45-19l-166-166q-19-19-19-45t19-45l531-531-531-531q-19-19-19-45t19-45l166-166q19-19 45-19t45 19l742 742q19 19 19 45t-19 45z\"\/><\/svg>\t<\/div>\n\n\t<div class=\"mk-accordion-pane\">\n\t\t\t<div class=\"vc_custom_1716650901197\">\n\n<div id=\"text-block-7\" class=\"mk-text-block  jupiter-donut-\">\n\n\t\n\t<p><strong>Miss\u00e4 pakkauksissa Vetom on saatavilla?<\/strong><\/p>\n<p>Vetom on saatavana kolmessa eri annosmuodossa:<\/p>\n<ul>\n<li>Jauhe 5, 500 g pakkaus<\/li>\n<li>Kapselit 50 jyv\u00e4n pakkauksissa<\/li>\n<li>Neste 10 ml<\/li>\n<\/ul>\n<p><img loading=\"lazy\" decoding=\"async\" class=\"wp-image-625 aligncenter\" src=\"https:\/\/vetomshop.hu\/wp-content\/uploads\/2024\/05\/biotech-deepdive.webp\" alt=\"\" width=\"869\" height=\"365\" \/><\/p>\n\n\t<div class=\"clearboth\"><\/div>\n<\/div>\n\n\t<\/div>\n\n\t\t<div class=\"clearboth\"><\/div>\n\t<\/div>\n\n<\/div>\n\n<div id=\"\"class=\"mk-accordion-single\">\n\n\t<div class=\"mk-accordion-tab\">\n\t\t<i><svg  class=\"mk-svg-icon\" data-name=\"mk-icon-medkit\" data-cacheid=\"icon-69f8ae92f2d07\" xmlns=\"http:\/\/www.w3.org\/2000\/svg\" viewbox=\"0 0 1792 1792\"><path d=\"M1280 1120v-192q0-14-9-23t-23-9h-224v-224q0-14-9-23t-23-9h-192q-14 0-23 9t-9 23v224h-224q-14 0-23 9t-9 23v192q0 14 9 23t23 9h224v224q0 14 9 23t23 9h192q14 0 23-9t9-23v-224h224q14 0 23-9t9-23zm-640-736h512v-128h-512v128zm-384 0v1280h-32q-92 0-158-66t-66-158v-832q0-92 66-158t158-66h32zm1184 0v1280h-1088v-1280h160v-160q0-40 28-68t68-28h576q40 0 68 28t28 68v160h160zm352 224v832q0 92-66 158t-158 66h-32v-1280h32q92 0 158 66t66 158z\"\/><\/svg><\/i>\t\t<span>Miten probiootit eroavat siemenist\u00e4?<\/span>\n\t\t<svg  class=\"mk-svg-icon\" data-name=\"mk-icon-chevron-right\" data-cacheid=\"icon-69f8ae92f2dd6\" style=\" height:13px; width: 9.2857142857143px; \"  xmlns=\"http:\/\/www.w3.org\/2000\/svg\" viewbox=\"0 0 1280 1792\"><path d=\"M1107 877l-742 742q-19 19-45 19t-45-19l-166-166q-19-19-19-45t19-45l531-531-531-531q-19-19-19-45t19-45l166-166q19-19 45-19t45 19l742 742q19 19 19 45t-19 45z\"\/><\/svg>\t<\/div>\n\n\t<div class=\"mk-accordion-pane\">\n\t\t\t<div class=\"vc_custom_1722780911439\">\n\n<div id=\"text-block-8\" class=\"mk-text-block  jupiter-donut-\">\n\n\t\n\t<h3><span style=\"color: #a58904;\">Vetom- probiootit voivat my\u00f6s vaihdella bakteerien ainesosiensa ja pakkaustensa suhteen.<\/span><\/h3>\n<p><span style=\"color: #a58904;\"><strong>Vetom-tuotteiden probioottisten mikro-organismien ero:<\/strong><\/span><\/p>\n<p>Legendaariset VETOM-probiootit ovat olleet tuotannossa jo yli 20 vuotta, mutta harva tiet\u00e4\u00e4, miksi kurssi koostuu nelj\u00e4st\u00e4 numerosta ja mik\u00e4 on niiden ero.<\/p>\n<p><img loading=\"lazy\" decoding=\"async\" class=\"size-full wp-image-623 aligncenter\" src=\"https:\/\/vetomshop.hu\/wp-content\/uploads\/2024\/05\/tech-biotechnology.webp\" alt=\"\" width=\"1464\" height=\"560\" \/><\/p>\n<p>Joten he yritt\u00e4v\u00e4t selvitt\u00e4\u00e4 asiaa.<\/p>\n<p>\u2713 A VETOM <span style=\"color: #ff0000;\">1<\/span> kapseleina ja tippoina <span style=\"color: #ff0000;\">1.23<\/span> toimii kuin luuta paksusuolen kystisimm\u00e4ss\u00e4 osassa. Se stimuloi interferonin tuotantoa.<\/p>\n<p>Ohutsuolen imusolmukkeiden organellit ovat usein lepotilassa stressin, antibioottihoidon, ymp\u00e4rist\u00f6tekij\u00f6iden jne. vuoksi.<\/p>\n<p>VETOM <span style=\"color: #ff0000;\">1.1<\/span> bakteereilla on koostumukseensa upotettuja plasmideja, jotka her\u00e4tt\u00e4v\u00e4t n\u00e4m\u00e4 organellit ja pakottavat meid\u00e4t tuottamaan omaa interferonia kehon senhetkiseen tilaan sopivissa m\u00e4\u00e4rin.<\/p>\n<p>\u2713 A VETOM <span style=\"color: #ff0000;\">2<\/span> kapseleina ja tippoina <span style=\"color: #ff0000;\">2.25<\/span> tai <span style=\"color: #ff0000;\">2.26<\/span> Se sis\u00e4lt\u00e4\u00e4 2 bakteerikantaa, joista toinen jatkaa paksusuolen desinfiointia ja toinen toimii ohutsuolessa (eliminoiden patogeenisen kasviston yritykset \u201epaeta\u201d paksusuolesta ohutsuoleen).<\/p>\n<p>\u2713 A VETOM <span style=\"color: #ff0000;\">3<\/span> kapseleina ja tippoina <span style=\"color: #ff0000;\">3.22<\/span>\u00a0 \u201eaggressiivisin\u201d, se puhdistaa paksusuolen.<\/p>\n<p>\u2713 A VETOM <span style=\"color: #ff0000;\">4<\/span> kapseleina ja tippoina <span style=\"color: #ff0000;\">4.24<\/span> on nopein ja perusteellisin, sill\u00e4 se tekee sen, mit\u00e4 kolme ensimm\u00e4ist\u00e4 VETOMia eiv\u00e4t tehneet, ja toimii \u201ekorjaavana\u201d runkona.<\/p>\n<p>N\u00e4in ollen k\u00e4ytt\u00e4m\u00e4ll\u00e4 kaikkia VETOM-valmisteita per\u00e4kk\u00e4in poistetaan suoliston m\u00e4d\u00e4ntymisprosessit, koska sill\u00e4 on pysyv\u00e4 vaikutus j\u00e4ljell\u00e4 olevaan patogeeniseen kasvistoon.<\/p>\n<p>Kun haima ja maksa vapautetaan kuormituksesta, keho voi korjata itse j\u00e4rjestelm\u00e4\u00e4, parantaa aineenvaihduntaa ja tukea yleist\u00e4 immuniteettia.<\/p>\n<p>Kippis!<\/p>\n<p>VETOM <span style=\"color: #ff0000;\">1.1<\/span> p\u00f6ly, Vetom <span style=\"color: #ff0000;\">1.1<\/span> kapseli, Vetom <span style=\"color: #ff0000;\">1.23<\/span> pisara - sis\u00e4lt\u00e4\u00e4 bakteerikantaa Subtilis Bacilluis B-10641.<\/p>\n<p>VETOM <span style=\"color: #ff0000;\">2<\/span>, Vetom <span style=\"color: #ff0000;\">2<\/span> kapseli, Vetom <span style=\"color: #ff0000;\">2.25<\/span>\u00a0 pisara - Bacillus amyloliquefaciens -kanta B-10642 (Dsm 24614) ja Bacillus amyloliquefaciens -kanta B-10643 (Dsm 24615).<\/p>\n<p>Vetom <span style=\"color: #ff0000;\">2.26<\/span>\u00a0 pisara sis\u00e4lt\u00e4\u00e4 Bacillus Subtilis 10641 ja Bacillus amylolique faciens 10643.<\/p>\n<p>VETOM <span style=\"color: #ff0000;\">3<\/span>, Vetom <span style=\"color: #ff0000;\">3<\/span> kapseli, Vetom <span style=\"color: #ff0000;\">3.22<\/span> pisara - Bacillus amyloliquefaciens -kanta B-10642 (Dsm 24614)<\/p>\n<p>VETOM <span style=\"color: #ff0000;\">4<\/span>, Vetom <span style=\"color: #ff0000;\">4<\/span> kapselit tai Vetom <span style=\"color: #ff0000;\">4.24<\/span> pisara - Bacillus amyloliquefaciens -kanta B-10643 (Dsm 24614)<\/p>\n<p>Tuotteiden pakkaukset: muovipakkauksissa 500 gr jauhetta, 50 kapselia 50 gr jauhetta tai nestem\u00e4isess\u00e4 muodossa 10 ml.<\/p>\n<p>Sy\u00f6p\u00e4potilaille, joilla on sy\u00f6p\u00e4 - painava, diabeettisille potilaille, potilaille, joilla on eritt\u00e4in pahoja ruoansulatusongelmia, on suositeltavaa k\u00e4ytt\u00e4\u00e4 sit\u00e4 nestem\u00e4isess\u00e4 muodossa. <span style=\"color: #ff0000;\">1.23<\/span>,Vetom <span style=\"color: #ff0000;\">2.26<\/span>, Vetom <span style=\"color: #ff0000;\">3.22<\/span>, Vetom <span style=\"color: #ff0000;\">4.24<\/span>)<\/p>\n<p>Vetom <span style=\"color: #ff0000;\">1.23<\/span>, Vetom <span style=\"color: #ff0000;\">2.25<\/span>, Vetom <span style=\"color: #ff0000;\">2.26<\/span>, Vetom <span style=\"color: #ff0000;\">3.22<\/span>, Vetom <span style=\"color: #ff0000;\">4.24<\/span> valmisteet ovat vaikutuksiltaan samanlaisia. Ne sis\u00e4lt\u00e4v\u00e4t erilaisia mikro-organismeja, jotka vaikuttavat suolistossa ja toimittavat erilaisia biologisesti aktiivisia aineita ymp\u00e4r\u00f6iviin elimiin. T\u00e4m\u00e4n seurauksena niiden kokonaisvaikutus ihmiskehoon on erilainen. Mahdollisimman positiivisen vaikutuksen saavuttamiseksi on suositeltavaa k\u00e4ytt\u00e4\u00e4 kaikkia Vetom-tuotteita vuorotellen, jotta suolikanava ja patogeeniset j\u00e4rjestelm\u00e4t voidaan puhdistaa kokonaisuudessaan.<\/p>\n\n\t<div class=\"clearboth\"><\/div>\n<\/div>\n\n\t<\/div>\n\n\t\t<div class=\"clearboth\"><\/div>\n\t<\/div>\n\n<\/div>\n\t<\/div>\n<\/div>\n\n\n\t<div class=\"vc_custom_1675852632641\">\n\n<div id=\"text-block-9\" class=\"mk-text-block  jupiter-donut-\">\n\n\t\n\t<hr \/>\n<h3 style=\"padding-left: 40px;\"><span style=\"color: #9c810c;\"><strong>Voit tilata VETOM probiootteja verkkosivuiltamme.<\/strong>:<\/span><\/h3>\n<p style=\"padding-left: 80px;\"><a href=\"https:\/\/vetomshop.hu\/fi\/\">Vetomshop.hu<\/a><\/p>\n<p style=\"padding-left: 80px;\"><a href=\"https:\/\/vetom-egeszsegshop.hu\" target=\"_blank\" rel=\"noopener noreferrer nofollow\">Vetomegeszsegshop.hu<\/a><\/p>\n<p style=\"padding-left: 80px;\"><a href=\"https:\/\/www.facebook.com\/Vetomshop.hu\" target=\"_blank\" rel=\"noopener noreferrer nofollow\">Facebook (Vetom-Unkari)<\/a><\/p>\n<p style=\"padding-left: 40px;\">Emag<\/p>\n<hr \/>\n\n\t<div class=\"clearboth\"><\/div>\n<\/div>\n\n\t<\/div>\n<\/div>\n\t<\/div>\n\n<\/div>","protected":false},"excerpt":{"rendered":"Mi az a Vetom? VETOM\u00a0\u2014 egy nagyon er\u0151s probiotikum, amely helyre\u00e1ll\u00edtja \u00e9s meg\u0151rzi a b\u00e9lny\u00e1lkah\u00e1rtya szerkezet\u00e9t \u00e9s a gyomor mikrofl\u00f3r\u00e1j\u00e1t. Hogyan harcol a Vetom a v\u00edrusos \u00e9s bakteri\u00e1lis fert\u0151z\u00e9sekkel? A Vetom k\u00e9sz\u00edtm\u00e9ny hat\u00f3anyaga a Bacillus subtilis VKPM B 10641 t\u00f6rzs. Az ezen fajokhoz tartoz\u00f3 bakt\u00e9riumok kifejezetten elnyomj\u00e1k a gyomor-b\u00e9l traktuson k\u00edv\u00fcli mikrofl\u00f3ra n\u00f6veked\u00e9s\u00e9t \u00e9s fejl\u0151d\u00e9s\u00e9t [...]","protected":false},"author":1,"featured_media":0,"parent":0,"menu_order":0,"comment_status":"closed","ping_status":"closed","template":"","meta":{"footnotes":""},"class_list":["post-1020","page","type-page","status-publish","hentry"],"_links":{"self":[{"href":"https:\/\/vetomshop.hu\/fi\/wp-json\/wp\/v2\/pages\/1020","targetHints":{"allow":["GET"]}}],"collection":[{"href":"https:\/\/vetomshop.hu\/fi\/wp-json\/wp\/v2\/pages"}],"about":[{"href":"https:\/\/vetomshop.hu\/fi\/wp-json\/wp\/v2\/types\/page"}],"author":[{"embeddable":true,"href":"https:\/\/vetomshop.hu\/fi\/wp-json\/wp\/v2\/users\/1"}],"replies":[{"embeddable":true,"href":"https:\/\/vetomshop.hu\/fi\/wp-json\/wp\/v2\/comments?post=1020"}],"version-history":[{"count":0,"href":"https:\/\/vetomshop.hu\/fi\/wp-json\/wp\/v2\/pages\/1020\/revisions"}],"wp:attachment":[{"href":"https:\/\/vetomshop.hu\/fi\/wp-json\/wp\/v2\/media?parent=1020"}],"curies":[{"name":"wp","href":"https:\/\/api.w.org\/{rel}","templated":true}]}}