{"id":389,"date":"2019-11-07T12:36:23","date_gmt":"2019-11-07T12:36:23","guid":{"rendered":"https:\/\/vetomshop.hu\/my-account\/"},"modified":"2024-03-06T15:55:51","modified_gmt":"2024-03-06T14:55:51","slug":"sajat-fiok","status":"publish","type":"page","link":"https:\/\/vetomshop.hu\/fi\/sajat-fiok\/","title":{"rendered":"Tilini"},"content":{"rendered":"<div class=\"su-spoiler su-spoiler-style-fancy su-spoiler-icon-chevron su-spoiler-closed\" data-scroll-offset=\"0\" data-anchor-in-url=\"no\"><div class=\"su-spoiler-title\" tabindex=\"0\" role=\"button\"><span class=\"su-spoiler-icon\"><\/span> Toimitus ja maksu<\/div><div class=\"su-spoiler-content su-u-clearfix su-u-trim\">\n<h2>Henkil\u00f6kohtainen kuitti<\/h2>\n<p style=\"padding-left: 40px;\">8112, Zichy\u00fajfalu, Kast\u00e9lykert 1<\/p>\n<p style=\"padding-left: 40px;\">Henkil\u00f6kohtainen noutoaika: vain ajanvarauksella seuraavissa yhteystiedoissa<\/p>\n<ul>\n<li style=\"list-style-type: none;\">\n<ul>\n<li><strong>Puhelin<\/strong>:\u00a0<a href=\"http:\/\/Tel:+36305573846\" target=\"_blank\" rel=\"noopener noreferrer nofollow\">+36305573846<\/a> Tam\u00e1s Pap<\/li>\n<li><strong>S\u00e4hk\u00f6posti-1<\/strong>: i<a href=\"mailto:infoshop.vetom.magyarorszag@gmail.com\" target=\"_blank\" rel=\"noopener\">nfoshop.vetom.magyarorszag@<wbr \/>gmail.com<\/a><\/li>\n<li><strong>S\u00e4hk\u00f6posti 2<\/strong>:\u00a0 <a href=\"mailto:vetomshop.hu@gmail.com\" target=\"_blank\" rel=\"noopener\">vetomshop.hu@gmail.com<\/a><\/li>\n<li>tai valtakunnallisilta yhteisty\u00f6kumppaneiltamme, joiden yhteystiedot l\u00f6ytyv\u00e4t verkkosivuiltamme.<\/li>\n<\/ul>\n<\/li>\n<\/ul>\n<h2><span style=\"color: #ff0000;\">Toimitus:<\/span><\/h2>\n<p>Kaupassamme voit valita seuraavista toimitus- ja maksuvaihtoehdoista:<\/p>\n<p style=\"padding-left: 40px;\"><span style=\"color: #339966;\"><strong>GLS-kuriiripalvelu<\/strong><\/span> ja <span style=\"color: #339966;\"><strong>Foxpost-pakettiautomaatti<\/strong><\/span><\/p>\n<p style=\"padding-left: 40px;\"><em><strong>30.000<\/strong> Ilmainen toimitus yli HUF tilausarvon!<\/em><\/p>\n<h2><span style=\"color: #008000;\">GLS-kuriiripalvelu:<\/span><\/h2>\n<p>GLS ParcelPoint -tilauksissa voit maksaa k\u00e4teisell\u00e4 ja luottokortilla joissakin toimipisteiss\u00e4 (tarkista asia etuk\u00e4teen ParcelPointista). <b>Jos pyyd\u00e4t toimitusta GLS ParcelService- tai GLS ParcelPoint -palveluun, sinun on annettava pakettiautomaatin osoite toimitusosoitekentt\u00e4\u00e4n.<\/b><\/p>\n<ul>\n<li>Kun paketti on l\u00e4hetetty, GLS Courier -j\u00e4rjestelm\u00e4 ilmoittaa vastaanottajalle s\u00e4hk\u00f6postitse, ett\u00e4 paketti toimitetaan seuraavana arkip\u00e4iv\u00e4n\u00e4. S\u00e4hk\u00f6postiviestiss\u00e4 ilmoitetaan paketin numero ja mahdollisen k\u00e4teisrahan m\u00e4\u00e4r\u00e4. Toimitusp\u00e4iv\u00e4n aamuna vastaanottaja saa ilmoituksen, joka sis\u00e4lt\u00e4\u00e4 kuriirin puhelinnumeron, GLS:n asiakaspalvelun puhelinnumeron ja 3 tunnin aikaj\u00e4nteen odotetulle toimitukselle. Jos toimitusyritys ep\u00e4onnistuu, vastaanottajalle l\u00e4hetet\u00e4\u00e4n s\u00e4hk\u00f6posti-ilmoitus.<\/li>\n<li><b>GLS ParcelSpot -haku:<\/b> <a href=\"https:\/\/gls-group.com\/HU\/hu\/depo-csomagpont-kereses\" target=\"_blank\" rel=\"noopener noreferrer nofollow\">https:\/\/gls-group.com\/HU\/hu\/depo-csomagpont-kereses<\/a><br \/>\n<b>Toimitusaika:<\/b> 1-3 ty\u00f6p\u00e4iv\u00e4\u00e4<br \/>\n<b>Toimitusmaksu:<\/b> 1590, - Ft,<br \/>\n<strong>Maksu:<\/strong> Ennakkomaksu (0,- Ft) tai Postpaid, joka maksaa + 400,- Ft.<\/li>\n<\/ul>\n<p>N\u00e4m\u00e4 hinnat koskevat vain toimituksia Unkarin sis\u00e4ll\u00e4. Jos haluat l\u00e4hett\u00e4\u00e4 pakettisi ulkomaille, ota meihin yhteytt\u00e4 suoraan s\u00e4hk\u00f6postitse ennen tilauksen tekemist\u00e4 tai sen j\u00e4lkeen tiedustellaksesi toimituskuluja.<\/p>\n<h2><span style=\"color: #008000;\">FOXPOST-kuriiripalvelu:<\/span><\/h2>\n<p>Voit my\u00f6s pyyt\u00e4\u00e4 toimitusta Foxpostin pakettiautomaattiin myym\u00e4l\u00e4ss\u00e4mme.<\/p>\n<p style=\"padding-left: 40px;\"><a href=\"https:\/\/foxpost.hu\/csomagautomatak\" target=\"_blank\" rel=\"noopener noreferrer nofollow\" data-saferedirecturl=\"https:\/\/www.google.com\/url?q=https:\/\/foxpost.hu\/csomagautomatak&amp;source=gmail&amp;ust=1709714712502000&amp;usg=AOvVaw1Y_RPFbUPlHU38HiM-T9Re\">https:\/\/foxpost.hu\/<wbr \/>autokauppa<\/a><\/p>\n<p><strong>Jos pyyd\u00e4t toimitusta Foxpostin pakettiautomaattiin, sinun on sy\u00f6tett\u00e4v\u00e4 pakettiautomaatin osoite toimitusosoitekentt\u00e4\u00e4n.<\/strong><\/p>\n<h3>Maksutavat:<\/h3>\n<p><strong>Toimitusaika:<\/strong> 1-3 ty\u00f6p\u00e4iv\u00e4\u00e4<br \/>\n<strong>Toimitusmaksu:<\/strong> 1390, - Ft,<br \/>\n<strong>Maksu:<\/strong> Ennakkomaksu (0, - Ft) tai Postpaid, joka maksaa +350, - Ft.<\/p>\n<h3>Maksutavat:<\/h3>\n<h4 style=\"padding-left: 40px;\">Seuranta<\/h4>\n<p>Jos valitset maksutavaksi postiennakkomaksun, maksu suoritetaan vastaanottopisteess\u00e4 (kuriiri- tai postipisteess\u00e4\/pakettipisteess\u00e4). T\u00e4h\u00e4n maksutapaan liittyy k\u00e4sittelymaksu, joten perimme peruskuljetusmaksun lis\u00e4ksi 350 tai 400 forinttia per paketti. Jos maksat k\u00e4teisell\u00e4, pid\u00e4 tarkka summa valmiina, sill\u00e4 kuriirilla ei aina ole riitt\u00e4v\u00e4sti vaihtorahaa.<\/p>\n<h4 style=\"padding-left: 40px;\">Pankkisiirto etuk\u00e4teen<\/h4>\n<p>Jos p\u00e4\u00e4t\u00e4t maksaa pankkisiirrolla etuk\u00e4teen, l\u00e4het\u00e4mme sinulle varastotarkastuksen j\u00e4lkeen s\u00e4hk\u00f6postitse laskun, joka sis\u00e4lt\u00e4\u00e4 tilisiirtoa varten tarvittavat tiedot ja lopullisen tarkan summan. Pyyd\u00e4mme teit\u00e4 yst\u00e4v\u00e4llisesti siirt\u00e4m\u00e4\u00e4n ostohinnan pankkitilillemme 72 tunnin kuluessa laskun l\u00e4hett\u00e4misest\u00e4, muutoin tilauksenne katsotaan mit\u00e4tt\u00f6m\u00e4ksi. Muistutamme, ett\u00e4 pankkisiirtoa ei saa aloittaa ennen kuin lasku on saapunut postilaatikkoosi! Siirtoa varten tarvittavat tiedot ovat mukana l\u00e4hetetyss\u00e4 laskussa.<\/p>\n<h4 style=\"padding-left: 40px;\">Huomaa my\u00f6s seuraavat seikat:<\/h4>\n<p>Sinulle ilmoitetaan s\u00e4hk\u00f6postitse pakettisi l\u00e4hett\u00e4misest\u00e4 ja odotetusta saapumisesta, joten tarkista postilaatikkosi s\u00e4\u00e4nn\u00f6llisesti tilauksen tekemisen j\u00e4lkeen, jotta v\u00e4ltyt v\u00e4\u00e4rink\u00e4sityksilt\u00e4 ja hankaluuksilta. Jos tilauksessasi ilmenee ep\u00e4s\u00e4\u00e4nn\u00f6llisyyksi\u00e4, ota meihin yhteytt\u00e4 osoitteeseen <a href=\"mailto:vetomshop.hu@gmail.com\" target=\"_blank\" rel=\"noopener\">vetomshop.hu@gmail.com<\/a> at. Kun teet tilauksen, varmista, ett\u00e4 annat oikean nimen, osoitteen, s\u00e4hk\u00f6postiosoitteen ja puhelinnumeron. Pakettien l\u00e4hett\u00e4j\u00e4 ei v\u00e4ltt\u00e4m\u00e4tt\u00e4 tunne paikallisia erityispiirteit\u00e4, joten anna tarvittaessa lis\u00e4tietoja toimituksen onnistumisen helpottamiseksi. Jos toimitus ep\u00e4onnistuu sinun virheest\u00e4si johtuen, voimme toimittaa paketin uudelleen kuljetusliikkeelle vasta, kun olet maksanut toimitusmaksun uudelleen. On t\u00e4rke\u00e4\u00e4, ett\u00e4 jos paketti on n\u00e4kyv\u00e4sti vahingoittunut tai auki, et ota toimitusta vastaan ja ilmoita siit\u00e4 meille mahdollisimman pian.<\/p>\n<\/div><\/div>\n<div class=\"woocommerce\"><\/div>","protected":false},"excerpt":{"rendered":"Sz\u00e1ll\u00edt\u00e1s \u00e9s fizet\u00e9s Szem\u00e9lyes \u00e1tv\u00e9tel 8112, Zichy\u00fajfalu, Kast\u00e9lykert 1 A szem\u00e9lyes \u00e1tv\u00e9tel ideje: kiz\u00e1r\u00f3lag el\u0151zetes egyeztet\u00e9ssel a k\u00f6vetkez\u0151 el\u00e9rhet\u0151s\u00e9geken Telefon:\u00a0+36305573846 Pap Tam\u00e1s Email-1: infoshop.vetom.magyarorszag@gmail.com Email-2:\u00a0 vetomshop.hu@gmail.com vagy orsz\u00e1gszerte a partnereinkt\u0151l, melyeknek el\u00e9rhet\u0151s\u00e9g\u00fck a weboldalunkon is megtal\u00e1lhat\u00f3 Kisz\u00e1ll\u00edt\u00e1s: \u00c1ruh\u00e1zunkban az al\u00e1bbi kisz\u00e1ll\u00edt\u00e1si \u00e9s fizet\u00e9si lehet\u0151s\u00e9gek k\u00f6z\u00fcl v\u00e1laszthat: GLS fut\u00e1rszolg\u00e1lat \u00e9s Foxpost csomagautomata 30.000 Forint rendel\u00e9si \u00e9rt\u00e9k [...]","protected":false},"author":1,"featured_media":0,"parent":0,"menu_order":0,"comment_status":"closed","ping_status":"closed","template":"","meta":{"footnotes":""},"class_list":["post-389","page","type-page","status-publish","hentry"],"_links":{"self":[{"href":"https:\/\/vetomshop.hu\/fi\/wp-json\/wp\/v2\/pages\/389","targetHints":{"allow":["GET"]}}],"collection":[{"href":"https:\/\/vetomshop.hu\/fi\/wp-json\/wp\/v2\/pages"}],"about":[{"href":"https:\/\/vetomshop.hu\/fi\/wp-json\/wp\/v2\/types\/page"}],"author":[{"embeddable":true,"href":"https:\/\/vetomshop.hu\/fi\/wp-json\/wp\/v2\/users\/1"}],"replies":[{"embeddable":true,"href":"https:\/\/vetomshop.hu\/fi\/wp-json\/wp\/v2\/comments?post=389"}],"version-history":[{"count":0,"href":"https:\/\/vetomshop.hu\/fi\/wp-json\/wp\/v2\/pages\/389\/revisions"}],"wp:attachment":[{"href":"https:\/\/vetomshop.hu\/fi\/wp-json\/wp\/v2\/media?parent=389"}],"curies":[{"name":"wp","href":"https:\/\/api.w.org\/{rel}","templated":true}]}}