{"id":225,"date":"2016-09-02T11:41:41","date_gmt":"2016-09-02T09:41:41","guid":{"rendered":"https:\/\/demos.artbees.net\/jupiter\/herse\/?post_type=product&#038;p=225"},"modified":"2026-04-12T08:29:44","modified_gmt":"2026-04-12T06:29:44","slug":"vetom1-1-etrend-kiegeszito","status":"publish","type":"product","link":"https:\/\/vetomshop.hu\/fi\/tuote\/vetom1-1-etrend-kiegeszito\/","title":{"rendered":"Probiootti Vetom <span style=\"color:red\">1.1<\/span><br> kapseli <span style=\"color:red\">50 jyv\u00e4\u00e4<\/span> (ravintolis\u00e4)"},"content":{"rendered":"<h2>Vetom 1.1 probioottikapselit 50 jyv\u00e4\u00e4 (ravintolis\u00e4)<\/h2>\n<p>Pohjimmiltaan VETOM-probiootteja voidaan k\u00e4ytt\u00e4\u00e4 kaikenlaisiin sairauksiin, sill\u00e4 ne pystyv\u00e4t ratkaisemaan vakavia ongelmia - palauttamaan mikroflooran ja optimoimaan immuunij\u00e4rjestelm\u00e4n toiminnan.<\/p>\n<p>Vetom 1.1:n my\u00f6nteiset vaikutukset johtuvat sen sis\u00e4lt\u00e4mist\u00e4 *Bacillus subtilis* -bakteereista. N\u00e4m\u00e4 hy\u00f6dylliset bakteerit lis\u00e4\u00e4ntyv\u00e4t paksusuolessa ja tuottavat erilaisia entsyymej\u00e4 ja biologisesti aktiivisia aineita, jotka:<\/p>\n<p>* est\u00e4v\u00e4t haitallisten bakteerien ja sienten kasvua,<br \/>\n* auttavat hajottamaan proteiineja, t\u00e4rkkelyst\u00e4 ja kasvikuituja,<br \/>\n* tukevat immuunij\u00e4rjestelm\u00e4\u00e4,<br \/>\n* auttaa puhdistamaan kehoa,<br \/>\n* edist\u00e4\u00e4 ravintoaineiden parempaa imeytymist\u00e4.<\/p>\n<h2>Tuotteen s\u00e4\u00e4nn\u00f6llinen k\u00e4ytt\u00f6:<\/h2>\n<p>* Palauttaa suolistoflooran terveen tasapainon,<br \/>\n* parantaa ruoansulatusta,<br \/>\n* lievitt\u00e4\u00e4 allergiaoireita,<br \/>\n* tukee kehon uudistumista ja sairaiden solujen poistamista,<br \/>\n* tehostaa muiden l\u00e4\u00e4kkeiden vaikutuksia ja v\u00e4hent\u00e4\u00e4 niiden sivuvaikutuksia.<br \/>\n* Suojaa elimist\u00f6\u00e4 solutasolla, auttaa ehk\u00e4isem\u00e4\u00e4n kasvainten kehittymist\u00e4.<\/p>\n<h2>Ominaisuudet:<\/h2>\n<p>* Anti-bakteerinen ja sienil\u00e4\u00e4kkeet<br \/>\n* Antiviraalinen, immuunij\u00e4rjestelm\u00e4\u00e4 vahvistava, kasvaimia ehk\u00e4isev\u00e4 vaikutus.<br \/>\n* Ei sivuvaikutuksia<br \/>\n* Ei riippuvuutta<br \/>\n* Ei yliannostusta<\/p>\n<h2>Sovellus:<\/h2>\n<p>Vetom 1.1 -valmistetta suositellaan parantamaan ruoansulatuskanavan tilaa ja palauttamaan suolistoflooran tasapaino.<\/p>\n<h2>Annostus:<\/h2>\n<p>* 1 kapseli 2-3 kertaa p\u00e4iv\u00e4ss\u00e4 suositellaan 10 p\u00e4iv\u00e4n ajan, ennen ateriaa, aterian aikana tai sen j\u00e4lkeen, pienen nestem\u00e4\u00e4r\u00e4n (vesi, tee tai mehu) kera. Seuraa elimist\u00f6n vastetta hoidon aikana ja lis\u00e4\u00e4 annosta tarvittaessa asteittain 5-10 kapseliin p\u00e4iv\u00e4ss\u00e4.<\/p>\n<p>* Hoito voidaan toistaa milloin tahansa 1-2 viikon tauon j\u00e4lkeen. Toisinaan on suositeltavaa vuorotella k\u00e4ytt\u00f6\u00e4 muiden Vetom-tuotteiden kanssa koko kehon tukemiseksi.<\/p>\n<h2>Vasta-aiheet:<\/h2>\n<p>* Yliherkkyys jollekin ainesosalle.<br \/>\n* \u00c4l\u00e4 k\u00e4yt\u00e4 antibioottien tai muiden probioottien kanssa.<br \/>\n* Raskauden ja imetyksen aikana vain l\u00e4\u00e4k\u00e4rin luvalla.<\/p>\n<h2>Muut tiedot:<\/h2>\n<p>* Ei vaikuta ajamiseen tai vaarallisten koneiden k\u00e4ytt\u00f6\u00f6n.<br \/>\n* S\u00e4ilytys: kuivassa, viile\u00e4ss\u00e4 paikassa (max. 30 \u00b0C), lasten ulottumattomissa.<br \/>\n* Takuu: 2 vuotta valmistusp\u00e4iv\u00e4st\u00e4 alkaen<br \/>\n* Pakkaus: 10 kapselia l\u00e4pipainopakkauksessa, 5 pakkausta laatikossa (yhteens\u00e4 50 kapselia).<\/p>\n<h2>Koostumus kapselia kohti:<\/h2>\n<p>* maissiuute: 133 mg<br \/>\n* Perunat\u00e4rkkelys: 100 mg<br \/>\n* Jauhettu sokeri: 67 mg<br \/>\n* Bacillus subtilis -kanta: 0,03 mg.<\/p>\n<p>Vaihtoehtoinen vastaava tippamuoto: Vetom 1.23 (10 ml).<\/p>\n<p>Alkuper\u00e4paikka: <strong>Ven\u00e4j\u00e4<\/strong><\/p>","protected":false},"excerpt":{"rendered":"<h5>Vetom <span style=\"color: red;\">1.1<\/span> probioottikapselit 50 jyv\u00e4\u00e4 (ravintolis\u00e4)<\/h5>\n<p>Sen suotuisat vaikutukset johtuvat hy\u00f6dyllisten bakteerien Bacillus subtilis -bakteerien vaikutuksesta, joita syntyy p\u00e4\u00e4asiassa paksusuolessa lis\u00e4\u00e4ntym\u00e4ll\u00e4:<\/p>\n<ul class=\"vetom-list\">\n<li>proteolyyttiset, amylolyyttiset ja sellulosolyyttiset entsyymit;<\/li>\n<li>a-2 interferoni ihmisen leukosyyteiss\u00e4;<\/li>\n<li>batsitrasiini mg, joka est\u00e4\u00e4 patogeenisen ja mahdollisesti patogeenisen mikroflooran kasvua ja kehityst\u00e4;<\/li>\n<li>ja muita biologisesti aktiivisia aineita.<\/li>\n<\/ul>\n<div class=\"plashka\">T\u00e4m\u00e4n seurauksena suolen sis\u00e4ll\u00f6n bakteerikoostumus muuttuu oikeaan kehitysnormiin, suolen sein\u00e4m\u00e4t puhdistetaan sulamattomista j\u00e4\u00e4mist\u00e4, mik\u00e4 edist\u00e4\u00e4 toksiinien aktiivista poistamista elimist\u00f6st\u00e4 ja biologisesti aktiivisten ravintoaineiden esteet\u00f6nt\u00e4 kuljetusta.<\/div>\n<p>A <strong>Vetom <span style=\"color: red;\">1.1<\/span><\/strong> normalisoi biologisesti aktiivisten ravintokomponenttien aineenvaihduntaa, ruoansulatusta ja imeytymist\u00e4 ruoansulatuskanavassa.<\/p>\n<p>A <strong>Vetom <span style=\"color: red;\">1.1<\/span><\/strong> lis\u00e4\u00e4 l\u00e4\u00e4kkeiden tehokkuutta ja v\u00e4hent\u00e4\u00e4 niiden kielteisi\u00e4 sivuvaikutuksia ihmiskehossa.<\/p>\n<div class=\"plashka\"><strong>Farmakologiset vaikutukset:<\/strong> immunomodulatiivinen, kasvainl\u00e4\u00e4ke, antiviraalinen, antiproliferatiivinen, bakteerien ja sienitautien torjunta-aine, klamydianesto.<\/div>\n<h5>Ominaisuudet:<\/h5>\n<ul class=\"vetom-list\">\n<li>Sill\u00e4 on korkea antagonistinen aktiivisuus patogeenisi\u00e4 ja ehdollisesti patogeenisi\u00e4 sieni\u00e4 ja bakteereja vastaan, antiviraalisia, proteolyyttisi\u00e4, amy lytisi\u00e4 ja sellulolyyttisi\u00e4 ominaisuuksia.<\/li>\n<li>stimuloi solu- ja humoraalisia immuniteettitekij\u00f6it\u00e4.<\/li>\n<li>lis\u00e4\u00e4 kehon ep\u00e4spesifist\u00e4 vastustuskyky\u00e4<\/li>\n<li>vakauttaa allergiaresistenssi\u00e4<\/li>\n<li>normalisoi aineenvaihduntaa<\/li>\n<li>stimuloi uudistumisprosesseja, hy\u00f6kk\u00e4\u00e4 sy\u00f6p\u00e4solujen ja sairaiden solujen kimppuun ja tappaa ne.<\/li>\n<\/ul>","protected":false},"featured_media":6597,"comment_status":"open","ping_status":"closed","template":"","meta":[],"product_brand":[],"product_cat":[22],"product_tag":[],"class_list":{"0":"post-225","1":"product","2":"type-product","3":"status-publish","4":"has-post-thumbnail","6":"product_cat-vetom-probiotikumok","8":"first","9":"instock","10":"featured","11":"taxable","12":"shipping-taxable","13":"purchasable","14":"product-type-simple"},"_links":{"self":[{"href":"https:\/\/vetomshop.hu\/fi\/wp-json\/wp\/v2\/product\/225","targetHints":{"allow":["GET"]}}],"collection":[{"href":"https:\/\/vetomshop.hu\/fi\/wp-json\/wp\/v2\/product"}],"about":[{"href":"https:\/\/vetomshop.hu\/fi\/wp-json\/wp\/v2\/types\/product"}],"replies":[{"embeddable":true,"href":"https:\/\/vetomshop.hu\/fi\/wp-json\/wp\/v2\/comments?post=225"}],"wp:featuredmedia":[{"embeddable":true,"href":"https:\/\/vetomshop.hu\/fi\/wp-json\/wp\/v2\/media\/6597"}],"wp:attachment":[{"href":"https:\/\/vetomshop.hu\/fi\/wp-json\/wp\/v2\/media?parent=225"}],"wp:term":[{"taxonomy":"product_brand","embeddable":true,"href":"https:\/\/vetomshop.hu\/fi\/wp-json\/wp\/v2\/product_brand?post=225"},{"taxonomy":"product_cat","embeddable":true,"href":"https:\/\/vetomshop.hu\/fi\/wp-json\/wp\/v2\/product_cat?post=225"},{"taxonomy":"product_tag","embeddable":true,"href":"https:\/\/vetomshop.hu\/fi\/wp-json\/wp\/v2\/product_tag?post=225"}],"curies":[{"name":"wp","href":"https:\/\/api.w.org\/{rel}","templated":true}]}}