{"id":2478,"date":"2020-10-20T18:54:23","date_gmt":"2020-10-20T16:54:23","guid":{"rendered":"https:\/\/vetomshop.hu\/?post_type=product&#038;p=2478"},"modified":"2026-04-12T08:28:28","modified_gmt":"2026-04-12T06:28:28","slug":"vetom-2-25-probiotikum-10-ml-csepp","status":"publish","type":"product","link":"https:\/\/vetomshop.hu\/fi\/tuote\/vetom-2-25-probiotikum-10-ml-csepp\/","title":{"rendered":"Probiootti Vetom <span style=\"color: red\">2.25<\/span><br>pudota <span style=\"color: red\">10 ml<\/span> (ravintolis\u00e4)"},"content":{"rendered":"<h3>Vetom 2.25 probioottiset pisarat 10 ml (ravintolis\u00e4)<\/h3>\n<p>Kaksi Bacillus amyloliquefaciens -kanta (VKPM B-10642 ja B-10643).<\/p>\n<p>Vetom 2.25 on luonnollinen nestem\u00e4inen probiootti, joka on suunniteltu palauttamaan suolistoflooraa, tukemaan ruoansulatuskanavan terveytt\u00e4 ja vahvistamaan elimist\u00f6n yleist\u00e4 puolustuskyky\u00e4. Sen erinomainen tehokkuus johtuu sen sis\u00e4lt\u00e4mist\u00e4 kahdesta *Bacillus amyloliquefaciens* -bakteerikannasta.<\/p>\n<h2>T\u00e4rkeimm\u00e4t vaikutukset ja hy\u00f6dyt:<\/h2>\n<p>*Antibakteeriset, antiviraaliset, sieni- ja klamydiavasta-aineiden vaikutukset.<br \/>\n* Auttaa paksu- ja ohutsuolen toimintaa, palauttaa normaalin suolistoflooran.<br \/>\n*Tukee immuunij\u00e4rjestelm\u00e4\u00e4 sek\u00e4 solutasolla ett\u00e4 yleisen puolustuksen tasolla.<br \/>\n* Normalisoi aineenvaihduntaa, erityisesti vesi-suolatasapainoa.<br \/>\n*Myrkytysvaikutus, auttaa poistamaan hajoamisprosesseja suolistossa.<br \/>\n* V\u00e4hent\u00e4\u00e4 pahanhajuista hengityst\u00e4 ja hikoiluoireita<br \/>\n*K\u00e4yt\u00e4 lis\u00e4ravinteena erilaisissa tiloissa, kuten maksasairauksissa, suolistotulehduksissa, mahahaavoissa, kroonisessa hepatiitissa.<br \/>\n*Ihmisen leukosyytti tuottaa interferonia, joka suojaa elimist\u00f6\u00e4 virusinfektioita vastaan.<br \/>\n*Ei riippuvuutta, yliannostusta tai sivuvaikutuksia.<br \/>\n*Lapsille ja aikuisille<\/p>\n<h2>Milloin sen k\u00e4ytt\u00f6\u00e4 suositellaan?<\/h2>\n<p>* Antibioottihoidon j\u00e4lkeen, suolistoflooran uudistamiseksi.<br \/>\n* T\u00e4ydent\u00e4\u00e4 hoitoa sy\u00f6v\u00e4n tapauksessa<br \/>\n*Ruuansulatush\u00e4iri\u00f6t, ripuli, ummetus, vatsavaivat.<br \/>\n*Immuunipuutostiloissa<br \/>\n*Jos esiintyy ep\u00e4miellytt\u00e4v\u00e4\u00e4 kehon hajua tai hengityst\u00e4.<br \/>\n*Lis\u00e4hoito munuaiskivien, maksasairauksien, ruoansulatuskanavan ongelmien hoitoon<\/p>\n<h2>\nAnnostussuositus:<\/h2>\n<p>*T\u00e4ydennys aikuisille ja lapsille : 2 tippaa suositellaan ensimm\u00e4isten p\u00e4ivien ajaksi, mink\u00e4 j\u00e4lkeen annosta voidaan nostaa asteittain 4-6 tippaan. Tarkkaile kehon reaktioita ottamisen aikana.<br \/>\n*Yleissairauksiin: 10 tippaa p\u00e4ivitt\u00e4in 10 p\u00e4iv\u00e4n ajan.<br \/>\n* Hoito voidaan toistaa 1-2 viikon kuluttua<br \/>\n* On suositeltavaa k\u00e4ytt\u00e4\u00e4 sit\u00e4 vuorotellen muiden Vetom-tuotteiden kanssa (esim. Vetom 1, 3, 4 jne.).<\/p>\n<p>T\u00e4rke\u00e4\u00e4:<br \/>\nSit\u00e4 ei pid\u00e4 k\u00e4ytt\u00e4\u00e4 muiden suun kautta otettavien probioottien tai antibioottien, erityisesti sulfanilamidin, sy\u00f6p\u00e4l\u00e4\u00e4kkeiden kanssa.<\/p>\n<h2>Ainesosat:<\/h2>\n<p>* Fermentoitu maissiuute seuraavilla bakteerikannoilla:<br \/>\n*Bacillus amyloliquefaciens* VKPM B-10642 (DSM 24614).<br \/>\n*Bacillus amyloliquefaciens* VKPM B-10643 (DSM 24615).<br \/>\n* Viveware<\/p>\n<h2>Pakkaus ja ulkon\u00e4k\u00f6:<\/h2>\n<p>* 10 ml nestett\u00e4 lasi- tai muovipullossa, pakattuna pahvilaatikkoon.<br \/>\n* V\u00e4ri: vaaleankeltaisesta tummanruskeaan<br \/>\n* Tyypillinen haju, joskus voi esiinty\u00e4 pient\u00e4 sakkaa (ei laatuvirhe).<\/p>\n<p>*Paino: 0,02 kg<br \/>\n*Koko: 3 \u00d7 3 \u00d7 7 cm.<br \/>\n*Ty\u00f6paikka: <strong>Ven\u00e4j\u00e4<\/strong><\/p>\n<h2>Varastointi- ja kuljetusolosuhteet:<\/h2>\n<p>*Varastointi: 0-10 \u00b0C, maks. kosteus 75%<br \/>\n*Voidaan s\u00e4ilytt\u00e4\u00e4 10-30 \u00b0C:ssa enint\u00e4\u00e4n 18 p\u00e4iv\u00e4\u00e4.<br \/>\n*Purkamisen j\u00e4lkeen: s\u00e4ilytet\u00e4\u00e4n j\u00e4\u00e4hdytettyn\u00e4 (0-10 \u00b0C).<\/p>","protected":false},"excerpt":{"rendered":"<h5>Koostumus:<\/h5>\n<p>Bacillus amyloliquefaciens, VKPM B- 10642. <strong>(DSM 24614)<\/strong> ja VKPM B- 10643 <strong>(DSM 24615)<\/strong> bakteerik\u00e4ynyt bacilus-kantojen maissiuute, kantaja.<br \/>\n<strong>Milt\u00e4 tuote n\u00e4ytt\u00e4\u00e4: <\/strong>A <strong>Vetom<\/strong> <span style=\"color: red; font-weight: 800;\">2.25<\/span> <strong>Probioottiset pisarat<\/strong> neste, jolla on erityinen haju ja jonka v\u00e4ri vaihtelee vaaleankeltaisesta tummanruskeaan.<\/p>\n<p><strong>Pakkauksen purkaminen:<\/strong>\u00a0 lasi- tai muovipullo kartongissa.<\/p>\n<div class=\"plashka\">A <strong>Vetom<\/strong> <span style=\"color: red; font-weight: 800;\">2.25<\/span> lis\u00e4\u00e4 l\u00e4\u00e4kkeiden tehokkuutta ja v\u00e4hent\u00e4\u00e4 niiden kielteisi\u00e4 sivuvaikutuksia ihmiskehossa.<\/div>\n<h6>Ominaisuudet:<\/h6>\n<ul class=\"vetom-list\">\n<li>stimuloi solu- ja humoraalisia immuniteettitekij\u00f6it\u00e4.<\/li>\n<li>lis\u00e4\u00e4 kehon ep\u00e4spesifist\u00e4 vastustuskyky\u00e4<\/li>\n<li>vakauttaa allergiaresistenssi\u00e4<\/li>\n<li>normalisoi aineenvaihduntaa<\/li>\n<li>stimuloi uudistumisprosesseja, hy\u00f6kk\u00e4\u00e4 sy\u00f6p\u00e4solujen ja sairaiden solujen kimppuun ja tuhoaa ne.<\/li>\n<\/ul>\n<div class=\"plashka\">Se muuttaa solurungon kalvoa ja aineenvaihduntaa, mik\u00e4 est\u00e4\u00e4 sy\u00f6p\u00e4solujen kehittymist\u00e4.<\/div>","protected":false},"featured_media":6611,"comment_status":"open","ping_status":"closed","template":"","meta":[],"product_brand":[],"product_cat":[22],"product_tag":[],"class_list":{"0":"post-2478","1":"product","2":"type-product","3":"status-publish","4":"has-post-thumbnail","6":"product_cat-vetom-probiotikumok","8":"first","9":"instock","10":"featured","11":"taxable","12":"shipping-taxable","13":"purchasable","14":"product-type-simple"},"_links":{"self":[{"href":"https:\/\/vetomshop.hu\/fi\/wp-json\/wp\/v2\/product\/2478","targetHints":{"allow":["GET"]}}],"collection":[{"href":"https:\/\/vetomshop.hu\/fi\/wp-json\/wp\/v2\/product"}],"about":[{"href":"https:\/\/vetomshop.hu\/fi\/wp-json\/wp\/v2\/types\/product"}],"replies":[{"embeddable":true,"href":"https:\/\/vetomshop.hu\/fi\/wp-json\/wp\/v2\/comments?post=2478"}],"wp:featuredmedia":[{"embeddable":true,"href":"https:\/\/vetomshop.hu\/fi\/wp-json\/wp\/v2\/media\/6611"}],"wp:attachment":[{"href":"https:\/\/vetomshop.hu\/fi\/wp-json\/wp\/v2\/media?parent=2478"}],"wp:term":[{"taxonomy":"product_brand","embeddable":true,"href":"https:\/\/vetomshop.hu\/fi\/wp-json\/wp\/v2\/product_brand?post=2478"},{"taxonomy":"product_cat","embeddable":true,"href":"https:\/\/vetomshop.hu\/fi\/wp-json\/wp\/v2\/product_cat?post=2478"},{"taxonomy":"product_tag","embeddable":true,"href":"https:\/\/vetomshop.hu\/fi\/wp-json\/wp\/v2\/product_tag?post=2478"}],"curies":[{"name":"wp","href":"https:\/\/api.w.org\/{rel}","templated":true}]}}