{"id":2483,"date":"2020-10-20T19:35:14","date_gmt":"2020-10-20T17:35:14","guid":{"rendered":"https:\/\/vetomshop.hu\/?post_type=product&#038;p=2483"},"modified":"2026-04-12T08:28:16","modified_gmt":"2026-04-12T06:28:16","slug":"vetomgin-8-21","status":"publish","type":"product","link":"https:\/\/vetomshop.hu\/fi\/tuote\/vetomgin-8-21\/","title":{"rendered":"Probiootti Vetomgin <span style=\"color:red\">8.21<\/span> samppanjatabletti <span style=\"color:red\">15 kappaletta<\/span> (ravintolis\u00e4)"},"content":{"rendered":"<h2><strong>Vetomgin 8.21 probiootti poreilevat tabletit 15 (ravintolis\u00e4)<\/strong><\/h2>\n<p><span style=\"color: #ff0000;\">Koostumus<\/span><\/p>\n<p>1 annos (1 poreileva tabletti) sis\u00e4lt\u00e4\u00e4: lis\u00e4ainetta: (sitruunapatukka) - 750 mg ; kuivatut probioottiviljelm\u00e4t Bacillus subtilis, VKPM B - 10641 (DSM 24613),Bacillus amyloliquefaciens, VKPM B - 10642 (DSM 24614) , Bacillus amyloliquefaciens, VKPM B - 10643 (DSM 24615) 1\u0445106 KTJ\/g - 50 mg.<\/p>\n<p>Sen suotuisat vaikutukset johtuvat Vetomgin 8.21 -valmisteen ainesosien ominaisuuksista. Niiden vaikutuksesta kunkin henkil\u00f6n suolistossa muodostuu erityinen mikrobikoostumus ja Krebsin sykli aktivoituu. T\u00e4m\u00e4n prosessin tuloksena optimoidaan niiden j\u00e4rjestelmien toiminta, jotka suojaavat elimist\u00f6\u00e4 vieraita tunkeutujia, mukaan lukien tarttuvat mikro-organismit, vastaan, ja optimoidaan elimist\u00f6n s\u00e4\u00e4telyj\u00e4rjestelm\u00e4, joka varmistaa solujen aktiivisen hapensaannin, energiavarastojen muodostumisen, elimist\u00f6lle v\u00e4ltt\u00e4m\u00e4tt\u00f6mien molekyylien - aminohappojen, hiilihydraattien, rasvahappojen - synteesin aktivoitumisen jne.<\/p>\n<p>Vetomgin 8.21 lis\u00e4\u00e4 l\u00e4\u00e4kkeiden tehokkuutta ja v\u00e4hent\u00e4\u00e4 niiden kielteisi\u00e4 sivuvaikutuksia ihmiskehossa.<\/p>\n<h5>Ominaisuudet:<\/h5>\n<ul>\n<li>\u00a0EI SIVUVAIKUTUKSIA<\/li>\n<li>\u00a0EI IK\u00c4RAJOITUSTA<\/li>\n<li>EI YLIANNOSTUSTA<\/li>\n<li>EI LIS\u00c4\u00c4NTYV\u00c4<\/li>\n<\/ul>\n<ul class=\"vetom-list\">\n<li>Sill\u00e4 on korkea antagonistinen aktiivisuus patogeenisi\u00e4 ja ehdollisesti patogeenisi\u00e4 sieni\u00e4 ja bakteereja vastaan, antiviraalisia, proteolyyttisi\u00e4, amy lytisi\u00e4 ja sellulolyyttisi\u00e4 ominaisuuksia.<\/li>\n<li>stimuloi solu- ja humoraalisia immuniteettitekij\u00f6it\u00e4.<\/li>\n<li>lis\u00e4\u00e4 kehon ep\u00e4spesifist\u00e4 vastustuskyky\u00e4<\/li>\n<li>vakauttaa allergiaresistenssi\u00e4<\/li>\n<li>normalisoi aineenvaihduntaa<\/li>\n<li>stimuloi uudistumisprosesseja, hy\u00f6kk\u00e4\u00e4 sy\u00f6p\u00e4solujen ja sairaiden solujen kimppuun ja tuhoaa ne.<\/li>\n<\/ul>\n<p><span style=\"color: #ff0000;\">K\u00e4ytt\u00f6alue<\/span><br \/>\nProbioottiset mikro-organismit ovat t\u00e4ydent\u00e4v\u00e4 l\u00e4hde el\u00e4m\u00e4nlaadun parantamiseksi.<br \/>\n<span style=\"color: #ff0000;\">Hae osoitteessa<\/span><br \/>\nSuositellaan 3 poreilevaa tablettia p\u00e4iv\u00e4ss\u00e4 10 p\u00e4iv\u00e4n ajan s\u00e4\u00e4nn\u00f6llisin v\u00e4liajoin.<br \/>\n1 tabletti liuotettuna lasilliseen vett\u00e4 .<br \/>\nTablettia ei saa niell\u00e4, pureskella tai ime\u00e4.<br \/>\n<span style=\"color: #ff0000;\">Vasta-aiheet<\/span><br \/>\nYliherkkyys tietyille l\u00e4\u00e4kkeen ainesosille.<br \/>\nErityisohjeet<br \/>\nK\u00e4yt\u00e4 raskauden ja imetyksen aikana vain l\u00e4\u00e4k\u00e4rin konsultaation j\u00e4lkeen. Valmiste ei vaikuta ajokykyyn tai kykyyn k\u00e4ytt\u00e4\u00e4 mahdollisesti vaarallisia mekanismeja.<br \/>\n<span style=\"color: #ff0000;\">Annostelu<\/span><br \/>\n15 kpl 2 gramman samppanjatabletteja , 3 kpl per tabletti, pakattu pahvilaatikkoon, joka on k\u00e4\u00e4ritty pergamenttipaperiin. K\u00e4ytt\u00f6ohjeet liitteen\u00e4.<br \/>\n<span style=\"color: #ff0000;\">Varastointiolosuhteet<\/span><br \/>\nVoidaan s\u00e4ilytt\u00e4\u00e4 75 %:n suhteellisessa kosteudessa alle 30 \u00b0C:ssa. S\u00e4ilytett\u00e4v\u00e4 lasten ulottumattomissa.<br \/>\n<span style=\"color: #ff0000;\">S\u00e4ilyvyys<\/span><br \/>\n4 vuotta valmistusp\u00e4iv\u00e4st\u00e4. \u00c4l\u00e4 k\u00e4yt\u00e4 viimeisen k\u00e4ytt\u00f6p\u00e4iv\u00e4m\u00e4\u00e4r\u00e4n j\u00e4lkeen.<br \/>\nVetomgin 8.21 ei ole l\u00e4\u00e4ke.<\/p>\n<p><span style=\"color: #0000ff;\">Ostan probiootit suoraan tehtaalta parhaaseen hintaan , -Premium laatu.<\/span><\/p>\n<h3><strong><span style=\"color: #ff0000;\">Cemmedic Europe Kft \u201eUnkarin virallinen jakelija\u201d !<\/span><\/strong><\/h3>","protected":false},"excerpt":{"rendered":"<h5>Koostumus<\/h5>\n<p>1 annos (<strong>1 poreileva tabletti<\/strong>) sis\u00e4lt\u00e4\u00e4 lis\u00e4aineen:<\/p>\n<ul>\n<li><strong>\u0415500<\/strong> (natriumkarbonaatti) - 1200 mg<\/li>\n<li><strong>\u0415330<\/strong> (sitruunapatukka) - 750 mg;<\/li>\n<li>kuivatut probioottiviljelm\u00e4t <strong>Bacillus subtilis<\/strong>, VKPM B - 10641(DSM 24613),<\/li>\n<li><strong>Bacillus amyloliquefaciens<\/strong>, VKPM B - 10642 (DSM 24614),<\/li>\n<li><strong>Bacillus amyloliquefaciens<\/strong>, VKPM B - 10643 (DSM 24615) 1X106 KTJ\/g - 50 mg.<\/li>\n<\/ul>\n<p>Suotuisat vaikutukset <strong>Vetomgin <span style=\"color:red\">8.21<\/span><\/strong> osatekij\u00f6iden ominaisuudet. Niiden vaikutuksesta suolistossa muodostuu kunkin henkil\u00f6n erityinen mikrobikoostumus ja Krebsin sykli aktivoituu. T\u00e4m\u00e4n prosessin tuloksena optimoidaan j\u00e4rjestelm\u00e4t, jotka suojaavat elimist\u00f6\u00e4 vierasper\u00e4isilt\u00e4 tunkeutujilta, mukaan lukien tarttuvat mikro-organismit, ja optimoidaan elimist\u00f6n s\u00e4\u00e4telyj\u00e4rjestelm\u00e4, joka varmistaa solujen aktiivisen hapensaannin, energiavarastojen muodostumisen, elimist\u00f6lle v\u00e4ltt\u00e4m\u00e4tt\u00f6mien molekyylien synteesin aktivoitumisen: aminohapot, hiilihydraatit, rasvahapot jne.<\/p>\n<div class=\"plashka\">A <strong>Vetomgin <span style=\"color:red\">8.21<\/span><\/strong> lis\u00e4\u00e4 l\u00e4\u00e4kkeiden tehokkuutta ja v\u00e4hent\u00e4\u00e4 niiden kielteisi\u00e4 sivuvaikutuksia ihmiskehossa.<\/div>\n<h6>Ominaisuudet:<\/h6>\n<ul class=\"vetom-list\">\n<li>Sill\u00e4 on korkea antagonistinen aktiivisuus patogeenisi\u00e4 ja ehdollisesti patogeenisi\u00e4 sieni\u00e4 ja bakteereja vastaan, antiviraalisia, proteolyyttisi\u00e4, amy lytisi\u00e4 ja sellulolyyttisi\u00e4 ominaisuuksia.<\/li>\n<li>stimuloi solu- ja humoraalisia immuniteettitekij\u00f6it\u00e4.<\/li>\n<li>lis\u00e4\u00e4 kehon ep\u00e4spesifist\u00e4 vastustuskyky\u00e4<\/li>\n<li>vakauttaa allergiaresistenssi\u00e4<\/li>\n<li>normalisoi aineenvaihduntaa<\/li>\n<li>stimuloi uudistumisprosesseja, hy\u00f6kk\u00e4\u00e4 sy\u00f6p\u00e4solujen ja sairaiden solujen kimppuun ja tappaa ne.<\/li>\n<\/ul>\n<div class=\"plashka\"><strong>K\u00e4ytt\u00f6alue<\/strong><br \/>\nProbioottiset mikro-organismit ovat t\u00e4ydent\u00e4v\u00e4 l\u00e4hde el\u00e4m\u00e4nlaadun parantamiseksi.<\/div>","protected":false},"featured_media":5558,"comment_status":"open","ping_status":"closed","template":"","meta":[],"product_brand":[],"product_cat":[22],"product_tag":[],"class_list":{"0":"post-2483","1":"product","2":"type-product","3":"status-publish","4":"has-post-thumbnail","6":"product_cat-vetom-probiotikumok","8":"first","9":"instock","10":"featured","11":"taxable","12":"shipping-taxable","13":"purchasable","14":"product-type-simple"},"_links":{"self":[{"href":"https:\/\/vetomshop.hu\/fi\/wp-json\/wp\/v2\/product\/2483","targetHints":{"allow":["GET"]}}],"collection":[{"href":"https:\/\/vetomshop.hu\/fi\/wp-json\/wp\/v2\/product"}],"about":[{"href":"https:\/\/vetomshop.hu\/fi\/wp-json\/wp\/v2\/types\/product"}],"replies":[{"embeddable":true,"href":"https:\/\/vetomshop.hu\/fi\/wp-json\/wp\/v2\/comments?post=2483"}],"wp:featuredmedia":[{"embeddable":true,"href":"https:\/\/vetomshop.hu\/fi\/wp-json\/wp\/v2\/media\/5558"}],"wp:attachment":[{"href":"https:\/\/vetomshop.hu\/fi\/wp-json\/wp\/v2\/media?parent=2483"}],"wp:term":[{"taxonomy":"product_brand","embeddable":true,"href":"https:\/\/vetomshop.hu\/fi\/wp-json\/wp\/v2\/product_brand?post=2483"},{"taxonomy":"product_cat","embeddable":true,"href":"https:\/\/vetomshop.hu\/fi\/wp-json\/wp\/v2\/product_cat?post=2483"},{"taxonomy":"product_tag","embeddable":true,"href":"https:\/\/vetomshop.hu\/fi\/wp-json\/wp\/v2\/product_tag?post=2483"}],"curies":[{"name":"wp","href":"https:\/\/api.w.org\/{rel}","templated":true}]}}