{"id":2687,"date":"2021-05-05T20:33:49","date_gmt":"2021-05-05T18:33:49","guid":{"rendered":"https:\/\/vetomshop.hu\/?post_type=product&#038;p=2687"},"modified":"2023-02-13T18:43:24","modified_gmt":"2023-02-13T17:43:24","slug":"enterosgel-1-db","status":"publish","type":"product","link":"https:\/\/vetomshop.hu\/fi\/tuote\/enterosgel-1-db\/","title":{"rendered":"Enteros-geeli (1 kpl)"},"content":{"rendered":"<p>Osoitteesta <strong>Enterosgel<\/strong> (1 kpl) poistaa elimist\u00f6lle haitallisia aineita, mutta ei ime elimist\u00f6lle hy\u00f6dyllisi\u00e4 ainesosia. Desinfioiva, suojaava, detoksifioiva tuote. Se on orgaaninen aine, jonka fysikaaliset ja kemialliset ominaisuudet muistuttavat hiilen ominaisuuksia, joten se on keholle yst\u00e4v\u00e4llinen.<\/p>\n<p>Se auttaa vieroittamaan ja jopa poistamaan viruksia, bakteereja, sieni\u00e4 ja loisia, joiden j\u00e4\u00e4m\u00e4t piilev\u00e4t ja aiheuttavat oireita, joita voi olla hyvin vaikea l\u00f6yt\u00e4\u00e4.<\/p>\n<p>Helppo k\u00e4ytt\u00e4\u00e4, voidaan sekoittaa veteen tai muihin nesteisiin \/ 1-2 dl\/<br \/>\nAikuisille yksi ruokalusikallinen \/15 gr\/ 3 kertaa p\u00e4iv\u00e4ss\u00e4, puolitoista-kaksi tuntia ennen ateriaa tai aterian j\u00e4lkeen.<br \/>\nLapsille teelusikallinen \/5-10 gr\/ 1-3 kertaa p\u00e4iv\u00e4ss\u00e4.<br \/>\nSuositeltu k\u00e4ytt\u00f6aika: 7-14 p\u00e4iv\u00e4\u00e4.<\/p>","protected":false},"excerpt":{"rendered":"<p>Enteroskeleton (1 kpl) poistaa elimist\u00f6lle haitallisia aineita, mutta ei ime elimist\u00f6lle hy\u00f6dyllisi\u00e4 ainesosia. Desinfioiva, suojaava, detoksifioiva tuote. Se on orgaaninen aine, jonka fysikaaliset ja kemialliset ominaisuudet muistuttavat hiilen ominaisuuksia, joten se on keholle yst\u00e4v\u00e4llinen.<\/p>\n<p>Se auttaa vieroittamaan ja jopa poistamaan viruksia, bakteereja, sieni\u00e4 ja loisia, joiden j\u00e4\u00e4m\u00e4t piilev\u00e4t ja aiheuttavat oireita, joita voi olla hyvin vaikea l\u00f6yt\u00e4\u00e4.<\/p>","protected":false},"featured_media":2688,"comment_status":"open","ping_status":"closed","template":"","meta":[],"product_brand":[],"product_cat":[28],"product_tag":[],"class_list":{"0":"post-2687","1":"product","2":"type-product","3":"status-publish","4":"has-post-thumbnail","6":"product_cat-enterosgel","8":"first","9":"instock","10":"sale","11":"taxable","12":"shipping-taxable","13":"purchasable","14":"product-type-simple"},"_links":{"self":[{"href":"https:\/\/vetomshop.hu\/fi\/wp-json\/wp\/v2\/product\/2687","targetHints":{"allow":["GET"]}}],"collection":[{"href":"https:\/\/vetomshop.hu\/fi\/wp-json\/wp\/v2\/product"}],"about":[{"href":"https:\/\/vetomshop.hu\/fi\/wp-json\/wp\/v2\/types\/product"}],"replies":[{"embeddable":true,"href":"https:\/\/vetomshop.hu\/fi\/wp-json\/wp\/v2\/comments?post=2687"}],"wp:featuredmedia":[{"embeddable":true,"href":"https:\/\/vetomshop.hu\/fi\/wp-json\/wp\/v2\/media\/2688"}],"wp:attachment":[{"href":"https:\/\/vetomshop.hu\/fi\/wp-json\/wp\/v2\/media?parent=2687"}],"wp:term":[{"taxonomy":"product_brand","embeddable":true,"href":"https:\/\/vetomshop.hu\/fi\/wp-json\/wp\/v2\/product_brand?post=2687"},{"taxonomy":"product_cat","embeddable":true,"href":"https:\/\/vetomshop.hu\/fi\/wp-json\/wp\/v2\/product_cat?post=2687"},{"taxonomy":"product_tag","embeddable":true,"href":"https:\/\/vetomshop.hu\/fi\/wp-json\/wp\/v2\/product_tag?post=2687"}],"curies":[{"name":"wp","href":"https:\/\/api.w.org\/{rel}","templated":true}]}}