{"id":443,"date":"2019-11-12T14:57:08","date_gmt":"2019-11-12T13:57:08","guid":{"rendered":"https:\/\/vetomshop.hu\/?post_type=product&#038;p=443"},"modified":"2026-04-12T08:29:34","modified_gmt":"2026-04-12T06:29:34","slug":"vetom-2-etrend-kiegeszito","status":"publish","type":"product","link":"https:\/\/vetomshop.hu\/fi\/tuote\/vetom-2-etrend-kiegeszito\/","title":{"rendered":"Probiootti Vetom <span style=\"color:red\">2<\/span><br> kapseli <span style=\"color:red\">50 jyv\u00e4\u00e4<\/span> (ravintolis\u00e4)"},"content":{"rendered":"<h2>Vetom 2 probioottikapselit 50 jyv\u00e4\u00e4 (ravintolis\u00e4)<\/h2>\n<p>Vetomin 2 t\u00e4rkeint\u00e4 vaikuttavaa ainetta ovat hy\u00f6dylliset bakteerikannat *Bacillus amyloliquefaciens* , jotka toimivat p\u00e4\u00e4asiassa paksusuolessa, jossa ne lis\u00e4\u00e4ntyv\u00e4t tuottaen erilaisia entsyymej\u00e4 (proteiineja, t\u00e4rkkelyst\u00e4 ja kuituja hajottavia entsyymej\u00e4) ja aktiivisia yhdisteit\u00e4, jotka:<\/p>\n<p>* tukahduttaa haitalliset bakteerit ja sienet,<br \/>\n* puhdistavat suolen sein\u00e4m\u00e4n sulamattomista j\u00e4\u00e4mist\u00e4,<br \/>\n* tukevat ravintoaineiden parempaa imeytymist\u00e4,<br \/>\n* auttaa puhdistamaan kehoa.<\/p>\n<p>Vetom 2:n s\u00e4\u00e4nn\u00f6llinen k\u00e4ytt\u00f6 auttaa palauttamaan suolistoflooran terveen tasapainon, stimuloi ruoansulatusta ja parantaa immuunij\u00e4rjestelm\u00e4n toimintaa. Probiootti tukee uudistumisprosesseja, auttaa solujen uusiutumista ja saattaa jopa ehk\u00e4ist\u00e4 sy\u00f6p\u00e4solujen kehittymist\u00e4.<\/p>\n<p>Se my\u00f6s tehostaa l\u00e4\u00e4kkeiden vaikutuksia ja v\u00e4hent\u00e4\u00e4 niiden sivuvaikutuksia.<\/p>\n<h2>Edulliset ominaisuudet:<\/h2>\n<p>* Vahva antibakteerinen ja sienil\u00e4\u00e4kkeellinen vaikutus.<br \/>\n* Antiviraalinen, ruoansulatuskanavan, immuunij\u00e4rjestelm\u00e4n tehostajana.<br \/>\n* Solujen suojaaminen ja kasvainten ehk\u00e4isy<br \/>\n* Normalisoi aineenvaihduntaa<br \/>\n* Vahvistaa vastustuskyky\u00e4 allergioita vastaan<br \/>\n* Uudistaa kehoa solutasolla<br \/>\n* Ei aiheuta sivuvaikutuksia, yliannostusta tai riippuvuutta.<br \/>\n* Suojaa elimist\u00f6\u00e4 solutasolla, auttaa ehk\u00e4isem\u00e4\u00e4n kasvainten kehittymist\u00e4.<\/p>\n<h2>Suositeltu k\u00e4ytt\u00f6:<\/h2>\n<p>Vetom 2 -valmistetta suositellaan suolistoflooran tasapainon palauttamiseen, suoliston terveyden tukemiseen ja immuniteetin vahvistamiseen.<\/p>\n<h2>Annostus:<\/h2>\n<p>* 1 kapseli 2-3 kertaa p\u00e4iv\u00e4ss\u00e4 suositellaan 10 p\u00e4iv\u00e4n ajan, ennen ateriaa, aterian aikana tai sen j\u00e4lkeen, pienen nestem\u00e4\u00e4r\u00e4n (vesi, tee tai mehu) kera. Seuraa elimist\u00f6n vastetta hoidon aikana ja lis\u00e4\u00e4 annosta tarvittaessa asteittain 5-10 kapseliin p\u00e4iv\u00e4ss\u00e4.<\/p>\n<p>* Hoito voidaan toistaa 1-2 viikon tauon j\u00e4lkeen. Toisinaan on suositeltavaa vaihtaa toiseen numeroituun Vetom-tuotteeseen elimist\u00f6n kokonaistuen saamiseksi.<\/p>\n<h2>Vasta-aiheet:<\/h2>\n<p>* Ei suositella, jos olet herkistynyt jollekin ainesosalle.<br \/>\n* K\u00e4yt\u00e4 raskauden ja imetyksen aikana vain l\u00e4\u00e4k\u00e4rin ohjeiden mukaan.<br \/>\n* Ei vaikuta ajamiseen tai vaarallisten koneiden k\u00e4ytt\u00e4miseen.<\/p>\n<h2>Annostus ja ainesosat:<\/h2>\n<p>* 10 kapselia l\u00e4pipainopakkauksessa, 5 pakkausta kartongissa (yhteens\u00e4 50 kapselia).<br \/>\n* 1 kapselin sis\u00e4lt\u00f6:<\/p>\n<p>* maissiuute - 133 mg<br \/>\n* Perunat\u00e4rkkelys - 100 mg<br \/>\n* sakkaroosi (tomusokeri) - 67 mg<br \/>\n* Bacillus amyloliquefaciens -bakteeriviljelm\u00e4 (DSM 24614) ja kannat DSM 24615 - 30 mg (1\u00d710\u2079 CFU\/g).<\/p>\n<h2>Lis\u00e4tietoja:<\/h2>\n<p>* Nettopaino: 0,1 kg<br \/>\n* Koko: 4,5 \u00d7 6,5 \u00d7 8 cm.<br \/>\n* Alkuper\u00e4maa: Ven\u00e4j\u00e4<br \/>\n* S\u00e4ilytys: viile\u00e4ss\u00e4, kuivassa paikassa (max 30 \u00b0C), lasten ulottumattomissa.<br \/>\n* S\u00e4ilyvyysaika: 2 vuotta valmistusp\u00e4iv\u00e4st\u00e4 alkaen<\/p>\n<p>Vaihtoehtoinen vastaava tippamuodossa: Vetom 2.25 (10 ml).<\/p>\n<p>Alkuper\u00e4paikka : <strong>Ven\u00e4j\u00e4<\/strong><\/p>","protected":false},"excerpt":{"rendered":"<h5><strong>Vetom <span style=\"color: red;\">2<\/span><\/strong> probioottikapselit 50 jyv\u00e4\u00e4 (ravintolis\u00e4)<\/h5>\n<div class=\"plashka\">\n<p>A <strong>Vetom <span style=\"color: red;\">2<\/span><\/strong> normalisoi biologisesti aktiivisten ravintokomponenttien aineenvaihduntaa, ruoansulatusta ja imeytymist\u00e4 ruoansulatuskanavassa.<\/p>\n<p>A <strong>Vetom <span style=\"color: red;\">2<\/span><\/strong> prbiootit lis\u00e4\u00e4v\u00e4t l\u00e4\u00e4kkeiden tehokkuutta ja v\u00e4hent\u00e4v\u00e4t niiden kielteisi\u00e4 sivuvaikutuksia ihmiskehossa.<\/p>\n<\/div>\n<p>Hy\u00f6dyllinen vaikutus <strong>Bacillus amyloliquefaciens<\/strong> jotka syntyv\u00e4t p\u00e4\u00e4asiassa lis\u00e4\u00e4ntym\u00e4ll\u00e4 paksusuolessa:<\/p>\n<ul class=\"vetom-list\">\n<li>proteolyyttiset, amylolyyttiset ja sellulosolyyttiset entsyymit,<\/li>\n<li>biologisesti aktiivinen aine, joka est\u00e4\u00e4 patogeenisen ja mahdollisesti patogeenisen mikroflooran kasvua ja kehityst\u00e4.<\/li>\n<\/ul>\n<p>T\u00e4m\u00e4n seurauksena suolen sis\u00e4ll\u00f6n bakteerikoostumus muuttuu oikeaan kehitysnormiin, suolen sein\u00e4m\u00e4t puhdistetaan sulamattomista j\u00e4\u00e4mist\u00e4, mik\u00e4 edist\u00e4\u00e4 toksiinien aktiivista poistamista elimist\u00f6st\u00e4 ja biologisesti aktiivisten ravintoaineiden esteet\u00f6nt\u00e4 kuljetusta.<\/p>","protected":false},"featured_media":6598,"comment_status":"open","ping_status":"closed","template":"","meta":[],"product_brand":[],"product_cat":[22],"product_tag":[],"class_list":{"0":"post-443","1":"product","2":"type-product","3":"status-publish","4":"has-post-thumbnail","6":"product_cat-vetom-probiotikumok","8":"first","9":"instock","10":"featured","11":"taxable","12":"shipping-taxable","13":"purchasable","14":"product-type-simple"},"_links":{"self":[{"href":"https:\/\/vetomshop.hu\/fi\/wp-json\/wp\/v2\/product\/443","targetHints":{"allow":["GET"]}}],"collection":[{"href":"https:\/\/vetomshop.hu\/fi\/wp-json\/wp\/v2\/product"}],"about":[{"href":"https:\/\/vetomshop.hu\/fi\/wp-json\/wp\/v2\/types\/product"}],"replies":[{"embeddable":true,"href":"https:\/\/vetomshop.hu\/fi\/wp-json\/wp\/v2\/comments?post=443"}],"wp:featuredmedia":[{"embeddable":true,"href":"https:\/\/vetomshop.hu\/fi\/wp-json\/wp\/v2\/media\/6598"}],"wp:attachment":[{"href":"https:\/\/vetomshop.hu\/fi\/wp-json\/wp\/v2\/media?parent=443"}],"wp:term":[{"taxonomy":"product_brand","embeddable":true,"href":"https:\/\/vetomshop.hu\/fi\/wp-json\/wp\/v2\/product_brand?post=443"},{"taxonomy":"product_cat","embeddable":true,"href":"https:\/\/vetomshop.hu\/fi\/wp-json\/wp\/v2\/product_cat?post=443"},{"taxonomy":"product_tag","embeddable":true,"href":"https:\/\/vetomshop.hu\/fi\/wp-json\/wp\/v2\/product_tag?post=443"}],"curies":[{"name":"wp","href":"https:\/\/api.w.org\/{rel}","templated":true}]}}