{"id":447,"date":"2019-11-12T15:10:57","date_gmt":"2019-11-12T14:10:57","guid":{"rendered":"https:\/\/vetomshop.hu\/?post_type=product&#038;p=447"},"modified":"2026-04-12T08:29:15","modified_gmt":"2026-04-12T06:29:15","slug":"vetom-4-etrend-kiegeszito","status":"publish","type":"product","link":"https:\/\/vetomshop.hu\/fi\/tuote\/vetom-4-etrend-kiegeszito\/","title":{"rendered":"Probiootti Vetom <span style=\"color:red\">4<\/span><br> kapseli <span style=\"color:red\">50 jyv\u00e4\u00e4<\/span> (ravintolis\u00e4)"},"content":{"rendered":"<p>Vetom 4 probioottikapselit 50 jyv\u00e4\u00e4 (ravintolis\u00e4, jossa on Bacillus amyloliquefaciens).<\/p>\n<p>Sen my\u00f6nteiset vaikutukset johtuvat Bacillus amyloliquefaciens -bakteerin vaikutuksesta, joka p\u00e4\u00e4asiassa lis\u00e4\u00e4ntym\u00e4ll\u00e4 ohutsuolessa tuottaa proteolyyttisi\u00e4, amylolyyttisi\u00e4 ja sellulolyyttisi\u00e4 entsyymej\u00e4 sek\u00e4 biologisesti aktiivisia aineita, jotka est\u00e4v\u00e4t patogeenisen ja mahdollisesti patogeenisen mikroflooran kasvua ja kehityst\u00e4. T\u00e4m\u00e4n seurauksena suolen sis\u00e4ll\u00f6n bakteerikoostumus muuttuu sopivaksi kehitysnormiksi, suolen sein\u00e4m\u00e4t puhdistetaan sulamattomista j\u00e4\u00e4mist\u00e4, mik\u00e4 edist\u00e4\u00e4 toksiinien aktiivista poistamista kehosta, biologisesti aktiivisten ravintoaineiden esteet\u00f6nt\u00e4 kuljetusta.<br \/>\nVetom 4:n vaikutuksesta biologisesti aktiivisten ravintokomponenttien aineenvaihdunta, ruoansulatus ja imeytyminen ruoansulatuskanavassa normalisoituvat.<br \/>\nVetom 1.1 lis\u00e4\u00e4 l\u00e4\u00e4kkeiden tehokkuutta ja v\u00e4hent\u00e4\u00e4 niiden kielteisi\u00e4 sivuvaikutuksia ihmiskehossa.<br \/>\nSuositeltu annostus: 1 kapseli (2*3) p\u00e4ivitt\u00e4in 10 p\u00e4iv\u00e4n ajan, aterian yhteydess\u00e4 tai sen j\u00e4lkeen, pienen m\u00e4\u00e4r\u00e4n vett\u00e4, mehua tai teet\u00e4 kanssa.<br \/>\nVetom 4 ei aiheuta riippuvuutta.<br \/>\nKuurien toistaminen 1-2 viikon tauon j\u00e4lkeen on suositeltavaa, ja on suositeltavaa vaihtaa Vetom-tuotetta eri numeroilla tietyin v\u00e4liajoin. .<br \/>\nN\u00e4in voimme tukea koko kehoamme ja my\u00f6s suolistoamme. .<br \/>\nOminaisuudet:<br \/>\n- Sill\u00e4 on korkea antagonistinen aktiivisuus patogeenisi\u00e4 ja ehdollisesti patogeenisi\u00e4 sieni\u00e4 ja bakteereja vastaan, antiviraalisia, proteolyyttisi\u00e4, amy lytisi\u00e4 ja sellulolyyttisi\u00e4 ominaisuuksia.<br \/>\n- stimuloi solu- ja humoraalisia immuniteettitekij\u00f6it\u00e4.<br \/>\n- lis\u00e4\u00e4 kehon ep\u00e4spesifist\u00e4 vastustuskyky\u00e4<br \/>\n- vakauttaa allergiaresistenssi\u00e4<br \/>\n- normalisoi aineenvaihduntaa<br \/>\n- stimuloi uudistumisprosesseja, hy\u00f6kk\u00e4\u00e4 sy\u00f6p\u00e4solujen ja sairaiden solujen kimppuun ja tuhoaa ne.<br \/>\nSe muuttaa solurungon kalvoa ja aineenvaihduntaa, mik\u00e4 est\u00e4\u00e4 sy\u00f6p\u00e4solujen kehittymist\u00e4.<\/p>\n<p>- EI SIVUVAIKUTUKSIA<br \/>\n- EI IK\u00c4RAJOITUSTA<br \/>\n- EI YLIANNOSTUSTA<br \/>\n- EI AIHEUTA RIIPPUVUUTTA<\/p>\n<p>K\u00e4ytt\u00f6alue<br \/>\nProbioottisten mikro-organismien k\u00e4ytt\u00f6\u00e4 biologisesti aktiivisena elintarvikelis\u00e4aineena suositellaan ruoansulatuskanavan korjaamiseen ja suoliston mikroflooran palauttamiseen.<\/p>\n<p>Vasta-aiheet<br \/>\nYliherkkyys tuotteen tietyille ainesosille.<\/p>\n<p>Erityisohjeet<br \/>\nK\u00e4yt\u00e4 raskauden ja imetyksen aikana vain l\u00e4\u00e4k\u00e4rin ohjeiden mukaan. Valmiste ei vaikuta ajokykyyn eik\u00e4 kykyyn k\u00e4ytt\u00e4\u00e4 mahdollisesti vaarallisia mekanismeja.<br \/>\nAnnostelu<br \/>\n10 kapselia 0,33 g yksitt\u00e4isiss\u00e4 l\u00e4pipainopakkauksissa, 5 l\u00e4pipainopakkausta kartongissa. Muovilaatikko, nettopaino: 500 g. Aaltopahviin pakattu, nettopaino: 5 g, 50 kapselia pahvilaatikossa.<br \/>\nVarastointiolosuhteet<br \/>\nVoidaan s\u00e4ilytt\u00e4\u00e4 75 %:n suhteellisessa kosteudessa alle 30 \u00b0C:ssa. S\u00e4ilytett\u00e4v\u00e4 lasten ulottumattomissa.<br \/>\nS\u00e4ilyvyys<br \/>\n2 vuotta valmistusp\u00e4iv\u00e4st\u00e4. \u00c4l\u00e4 k\u00e4yt\u00e4 viimeisen k\u00e4ytt\u00f6p\u00e4iv\u00e4m\u00e4\u00e4r\u00e4n j\u00e4lkeen.<br \/>\nKoostumus<br \/>\n1 kapseli sis\u00e4lt\u00e4\u00e4: maissiuute - 133 mg; perunat\u00e4rkkelys - 100 mg; sakkaroosi (tomusokeri) - 67 mg: probiootti kuivattu Bacillus amyloliquefaciens VKPM B - 10643 bakteerikantaviljelm\u00e4 (DSM 24615), 1\u00d7109 KTJ\/g - 30 mg pes\u00e4kkeit\u00e4 muodostavaa yksikk\u00f6\u00e4.<br \/>\nOstan probiootit suoraan tehtaalta parhaaseen hintaan , -Premium laatu.<br \/>\n\u201eCemmedic Europe Kft\u201d Vetom Probioottien virallinen jakelija Unkarissa !<\/p>","protected":false},"excerpt":{"rendered":"<h5><strong>Vetom <span style=\"color:red\">4<\/span><\/strong> probioottikapselit 50 jyv\u00e4\u00e4 (ravintolis\u00e4) <strong>Bacillus amyloliquefaciens<\/strong> bakteerit)<\/h5>\n<div class=\"plashka\">\n<p>A <strong>Vetom <span style=\"color:red\">4<\/span><\/strong> normalisoi biologisesti aktiivisten ravintokomponenttien aineenvaihduntaa, ruoansulatusta ja imeytymist\u00e4 ruoansulatuskanavassa.<\/p>\n<p>A <strong>Vetom <span style=\"color:red\">4<\/span><\/strong> lis\u00e4\u00e4 l\u00e4\u00e4kkeiden tehokkuutta ja v\u00e4hent\u00e4\u00e4 niiden kielteisi\u00e4 sivuvaikutuksia ihmiskehossa.<\/p>\n<\/div>\n<p>Suotuisat vaikutukset <strong>Bacillus amyloliquefaciens<\/strong> jotka syntyv\u00e4t p\u00e4\u00e4asiassa lis\u00e4\u00e4ntym\u00e4ll\u00e4 ohutsuolessa:<\/p>\n<ul class=\"vetom-list\">\n<li>proteolyyttiset, amylolyyttiset ja sellulosolyyttiset entsyymit,<\/li>\n<li>biologisesti aktiivisia aineita, jotka est\u00e4v\u00e4t patogeenisen ja mahdollisesti patogeenisen mikroflooran kasvua ja kehityst\u00e4.<\/li>\n<\/ul>\n<p>T\u00e4m\u00e4n seurauksena suolen sis\u00e4ll\u00f6n bakteerikoostumus muuttuu oikeaan kehitysnormiin, suolen sein\u00e4m\u00e4t puhdistetaan sulamattomista j\u00e4\u00e4mist\u00e4, mik\u00e4 edist\u00e4\u00e4 toksiinien aktiivista poistamista elimist\u00f6st\u00e4 ja biologisesti aktiivisten ravintoaineiden esteet\u00f6nt\u00e4 kuljetusta.<\/p>\n<p><strong>Annostus:<\/strong> on suositeltavaa ottaa 1 kapseli (2*3) p\u00e4ivitt\u00e4in 10 p\u00e4iv\u00e4n ajan aterian yhteydess\u00e4 tai sen j\u00e4lkeen, pienen m\u00e4\u00e4r\u00e4n vett\u00e4, mehua tai teet\u00e4 kanssa.<\/p>\n<div class=\"plashka\">On suositeltavaa toistaa kuuri 1-2 viikon tauon j\u00e4lkeen ja vaihtaa numeroiltaan erilaiseen Vetom-tuotteeseen tietyin v\u00e4liajoin. N\u00e4in voimme tukea koko kehoamme ja suolistoj\u00e4rjestelm\u00e4\u00e4mme tasapuolisesti.<\/div>\n<p>A <strong>Vetom <span style=\"color:red\">4<\/span><\/strong> ei aiheuta riippuvuutta.<\/p>","protected":false},"featured_media":6596,"comment_status":"open","ping_status":"closed","template":"","meta":[],"product_brand":[],"product_cat":[22],"product_tag":[],"class_list":{"0":"post-447","1":"product","2":"type-product","3":"status-publish","4":"has-post-thumbnail","6":"product_cat-vetom-probiotikumok","8":"first","9":"instock","10":"featured","11":"taxable","12":"shipping-taxable","13":"purchasable","14":"product-type-simple"},"_links":{"self":[{"href":"https:\/\/vetomshop.hu\/fi\/wp-json\/wp\/v2\/product\/447","targetHints":{"allow":["GET"]}}],"collection":[{"href":"https:\/\/vetomshop.hu\/fi\/wp-json\/wp\/v2\/product"}],"about":[{"href":"https:\/\/vetomshop.hu\/fi\/wp-json\/wp\/v2\/types\/product"}],"replies":[{"embeddable":true,"href":"https:\/\/vetomshop.hu\/fi\/wp-json\/wp\/v2\/comments?post=447"}],"wp:featuredmedia":[{"embeddable":true,"href":"https:\/\/vetomshop.hu\/fi\/wp-json\/wp\/v2\/media\/6596"}],"wp:attachment":[{"href":"https:\/\/vetomshop.hu\/fi\/wp-json\/wp\/v2\/media?parent=447"}],"wp:term":[{"taxonomy":"product_brand","embeddable":true,"href":"https:\/\/vetomshop.hu\/fi\/wp-json\/wp\/v2\/product_brand?post=447"},{"taxonomy":"product_cat","embeddable":true,"href":"https:\/\/vetomshop.hu\/fi\/wp-json\/wp\/v2\/product_cat?post=447"},{"taxonomy":"product_tag","embeddable":true,"href":"https:\/\/vetomshop.hu\/fi\/wp-json\/wp\/v2\/product_tag?post=447"}],"curies":[{"name":"wp","href":"https:\/\/api.w.org\/{rel}","templated":true}]}}